{"id":96,"date":"2015-04-24T16:57:03","date_gmt":"2015-04-24T16:57:03","guid":{"rendered":"http:\/\/otterbergetscamping.se\/?page_id=96"},"modified":"2024-11-21T18:10:17","modified_gmt":"2024-11-21T18:10:17","slug":"aktivitet","status":"publish","type":"page","link":"https:\/\/otterbergetscamping.se\/nl\/utflykter\/aktivitet\/","title":{"rendered":"Sportieve activiteiten"},"content":{"rendered":"<p><a href=\"https:\/\/otterbergetscamping.se\/wp-content\/uploads\/2015\/04\/sport.jpg\"><img loading=\"lazy\" decoding=\"async\" class=\"wp-image-477 size-full alignleft\" src=\"https:\/\/otterbergetscamping.se\/wp-content\/uploads\/2015\/04\/sport.jpg\" alt=\"\" width=\"200\" height=\"150\" \/><\/a>Een geweldige (natuur-)belevenis is al trappend op <strong>lorriefietsen over oude treinsporen<\/strong> zwerven. Dit is mogelijk vanaf de opstapplaats in Gullsp\u00e5ng. U kunt kiezen uit twee trajecten: Gullsp\u00e5ng-Torved-Gullsp\u00e5ng (40 km) of Gullsp\u00e5ng-Degerfors-Gullsp\u00e5ng (80 km). Fietsen zo lang als u wilt door het afwisselende landschap van water, weiden, bossen en veengronden; met een beetje geluk ziet u bijvoorbeeld een ree of eland. U passeert oude stations en overblijfselen van vroeger.<\/p>\n<p><a href=\"https:\/\/otterbergetscamping.se\/wp-content\/uploads\/2015\/04\/sport2.jpg\"><img loading=\"lazy\" decoding=\"async\" class=\"wp-image-478 size-full alignright\" src=\"https:\/\/otterbergetscamping.se\/wp-content\/uploads\/2015\/04\/sport2.jpg\" alt=\"\" width=\"200\" height=\"150\" \/><\/a>Het meer Skagern biedt ook \u00e9\u00e9n van Zwedens <strong>meest gevarieerde viswater<\/strong> met meer dan twintig verschillende soorten zoals zalm, (regenboog)forel, snoek, (kwab)aal, baars, voorn en brasem. Het Skagern staat in de top twintig van de grootste merenlijst van Zweden. Het is 131 km<sup>2<\/sup> groot en meet op het diepste punt 76 meter. Zie voor meer informatie:<a href=\"http:\/\/www.sportfiskeguide.se\/\">http:\/\/www.sportfiskeguide.se\/ <\/a>. In de campingkiosk kunt u een visvergunning kopen.<\/p>\n<p>Met surfplank, <strong>kano of boot<\/strong> kunt u eveneens het Skagernmeer verkennen. Dit kan vanaf de camping. Wij verhuren zowel kano\u2019s als boten met buitenboordmotor. Neemt u liever uw eigen boot mee, dan kunt u die bij ons te water laten op de boothelling.<\/p>\n<p>Van de toeristische trekpleister G\u00f6ta kanal, dat in de 19de eeuw is gegraven, kunt u op diverse manieren genieten. Kiest u voor een actieve beleving dan kunt u <strong>fietsen langs het G\u00f6ta kanal<\/strong>. De fietsroute is zo gemaakt dat u bepaalde etappes met de fiets aflegt en andere delen met een boot meevaart. Voor meer informatie: <a class=\"normal_text\" title=\"website vastsverige\" href=\"http:\/\/www.vastsverige.com\/en\/upplevelseomrade-Gota-kanals\/activities\/\" target=\"_blank\" rel=\"noopener\">www.vastsverige.com<\/a>.<\/p>\n<p>Een aanrader voor gezinnen met kinderen is een bezoek aan waterpark <strong>Skara Sommarland<\/strong> in Skara, een openluchtzwemparadijs met talloze attracties. Voor meer informatie: <a class=\"normal_text\" title=\"website sommerland\" href=\"http:\/\/www.sommarland.se\/\" target=\"_blank\" rel=\"noopener\">www.sommarland.se<\/a>.<\/p>\n<p><img loading=\"lazy\" decoding=\"async\" class=\"alignleft size-full wp-image-356\" src=\"https:\/\/otterbergetscamping.se\/wp-content\/uploads\/2015\/04\/sportief4.jpg\" alt=\"sportief4\" width=\"200\" height=\"150\" \/>In de omgeving van de camping zijn verder diverse <strong>golfbanen<\/strong>, zoals de <a class=\"normal_text\" title=\"ribbingfors golfclub website\" href=\"http:\/\/www.ribbingsforsgk.se\/\" target=\"_blank\" rel=\"noopener\">Ribbingsfors Golfclub<\/a> op 20 km afstand in Skagersvik. Een gewaardeerde golfbaan met negen holes, gelegen in schitterende natuur.<\/p>\n<p>Vanaf de camping kunt u voor een wandeling direct het bos in. Voor een groter aanbod aan wandeltochten kunt u bijvoorbeeld de <a class=\"normal_text\" href=\"https:\/\/otterbergetscamping.se\/nl\/utflykter\/natur\/\">natuurparken<\/a> in de omgeving bezoeken.<\/p>","protected":false},"excerpt":{"rendered":"<p>Een geweldige (natuur-)belevenis is al trappend op lorriefietsen over oude treinsporen zwerven. Dit is mogelijk vanaf de opstapplaats in Gullsp\u00e5ng. U kunt kiezen uit twee trajecten: Gullsp\u00e5ng-Torved-Gullsp\u00e5ng (40 km) of Gullsp\u00e5ng-Degerfors-Gullsp\u00e5ng (80 km). Fietsen zo lang als u wilt door &hellip; <a class=\"more-link\" href=\"https:\/\/otterbergetscamping.se\/nl\/utflykter\/aktivitet\/\">Lees verder <span class=\"meta-nav\">&rarr;<\/span><\/a><\/p>\n","protected":false},"author":1,"featured_media":238,"parent":89,"menu_order":3,"comment_status":"closed","ping_status":"open","template":"","meta":{"_monsterinsights_skip_tracking":false,"_monsterinsights_sitenote_active":false,"_monsterinsights_sitenote_note":"","_monsterinsights_sitenote_category":0,"footnotes":""},"class_list":["post-96","page","type-page","status-publish","has-post-thumbnail","hentry"],"yoast_head":"<!-- This site is optimized with the Yoast SEO plugin v27.3 - https:\/\/yoast.com\/product\/yoast-seo-wordpress\/ -->\n<title>Sportieve activiteiten - Otterbergets Bad och Camping<\/title>\n<meta name=\"robots\" content=\"index, follow, max-snippet:-1, max-image-preview:large, max-video-preview:-1\" \/>\n<link rel=\"canonical\" href=\"https:\/\/otterbergetscamping.se\/nl\/utflykter\/aktivitet\/\" \/>\n<meta property=\"og:locale\" content=\"nl_NL\" \/>\n<meta property=\"og:type\" content=\"article\" \/>\n<meta property=\"og:title\" content=\"Sportieve activiteiten - Otterbergets Bad och Camping\" \/>\n<meta property=\"og:description\" content=\"Een geweldige (natuur-)belevenis is al trappend op lorriefietsen over oude treinsporen zwerven. Dit is mogelijk vanaf de opstapplaats in Gullsp\u00e5ng. U kunt kiezen uit twee trajecten: Gullsp\u00e5ng-Torved-Gullsp\u00e5ng (40 km) of Gullsp\u00e5ng-Degerfors-Gullsp\u00e5ng (80 km). Fietsen zo lang als u wilt door &hellip; Lees verder &rarr;\" \/>\n<meta property=\"og:url\" content=\"https:\/\/otterbergetscamping.se\/nl\/utflykter\/aktivitet\/\" \/>\n<meta property=\"og:site_name\" content=\"Otterbergets Bad och Camping\" \/>\n<meta property=\"article:modified_time\" content=\"2024-11-21T18:10:17+00:00\" \/>\n<meta property=\"og:image\" content=\"https:\/\/otterbergetscamping.se\/wp-content\/uploads\/2015\/04\/right_content_image_top_sportieveactiviteiten-e1430340616598.jpg\" \/>\n\t<meta property=\"og:image:width\" content=\"310\" \/>\n\t<meta property=\"og:image:height\" content=\"232\" \/>\n\t<meta property=\"og:image:type\" content=\"image\/jpeg\" \/>\n<meta name=\"twitter:card\" content=\"summary_large_image\" \/>\n<meta name=\"twitter:label1\" content=\"Geschatte leestijd\" \/>\n\t<meta name=\"twitter:data1\" content=\"3 minuten\" \/>\n<script type=\"application\/ld+json\" class=\"yoast-schema-graph\">{\"@context\":\"https:\\\/\\\/schema.org\",\"@graph\":[{\"@type\":\"WebPage\",\"@id\":\"https:\\\/\\\/otterbergetscamping.se\\\/nl\\\/utflykter\\\/aktivitet\\\/\",\"url\":\"https:\\\/\\\/otterbergetscamping.se\\\/nl\\\/utflykter\\\/aktivitet\\\/\",\"name\":\"Sportieve activiteiten - Otterbergets Bad och Camping\",\"isPartOf\":{\"@id\":\"https:\\\/\\\/otterbergetscamping.se\\\/nl\\\/#website\"},\"primaryImageOfPage\":{\"@id\":\"https:\\\/\\\/otterbergetscamping.se\\\/nl\\\/utflykter\\\/aktivitet\\\/#primaryimage\"},\"image\":{\"@id\":\"https:\\\/\\\/otterbergetscamping.se\\\/utflykter\\\/aktivitet\\\/#primaryimage\"},\"thumbnailUrl\":\"https:\\\/\\\/otterbergetscamping.se\\\/wp-content\\\/uploads\\\/2015\\\/04\\\/right_content_image_top_sportieveactiviteiten-e1430340616598.jpg\",\"datePublished\":\"2015-04-24T16:57:03+00:00\",\"dateModified\":\"2024-11-21T18:10:17+00:00\",\"breadcrumb\":{\"@id\":\"https:\\\/\\\/otterbergetscamping.se\\\/nl\\\/utflykter\\\/aktivitet\\\/#breadcrumb\"},\"inLanguage\":\"nl-NL\",\"potentialAction\":[{\"@type\":\"ReadAction\",\"target\":[[\"https:\\\/\\\/otterbergetscamping.se\\\/nl\\\/utflykter\\\/aktivitet\\\/\"]]}]},{\"@type\":\"ImageObject\",\"inLanguage\":\"nl-NL\",\"@id\":\"https:\\\/\\\/otterbergetscamping.se\\\/nl\\\/utflykter\\\/aktivitet\\\/#primaryimage\",\"url\":\"https:\\\/\\\/otterbergetscamping.se\\\/wp-content\\\/uploads\\\/2015\\\/04\\\/right_content_image_top_sportieveactiviteiten-e1430340616598.jpg\",\"contentUrl\":\"https:\\\/\\\/otterbergetscamping.se\\\/wp-content\\\/uploads\\\/2015\\\/04\\\/right_content_image_top_sportieveactiviteiten-e1430340616598.jpg\",\"width\":310,\"height\":232},{\"@type\":\"BreadcrumbList\",\"@id\":\"https:\\\/\\\/otterbergetscamping.se\\\/nl\\\/utflykter\\\/aktivitet\\\/#breadcrumb\",\"itemListElement\":[{\"@type\":\"ListItem\",\"position\":1,\"name\":\"Home\",\"item\":\"https:\\\/\\\/otterbergetscamping.se\\\/nl\\\/\"},{\"@type\":\"ListItem\",\"position\":2,\"name\":\"Er op uit\",\"item\":\"https:\\\/\\\/otterbergetscamping.se\\\/nl\\\/utflykter\\\/\"},{\"@type\":\"ListItem\",\"position\":3,\"name\":\"Aktivitet\"}]},{\"@type\":\"WebSite\",\"@id\":\"https:\\\/\\\/otterbergetscamping.se\\\/nl\\\/#website\",\"url\":\"https:\\\/\\\/otterbergetscamping.se\\\/nl\\\/\",\"name\":\"Otterbergets Bad och Camping\",\"description\":\"\",\"potentialAction\":[{\"@type\":\"SearchAction\",\"target\":{\"@type\":\"EntryPoint\",\"urlTemplate\":\"https:\\\/\\\/otterbergetscamping.se\\\/nl\\\/?s={search_term_string}\"},\"query-input\":{\"@type\":\"PropertyValueSpecification\",\"valueRequired\":true,\"valueName\":\"search_term_string\"}}],\"inLanguage\":\"nl-NL\"}]}<\/script>\n<!-- \/ Yoast SEO plugin. -->","yoast_head_json":{"title":"Sportieve activiteiten - Otterbergets Bad och Camping","robots":{"index":"index","follow":"follow","max-snippet":"max-snippet:-1","max-image-preview":"max-image-preview:large","max-video-preview":"max-video-preview:-1"},"canonical":"https:\/\/otterbergetscamping.se\/nl\/utflykter\/aktivitet\/","og_locale":"nl_NL","og_type":"article","og_title":"Sportieve activiteiten - Otterbergets Bad och Camping","og_description":"Een geweldige (natuur-)belevenis is al trappend op lorriefietsen over oude treinsporen zwerven. Dit is mogelijk vanaf de opstapplaats in Gullsp\u00e5ng. U kunt kiezen uit twee trajecten: Gullsp\u00e5ng-Torved-Gullsp\u00e5ng (40 km) of Gullsp\u00e5ng-Degerfors-Gullsp\u00e5ng (80 km). Fietsen zo lang als u wilt door &hellip; Lees verder &rarr;","og_url":"https:\/\/otterbergetscamping.se\/nl\/utflykter\/aktivitet\/","og_site_name":"Otterbergets Bad och Camping","article_modified_time":"2024-11-21T18:10:17+00:00","og_image":[{"width":310,"height":232,"url":"https:\/\/otterbergetscamping.se\/wp-content\/uploads\/2015\/04\/right_content_image_top_sportieveactiviteiten-e1430340616598.jpg","type":"image\/jpeg"}],"twitter_card":"summary_large_image","twitter_misc":{"Geschatte leestijd":"3 minuten"},"schema":{"@context":"https:\/\/schema.org","@graph":[{"@type":"WebPage","@id":"https:\/\/otterbergetscamping.se\/nl\/utflykter\/aktivitet\/","url":"https:\/\/otterbergetscamping.se\/nl\/utflykter\/aktivitet\/","name":"Sportieve activiteiten - Otterbergets Bad och Camping","isPartOf":{"@id":"https:\/\/otterbergetscamping.se\/nl\/#website"},"primaryImageOfPage":{"@id":"https:\/\/otterbergetscamping.se\/nl\/utflykter\/aktivitet\/#primaryimage"},"image":{"@id":"https:\/\/otterbergetscamping.se\/utflykter\/aktivitet\/#primaryimage"},"thumbnailUrl":"https:\/\/otterbergetscamping.se\/wp-content\/uploads\/2015\/04\/right_content_image_top_sportieveactiviteiten-e1430340616598.jpg","datePublished":"2015-04-24T16:57:03+00:00","dateModified":"2024-11-21T18:10:17+00:00","breadcrumb":{"@id":"https:\/\/otterbergetscamping.se\/nl\/utflykter\/aktivitet\/#breadcrumb"},"inLanguage":"nl-NL","potentialAction":[{"@type":"ReadAction","target":[["https:\/\/otterbergetscamping.se\/nl\/utflykter\/aktivitet\/"]]}]},{"@type":"ImageObject","inLanguage":"nl-NL","@id":"https:\/\/otterbergetscamping.se\/nl\/utflykter\/aktivitet\/#primaryimage","url":"https:\/\/otterbergetscamping.se\/wp-content\/uploads\/2015\/04\/right_content_image_top_sportieveactiviteiten-e1430340616598.jpg","contentUrl":"https:\/\/otterbergetscamping.se\/wp-content\/uploads\/2015\/04\/right_content_image_top_sportieveactiviteiten-e1430340616598.jpg","width":310,"height":232},{"@type":"BreadcrumbList","@id":"https:\/\/otterbergetscamping.se\/nl\/utflykter\/aktivitet\/#breadcrumb","itemListElement":[{"@type":"ListItem","position":1,"name":"Home","item":"https:\/\/otterbergetscamping.se\/nl\/"},{"@type":"ListItem","position":2,"name":"Er op uit","item":"https:\/\/otterbergetscamping.se\/nl\/utflykter\/"},{"@type":"ListItem","position":3,"name":"Aktivitet"}]},{"@type":"WebSite","@id":"https:\/\/otterbergetscamping.se\/nl\/#website","url":"https:\/\/otterbergetscamping.se\/nl\/","name":"Otterbergets Bad och Camping","description":"","potentialAction":[{"@type":"SearchAction","target":{"@type":"EntryPoint","urlTemplate":"https:\/\/otterbergetscamping.se\/nl\/?s={search_term_string}"},"query-input":{"@type":"PropertyValueSpecification","valueRequired":true,"valueName":"search_term_string"}}],"inLanguage":"nl-NL"}]}},"_links":{"self":[{"href":"https:\/\/otterbergetscamping.se\/nl\/wp-json\/wp\/v2\/pages\/96","targetHints":{"allow":["GET"]}}],"collection":[{"href":"https:\/\/otterbergetscamping.se\/nl\/wp-json\/wp\/v2\/pages"}],"about":[{"href":"https:\/\/otterbergetscamping.se\/nl\/wp-json\/wp\/v2\/types\/page"}],"author":[{"embeddable":true,"href":"https:\/\/otterbergetscamping.se\/nl\/wp-json\/wp\/v2\/users\/1"}],"replies":[{"embeddable":true,"href":"https:\/\/otterbergetscamping.se\/nl\/wp-json\/wp\/v2\/comments?post=96"}],"version-history":[{"count":4,"href":"https:\/\/otterbergetscamping.se\/nl\/wp-json\/wp\/v2\/pages\/96\/revisions"}],"predecessor-version":[{"id":1592,"href":"https:\/\/otterbergetscamping.se\/nl\/wp-json\/wp\/v2\/pages\/96\/revisions\/1592"}],"up":[{"embeddable":true,"href":"https:\/\/otterbergetscamping.se\/nl\/wp-json\/wp\/v2\/pages\/89"}],"wp:featuredmedia":[{"embeddable":true,"href":"https:\/\/otterbergetscamping.se\/nl\/wp-json\/wp\/v2\/media\/238"}],"wp:attachment":[{"href":"https:\/\/otterbergetscamping.se\/nl\/wp-json\/wp\/v2\/media?parent=96"}],"curies":[{"name":"wp","href":"https:\/\/api.w.org\/{rel}","templated":true}]}}