{"id":85,"date":"2015-04-24T15:11:26","date_gmt":"2015-04-24T15:11:26","guid":{"rendered":"http:\/\/otterbergetscamping.se\/?page_id=85"},"modified":"2018-04-01T15:26:42","modified_gmt":"2018-04-01T15:26:42","slug":"i-trakten","status":"publish","type":"page","link":"https:\/\/otterbergetscamping.se\/nl\/evenemang\/i-trakten\/","title":{"rendered":"In de omgeving"},"content":{"rendered":"<p>In de directe omgeving van Otterbergets bad &amp; camping zijn er gedurende het zomerseizoen verschillende evenementen. Op de <a class=\"normal_text\" title=\"onze evenementenkalender\" href=\"https:\/\/otterbergetscamping.se\/evenemang\/kalender\/\">evenementenkalender <\/a>kunt u lezen op welke data de evenementen op de camping en in de directe omgeving plaatsvinden.<\/p>\n<p><a href=\"https:\/\/otterbergetscamping.se\/wp-content\/uploads\/2015\/04\/indeomgeving1.jpg\"><img loading=\"lazy\" decoding=\"async\" class=\"wp-image-493 size-full alignleft\" src=\"https:\/\/otterbergetscamping.se\/wp-content\/uploads\/2015\/04\/indeomgeving1.jpg\" alt=\"\" width=\"200\" height=\"150\"><\/a><strong>Platenbeurs in Hova<\/strong><br \/>\nDe platenbeurs is een bijzonder en populair tweedaags evenement in juni. Deze beurs in Hova is de grootste en de oudste van Zweden. Het is een verzamelmarkt op het gebied van muziek. Muziekliefhebbers uit vele landen komen hier bijeen. Zowel particulieren als bedrijven bieden vinylgrammofoonplaten, cd\u2019s, dvd\u2019s, t-shirts en allerlei andere zaken aan die verband houden met muziek. Het aanbod bestaat voornamelijk uit tweedehands verzamelobjecten. De zondag staat traditioneel in het teken van de 78-toeren platen.<br \/>\n<strong><br \/>\nRidderweek in Hova<\/strong><br \/>\nElk jaar wordt begin juli de historische Slag bij Hova herdacht. Dit Ridderevenement staat bekend als \u00e9\u00e9n van de grootste in Scandinavi\u00eb. De veldslag bij Hova werd uitgevochten op 14 juni 1275 tussen de ridders van Waldemar Birgersson (koning van Zweden 1250-1275) en de Deense cavalerie onder bevel van de Zweedse broers Magnus en Erik. Het resultaat was dat Waldemar moest vluchten naar Noorwegen en dat Magnus, als Magnus III, koning werd van Zweden (1275-1290).&nbsp;<img loading=\"lazy\" decoding=\"async\" class=\"wp-image-492 size-full alignright\" src=\"https:\/\/otterbergetscamping.se\/wp-content\/uploads\/2015\/04\/indeomgeving.jpg\" alt=\"\" width=\"200\" height=\"150\"><\/p>\n<p>De Ridderweek biedt een kleurrijke strijd aan met reconstructies tussen gekostumeerde ridders, in sc\u00e8ne gezette zwaardgevechten en steekspelen. Verder zorgen hofnarren en jongleurs voor licht vermaak tussen het publiek. Ook is er een middeleeuwse markt met traditioneel handwerk, eten en drinken uit die tijd. Voor meer informatie: <a class=\"normal_text\" href=\"http:\/\/www.riddarveckan.com\/\" target=\"_blank\" rel=\"noopener\">www.riddarveckan.com<\/a>.<\/p>\n<p><strong>Markt in Finner\u00f6dja en Hova<\/strong><br \/>\nGedurende de zomer zijn er diverse lokale markten, waaronder in Finner\u00f6dja en Hova. Dit zijn gezellige marktplaatsen, waar u zowel nieuwe als tweedehands waren kunt kopen. Het wordt opgeluisterd met muziek en u kunt er diverse versnaperingen krijgen.<\/p>","protected":false},"excerpt":{"rendered":"<p>In de directe omgeving van Otterbergets bad &amp; camping zijn er gedurende het zomerseizoen verschillende evenementen. Op de evenementenkalender kunt u lezen op welke data de evenementen op de camping en in de directe omgeving plaatsvinden. Platenbeurs in Hova De &hellip; <a class=\"more-link\" href=\"https:\/\/otterbergetscamping.se\/nl\/evenemang\/i-trakten\/\">Lees verder <span class=\"meta-nav\">&rarr;<\/span><\/a><\/p>\n","protected":false},"author":1,"featured_media":233,"parent":79,"menu_order":2,"comment_status":"closed","ping_status":"open","template":"","meta":{"_monsterinsights_skip_tracking":false,"_monsterinsights_sitenote_active":false,"_monsterinsights_sitenote_note":"","_monsterinsights_sitenote_category":0,"footnotes":""},"class_list":["post-85","page","type-page","status-publish","has-post-thumbnail","hentry"],"yoast_head":"<!-- This site is optimized with the Yoast SEO plugin v27.3 - https:\/\/yoast.com\/product\/yoast-seo-wordpress\/ -->\n<title>In de omgeving - Otterbergets Bad och Camping<\/title>\n<meta name=\"robots\" content=\"index, follow, max-snippet:-1, max-image-preview:large, max-video-preview:-1\" \/>\n<link rel=\"canonical\" href=\"https:\/\/otterbergetscamping.se\/nl\/evenemang\/i-trakten\/\" \/>\n<meta property=\"og:locale\" content=\"nl_NL\" \/>\n<meta property=\"og:type\" content=\"article\" \/>\n<meta property=\"og:title\" content=\"In de omgeving - Otterbergets Bad och Camping\" \/>\n<meta property=\"og:description\" content=\"In de directe omgeving van Otterbergets bad &amp; camping zijn er gedurende het zomerseizoen verschillende evenementen. Op de evenementenkalender kunt u lezen op welke data de evenementen op de camping en in de directe omgeving plaatsvinden. Platenbeurs in Hova De &hellip; Lees verder &rarr;\" \/>\n<meta property=\"og:url\" content=\"https:\/\/otterbergetscamping.se\/nl\/evenemang\/i-trakten\/\" \/>\n<meta property=\"og:site_name\" content=\"Otterbergets Bad och Camping\" \/>\n<meta property=\"article:modified_time\" content=\"2018-04-01T15:26:42+00:00\" \/>\n<meta property=\"og:image\" content=\"https:\/\/otterbergetscamping.se\/wp-content\/uploads\/2015\/04\/right_content_image_top_indeomgeving-e1430340423219.jpg\" \/>\n\t<meta property=\"og:image:width\" content=\"310\" \/>\n\t<meta property=\"og:image:height\" content=\"232\" \/>\n\t<meta property=\"og:image:type\" content=\"image\/jpeg\" \/>\n<meta name=\"twitter:card\" content=\"summary_large_image\" \/>\n<meta name=\"twitter:label1\" content=\"Geschatte leestijd\" \/>\n\t<meta name=\"twitter:data1\" content=\"6 minuten\" \/>\n<script type=\"application\/ld+json\" class=\"yoast-schema-graph\">{\"@context\":\"https:\\\/\\\/schema.org\",\"@graph\":[{\"@type\":\"WebPage\",\"@id\":\"https:\\\/\\\/otterbergetscamping.se\\\/nl\\\/evenemang\\\/i-trakten\\\/\",\"url\":\"https:\\\/\\\/otterbergetscamping.se\\\/nl\\\/evenemang\\\/i-trakten\\\/\",\"name\":\"In de omgeving - Otterbergets Bad och Camping\",\"isPartOf\":{\"@id\":\"https:\\\/\\\/otterbergetscamping.se\\\/nl\\\/#website\"},\"primaryImageOfPage\":{\"@id\":\"https:\\\/\\\/otterbergetscamping.se\\\/nl\\\/evenemang\\\/i-trakten\\\/#primaryimage\"},\"image\":{\"@id\":\"https:\\\/\\\/otterbergetscamping.se\\\/evenemang\\\/i-trakten\\\/#primaryimage\"},\"thumbnailUrl\":\"https:\\\/\\\/otterbergetscamping.se\\\/wp-content\\\/uploads\\\/2015\\\/04\\\/right_content_image_top_indeomgeving-e1430340423219.jpg\",\"datePublished\":\"2015-04-24T15:11:26+00:00\",\"dateModified\":\"2018-04-01T15:26:42+00:00\",\"breadcrumb\":{\"@id\":\"https:\\\/\\\/otterbergetscamping.se\\\/nl\\\/evenemang\\\/i-trakten\\\/#breadcrumb\"},\"inLanguage\":\"nl-NL\",\"potentialAction\":[{\"@type\":\"ReadAction\",\"target\":[[\"https:\\\/\\\/otterbergetscamping.se\\\/nl\\\/evenemang\\\/i-trakten\\\/\"]]}]},{\"@type\":\"ImageObject\",\"inLanguage\":\"nl-NL\",\"@id\":\"https:\\\/\\\/otterbergetscamping.se\\\/nl\\\/evenemang\\\/i-trakten\\\/#primaryimage\",\"url\":\"https:\\\/\\\/otterbergetscamping.se\\\/wp-content\\\/uploads\\\/2015\\\/04\\\/right_content_image_top_indeomgeving-e1430340423219.jpg\",\"contentUrl\":\"https:\\\/\\\/otterbergetscamping.se\\\/wp-content\\\/uploads\\\/2015\\\/04\\\/right_content_image_top_indeomgeving-e1430340423219.jpg\",\"width\":310,\"height\":232},{\"@type\":\"BreadcrumbList\",\"@id\":\"https:\\\/\\\/otterbergetscamping.se\\\/nl\\\/evenemang\\\/i-trakten\\\/#breadcrumb\",\"itemListElement\":[{\"@type\":\"ListItem\",\"position\":1,\"name\":\"Home\",\"item\":\"https:\\\/\\\/otterbergetscamping.se\\\/nl\\\/\"},{\"@type\":\"ListItem\",\"position\":2,\"name\":\"Evenementen\",\"item\":\"https:\\\/\\\/otterbergetscamping.se\\\/nl\\\/evenemang\\\/\"},{\"@type\":\"ListItem\",\"position\":3,\"name\":\"I trakten\"}]},{\"@type\":\"WebSite\",\"@id\":\"https:\\\/\\\/otterbergetscamping.se\\\/nl\\\/#website\",\"url\":\"https:\\\/\\\/otterbergetscamping.se\\\/nl\\\/\",\"name\":\"Otterbergets Bad och Camping\",\"description\":\"\",\"potentialAction\":[{\"@type\":\"SearchAction\",\"target\":{\"@type\":\"EntryPoint\",\"urlTemplate\":\"https:\\\/\\\/otterbergetscamping.se\\\/nl\\\/?s={search_term_string}\"},\"query-input\":{\"@type\":\"PropertyValueSpecification\",\"valueRequired\":true,\"valueName\":\"search_term_string\"}}],\"inLanguage\":\"nl-NL\"}]}<\/script>\n<!-- \/ Yoast SEO plugin. -->","yoast_head_json":{"title":"In de omgeving - Otterbergets Bad och Camping","robots":{"index":"index","follow":"follow","max-snippet":"max-snippet:-1","max-image-preview":"max-image-preview:large","max-video-preview":"max-video-preview:-1"},"canonical":"https:\/\/otterbergetscamping.se\/nl\/evenemang\/i-trakten\/","og_locale":"nl_NL","og_type":"article","og_title":"In de omgeving - Otterbergets Bad och Camping","og_description":"In de directe omgeving van Otterbergets bad &amp; camping zijn er gedurende het zomerseizoen verschillende evenementen. Op de evenementenkalender kunt u lezen op welke data de evenementen op de camping en in de directe omgeving plaatsvinden. Platenbeurs in Hova De &hellip; Lees verder &rarr;","og_url":"https:\/\/otterbergetscamping.se\/nl\/evenemang\/i-trakten\/","og_site_name":"Otterbergets Bad och Camping","article_modified_time":"2018-04-01T15:26:42+00:00","og_image":[{"width":310,"height":232,"url":"https:\/\/otterbergetscamping.se\/wp-content\/uploads\/2015\/04\/right_content_image_top_indeomgeving-e1430340423219.jpg","type":"image\/jpeg"}],"twitter_card":"summary_large_image","twitter_misc":{"Geschatte leestijd":"6 minuten"},"schema":{"@context":"https:\/\/schema.org","@graph":[{"@type":"WebPage","@id":"https:\/\/otterbergetscamping.se\/nl\/evenemang\/i-trakten\/","url":"https:\/\/otterbergetscamping.se\/nl\/evenemang\/i-trakten\/","name":"In de omgeving - Otterbergets Bad och Camping","isPartOf":{"@id":"https:\/\/otterbergetscamping.se\/nl\/#website"},"primaryImageOfPage":{"@id":"https:\/\/otterbergetscamping.se\/nl\/evenemang\/i-trakten\/#primaryimage"},"image":{"@id":"https:\/\/otterbergetscamping.se\/evenemang\/i-trakten\/#primaryimage"},"thumbnailUrl":"https:\/\/otterbergetscamping.se\/wp-content\/uploads\/2015\/04\/right_content_image_top_indeomgeving-e1430340423219.jpg","datePublished":"2015-04-24T15:11:26+00:00","dateModified":"2018-04-01T15:26:42+00:00","breadcrumb":{"@id":"https:\/\/otterbergetscamping.se\/nl\/evenemang\/i-trakten\/#breadcrumb"},"inLanguage":"nl-NL","potentialAction":[{"@type":"ReadAction","target":[["https:\/\/otterbergetscamping.se\/nl\/evenemang\/i-trakten\/"]]}]},{"@type":"ImageObject","inLanguage":"nl-NL","@id":"https:\/\/otterbergetscamping.se\/nl\/evenemang\/i-trakten\/#primaryimage","url":"https:\/\/otterbergetscamping.se\/wp-content\/uploads\/2015\/04\/right_content_image_top_indeomgeving-e1430340423219.jpg","contentUrl":"https:\/\/otterbergetscamping.se\/wp-content\/uploads\/2015\/04\/right_content_image_top_indeomgeving-e1430340423219.jpg","width":310,"height":232},{"@type":"BreadcrumbList","@id":"https:\/\/otterbergetscamping.se\/nl\/evenemang\/i-trakten\/#breadcrumb","itemListElement":[{"@type":"ListItem","position":1,"name":"Home","item":"https:\/\/otterbergetscamping.se\/nl\/"},{"@type":"ListItem","position":2,"name":"Evenementen","item":"https:\/\/otterbergetscamping.se\/nl\/evenemang\/"},{"@type":"ListItem","position":3,"name":"I trakten"}]},{"@type":"WebSite","@id":"https:\/\/otterbergetscamping.se\/nl\/#website","url":"https:\/\/otterbergetscamping.se\/nl\/","name":"Otterbergets Bad och Camping","description":"","potentialAction":[{"@type":"SearchAction","target":{"@type":"EntryPoint","urlTemplate":"https:\/\/otterbergetscamping.se\/nl\/?s={search_term_string}"},"query-input":{"@type":"PropertyValueSpecification","valueRequired":true,"valueName":"search_term_string"}}],"inLanguage":"nl-NL"}]}},"_links":{"self":[{"href":"https:\/\/otterbergetscamping.se\/nl\/wp-json\/wp\/v2\/pages\/85","targetHints":{"allow":["GET"]}}],"collection":[{"href":"https:\/\/otterbergetscamping.se\/nl\/wp-json\/wp\/v2\/pages"}],"about":[{"href":"https:\/\/otterbergetscamping.se\/nl\/wp-json\/wp\/v2\/types\/page"}],"author":[{"embeddable":true,"href":"https:\/\/otterbergetscamping.se\/nl\/wp-json\/wp\/v2\/users\/1"}],"replies":[{"embeddable":true,"href":"https:\/\/otterbergetscamping.se\/nl\/wp-json\/wp\/v2\/comments?post=85"}],"version-history":[{"count":0,"href":"https:\/\/otterbergetscamping.se\/nl\/wp-json\/wp\/v2\/pages\/85\/revisions"}],"up":[{"embeddable":true,"href":"https:\/\/otterbergetscamping.se\/nl\/wp-json\/wp\/v2\/pages\/79"}],"wp:featuredmedia":[{"embeddable":true,"href":"https:\/\/otterbergetscamping.se\/nl\/wp-json\/wp\/v2\/media\/233"}],"wp:attachment":[{"href":"https:\/\/otterbergetscamping.se\/nl\/wp-json\/wp\/v2\/media?parent=85"}],"curies":[{"name":"wp","href":"https:\/\/api.w.org\/{rel}","templated":true}]}}