{"id":5,"date":"2014-04-27T12:15:56","date_gmt":"2014-04-27T12:15:56","guid":{"rendered":"http:\/\/otterbergetscamping.se\/?page_id=5"},"modified":"2025-11-23T13:51:50","modified_gmt":"2025-11-23T13:51:50","slug":"welcome","status":"publish","type":"page","link":"https:\/\/otterbergetscamping.se\/nl\/","title":{"rendered":"Camping"},"content":{"rendered":"<p><\/p>\n<h1><span style=\"color: #ff9a00;\">Otterbergets bad &amp; camping in Zweden<\/span><\/h1>\n<p><img loading=\"lazy\" decoding=\"async\" class=\"alignleft wp-image-910\" src=\"https:\/\/otterbergetscamping.se\/wp-content\/uploads\/2017\/12\/foto-welkom-300x200.jpg\" alt=\"\" width=\"225\" height=\"150\" srcset=\"https:\/\/otterbergetscamping.se\/wp-content\/uploads\/2017\/12\/foto-welkom-300x200.jpg 300w, https:\/\/otterbergetscamping.se\/wp-content\/uploads\/2017\/12\/foto-welkom-768x513.jpg 768w, https:\/\/otterbergetscamping.se\/wp-content\/uploads\/2017\/12\/foto-welkom-1024x684.jpg 1024w, https:\/\/otterbergetscamping.se\/wp-content\/uploads\/2017\/12\/foto-welkom-449x300.jpg 449w\" sizes=\"auto, (max-width: 225px) 100vw, 225px\" \/><\/p>\n<p>Wij, Kees en Lydia, presenteren u vol trots Otterbergets Bad och Camping in het noordwesten van Tiveden. De camping is gelegen aan de rand van de groene wouden en het enorme meer Skagern. Via een kort bospad komt u bij het geweldige kilometerlange zandstrand. Hier is voldoende plaats op de ligweide, kunt u heerlijk zwemmen of een watersport beoefenen. Omdat het water lang ondiep is en een zanderige bodem heeft is het hier zeer kindvriendelijk. Voor wandelaars liggen de eerste uitgezette wandelroutes in aansluiting met de camping. Misschien staat u reeds de eerste dag oog in oog met een van de vele dieren die hier leven of vindt u uw eerste eetbare paddenstoelen of bessen.<\/p>\n<p><strong>Hoogtepunten<\/strong><\/p>\n<p>Een verblijf op Otterbergets Bad och Camping is het hoogtepunt van uw reis als u op zoek bent naar rust en ruimte, cultuur en natuur of water en strand. Geniet van een van de 20 grootste meren van Zweden, het Skagern is maar liefst 131 km2 groot en heeft een omtrek van meer dan 100 kilometer. Het meer leent zich uitstekend voor surfen, <a href=\"https:\/\/otterbergetscamping.se\/nl\/batar-och-kanoter\/batar\/\"><u>kanoen, varen met een motorboot<\/u><\/a> en natuurlijk zwemmen. Naast de camping vindt u een van de weinige boothellingen van het Skagern. Voor <a href=\"https:\/\/otterbergetscamping.se\/nl\/utflykter\/vissen\/\"><u>vissers<\/u><\/a> bieden de verschillende meren rond de camping prachtige mogelijkheden. Wilt u graag te voet, op de fiets of misschien te paard het meer\u00a0 verkennen,\u00a0 bieden wij samen met collega\u2019s een speciaal arrangement aan.<\/p>\n<p>Gedurende het gehele seizoen zijn er op en rond de camping verschillende <a href=\"https:\/\/otterbergetscamping.se\/nl\/evenemang\/kalender\/\"><u>evenementen<\/u><\/a>. Ieder jaar in Juni vieren we het traditionele midsommarfeest, wat we vieren met onze buren, op het tentveld. Tevens zijn ook de internationale accordeonfestivals en de platenbeurs weerkerende hoogtepunten. Wilt u een van onze eigen evenementen meebeleven is het noodzakelijk tijdig te boeken.<\/p>\n<p><strong>Verantwoorde keuze<iframe loading=\"lazy\" style=\"border: 8px solid #ffffff; display: inline; float: right; margin-left: 24px; margin-top: 4px; margin-bottom: 10px;\" src=\"https:\/\/www.youtube.com\/embed\/vr6zupfXVH0?rel=0\" width=\"280\" height=\"157\" allowfullscreen=\"allowfullscreen\"><\/iframe><\/strong><\/p>\n<p>Wij zijn een bedrijf waar maatschappelijk verantwoord ondernemen op de eerste plaats komt. Enkele voorbeelden zijn: groene stroom van eigen zonnepanelen aangevuld met windenergie, warmwater via de nieuwste technieken, led-verlichting en gescheiden afvalinzameling. Jaarlijks wordt de opbrengst van de ingezamelde PET-flessen en frisdrank\/bierblikjes geschonken aan verantwoorde doelen in binnen-\u00a0 en buitenland. Lees meer over onze manier van verantwoord ondernemen op\u00a0<a href=\"https:\/\/hallbarhetsklivet.se\/initiativ\/otterbergets-bad-camping\/\" target=\"_blank\" rel=\"noopener\">H\u00e5llbarhetsklivet.se<\/a>.<\/p>\n<p><strong>Ligging<\/strong><\/p>\n<p>Otterbergets Bad och Camping ligt precies midden tussen <a href=\"https:\/\/otterbergetscamping.se\/info-och-kontakt\/resvag\/\"><u>G\u00f6teborg en Stockholm<\/u><\/a>, ongeveer drie kilometer van de snelweg E20. De camping is aangegeven vanaf de E20 ongeveer 4 kilometer ten noorden van Hova. De camping ligt centraal tussen de regionale attracties zoals het Nationaalpark Tiveden, het G\u00f6takanaal, S\u00f6dra R\u00e5da kyrkplats en de vesting van Karlsborg.<\/p>\n<p>Op onze camping zijn <span style=\"text-decoration: underline;\"><a href=\"https:\/\/otterbergetscamping.se\/welcome\/husdjur\/\">huisdieren, mits aangelijnd, van harte welkom<\/a><\/span>. Er bestaat in overleg een mogelijkheid dat wij een oogje in het zeil houden wanneer de dieren onverhoopt niet meekunnen.<\/p>\n<p>Wij ontmoeten u graag tussen 17 april en 3 november 2026 op onze mooie camping,<\/p>\n<p>Kees en Lydia.<\/p>\n<p>&nbsp;<\/p>","protected":false},"excerpt":{"rendered":"<p>Otterbergets bad &amp; camping in Zweden Wij, Kees en Lydia, presenteren u vol trots Otterbergets Bad och Camping in het noordwesten van Tiveden. De camping is gelegen aan de rand van de groene wouden en het enorme meer Skagern. Via &hellip; <a class=\"more-link\" href=\"https:\/\/otterbergetscamping.se\/nl\/\">Lees verder <span class=\"meta-nav\">&rarr;<\/span><\/a><\/p>\n","protected":false},"author":1,"featured_media":219,"parent":0,"menu_order":0,"comment_status":"closed","ping_status":"open","template":"","meta":{"_monsterinsights_skip_tracking":false,"_monsterinsights_sitenote_active":false,"_monsterinsights_sitenote_note":"","_monsterinsights_sitenote_category":0,"footnotes":""},"class_list":["post-5","page","type-page","status-publish","has-post-thumbnail","hentry"],"yoast_head":"<!-- This site is optimized with the Yoast SEO plugin v27.3 - https:\/\/yoast.com\/product\/yoast-seo-wordpress\/ -->\n<title>Camping - Otterbergets Bad och Camping<\/title>\n<meta name=\"robots\" content=\"index, follow, max-snippet:-1, max-image-preview:large, max-video-preview:-1\" \/>\n<link rel=\"canonical\" href=\"https:\/\/otterbergetscamping.se\/nl\/\" \/>\n<meta property=\"og:locale\" content=\"nl_NL\" \/>\n<meta property=\"og:type\" content=\"article\" \/>\n<meta property=\"og:title\" content=\"Camping - Otterbergets Bad och Camping\" \/>\n<meta property=\"og:description\" content=\"Otterbergets bad &amp; camping in Zweden Wij, Kees en Lydia, presenteren u vol trots Otterbergets Bad och Camping in het noordwesten van Tiveden. De camping is gelegen aan de rand van de groene wouden en het enorme meer Skagern. Via &hellip; Lees verder &rarr;\" \/>\n<meta property=\"og:url\" content=\"https:\/\/otterbergetscamping.se\/nl\/\" \/>\n<meta property=\"og:site_name\" content=\"Otterbergets Bad och Camping\" \/>\n<meta property=\"article:modified_time\" content=\"2025-11-23T13:51:50+00:00\" \/>\n<meta property=\"og:image\" content=\"https:\/\/otterbergetscamping.se\/wp-content\/uploads\/2014\/04\/right_content_image_top_welkom-e1430339383994.jpg\" \/>\n\t<meta property=\"og:image:width\" content=\"311\" \/>\n\t<meta property=\"og:image:height\" content=\"233\" \/>\n\t<meta property=\"og:image:type\" content=\"image\/jpeg\" \/>\n<meta name=\"twitter:card\" content=\"summary_large_image\" \/>\n<meta name=\"twitter:label1\" content=\"Geschatte leestijd\" \/>\n\t<meta name=\"twitter:data1\" content=\"3 minuten\" \/>\n<script type=\"application\/ld+json\" class=\"yoast-schema-graph\">{\"@context\":\"https:\\\/\\\/schema.org\",\"@graph\":[{\"@type\":\"WebPage\",\"@id\":\"https:\\\/\\\/otterbergetscamping.se\\\/nl\\\/\",\"url\":\"https:\\\/\\\/otterbergetscamping.se\\\/nl\\\/\",\"name\":\"Camping - Otterbergets Bad och Camping\",\"isPartOf\":{\"@id\":\"https:\\\/\\\/otterbergetscamping.se\\\/nl\\\/#website\"},\"primaryImageOfPage\":{\"@id\":\"https:\\\/\\\/otterbergetscamping.se\\\/nl\\\/#primaryimage\"},\"image\":{\"@id\":\"https:\\\/\\\/otterbergetscamping.se\\\/#primaryimage\"},\"thumbnailUrl\":\"https:\\\/\\\/otterbergetscamping.se\\\/wp-content\\\/uploads\\\/2014\\\/04\\\/right_content_image_top_welkom-e1430339383994.jpg\",\"datePublished\":\"2014-04-27T12:15:56+00:00\",\"dateModified\":\"2025-11-23T13:51:50+00:00\",\"breadcrumb\":{\"@id\":\"https:\\\/\\\/otterbergetscamping.se\\\/nl\\\/#breadcrumb\"},\"inLanguage\":\"nl-NL\",\"potentialAction\":[{\"@type\":\"ReadAction\",\"target\":[[\"https:\\\/\\\/otterbergetscamping.se\\\/nl\\\/\"]]}]},{\"@type\":\"ImageObject\",\"inLanguage\":\"nl-NL\",\"@id\":\"https:\\\/\\\/otterbergetscamping.se\\\/nl\\\/#primaryimage\",\"url\":\"https:\\\/\\\/otterbergetscamping.se\\\/wp-content\\\/uploads\\\/2014\\\/04\\\/right_content_image_top_welkom-e1430339383994.jpg\",\"contentUrl\":\"https:\\\/\\\/otterbergetscamping.se\\\/wp-content\\\/uploads\\\/2014\\\/04\\\/right_content_image_top_welkom-e1430339383994.jpg\",\"width\":311,\"height\":233},{\"@type\":\"BreadcrumbList\",\"@id\":\"https:\\\/\\\/otterbergetscamping.se\\\/nl\\\/#breadcrumb\",\"itemListElement\":[{\"@type\":\"ListItem\",\"position\":1,\"name\":\"Home\",\"item\":\"https:\\\/\\\/otterbergetscamping.se\\\/nl\\\/\"},{\"@type\":\"ListItem\",\"position\":2,\"name\":\"Camping\"}]},{\"@type\":\"WebSite\",\"@id\":\"https:\\\/\\\/otterbergetscamping.se\\\/nl\\\/#website\",\"url\":\"https:\\\/\\\/otterbergetscamping.se\\\/nl\\\/\",\"name\":\"Otterbergets Bad och Camping\",\"description\":\"\",\"potentialAction\":[{\"@type\":\"SearchAction\",\"target\":{\"@type\":\"EntryPoint\",\"urlTemplate\":\"https:\\\/\\\/otterbergetscamping.se\\\/nl\\\/?s={search_term_string}\"},\"query-input\":{\"@type\":\"PropertyValueSpecification\",\"valueRequired\":true,\"valueName\":\"search_term_string\"}}],\"inLanguage\":\"nl-NL\"}]}<\/script>\n<!-- \/ Yoast SEO plugin. -->","yoast_head_json":{"title":"Camping - Otterbergets Bad och Camping","robots":{"index":"index","follow":"follow","max-snippet":"max-snippet:-1","max-image-preview":"max-image-preview:large","max-video-preview":"max-video-preview:-1"},"canonical":"https:\/\/otterbergetscamping.se\/nl\/","og_locale":"nl_NL","og_type":"article","og_title":"Camping - Otterbergets Bad och Camping","og_description":"Otterbergets bad &amp; camping in Zweden Wij, Kees en Lydia, presenteren u vol trots Otterbergets Bad och Camping in het noordwesten van Tiveden. De camping is gelegen aan de rand van de groene wouden en het enorme meer Skagern. Via &hellip; Lees verder &rarr;","og_url":"https:\/\/otterbergetscamping.se\/nl\/","og_site_name":"Otterbergets Bad och Camping","article_modified_time":"2025-11-23T13:51:50+00:00","og_image":[{"width":311,"height":233,"url":"https:\/\/otterbergetscamping.se\/wp-content\/uploads\/2014\/04\/right_content_image_top_welkom-e1430339383994.jpg","type":"image\/jpeg"}],"twitter_card":"summary_large_image","twitter_misc":{"Geschatte leestijd":"3 minuten"},"schema":{"@context":"https:\/\/schema.org","@graph":[{"@type":"WebPage","@id":"https:\/\/otterbergetscamping.se\/nl\/","url":"https:\/\/otterbergetscamping.se\/nl\/","name":"Camping - Otterbergets Bad och Camping","isPartOf":{"@id":"https:\/\/otterbergetscamping.se\/nl\/#website"},"primaryImageOfPage":{"@id":"https:\/\/otterbergetscamping.se\/nl\/#primaryimage"},"image":{"@id":"https:\/\/otterbergetscamping.se\/#primaryimage"},"thumbnailUrl":"https:\/\/otterbergetscamping.se\/wp-content\/uploads\/2014\/04\/right_content_image_top_welkom-e1430339383994.jpg","datePublished":"2014-04-27T12:15:56+00:00","dateModified":"2025-11-23T13:51:50+00:00","breadcrumb":{"@id":"https:\/\/otterbergetscamping.se\/nl\/#breadcrumb"},"inLanguage":"nl-NL","potentialAction":[{"@type":"ReadAction","target":[["https:\/\/otterbergetscamping.se\/nl\/"]]}]},{"@type":"ImageObject","inLanguage":"nl-NL","@id":"https:\/\/otterbergetscamping.se\/nl\/#primaryimage","url":"https:\/\/otterbergetscamping.se\/wp-content\/uploads\/2014\/04\/right_content_image_top_welkom-e1430339383994.jpg","contentUrl":"https:\/\/otterbergetscamping.se\/wp-content\/uploads\/2014\/04\/right_content_image_top_welkom-e1430339383994.jpg","width":311,"height":233},{"@type":"BreadcrumbList","@id":"https:\/\/otterbergetscamping.se\/nl\/#breadcrumb","itemListElement":[{"@type":"ListItem","position":1,"name":"Home","item":"https:\/\/otterbergetscamping.se\/nl\/"},{"@type":"ListItem","position":2,"name":"Camping"}]},{"@type":"WebSite","@id":"https:\/\/otterbergetscamping.se\/nl\/#website","url":"https:\/\/otterbergetscamping.se\/nl\/","name":"Otterbergets Bad och Camping","description":"","potentialAction":[{"@type":"SearchAction","target":{"@type":"EntryPoint","urlTemplate":"https:\/\/otterbergetscamping.se\/nl\/?s={search_term_string}"},"query-input":{"@type":"PropertyValueSpecification","valueRequired":true,"valueName":"search_term_string"}}],"inLanguage":"nl-NL"}]}},"_links":{"self":[{"href":"https:\/\/otterbergetscamping.se\/nl\/wp-json\/wp\/v2\/pages\/5","targetHints":{"allow":["GET"]}}],"collection":[{"href":"https:\/\/otterbergetscamping.se\/nl\/wp-json\/wp\/v2\/pages"}],"about":[{"href":"https:\/\/otterbergetscamping.se\/nl\/wp-json\/wp\/v2\/types\/page"}],"author":[{"embeddable":true,"href":"https:\/\/otterbergetscamping.se\/nl\/wp-json\/wp\/v2\/users\/1"}],"replies":[{"embeddable":true,"href":"https:\/\/otterbergetscamping.se\/nl\/wp-json\/wp\/v2\/comments?post=5"}],"version-history":[{"count":34,"href":"https:\/\/otterbergetscamping.se\/nl\/wp-json\/wp\/v2\/pages\/5\/revisions"}],"predecessor-version":[{"id":1674,"href":"https:\/\/otterbergetscamping.se\/nl\/wp-json\/wp\/v2\/pages\/5\/revisions\/1674"}],"wp:featuredmedia":[{"embeddable":true,"href":"https:\/\/otterbergetscamping.se\/nl\/wp-json\/wp\/v2\/media\/219"}],"wp:attachment":[{"href":"https:\/\/otterbergetscamping.se\/nl\/wp-json\/wp\/v2\/media?parent=5"}],"curies":[{"name":"wp","href":"https:\/\/api.w.org\/{rel}","templated":true}]}}