{"id":109,"date":"2015-04-24T17:13:00","date_gmt":"2015-04-24T17:13:00","guid":{"rendered":"http:\/\/otterbergetscamping.se\/?page_id=109"},"modified":"2018-04-01T15:29:06","modified_gmt":"2018-04-01T15:29:06","slug":"resvag","status":"publish","type":"page","link":"https:\/\/otterbergetscamping.se\/nl\/info-och-kontakt\/resvag\/","title":{"rendered":"Route"},"content":{"rendered":"<p>U vindt ons op het adres:<br \/>\nOtterbergets bad &amp; camping<br \/>\n548 91 Hova, Zweden<\/p>\n<p><strong>GPS-co\u00f6rdinaten:<\/strong><br \/>\n58<sup>o<\/sup> 54.599 N \/ 14<sup>o<\/sup> 17.397 E<\/p>\n<p><center><iframe loading=\"lazy\" style=\"border: 0;\" src=\"https:\/\/www.google.com\/maps\/embed?pb=!1m18!1m12!1m3!1d2060.263052722204!2d14.289923999998988!3d58.910247998875356!2m3!1f0!2f0!3f0!3m2!1i1024!2i768!4f13.1!3m3!1m2!1s0x465b7861b1fbbb43%3A0x759aef27ff936a4a!2sOtterbergets+Bad+%26+Camping!5e0!3m2!1snl!2snl!4v1435084012563\" width=\"500\" height=\"300\" frameborder=\"0\" allowfullscreen=\"allowfullscreen\"><\/iframe><\/center><br \/>\n<strong>Met de auto<\/strong><br \/>\nOm uw route vanaf uw startpunt te kunnen uitstippelen, kunt u gebruikmaken van de <a class=\"normal_text\" href=\"https:\/\/www.google.com\/maps\/place\/Otterbergets+Bad+%26+Camping,+Otterbergets+Camping+1,+548+91+Hova\/@58.910248,14.289924,17z\/data=!4m2!3m1!1s0x465b7861b1fbbb43:0x759aef27ff936a4a\" target=\"_blank\" rel=\"noopener\">routeplanner<\/a>.<\/p>\n<p><strong>Informatie over boot- en brugverbindingen<\/strong><br \/>\nAfhankelijk van waar u vandaan komt, kunt u gebruikmaken van de veerdiensten tussen het Duitse Puttgarden en het Deense R\u00f8dby (duur 45 minuten) en\/of het Deense Helsing\u00f8r en het Zweedse Helsingborg (duur 15 minuten). Meer informatie hierover kunt u vinden op <a class=\"normal_text\" title=\"website scandlines\" href=\"http:\/\/www.scandlines.se\/\" target=\"_blank\" rel=\"noopener\">www.scandlines.se<\/a>.<\/p>\n<p>Als alternatief voor de veerboot van Denemarken naar Zweden kunt u ook met de auto via de brug- en tunnelverbinding van Kopenhagen (DK) naar Malm\u00f6 (SE). De tolprijs van deze verbinding is vergelijkbaar met de prijs van de veerboot op het traject Helsing\u00f8r (DK) \u2013 Helsingborg (SE).<\/p>\n<p>Op de site <a class=\"normal_text\" title=\"website stenaline\" href=\"http:\/\/www.stenaline.se\/\" target=\"_blank\" rel=\"noopener\">www.stenaline.se<\/a> kunt u informatie vinden over langer durende bootovertochten&nbsp; (die afhankelijk van uw route minder autokilometers kunnen betekenen). Op deze boten kunt u ook overnachten. Zo kunt u vanaf zowel Kiel (DE), als vanaf Gren\u00e5 (DK) of Frederikshavn (DK) naar G\u00f6teborg (SE) varen. Een advies is in het hoogseizoen te reserveren.<\/p>\n<p>Met de maatschappij TT Line is het ook mogelijk rechtstreeks van Duitsland naar Zweden te varen (<a class=\"normal_text\" title=\"website ttline\" href=\"http:\/\/www.ttline.com\/\" target=\"_blank\" rel=\"noopener\">www.ttline.com<\/a>). Er zijn overtochten van zowel Travem\u00fcnde als Rostock naar Trelleborg, onder in Zweden.<\/p>\n<p><strong>Met het vliegtuig<\/strong><br \/>\nU kunt met het vliegtuig naar zowel Stockholm als G\u00f6teborg. Vanaf het vliegveld heeft u twee mogelijkheden. Of u kunt een auto huren, of u kunt met de trein verder reizen. Met de trein kunt u reizen tot aan T\u00f6reboda (ligt ongeveer 28 km van Otterbergets bad &amp; camping). Kiest u voor de trein, laat het ons dan van tevoren weten. In overleg kunnen we u van het treinstation halen.<\/p>\n<p>Op bepaalde tijdstippen dient u rekening te houden met \u00e9\u00e9n overstap in Sk\u00f6vde, richting T\u00f6reboda. Voor informatie over de treintijden:<a class=\"normal_text\" title=\"website met informatie over de treintijden\" href=\"http:\/\/tidtabell.resplus.se\/tidtabell\/60_tag60h.pdf\" target=\"_blank\" rel=\"noopener\">http:\/\/tidtabell.resplus.se\/tidtabell\/60_tag60h.pdf<\/a><\/p>\n<p><a href=\"https:\/\/otterbergetscamping.se\/wp-content\/uploads\/2015\/04\/route11.jpg\"><img loading=\"lazy\" decoding=\"async\" class=\"alignnone wp-image-480 size-full\" src=\"https:\/\/otterbergetscamping.se\/wp-content\/uploads\/2015\/04\/route11.jpg\" alt=\"\" width=\"200\" height=\"150\"><\/a> <a href=\"https:\/\/otterbergetscamping.se\/wp-content\/uploads\/2015\/04\/route31.jpg\"><img loading=\"lazy\" decoding=\"async\" class=\"alignnone wp-image-482 size-full\" src=\"https:\/\/otterbergetscamping.se\/wp-content\/uploads\/2015\/04\/route31.jpg\" alt=\"\" width=\"200\" height=\"150\"><\/a> <a href=\"https:\/\/otterbergetscamping.se\/wp-content\/uploads\/2015\/04\/route21.jpg\"><img loading=\"lazy\" decoding=\"async\" class=\"alignnone wp-image-481 size-full\" src=\"https:\/\/otterbergetscamping.se\/wp-content\/uploads\/2015\/04\/route21.jpg\" alt=\"\" width=\"200\" height=\"150\"><\/a><\/p>","protected":false},"excerpt":{"rendered":"<p>U vindt ons op het adres: Otterbergets bad &amp; camping 548 91 Hova, Zweden GPS-co\u00f6rdinaten: 58o 54.599 N \/ 14o 17.397 E Met de auto Om uw route vanaf uw startpunt te kunnen uitstippelen, kunt u gebruikmaken van de routeplanner. &hellip; <a class=\"more-link\" href=\"https:\/\/otterbergetscamping.se\/nl\/info-och-kontakt\/resvag\/\">Lees verder <span class=\"meta-nav\">&rarr;<\/span><\/a><\/p>\n","protected":false},"author":1,"featured_media":245,"parent":98,"menu_order":2,"comment_status":"closed","ping_status":"open","template":"","meta":{"_monsterinsights_skip_tracking":false,"_monsterinsights_sitenote_active":false,"_monsterinsights_sitenote_note":"","_monsterinsights_sitenote_category":0,"footnotes":""},"class_list":["post-109","page","type-page","status-publish","has-post-thumbnail","hentry"],"yoast_head":"<!-- This site is optimized with the Yoast SEO plugin v27.3 - https:\/\/yoast.com\/product\/yoast-seo-wordpress\/ -->\n<title>Route - Otterbergets Bad och Camping<\/title>\n<meta name=\"robots\" content=\"index, follow, max-snippet:-1, max-image-preview:large, max-video-preview:-1\" \/>\n<link rel=\"canonical\" href=\"https:\/\/otterbergetscamping.se\/nl\/info-och-kontakt\/resvag\/\" \/>\n<meta property=\"og:locale\" content=\"nl_NL\" \/>\n<meta property=\"og:type\" content=\"article\" \/>\n<meta property=\"og:title\" content=\"Route - Otterbergets Bad och Camping\" \/>\n<meta property=\"og:description\" content=\"U vindt ons op het adres: Otterbergets bad &amp; camping 548 91 Hova, Zweden GPS-co\u00f6rdinaten: 58o 54.599 N \/ 14o 17.397 E Met de auto Om uw route vanaf uw startpunt te kunnen uitstippelen, kunt u gebruikmaken van de routeplanner. &hellip; Lees verder &rarr;\" \/>\n<meta property=\"og:url\" content=\"https:\/\/otterbergetscamping.se\/nl\/info-och-kontakt\/resvag\/\" \/>\n<meta property=\"og:site_name\" content=\"Otterbergets Bad och Camping\" \/>\n<meta property=\"article:modified_time\" content=\"2018-04-01T15:29:06+00:00\" \/>\n<meta property=\"og:image\" content=\"https:\/\/otterbergetscamping.se\/wp-content\/uploads\/2015\/04\/right_content_image_top_route-e1430340863864.jpg\" \/>\n\t<meta property=\"og:image:width\" content=\"310\" \/>\n\t<meta property=\"og:image:height\" content=\"232\" \/>\n\t<meta property=\"og:image:type\" content=\"image\/jpeg\" \/>\n<meta name=\"twitter:card\" content=\"summary_large_image\" \/>\n<meta name=\"twitter:label1\" content=\"Geschatte leestijd\" \/>\n\t<meta name=\"twitter:data1\" content=\"5 minuten\" \/>\n<script type=\"application\/ld+json\" class=\"yoast-schema-graph\">{\"@context\":\"https:\\\/\\\/schema.org\",\"@graph\":[{\"@type\":\"WebPage\",\"@id\":\"https:\\\/\\\/otterbergetscamping.se\\\/nl\\\/info-och-kontakt\\\/resvag\\\/\",\"url\":\"https:\\\/\\\/otterbergetscamping.se\\\/nl\\\/info-och-kontakt\\\/resvag\\\/\",\"name\":\"Route - Otterbergets Bad och Camping\",\"isPartOf\":{\"@id\":\"https:\\\/\\\/otterbergetscamping.se\\\/nl\\\/#website\"},\"primaryImageOfPage\":{\"@id\":\"https:\\\/\\\/otterbergetscamping.se\\\/nl\\\/info-och-kontakt\\\/resvag\\\/#primaryimage\"},\"image\":{\"@id\":\"https:\\\/\\\/otterbergetscamping.se\\\/info-och-kontakt\\\/resvag\\\/#primaryimage\"},\"thumbnailUrl\":\"https:\\\/\\\/otterbergetscamping.se\\\/wp-content\\\/uploads\\\/2015\\\/04\\\/right_content_image_top_route-e1430340863864.jpg\",\"datePublished\":\"2015-04-24T17:13:00+00:00\",\"dateModified\":\"2018-04-01T15:29:06+00:00\",\"breadcrumb\":{\"@id\":\"https:\\\/\\\/otterbergetscamping.se\\\/nl\\\/info-och-kontakt\\\/resvag\\\/#breadcrumb\"},\"inLanguage\":\"nl-NL\",\"potentialAction\":[{\"@type\":\"ReadAction\",\"target\":[[\"https:\\\/\\\/otterbergetscamping.se\\\/nl\\\/info-och-kontakt\\\/resvag\\\/\"]]}]},{\"@type\":\"ImageObject\",\"inLanguage\":\"nl-NL\",\"@id\":\"https:\\\/\\\/otterbergetscamping.se\\\/nl\\\/info-och-kontakt\\\/resvag\\\/#primaryimage\",\"url\":\"https:\\\/\\\/otterbergetscamping.se\\\/wp-content\\\/uploads\\\/2015\\\/04\\\/right_content_image_top_route-e1430340863864.jpg\",\"contentUrl\":\"https:\\\/\\\/otterbergetscamping.se\\\/wp-content\\\/uploads\\\/2015\\\/04\\\/right_content_image_top_route-e1430340863864.jpg\",\"width\":310,\"height\":232},{\"@type\":\"BreadcrumbList\",\"@id\":\"https:\\\/\\\/otterbergetscamping.se\\\/nl\\\/info-och-kontakt\\\/resvag\\\/#breadcrumb\",\"itemListElement\":[{\"@type\":\"ListItem\",\"position\":1,\"name\":\"Home\",\"item\":\"https:\\\/\\\/otterbergetscamping.se\\\/nl\\\/\"},{\"@type\":\"ListItem\",\"position\":2,\"name\":\"Info och kontakt\",\"item\":\"https:\\\/\\\/otterbergetscamping.se\\\/nl\\\/info-och-kontakt\\\/\"},{\"@type\":\"ListItem\",\"position\":3,\"name\":\"Resv\u00e4g\"}]},{\"@type\":\"WebSite\",\"@id\":\"https:\\\/\\\/otterbergetscamping.se\\\/nl\\\/#website\",\"url\":\"https:\\\/\\\/otterbergetscamping.se\\\/nl\\\/\",\"name\":\"Otterbergets Bad och Camping\",\"description\":\"\",\"potentialAction\":[{\"@type\":\"SearchAction\",\"target\":{\"@type\":\"EntryPoint\",\"urlTemplate\":\"https:\\\/\\\/otterbergetscamping.se\\\/nl\\\/?s={search_term_string}\"},\"query-input\":{\"@type\":\"PropertyValueSpecification\",\"valueRequired\":true,\"valueName\":\"search_term_string\"}}],\"inLanguage\":\"nl-NL\"}]}<\/script>\n<!-- \/ Yoast SEO plugin. -->","yoast_head_json":{"title":"Route - Otterbergets Bad och Camping","robots":{"index":"index","follow":"follow","max-snippet":"max-snippet:-1","max-image-preview":"max-image-preview:large","max-video-preview":"max-video-preview:-1"},"canonical":"https:\/\/otterbergetscamping.se\/nl\/info-och-kontakt\/resvag\/","og_locale":"nl_NL","og_type":"article","og_title":"Route - Otterbergets Bad och Camping","og_description":"U vindt ons op het adres: Otterbergets bad &amp; camping 548 91 Hova, Zweden GPS-co\u00f6rdinaten: 58o 54.599 N \/ 14o 17.397 E Met de auto Om uw route vanaf uw startpunt te kunnen uitstippelen, kunt u gebruikmaken van de routeplanner. &hellip; Lees verder &rarr;","og_url":"https:\/\/otterbergetscamping.se\/nl\/info-och-kontakt\/resvag\/","og_site_name":"Otterbergets Bad och Camping","article_modified_time":"2018-04-01T15:29:06+00:00","og_image":[{"width":310,"height":232,"url":"https:\/\/otterbergetscamping.se\/wp-content\/uploads\/2015\/04\/right_content_image_top_route-e1430340863864.jpg","type":"image\/jpeg"}],"twitter_card":"summary_large_image","twitter_misc":{"Geschatte leestijd":"5 minuten"},"schema":{"@context":"https:\/\/schema.org","@graph":[{"@type":"WebPage","@id":"https:\/\/otterbergetscamping.se\/nl\/info-och-kontakt\/resvag\/","url":"https:\/\/otterbergetscamping.se\/nl\/info-och-kontakt\/resvag\/","name":"Route - Otterbergets Bad och Camping","isPartOf":{"@id":"https:\/\/otterbergetscamping.se\/nl\/#website"},"primaryImageOfPage":{"@id":"https:\/\/otterbergetscamping.se\/nl\/info-och-kontakt\/resvag\/#primaryimage"},"image":{"@id":"https:\/\/otterbergetscamping.se\/info-och-kontakt\/resvag\/#primaryimage"},"thumbnailUrl":"https:\/\/otterbergetscamping.se\/wp-content\/uploads\/2015\/04\/right_content_image_top_route-e1430340863864.jpg","datePublished":"2015-04-24T17:13:00+00:00","dateModified":"2018-04-01T15:29:06+00:00","breadcrumb":{"@id":"https:\/\/otterbergetscamping.se\/nl\/info-och-kontakt\/resvag\/#breadcrumb"},"inLanguage":"nl-NL","potentialAction":[{"@type":"ReadAction","target":[["https:\/\/otterbergetscamping.se\/nl\/info-och-kontakt\/resvag\/"]]}]},{"@type":"ImageObject","inLanguage":"nl-NL","@id":"https:\/\/otterbergetscamping.se\/nl\/info-och-kontakt\/resvag\/#primaryimage","url":"https:\/\/otterbergetscamping.se\/wp-content\/uploads\/2015\/04\/right_content_image_top_route-e1430340863864.jpg","contentUrl":"https:\/\/otterbergetscamping.se\/wp-content\/uploads\/2015\/04\/right_content_image_top_route-e1430340863864.jpg","width":310,"height":232},{"@type":"BreadcrumbList","@id":"https:\/\/otterbergetscamping.se\/nl\/info-och-kontakt\/resvag\/#breadcrumb","itemListElement":[{"@type":"ListItem","position":1,"name":"Home","item":"https:\/\/otterbergetscamping.se\/nl\/"},{"@type":"ListItem","position":2,"name":"Info och kontakt","item":"https:\/\/otterbergetscamping.se\/nl\/info-och-kontakt\/"},{"@type":"ListItem","position":3,"name":"Resv\u00e4g"}]},{"@type":"WebSite","@id":"https:\/\/otterbergetscamping.se\/nl\/#website","url":"https:\/\/otterbergetscamping.se\/nl\/","name":"Otterbergets Bad och Camping","description":"","potentialAction":[{"@type":"SearchAction","target":{"@type":"EntryPoint","urlTemplate":"https:\/\/otterbergetscamping.se\/nl\/?s={search_term_string}"},"query-input":{"@type":"PropertyValueSpecification","valueRequired":true,"valueName":"search_term_string"}}],"inLanguage":"nl-NL"}]}},"_links":{"self":[{"href":"https:\/\/otterbergetscamping.se\/nl\/wp-json\/wp\/v2\/pages\/109","targetHints":{"allow":["GET"]}}],"collection":[{"href":"https:\/\/otterbergetscamping.se\/nl\/wp-json\/wp\/v2\/pages"}],"about":[{"href":"https:\/\/otterbergetscamping.se\/nl\/wp-json\/wp\/v2\/types\/page"}],"author":[{"embeddable":true,"href":"https:\/\/otterbergetscamping.se\/nl\/wp-json\/wp\/v2\/users\/1"}],"replies":[{"embeddable":true,"href":"https:\/\/otterbergetscamping.se\/nl\/wp-json\/wp\/v2\/comments?post=109"}],"version-history":[{"count":0,"href":"https:\/\/otterbergetscamping.se\/nl\/wp-json\/wp\/v2\/pages\/109\/revisions"}],"up":[{"embeddable":true,"href":"https:\/\/otterbergetscamping.se\/nl\/wp-json\/wp\/v2\/pages\/98"}],"wp:featuredmedia":[{"embeddable":true,"href":"https:\/\/otterbergetscamping.se\/nl\/wp-json\/wp\/v2\/media\/245"}],"wp:attachment":[{"href":"https:\/\/otterbergetscamping.se\/nl\/wp-json\/wp\/v2\/media?parent=109"}],"curies":[{"name":"wp","href":"https:\/\/api.w.org\/{rel}","templated":true}]}}