{"id":96,"date":"2015-04-24T16:57:03","date_gmt":"2015-04-24T16:57:03","guid":{"rendered":"http:\/\/otterbergetscamping.se\/?page_id=96"},"modified":"2024-11-21T18:10:17","modified_gmt":"2024-11-21T18:10:17","slug":"aktivitet","status":"publish","type":"page","link":"https:\/\/otterbergetscamping.se\/en\/utflykter\/aktivitet\/","title":{"rendered":"Sporting activities"},"content":{"rendered":"<p><a href=\"https:\/\/otterbergetscamping.se\/wp-content\/uploads\/2015\/04\/sport.jpg\"><img loading=\"lazy\" decoding=\"async\" class=\"wp-image-477 size-full alignleft\" src=\"https:\/\/otterbergetscamping.se\/wp-content\/uploads\/2015\/04\/sport.jpg\" alt=\"\" width=\"200\" height=\"150\" \/><\/a>A great way to experience nature is to cycle on <strong>trolley bikes on old railroad tracks<\/strong>. The starting point is in Gullsp\u00e5ng. There are two trails: Gullsp\u00e5ng-Torved-Gullsp\u00e5ng (40 km) or Gullsp\u00e5ng-Degerfors-Gullsp\u00e5ng (80 km). Ride as long as you want through a changing landscape of streams, meadows, forests and moors. If you are lucky you may see an elk or a deer. On your trip you will encounter old train stations and remains of days gone by.<br \/>\n<strong><br \/>\n<\/strong><\/p>\n<p><a href=\"https:\/\/otterbergetscamping.se\/wp-content\/uploads\/2015\/04\/sport2.jpg\"><img loading=\"lazy\" decoding=\"async\" class=\"wp-image-478 size-full alignright\" src=\"https:\/\/otterbergetscamping.se\/wp-content\/uploads\/2015\/04\/sport2.jpg\" alt=\"\" width=\"200\" height=\"150\" \/><\/a>The Skagern lake also offers one of Sweden\u2019s <strong>most varied fishing grounds<\/strong> with over twenty different kinds of fish, like salmon, (rainbow) trout, pike, burbot, eel, perch, roach and bream. The Skagern lake is in the top 20 of Sweden\u2019s largest lakes. It measures 131 square kilometres and it is 76 metres at its deepest. For more information: <a href=\"http:\/\/www.sportfiskeguide.se\/\">http:\/\/www.sportfiskeguide.se\/.<\/a> In the camping site\u2019s kiosk you can buy a fishing permit.<\/p>\n<p>You can also explore the Skagern lake by surf board, <strong>canoe or boat<\/strong>. At our camping site you can rent canoes as well as boats with an outboard engine. If you would rather bring your own boat you can launch it at our boat launch.<\/p>\n<p>You can enjoy the tourist attraction G\u00f6ta kanal, which was built in the 19<sup>th<\/sup> century, in different ways. For an active experience you can <strong>cycle along the G\u00f6ta kanal<\/strong>. The bicycle trail is designed in such a way that you ride part of it while on other parts you sail along by boat. For more information:<a class=\"normal_text\" title=\"website vastsverige\" href=\"http:\/\/www.vastsverige.com\/en\/upplevelseomrade-Gota-kanals\/activities\/\" target=\"_blank\" rel=\"noopener\">www.vastsverige.com<\/a>.<\/p>\n<p>A suggestion for families with children is a visit to water park <strong>Skara Sommarland<\/strong> in Skara, an outdoor swimming centre with numerous attractions. For more information: <a class=\"normal_text\" title=\"website sommerland\" href=\"http:\/\/www.sommarland.se\/\" target=\"_blank\" rel=\"noopener\">www.sommarland.se<\/a>.<\/p>\n<p><img loading=\"lazy\" decoding=\"async\" class=\"alignleft size-full wp-image-356\" src=\"https:\/\/otterbergetscamping.se\/wp-content\/uploads\/2015\/04\/sportief4.jpg\" alt=\"sportief4\" width=\"200\" height=\"150\" \/>There are various <strong>golf courses<\/strong> near the camping site, such as <a class=\"normal_text\" title=\"website ribbingsfors golfclub\" href=\"http:\/\/www.ribbingsforsgk.se\/\" target=\"_blank\" rel=\"noopener\">Ribbingsfors Golfclub<\/a> which is<br \/>\n20 km away, in Skagersvik. This is a much appreciated nine hole golf course situated in fantastic landscape.<\/p>\n<p>From the camping site you can simply walk straight into the woods and begin your hike. For a larger variety of hiking trails you can visit the <a class=\"normal_text\" href=\"https:\/\/otterbergetscamping.se\/en\/utflykter\/natur\/\">nature parks<\/a> in the surrounding area.<\/p>","protected":false},"excerpt":{"rendered":"<p>A great way to experience nature is to cycle on trolley bikes on old railroad tracks. The starting point is in Gullsp\u00e5ng. There are two trails: Gullsp\u00e5ng-Torved-Gullsp\u00e5ng (40 km) or Gullsp\u00e5ng-Degerfors-Gullsp\u00e5ng (80 km). Ride as long as you want through &hellip; <a class=\"more-link\" href=\"https:\/\/otterbergetscamping.se\/en\/utflykter\/aktivitet\/\">Continue reading <span class=\"meta-nav\">&rarr;<\/span><\/a><\/p>\n","protected":false},"author":1,"featured_media":238,"parent":89,"menu_order":3,"comment_status":"closed","ping_status":"open","template":"","meta":{"_monsterinsights_skip_tracking":false,"_monsterinsights_sitenote_active":false,"_monsterinsights_sitenote_note":"","_monsterinsights_sitenote_category":0,"footnotes":""},"class_list":["post-96","page","type-page","status-publish","has-post-thumbnail","hentry"],"yoast_head":"<!-- This site is optimized with the Yoast SEO plugin v27.3 - https:\/\/yoast.com\/product\/yoast-seo-wordpress\/ -->\n<title>Sporting activities - Otterbergets Bad och Camping<\/title>\n<meta name=\"robots\" content=\"index, follow, max-snippet:-1, max-image-preview:large, max-video-preview:-1\" \/>\n<link rel=\"canonical\" href=\"https:\/\/otterbergetscamping.se\/en\/utflykter\/aktivitet\/\" \/>\n<meta property=\"og:locale\" content=\"en_US\" \/>\n<meta property=\"og:type\" content=\"article\" \/>\n<meta property=\"og:title\" content=\"Sporting activities - Otterbergets Bad och Camping\" \/>\n<meta property=\"og:description\" content=\"A great way to experience nature is to cycle on trolley bikes on old railroad tracks. The starting point is in Gullsp\u00e5ng. There are two trails: Gullsp\u00e5ng-Torved-Gullsp\u00e5ng (40 km) or Gullsp\u00e5ng-Degerfors-Gullsp\u00e5ng (80 km). Ride as long as you want through &hellip; Continue reading &rarr;\" \/>\n<meta property=\"og:url\" content=\"https:\/\/otterbergetscamping.se\/en\/utflykter\/aktivitet\/\" \/>\n<meta property=\"og:site_name\" content=\"Otterbergets Bad och Camping\" \/>\n<meta property=\"article:modified_time\" content=\"2024-11-21T18:10:17+00:00\" \/>\n<meta property=\"og:image\" content=\"https:\/\/otterbergetscamping.se\/wp-content\/uploads\/2015\/04\/right_content_image_top_sportieveactiviteiten-e1430340616598.jpg\" \/>\n\t<meta property=\"og:image:width\" content=\"310\" \/>\n\t<meta property=\"og:image:height\" content=\"232\" \/>\n\t<meta property=\"og:image:type\" content=\"image\/jpeg\" \/>\n<meta name=\"twitter:card\" content=\"summary_large_image\" \/>\n<meta name=\"twitter:label1\" content=\"Est. reading time\" \/>\n\t<meta name=\"twitter:data1\" content=\"3 minutes\" \/>\n<script type=\"application\/ld+json\" class=\"yoast-schema-graph\">{\"@context\":\"https:\\\/\\\/schema.org\",\"@graph\":[{\"@type\":\"WebPage\",\"@id\":\"https:\\\/\\\/otterbergetscamping.se\\\/en\\\/utflykter\\\/aktivitet\\\/\",\"url\":\"https:\\\/\\\/otterbergetscamping.se\\\/en\\\/utflykter\\\/aktivitet\\\/\",\"name\":\"Sporting activities - Otterbergets Bad och Camping\",\"isPartOf\":{\"@id\":\"https:\\\/\\\/otterbergetscamping.se\\\/en\\\/#website\"},\"primaryImageOfPage\":{\"@id\":\"https:\\\/\\\/otterbergetscamping.se\\\/en\\\/utflykter\\\/aktivitet\\\/#primaryimage\"},\"image\":{\"@id\":\"https:\\\/\\\/otterbergetscamping.se\\\/utflykter\\\/aktivitet\\\/#primaryimage\"},\"thumbnailUrl\":\"https:\\\/\\\/otterbergetscamping.se\\\/wp-content\\\/uploads\\\/2015\\\/04\\\/right_content_image_top_sportieveactiviteiten-e1430340616598.jpg\",\"datePublished\":\"2015-04-24T16:57:03+00:00\",\"dateModified\":\"2024-11-21T18:10:17+00:00\",\"breadcrumb\":{\"@id\":\"https:\\\/\\\/otterbergetscamping.se\\\/en\\\/utflykter\\\/aktivitet\\\/#breadcrumb\"},\"inLanguage\":\"en-US\",\"potentialAction\":[{\"@type\":\"ReadAction\",\"target\":[[\"https:\\\/\\\/otterbergetscamping.se\\\/en\\\/utflykter\\\/aktivitet\\\/\"]]}]},{\"@type\":\"ImageObject\",\"inLanguage\":\"en-US\",\"@id\":\"https:\\\/\\\/otterbergetscamping.se\\\/en\\\/utflykter\\\/aktivitet\\\/#primaryimage\",\"url\":\"https:\\\/\\\/otterbergetscamping.se\\\/wp-content\\\/uploads\\\/2015\\\/04\\\/right_content_image_top_sportieveactiviteiten-e1430340616598.jpg\",\"contentUrl\":\"https:\\\/\\\/otterbergetscamping.se\\\/wp-content\\\/uploads\\\/2015\\\/04\\\/right_content_image_top_sportieveactiviteiten-e1430340616598.jpg\",\"width\":310,\"height\":232},{\"@type\":\"BreadcrumbList\",\"@id\":\"https:\\\/\\\/otterbergetscamping.se\\\/en\\\/utflykter\\\/aktivitet\\\/#breadcrumb\",\"itemListElement\":[{\"@type\":\"ListItem\",\"position\":1,\"name\":\"Home\",\"item\":\"https:\\\/\\\/otterbergetscamping.se\\\/en\\\/\"},{\"@type\":\"ListItem\",\"position\":2,\"name\":\"Er op uit\",\"item\":\"https:\\\/\\\/otterbergetscamping.se\\\/en\\\/utflykter\\\/\"},{\"@type\":\"ListItem\",\"position\":3,\"name\":\"Aktivitet\"}]},{\"@type\":\"WebSite\",\"@id\":\"https:\\\/\\\/otterbergetscamping.se\\\/en\\\/#website\",\"url\":\"https:\\\/\\\/otterbergetscamping.se\\\/en\\\/\",\"name\":\"Otterbergets Bad och Camping\",\"description\":\"\",\"potentialAction\":[{\"@type\":\"SearchAction\",\"target\":{\"@type\":\"EntryPoint\",\"urlTemplate\":\"https:\\\/\\\/otterbergetscamping.se\\\/en\\\/?s={search_term_string}\"},\"query-input\":{\"@type\":\"PropertyValueSpecification\",\"valueRequired\":true,\"valueName\":\"search_term_string\"}}],\"inLanguage\":\"en-US\"}]}<\/script>\n<!-- \/ Yoast SEO plugin. -->","yoast_head_json":{"title":"Sporting activities - Otterbergets Bad och Camping","robots":{"index":"index","follow":"follow","max-snippet":"max-snippet:-1","max-image-preview":"max-image-preview:large","max-video-preview":"max-video-preview:-1"},"canonical":"https:\/\/otterbergetscamping.se\/en\/utflykter\/aktivitet\/","og_locale":"en_US","og_type":"article","og_title":"Sporting activities - Otterbergets Bad och Camping","og_description":"A great way to experience nature is to cycle on trolley bikes on old railroad tracks. The starting point is in Gullsp\u00e5ng. There are two trails: Gullsp\u00e5ng-Torved-Gullsp\u00e5ng (40 km) or Gullsp\u00e5ng-Degerfors-Gullsp\u00e5ng (80 km). Ride as long as you want through &hellip; Continue reading &rarr;","og_url":"https:\/\/otterbergetscamping.se\/en\/utflykter\/aktivitet\/","og_site_name":"Otterbergets Bad och Camping","article_modified_time":"2024-11-21T18:10:17+00:00","og_image":[{"width":310,"height":232,"url":"https:\/\/otterbergetscamping.se\/wp-content\/uploads\/2015\/04\/right_content_image_top_sportieveactiviteiten-e1430340616598.jpg","type":"image\/jpeg"}],"twitter_card":"summary_large_image","twitter_misc":{"Est. reading time":"3 minutes"},"schema":{"@context":"https:\/\/schema.org","@graph":[{"@type":"WebPage","@id":"https:\/\/otterbergetscamping.se\/en\/utflykter\/aktivitet\/","url":"https:\/\/otterbergetscamping.se\/en\/utflykter\/aktivitet\/","name":"Sporting activities - Otterbergets Bad och Camping","isPartOf":{"@id":"https:\/\/otterbergetscamping.se\/en\/#website"},"primaryImageOfPage":{"@id":"https:\/\/otterbergetscamping.se\/en\/utflykter\/aktivitet\/#primaryimage"},"image":{"@id":"https:\/\/otterbergetscamping.se\/utflykter\/aktivitet\/#primaryimage"},"thumbnailUrl":"https:\/\/otterbergetscamping.se\/wp-content\/uploads\/2015\/04\/right_content_image_top_sportieveactiviteiten-e1430340616598.jpg","datePublished":"2015-04-24T16:57:03+00:00","dateModified":"2024-11-21T18:10:17+00:00","breadcrumb":{"@id":"https:\/\/otterbergetscamping.se\/en\/utflykter\/aktivitet\/#breadcrumb"},"inLanguage":"en-US","potentialAction":[{"@type":"ReadAction","target":[["https:\/\/otterbergetscamping.se\/en\/utflykter\/aktivitet\/"]]}]},{"@type":"ImageObject","inLanguage":"en-US","@id":"https:\/\/otterbergetscamping.se\/en\/utflykter\/aktivitet\/#primaryimage","url":"https:\/\/otterbergetscamping.se\/wp-content\/uploads\/2015\/04\/right_content_image_top_sportieveactiviteiten-e1430340616598.jpg","contentUrl":"https:\/\/otterbergetscamping.se\/wp-content\/uploads\/2015\/04\/right_content_image_top_sportieveactiviteiten-e1430340616598.jpg","width":310,"height":232},{"@type":"BreadcrumbList","@id":"https:\/\/otterbergetscamping.se\/en\/utflykter\/aktivitet\/#breadcrumb","itemListElement":[{"@type":"ListItem","position":1,"name":"Home","item":"https:\/\/otterbergetscamping.se\/en\/"},{"@type":"ListItem","position":2,"name":"Er op uit","item":"https:\/\/otterbergetscamping.se\/en\/utflykter\/"},{"@type":"ListItem","position":3,"name":"Aktivitet"}]},{"@type":"WebSite","@id":"https:\/\/otterbergetscamping.se\/en\/#website","url":"https:\/\/otterbergetscamping.se\/en\/","name":"Otterbergets Bad och Camping","description":"","potentialAction":[{"@type":"SearchAction","target":{"@type":"EntryPoint","urlTemplate":"https:\/\/otterbergetscamping.se\/en\/?s={search_term_string}"},"query-input":{"@type":"PropertyValueSpecification","valueRequired":true,"valueName":"search_term_string"}}],"inLanguage":"en-US"}]}},"_links":{"self":[{"href":"https:\/\/otterbergetscamping.se\/en\/wp-json\/wp\/v2\/pages\/96","targetHints":{"allow":["GET"]}}],"collection":[{"href":"https:\/\/otterbergetscamping.se\/en\/wp-json\/wp\/v2\/pages"}],"about":[{"href":"https:\/\/otterbergetscamping.se\/en\/wp-json\/wp\/v2\/types\/page"}],"author":[{"embeddable":true,"href":"https:\/\/otterbergetscamping.se\/en\/wp-json\/wp\/v2\/users\/1"}],"replies":[{"embeddable":true,"href":"https:\/\/otterbergetscamping.se\/en\/wp-json\/wp\/v2\/comments?post=96"}],"version-history":[{"count":4,"href":"https:\/\/otterbergetscamping.se\/en\/wp-json\/wp\/v2\/pages\/96\/revisions"}],"predecessor-version":[{"id":1592,"href":"https:\/\/otterbergetscamping.se\/en\/wp-json\/wp\/v2\/pages\/96\/revisions\/1592"}],"up":[{"embeddable":true,"href":"https:\/\/otterbergetscamping.se\/en\/wp-json\/wp\/v2\/pages\/89"}],"wp:featuredmedia":[{"embeddable":true,"href":"https:\/\/otterbergetscamping.se\/en\/wp-json\/wp\/v2\/media\/238"}],"wp:attachment":[{"href":"https:\/\/otterbergetscamping.se\/en\/wp-json\/wp\/v2\/media?parent=96"}],"curies":[{"name":"wp","href":"https:\/\/api.w.org\/{rel}","templated":true}]}}