{"id":965,"date":"2018-01-07T19:57:21","date_gmt":"2018-01-07T19:57:21","guid":{"rendered":"http:\/\/otterbergetscamping.se\/?page_id=965"},"modified":"2024-07-23T12:41:12","modified_gmt":"2024-07-23T12:41:12","slug":"kanoter-och-kajaker","status":"publish","type":"page","link":"https:\/\/otterbergetscamping.se\/de\/batar-och-kanoter\/kanoter-och-kajaker\/","title":{"rendered":"Kanus und kajaks"},"content":{"rendered":"<p><img loading=\"lazy\" decoding=\"async\" class=\"alignleft wp-image-976\" src=\"https:\/\/otterbergetscamping.se\/wp-content\/uploads\/2018\/01\/IMG_0381-1-150x150.jpg\" alt=\"\" width=\"200\" height=\"122\" srcset=\"https:\/\/otterbergetscamping.se\/wp-content\/uploads\/2018\/01\/IMG_0381-1-300x183.jpg 300w, https:\/\/otterbergetscamping.se\/wp-content\/uploads\/2018\/01\/IMG_0381-1-768x467.jpg 768w, https:\/\/otterbergetscamping.se\/wp-content\/uploads\/2018\/01\/IMG_0381-1.jpg 1024w, https:\/\/otterbergetscamping.se\/wp-content\/uploads\/2018\/01\/IMG_0381-1-493x300.jpg 493w\" sizes=\"auto, (max-width: 200px) 100vw, 200px\" \/>Skagern ist einer der gr\u00f6\u00dften Seen Schwedens. Warum mieten Sie nicht ein Kanu oder Kajak und entdecken was der See Ihnen bietet. Paddeln Sie entlang der abwechslungsreichen K\u00fcste des Skagern mit Wald, Strand und Felsen. Paddeln Sie um die Gudhammersbucht und genie\u00dfen Sie den Blick auf den alten Bauernhof, die Brauerei und das Vieh auf den weiten Wiesen. Machen Sie eine Pause auf einer Insel oder an einem einsamen Strand. H\u00f6ren Sie die V\u00f6gel oder werfen Sie die Angel aus.<\/p>\n<p><img loading=\"lazy\" decoding=\"async\" class=\"alignright size-thumbnail wp-image-977\" src=\"https:\/\/otterbergetscamping.se\/wp-content\/uploads\/2018\/01\/IMG_0976-150x150.jpg\" alt=\"\" width=\"150\" height=\"150\" \/>Wir vermieten unsere Kanus und Kajaks komplett mit Rettungswesten. Skagern ist gro\u00df und der Wind kann zu hohe Wellen f\u00fchren. Deshalb ist aus Gr\u00fcnden der Sicherhet bei Windgeschwindigkeiten \u00fcber 3 Meter pro Sekunde, eine Anmietung nicht m\u00f6glich!<\/p>\n<p>Wir vermieten zwischen dem 15. April und 1 November. Au\u00dferhalb der Saison nach Vereinbarung.\u00a0Die Preise finden Sie in der\u00a0<a class=\"normal_text\" href=\"https:\/\/otterbergetscamping.se\/info-och-kontakt\/priser\/\">Tarif\u00fcbersicht<\/a>.<\/p>\n<p>Buchung nur am Tag selbst.<\/p>","protected":false},"excerpt":{"rendered":"<p>Skagern ist einer der gr\u00f6\u00dften Seen Schwedens. Warum mieten Sie nicht ein Kanu oder Kajak und entdecken was der See Ihnen bietet. Paddeln Sie entlang der abwechslungsreichen K\u00fcste des Skagern mit Wald, Strand und Felsen. Paddeln Sie um die Gudhammersbucht &hellip; <a class=\"more-link\" href=\"https:\/\/otterbergetscamping.se\/de\/batar-och-kanoter\/kanoter-och-kajaker\/\">Weiterlesen <span class=\"meta-nav\">&rarr;<\/span><\/a><\/p>\n","protected":false},"author":1,"featured_media":0,"parent":954,"menu_order":6,"comment_status":"closed","ping_status":"closed","template":"","meta":{"_monsterinsights_skip_tracking":false,"_monsterinsights_sitenote_active":false,"_monsterinsights_sitenote_note":"","_monsterinsights_sitenote_category":0,"footnotes":""},"class_list":["post-965","page","type-page","status-publish","hentry"],"yoast_head":"<!-- This site is optimized with the Yoast SEO plugin v27.3 - https:\/\/yoast.com\/product\/yoast-seo-wordpress\/ -->\n<title>Kanus und kajaks - Otterbergets Bad och Camping<\/title>\n<meta name=\"robots\" content=\"index, follow, max-snippet:-1, max-image-preview:large, max-video-preview:-1\" \/>\n<link rel=\"canonical\" href=\"https:\/\/otterbergetscamping.se\/de\/batar-och-kanoter\/kanoter-och-kajaker\/\" \/>\n<meta property=\"og:locale\" content=\"de_DE\" \/>\n<meta property=\"og:type\" content=\"article\" \/>\n<meta property=\"og:title\" content=\"Kanus und kajaks - Otterbergets Bad och Camping\" \/>\n<meta property=\"og:description\" content=\"Skagern ist einer der gr\u00f6\u00dften Seen Schwedens. Warum mieten Sie nicht ein Kanu oder Kajak und entdecken was der See Ihnen bietet. Paddeln Sie entlang der abwechslungsreichen K\u00fcste des Skagern mit Wald, Strand und Felsen. Paddeln Sie um die Gudhammersbucht &hellip; Weiterlesen &rarr;\" \/>\n<meta property=\"og:url\" content=\"https:\/\/otterbergetscamping.se\/de\/batar-och-kanoter\/kanoter-och-kajaker\/\" \/>\n<meta property=\"og:site_name\" content=\"Otterbergets Bad och Camping\" \/>\n<meta property=\"article:modified_time\" content=\"2024-07-23T12:41:12+00:00\" \/>\n<meta property=\"og:image\" content=\"https:\/\/otterbergetscamping.se\/wp-content\/uploads\/2018\/01\/IMG_0381-1-150x150.jpg\" \/>\n<meta name=\"twitter:card\" content=\"summary_large_image\" \/>\n<meta name=\"twitter:label1\" content=\"Gesch\u00e4tzte Lesezeit\" \/>\n\t<meta name=\"twitter:data1\" content=\"2\u00a0Minuten\" \/>\n<script type=\"application\/ld+json\" class=\"yoast-schema-graph\">{\"@context\":\"https:\\\/\\\/schema.org\",\"@graph\":[{\"@type\":\"WebPage\",\"@id\":\"https:\\\/\\\/otterbergetscamping.se\\\/de\\\/batar-och-kanoter\\\/kanoter-och-kajaker\\\/\",\"url\":\"https:\\\/\\\/otterbergetscamping.se\\\/de\\\/batar-och-kanoter\\\/kanoter-och-kajaker\\\/\",\"name\":\"Kanus und kajaks - Otterbergets Bad och Camping\",\"isPartOf\":{\"@id\":\"https:\\\/\\\/otterbergetscamping.se\\\/de\\\/#website\"},\"primaryImageOfPage\":{\"@id\":\"https:\\\/\\\/otterbergetscamping.se\\\/de\\\/batar-och-kanoter\\\/kanoter-och-kajaker\\\/#primaryimage\"},\"image\":{\"@id\":\"https:\\\/\\\/otterbergetscamping.se\\\/batar-och-kanoter\\\/kanoter-och-kajaker\\\/#primaryimage\"},\"thumbnailUrl\":\"https:\\\/\\\/otterbergetscamping.se\\\/wp-content\\\/uploads\\\/2018\\\/01\\\/IMG_0381-1-150x150.jpg\",\"datePublished\":\"2018-01-07T19:57:21+00:00\",\"dateModified\":\"2024-07-23T12:41:12+00:00\",\"breadcrumb\":{\"@id\":\"https:\\\/\\\/otterbergetscamping.se\\\/de\\\/batar-och-kanoter\\\/kanoter-och-kajaker\\\/#breadcrumb\"},\"inLanguage\":\"de\",\"potentialAction\":[{\"@type\":\"ReadAction\",\"target\":[[\"https:\\\/\\\/otterbergetscamping.se\\\/de\\\/batar-och-kanoter\\\/kanoter-och-kajaker\\\/\"]]}]},{\"@type\":\"ImageObject\",\"inLanguage\":\"de\",\"@id\":\"https:\\\/\\\/otterbergetscamping.se\\\/de\\\/batar-och-kanoter\\\/kanoter-och-kajaker\\\/#primaryimage\",\"url\":\"https:\\\/\\\/otterbergetscamping.se\\\/wp-content\\\/uploads\\\/2018\\\/01\\\/IMG_0381-1-150x150.jpg\",\"contentUrl\":\"https:\\\/\\\/otterbergetscamping.se\\\/wp-content\\\/uploads\\\/2018\\\/01\\\/IMG_0381-1-150x150.jpg\"},{\"@type\":\"BreadcrumbList\",\"@id\":\"https:\\\/\\\/otterbergetscamping.se\\\/de\\\/batar-och-kanoter\\\/kanoter-och-kajaker\\\/#breadcrumb\",\"itemListElement\":[{\"@type\":\"ListItem\",\"position\":1,\"name\":\"Home\",\"item\":\"https:\\\/\\\/otterbergetscamping.se\\\/de\\\/\"},{\"@type\":\"ListItem\",\"position\":2,\"name\":\"Boten en kano&#8217;s\",\"item\":\"https:\\\/\\\/otterbergetscamping.se\\\/de\\\/batar-och-kanoter\\\/\"},{\"@type\":\"ListItem\",\"position\":3,\"name\":\"Kanoter och kajaker\"}]},{\"@type\":\"WebSite\",\"@id\":\"https:\\\/\\\/otterbergetscamping.se\\\/de\\\/#website\",\"url\":\"https:\\\/\\\/otterbergetscamping.se\\\/de\\\/\",\"name\":\"Otterbergets Bad och Camping\",\"description\":\"\",\"potentialAction\":[{\"@type\":\"SearchAction\",\"target\":{\"@type\":\"EntryPoint\",\"urlTemplate\":\"https:\\\/\\\/otterbergetscamping.se\\\/de\\\/?s={search_term_string}\"},\"query-input\":{\"@type\":\"PropertyValueSpecification\",\"valueRequired\":true,\"valueName\":\"search_term_string\"}}],\"inLanguage\":\"de\"}]}<\/script>\n<!-- \/ Yoast SEO plugin. -->","yoast_head_json":{"title":"Kanus und kajaks - Otterbergets Bad och Camping","robots":{"index":"index","follow":"follow","max-snippet":"max-snippet:-1","max-image-preview":"max-image-preview:large","max-video-preview":"max-video-preview:-1"},"canonical":"https:\/\/otterbergetscamping.se\/de\/batar-och-kanoter\/kanoter-och-kajaker\/","og_locale":"de_DE","og_type":"article","og_title":"Kanus und kajaks - Otterbergets Bad och Camping","og_description":"Skagern ist einer der gr\u00f6\u00dften Seen Schwedens. Warum mieten Sie nicht ein Kanu oder Kajak und entdecken was der See Ihnen bietet. Paddeln Sie entlang der abwechslungsreichen K\u00fcste des Skagern mit Wald, Strand und Felsen. Paddeln Sie um die Gudhammersbucht &hellip; Weiterlesen &rarr;","og_url":"https:\/\/otterbergetscamping.se\/de\/batar-och-kanoter\/kanoter-och-kajaker\/","og_site_name":"Otterbergets Bad och Camping","article_modified_time":"2024-07-23T12:41:12+00:00","og_image":[{"url":"https:\/\/otterbergetscamping.se\/wp-content\/uploads\/2018\/01\/IMG_0381-1-150x150.jpg","type":"","width":"","height":""}],"twitter_card":"summary_large_image","twitter_misc":{"Gesch\u00e4tzte Lesezeit":"2\u00a0Minuten"},"schema":{"@context":"https:\/\/schema.org","@graph":[{"@type":"WebPage","@id":"https:\/\/otterbergetscamping.se\/de\/batar-och-kanoter\/kanoter-och-kajaker\/","url":"https:\/\/otterbergetscamping.se\/de\/batar-och-kanoter\/kanoter-och-kajaker\/","name":"Kanus und kajaks - Otterbergets Bad och Camping","isPartOf":{"@id":"https:\/\/otterbergetscamping.se\/de\/#website"},"primaryImageOfPage":{"@id":"https:\/\/otterbergetscamping.se\/de\/batar-och-kanoter\/kanoter-och-kajaker\/#primaryimage"},"image":{"@id":"https:\/\/otterbergetscamping.se\/batar-och-kanoter\/kanoter-och-kajaker\/#primaryimage"},"thumbnailUrl":"https:\/\/otterbergetscamping.se\/wp-content\/uploads\/2018\/01\/IMG_0381-1-150x150.jpg","datePublished":"2018-01-07T19:57:21+00:00","dateModified":"2024-07-23T12:41:12+00:00","breadcrumb":{"@id":"https:\/\/otterbergetscamping.se\/de\/batar-och-kanoter\/kanoter-och-kajaker\/#breadcrumb"},"inLanguage":"de","potentialAction":[{"@type":"ReadAction","target":[["https:\/\/otterbergetscamping.se\/de\/batar-och-kanoter\/kanoter-och-kajaker\/"]]}]},{"@type":"ImageObject","inLanguage":"de","@id":"https:\/\/otterbergetscamping.se\/de\/batar-och-kanoter\/kanoter-och-kajaker\/#primaryimage","url":"https:\/\/otterbergetscamping.se\/wp-content\/uploads\/2018\/01\/IMG_0381-1-150x150.jpg","contentUrl":"https:\/\/otterbergetscamping.se\/wp-content\/uploads\/2018\/01\/IMG_0381-1-150x150.jpg"},{"@type":"BreadcrumbList","@id":"https:\/\/otterbergetscamping.se\/de\/batar-och-kanoter\/kanoter-och-kajaker\/#breadcrumb","itemListElement":[{"@type":"ListItem","position":1,"name":"Home","item":"https:\/\/otterbergetscamping.se\/de\/"},{"@type":"ListItem","position":2,"name":"Boten en kano&#8217;s","item":"https:\/\/otterbergetscamping.se\/de\/batar-och-kanoter\/"},{"@type":"ListItem","position":3,"name":"Kanoter och kajaker"}]},{"@type":"WebSite","@id":"https:\/\/otterbergetscamping.se\/de\/#website","url":"https:\/\/otterbergetscamping.se\/de\/","name":"Otterbergets Bad och Camping","description":"","potentialAction":[{"@type":"SearchAction","target":{"@type":"EntryPoint","urlTemplate":"https:\/\/otterbergetscamping.se\/de\/?s={search_term_string}"},"query-input":{"@type":"PropertyValueSpecification","valueRequired":true,"valueName":"search_term_string"}}],"inLanguage":"de"}]}},"_links":{"self":[{"href":"https:\/\/otterbergetscamping.se\/de\/wp-json\/wp\/v2\/pages\/965","targetHints":{"allow":["GET"]}}],"collection":[{"href":"https:\/\/otterbergetscamping.se\/de\/wp-json\/wp\/v2\/pages"}],"about":[{"href":"https:\/\/otterbergetscamping.se\/de\/wp-json\/wp\/v2\/types\/page"}],"author":[{"embeddable":true,"href":"https:\/\/otterbergetscamping.se\/de\/wp-json\/wp\/v2\/users\/1"}],"replies":[{"embeddable":true,"href":"https:\/\/otterbergetscamping.se\/de\/wp-json\/wp\/v2\/comments?post=965"}],"version-history":[{"count":2,"href":"https:\/\/otterbergetscamping.se\/de\/wp-json\/wp\/v2\/pages\/965\/revisions"}],"predecessor-version":[{"id":1572,"href":"https:\/\/otterbergetscamping.se\/de\/wp-json\/wp\/v2\/pages\/965\/revisions\/1572"}],"up":[{"embeddable":true,"href":"https:\/\/otterbergetscamping.se\/de\/wp-json\/wp\/v2\/pages\/954"}],"wp:attachment":[{"href":"https:\/\/otterbergetscamping.se\/de\/wp-json\/wp\/v2\/media?parent=965"}],"curies":[{"name":"wp","href":"https:\/\/api.w.org\/{rel}","templated":true}]}}