{"id":96,"date":"2015-04-24T16:57:03","date_gmt":"2015-04-24T16:57:03","guid":{"rendered":"http:\/\/otterbergetscamping.se\/?page_id=96"},"modified":"2024-11-21T18:10:17","modified_gmt":"2024-11-21T18:10:17","slug":"aktivitet","status":"publish","type":"page","link":"https:\/\/otterbergetscamping.se\/de\/utflykter\/aktivitet\/","title":{"rendered":"Sportliche Aktivit\u00e4ten"},"content":{"rendered":"<p><a href=\"https:\/\/otterbergetscamping.se\/wp-content\/uploads\/2015\/04\/sport.jpg\"><img loading=\"lazy\" decoding=\"async\" class=\"wp-image-477 size-full alignleft\" src=\"https:\/\/otterbergetscamping.se\/wp-content\/uploads\/2015\/04\/sport.jpg\" alt=\"\" width=\"200\" height=\"150\" \/><\/a>Ein (Natur)Erlebnis der besonderen Art ist es auf einer <strong>Draisine<\/strong> strampelnd <strong>\u00fcber alte <\/strong><strong>Zugschienen<\/strong> zu reisen. Die Fahrt beginnt an der Haltestelle in Gullsp\u00e5ng. Sie k\u00f6nnen zwischen zwei Routen ausw\u00e4hlen: Gullsp\u00e5ng-Torved-Gullsp\u00e5ng (40 km) oder Gullsp\u00e5ng-Degerfors-Gullsp\u00e5ng (80 km). Sie d\u00fcrfen so lange fahren wie sie wollen und so die abwechslungsreiche Landschaft mit ihren Wassern, Wiesen, W\u00e4ldern und Feenmooren genie\u00dfen. Mit ein bisschen Gl\u00fcck sehen Sie auch Rehe oder Elche. Sie kommen an alten Bahnh\u00f6fe und anderen \u00dcberresten aus der Vergangenheit vorbei.<\/p>\n<p><a href=\"https:\/\/otterbergetscamping.se\/wp-content\/uploads\/2015\/04\/sport2.jpg\"><img loading=\"lazy\" decoding=\"async\" class=\"wp-image-478 size-full alignright\" src=\"https:\/\/otterbergetscamping.se\/wp-content\/uploads\/2015\/04\/sport2.jpg\" alt=\"\" width=\"200\" height=\"150\" \/><\/a>Der See Skagern ist eines von Schwedens <strong>attraktivsten Angelgew\u00e4ssern<\/strong>, mit \u00fcber zwanzig Fischarten wie Lachs, (Regenbogen)Forelle, Hecht, Tr\u00fcsche, Aal, Barsch, Rotauge und Brasse.\u00a0 Der Skagernsee wird zu den zwanzig gr\u00f6\u00dften Seen Schwedens gez\u00e4hlt. Er hat eine Oberfl\u00e4che von 131 km<sup>2<\/sup> und misst am tiefsten Punkt 76 meter. Mehr zur See finden Sie unter <a href=\"http:\/\/www.sportfiskeguide.se\/\">http:\/\/www.sportfiskeguide.se\/.<\/a> Am Campingkiosk k\u00f6nnen Sie eine Angellizenz kaufen.<\/p>\n<p>Der Skagernsee l\u00e4sst sich auch wunderbar mit dem Surfbrett, <strong>Kanu oder Motorboot<\/strong> erkunden. Sie k\u00f6nnen vom Campingplatz aus starten. Wir vermieten sowohl Kanus als auch Boote mit Au\u00dfenbordmotor. Wer lieber sein eigenes Boot mitbringt, kann dies nat\u00fcrlich auch an unserer Bootsrampe zu Wasser lassen.<\/p>\n<p>Sie k\u00f6nnen den <strong>G\u00f6<\/strong><strong>ta Kanal<\/strong>, der als eine touristische Attraktion bekannt ist, auf vielfache Weise genie\u00dfen. Wenn Sie sich f\u00fcr die sportliche Weise entscheiden, k\u00f6nnen Sie den Kanal <strong>entlang mit dem Fahrrad fahren<\/strong>. Die Fahrradroute ist so angelegt, dass Sie bestimmte Etappen mit dem Fahrrad bew\u00e4ltigen k\u00f6nnen und andere mit dem Boot mitfahren k\u00f6nnen. Mehr Information finden Sie unter: <a class=\"normal_text\" title=\"website vastsverige\" href=\"http:\/\/www.vastsverige.com\/de\/GotaKanal\/Ativitaten\/\" target=\"_blank\" rel=\"noopener\">www.vastsverige.com<\/a>.<\/p>\n<p>Ein Tip f\u00fcr Familien mit Kindern ist ein Besuch im Wasserpark <strong>Skara Sommarland<\/strong> in Skara. Dies ist ein Freiluftschwimmparadies mit zahllosen Attraktionen. Weitere Informationen finden Sie unter: <a class=\"normal_text\" title=\"website sommerland\" href=\"http:\/\/www.sommarland.se\/\" target=\"_blank\" rel=\"noopener\">www.sommarland.se<\/a>.<\/p>\n<p><img loading=\"lazy\" decoding=\"async\" class=\"alignleft size-full wp-image-356\" src=\"https:\/\/otterbergetscamping.se\/wp-content\/uploads\/2015\/04\/sportief4.jpg\" alt=\"sportief4\" width=\"200\" height=\"150\" \/>In der unmittelbaren Umgebung des Campingplatzes befinden sich mehrere Golfpl\u00e4tze, wie zum Beispiel <a class=\"normal_text\" title=\"ribbingfors golfclub website\" href=\"http:\/\/www.ribbingsforsgk.se\/\" target=\"_blank\" rel=\"noopener\">Ribbingsfors Golfclub<\/a> welcher nur 20 km in Skagersvik entfernt liegt. Der sehr respektable Golfplatz mit neun L\u00f6chern ist von einer wunderbaren Naturlandschaft umgeben.<\/p>\n<p>F\u00fcr einen Spaziergang k\u00f6nnen Sie direkt vom Campingplatz in den Wald. Die unterschiedlichen\u00a0<a class=\"normal_text\" href=\"https:\/\/otterbergetscamping.se\/de\/utflykter\/natur\/\"><span class=\"normal_text\">Naturparks<\/span><\/a> in der Gegend haben ein breites Angebot an Wanderungen zu bieten.<\/p>","protected":false},"excerpt":{"rendered":"<p>Ein (Natur)Erlebnis der besonderen Art ist es auf einer Draisine strampelnd \u00fcber alte Zugschienen zu reisen. Die Fahrt beginnt an der Haltestelle in Gullsp\u00e5ng. Sie k\u00f6nnen zwischen zwei Routen ausw\u00e4hlen: Gullsp\u00e5ng-Torved-Gullsp\u00e5ng (40 km) oder Gullsp\u00e5ng-Degerfors-Gullsp\u00e5ng (80 km). Sie d\u00fcrfen so &hellip; <a class=\"more-link\" href=\"https:\/\/otterbergetscamping.se\/de\/utflykter\/aktivitet\/\">Weiterlesen <span class=\"meta-nav\">&rarr;<\/span><\/a><\/p>\n","protected":false},"author":1,"featured_media":238,"parent":89,"menu_order":3,"comment_status":"closed","ping_status":"open","template":"","meta":{"_monsterinsights_skip_tracking":false,"_monsterinsights_sitenote_active":false,"_monsterinsights_sitenote_note":"","_monsterinsights_sitenote_category":0,"footnotes":""},"class_list":["post-96","page","type-page","status-publish","has-post-thumbnail","hentry"],"yoast_head":"<!-- This site is optimized with the Yoast SEO plugin v27.3 - https:\/\/yoast.com\/product\/yoast-seo-wordpress\/ -->\n<title>Sportliche Aktivit\u00e4ten - Otterbergets Bad och Camping<\/title>\n<meta name=\"robots\" content=\"index, follow, max-snippet:-1, max-image-preview:large, max-video-preview:-1\" \/>\n<link rel=\"canonical\" href=\"https:\/\/otterbergetscamping.se\/de\/utflykter\/aktivitet\/\" \/>\n<meta property=\"og:locale\" content=\"de_DE\" \/>\n<meta property=\"og:type\" content=\"article\" \/>\n<meta property=\"og:title\" content=\"Sportliche Aktivit\u00e4ten - Otterbergets Bad och Camping\" \/>\n<meta property=\"og:description\" content=\"Ein (Natur)Erlebnis der besonderen Art ist es auf einer Draisine strampelnd \u00fcber alte Zugschienen zu reisen. Die Fahrt beginnt an der Haltestelle in Gullsp\u00e5ng. Sie k\u00f6nnen zwischen zwei Routen ausw\u00e4hlen: Gullsp\u00e5ng-Torved-Gullsp\u00e5ng (40 km) oder Gullsp\u00e5ng-Degerfors-Gullsp\u00e5ng (80 km). Sie d\u00fcrfen so &hellip; Weiterlesen &rarr;\" \/>\n<meta property=\"og:url\" content=\"https:\/\/otterbergetscamping.se\/de\/utflykter\/aktivitet\/\" \/>\n<meta property=\"og:site_name\" content=\"Otterbergets Bad och Camping\" \/>\n<meta property=\"article:modified_time\" content=\"2024-11-21T18:10:17+00:00\" \/>\n<meta property=\"og:image\" content=\"https:\/\/otterbergetscamping.se\/wp-content\/uploads\/2015\/04\/right_content_image_top_sportieveactiviteiten-e1430340616598.jpg\" \/>\n\t<meta property=\"og:image:width\" content=\"310\" \/>\n\t<meta property=\"og:image:height\" content=\"232\" \/>\n\t<meta property=\"og:image:type\" content=\"image\/jpeg\" \/>\n<meta name=\"twitter:card\" content=\"summary_large_image\" \/>\n<meta name=\"twitter:label1\" content=\"Gesch\u00e4tzte Lesezeit\" \/>\n\t<meta name=\"twitter:data1\" content=\"3\u00a0Minuten\" \/>\n<script type=\"application\/ld+json\" class=\"yoast-schema-graph\">{\"@context\":\"https:\\\/\\\/schema.org\",\"@graph\":[{\"@type\":\"WebPage\",\"@id\":\"https:\\\/\\\/otterbergetscamping.se\\\/de\\\/utflykter\\\/aktivitet\\\/\",\"url\":\"https:\\\/\\\/otterbergetscamping.se\\\/de\\\/utflykter\\\/aktivitet\\\/\",\"name\":\"Sportliche Aktivit\u00e4ten - Otterbergets Bad och Camping\",\"isPartOf\":{\"@id\":\"https:\\\/\\\/otterbergetscamping.se\\\/de\\\/#website\"},\"primaryImageOfPage\":{\"@id\":\"https:\\\/\\\/otterbergetscamping.se\\\/de\\\/utflykter\\\/aktivitet\\\/#primaryimage\"},\"image\":{\"@id\":\"https:\\\/\\\/otterbergetscamping.se\\\/utflykter\\\/aktivitet\\\/#primaryimage\"},\"thumbnailUrl\":\"https:\\\/\\\/otterbergetscamping.se\\\/wp-content\\\/uploads\\\/2015\\\/04\\\/right_content_image_top_sportieveactiviteiten-e1430340616598.jpg\",\"datePublished\":\"2015-04-24T16:57:03+00:00\",\"dateModified\":\"2024-11-21T18:10:17+00:00\",\"breadcrumb\":{\"@id\":\"https:\\\/\\\/otterbergetscamping.se\\\/de\\\/utflykter\\\/aktivitet\\\/#breadcrumb\"},\"inLanguage\":\"de\",\"potentialAction\":[{\"@type\":\"ReadAction\",\"target\":[[\"https:\\\/\\\/otterbergetscamping.se\\\/de\\\/utflykter\\\/aktivitet\\\/\"]]}]},{\"@type\":\"ImageObject\",\"inLanguage\":\"de\",\"@id\":\"https:\\\/\\\/otterbergetscamping.se\\\/de\\\/utflykter\\\/aktivitet\\\/#primaryimage\",\"url\":\"https:\\\/\\\/otterbergetscamping.se\\\/wp-content\\\/uploads\\\/2015\\\/04\\\/right_content_image_top_sportieveactiviteiten-e1430340616598.jpg\",\"contentUrl\":\"https:\\\/\\\/otterbergetscamping.se\\\/wp-content\\\/uploads\\\/2015\\\/04\\\/right_content_image_top_sportieveactiviteiten-e1430340616598.jpg\",\"width\":310,\"height\":232},{\"@type\":\"BreadcrumbList\",\"@id\":\"https:\\\/\\\/otterbergetscamping.se\\\/de\\\/utflykter\\\/aktivitet\\\/#breadcrumb\",\"itemListElement\":[{\"@type\":\"ListItem\",\"position\":1,\"name\":\"Home\",\"item\":\"https:\\\/\\\/otterbergetscamping.se\\\/de\\\/\"},{\"@type\":\"ListItem\",\"position\":2,\"name\":\"Er op uit\",\"item\":\"https:\\\/\\\/otterbergetscamping.se\\\/de\\\/utflykter\\\/\"},{\"@type\":\"ListItem\",\"position\":3,\"name\":\"Aktivitet\"}]},{\"@type\":\"WebSite\",\"@id\":\"https:\\\/\\\/otterbergetscamping.se\\\/de\\\/#website\",\"url\":\"https:\\\/\\\/otterbergetscamping.se\\\/de\\\/\",\"name\":\"Otterbergets Bad och Camping\",\"description\":\"\",\"potentialAction\":[{\"@type\":\"SearchAction\",\"target\":{\"@type\":\"EntryPoint\",\"urlTemplate\":\"https:\\\/\\\/otterbergetscamping.se\\\/de\\\/?s={search_term_string}\"},\"query-input\":{\"@type\":\"PropertyValueSpecification\",\"valueRequired\":true,\"valueName\":\"search_term_string\"}}],\"inLanguage\":\"de\"}]}<\/script>\n<!-- \/ Yoast SEO plugin. -->","yoast_head_json":{"title":"Sportliche Aktivit\u00e4ten - Otterbergets Bad och Camping","robots":{"index":"index","follow":"follow","max-snippet":"max-snippet:-1","max-image-preview":"max-image-preview:large","max-video-preview":"max-video-preview:-1"},"canonical":"https:\/\/otterbergetscamping.se\/de\/utflykter\/aktivitet\/","og_locale":"de_DE","og_type":"article","og_title":"Sportliche Aktivit\u00e4ten - Otterbergets Bad och Camping","og_description":"Ein (Natur)Erlebnis der besonderen Art ist es auf einer Draisine strampelnd \u00fcber alte Zugschienen zu reisen. Die Fahrt beginnt an der Haltestelle in Gullsp\u00e5ng. Sie k\u00f6nnen zwischen zwei Routen ausw\u00e4hlen: Gullsp\u00e5ng-Torved-Gullsp\u00e5ng (40 km) oder Gullsp\u00e5ng-Degerfors-Gullsp\u00e5ng (80 km). Sie d\u00fcrfen so &hellip; Weiterlesen &rarr;","og_url":"https:\/\/otterbergetscamping.se\/de\/utflykter\/aktivitet\/","og_site_name":"Otterbergets Bad och Camping","article_modified_time":"2024-11-21T18:10:17+00:00","og_image":[{"width":310,"height":232,"url":"https:\/\/otterbergetscamping.se\/wp-content\/uploads\/2015\/04\/right_content_image_top_sportieveactiviteiten-e1430340616598.jpg","type":"image\/jpeg"}],"twitter_card":"summary_large_image","twitter_misc":{"Gesch\u00e4tzte Lesezeit":"3\u00a0Minuten"},"schema":{"@context":"https:\/\/schema.org","@graph":[{"@type":"WebPage","@id":"https:\/\/otterbergetscamping.se\/de\/utflykter\/aktivitet\/","url":"https:\/\/otterbergetscamping.se\/de\/utflykter\/aktivitet\/","name":"Sportliche Aktivit\u00e4ten - Otterbergets Bad och Camping","isPartOf":{"@id":"https:\/\/otterbergetscamping.se\/de\/#website"},"primaryImageOfPage":{"@id":"https:\/\/otterbergetscamping.se\/de\/utflykter\/aktivitet\/#primaryimage"},"image":{"@id":"https:\/\/otterbergetscamping.se\/utflykter\/aktivitet\/#primaryimage"},"thumbnailUrl":"https:\/\/otterbergetscamping.se\/wp-content\/uploads\/2015\/04\/right_content_image_top_sportieveactiviteiten-e1430340616598.jpg","datePublished":"2015-04-24T16:57:03+00:00","dateModified":"2024-11-21T18:10:17+00:00","breadcrumb":{"@id":"https:\/\/otterbergetscamping.se\/de\/utflykter\/aktivitet\/#breadcrumb"},"inLanguage":"de","potentialAction":[{"@type":"ReadAction","target":[["https:\/\/otterbergetscamping.se\/de\/utflykter\/aktivitet\/"]]}]},{"@type":"ImageObject","inLanguage":"de","@id":"https:\/\/otterbergetscamping.se\/de\/utflykter\/aktivitet\/#primaryimage","url":"https:\/\/otterbergetscamping.se\/wp-content\/uploads\/2015\/04\/right_content_image_top_sportieveactiviteiten-e1430340616598.jpg","contentUrl":"https:\/\/otterbergetscamping.se\/wp-content\/uploads\/2015\/04\/right_content_image_top_sportieveactiviteiten-e1430340616598.jpg","width":310,"height":232},{"@type":"BreadcrumbList","@id":"https:\/\/otterbergetscamping.se\/de\/utflykter\/aktivitet\/#breadcrumb","itemListElement":[{"@type":"ListItem","position":1,"name":"Home","item":"https:\/\/otterbergetscamping.se\/de\/"},{"@type":"ListItem","position":2,"name":"Er op uit","item":"https:\/\/otterbergetscamping.se\/de\/utflykter\/"},{"@type":"ListItem","position":3,"name":"Aktivitet"}]},{"@type":"WebSite","@id":"https:\/\/otterbergetscamping.se\/de\/#website","url":"https:\/\/otterbergetscamping.se\/de\/","name":"Otterbergets Bad och Camping","description":"","potentialAction":[{"@type":"SearchAction","target":{"@type":"EntryPoint","urlTemplate":"https:\/\/otterbergetscamping.se\/de\/?s={search_term_string}"},"query-input":{"@type":"PropertyValueSpecification","valueRequired":true,"valueName":"search_term_string"}}],"inLanguage":"de"}]}},"_links":{"self":[{"href":"https:\/\/otterbergetscamping.se\/de\/wp-json\/wp\/v2\/pages\/96","targetHints":{"allow":["GET"]}}],"collection":[{"href":"https:\/\/otterbergetscamping.se\/de\/wp-json\/wp\/v2\/pages"}],"about":[{"href":"https:\/\/otterbergetscamping.se\/de\/wp-json\/wp\/v2\/types\/page"}],"author":[{"embeddable":true,"href":"https:\/\/otterbergetscamping.se\/de\/wp-json\/wp\/v2\/users\/1"}],"replies":[{"embeddable":true,"href":"https:\/\/otterbergetscamping.se\/de\/wp-json\/wp\/v2\/comments?post=96"}],"version-history":[{"count":4,"href":"https:\/\/otterbergetscamping.se\/de\/wp-json\/wp\/v2\/pages\/96\/revisions"}],"predecessor-version":[{"id":1592,"href":"https:\/\/otterbergetscamping.se\/de\/wp-json\/wp\/v2\/pages\/96\/revisions\/1592"}],"up":[{"embeddable":true,"href":"https:\/\/otterbergetscamping.se\/de\/wp-json\/wp\/v2\/pages\/89"}],"wp:featuredmedia":[{"embeddable":true,"href":"https:\/\/otterbergetscamping.se\/de\/wp-json\/wp\/v2\/media\/238"}],"wp:attachment":[{"href":"https:\/\/otterbergetscamping.se\/de\/wp-json\/wp\/v2\/media?parent=96"}],"curies":[{"name":"wp","href":"https:\/\/api.w.org\/{rel}","templated":true}]}}