{"id":93,"date":"2015-04-24T16:53:44","date_gmt":"2015-04-24T16:53:44","guid":{"rendered":"http:\/\/otterbergetscamping.se\/?page_id=93"},"modified":"2019-01-02T19:58:30","modified_gmt":"2019-01-02T19:58:30","slug":"kultur","status":"publish","type":"page","link":"https:\/\/otterbergetscamping.se\/de\/utflykter\/kultur\/","title":{"rendered":"Kultur"},"content":{"rendered":"<p>Der Provinz V\u00e4sterg\u00f6tland ist schon seit hunderten von Jahren relativ dicht besiedelt. Die pr\u00e4historischen Siedler konnten ohne gro\u00dfe Anstrengung das fruchtbare Marschland mit ihren Steinwerkzeugen kultivieren. Ihre Anwesenheit und Kultur wird durch zahlreiche Funde aus der Stein-, Bronze- und Eisenzeit belegt. So werden Sie etwas n\u00f6rdlich von Sk\u00f6vde bei Tidan das <strong>Askeberga Vikingergrab<\/strong>, das die Form eines Schiffes hat, finden. Es besteht aus 24 m\u00e4chtigen Findlinge und geh\u00f6rt damit zu den gr\u00f6\u00dften Gr\u00e4bern Schwedens aus dieser Zeit.<\/p>\n<p>Dank der zentralen Lage des Campingplatzes sind sowohl Besuche von Stockhom als auch von G\u00f6teborg gut m\u00f6glich. Von Hallsberg aus sind Sie mit dem Hochgeschwindigkeitszug \u2013 ein Erlebnis an sich \u2013 in anderthalb Stunden in <strong>Stockholm<\/strong>. Die Hauptstadt Schwedens ist auf vierzehn Inseln gebaut, die durch Br\u00fccken miteinander verbunden sind. Es lohnt sich sehr, das alte gem\u00fctliche Zentrum Gamla Stan mit seinem winzigen Gassen und H\u00e4user aus dem 17. Jahrhundert, zu besuchen.<\/p>\n<p><img loading=\"lazy\" decoding=\"async\" class=\"alignleft size-full wp-image-352\" src=\"https:\/\/otterbergetscamping.se\/wp-content\/uploads\/2015\/04\/cultuur1.jpg\" alt=\"cultuur1\" width=\"200\" height=\"150\" \/>Vom Bahnhof in T\u00f6reboda k\u00f6nnen Sie mit dem Intercity innerhalb van zwei Stunden <strong>G\u00f6teborg <\/strong>erreichen. Die Stadt ist ziemlich kompakt und l\u00e4sst sich deshalb einfach zu Fu\u00df erkunden. Ein Besuch der gem\u00fctlichen Altstadt ist allerdings auch zu Wasser mit einer Bootrundfahrt m\u00f6glich. Besondere Sehensw\u00fcrdigkeiten sind unter anderem der G\u00f6taplatsen und die Domkirche.<br \/>\n<strong><br \/>\n<img loading=\"lazy\" decoding=\"async\" class=\"alignright size-full wp-image-353\" src=\"https:\/\/otterbergetscamping.se\/wp-content\/uploads\/2015\/04\/cultuur2.jpg\" alt=\"cultuur2\" width=\"200\" height=\"150\" \/>Hjo<\/strong> ist ein popul\u00e4rer Touristenort, der sich an der Westseite des V\u00e4ttersees befindet. Entlang des Sees zieht sich eine Parkpromenade an deren Ende sich Geb\u00e4ude mit wundersch\u00f6nen Aquarien befinden. Hjo ist ber\u00fchmt durch seine Porzellanfabriken, die Sie ebenfalls besuchen k\u00f6nnen. Am Hafen gibt es gutes Essen mit ger\u00e4ucherter Fisch.<\/p>\n<p>Eine andere historische Stadt, die sich sehr f\u00fcr ein Besuch anbietet, ist <strong>\u00d6rebro<\/strong>. Das Schloss aus dem 12. Jahrhundert im Zentrum der Stadt ist eine sehr zu empfehlende Sehensw\u00fcrdigkeit. Im Stadtpark befindet sich das Wadk\u00f6pingreservat. Hier werden Sie die f\u00fcr die Umgebung typischen H\u00e4user aus den 17. und 18. Jahrhundert vorfinden, so wie auch Handwerkst\u00e4tten, kleine L\u00e4den und ein Schulmuseum.<\/p>\n<p><img loading=\"lazy\" decoding=\"async\" class=\"alignleft size-full wp-image-354\" src=\"https:\/\/otterbergetscamping.se\/wp-content\/uploads\/2015\/04\/cultuur3.jpg\" alt=\"cultuur3\" width=\"200\" height=\"150\" \/>Der <strong>Kirchplatz von S\u00f6dra Rada<\/strong> hat ihre eigene Geschichte. Die alte Holzkirche aus dem 13. Jahrhundert war ein einzigartig kostbares kulturelles Erbe Schwedens. Am. 12. november 2001 wurde die Kirche durch ein Feuer vollst\u00e4ndig zerst\u00f6rt. Dabei sind auch alle Wandmalereien, die der Kirche in Europa ihren besonderen Wert verliehen hatten, vernichtet worden. Mit dem <a class=\"normal_text\" title=\"website sodrarada\" href=\"http:\/\/www.sodrarada.se\/Grundfiler\/mainframeindex_GER.htm\" target=\"_blank\" rel=\"noopener\">S\u00f6dra Rada Projektes<\/a>, das 2002 begonnen wurde, wird versucht mit der Handwerkskunst und den Ger\u00e4ten von damals die Kirche wieder in ihrer alten Gestalt aufzubauen. W\u00e4hrend der Monate Juni, Juli und August werden F\u00fchrungen, Pr\u00e4sentationen und andere Aktivit\u00e4ten organisiert.<\/p>\n<p><strong>L\u00e4ck\u00f6 Slott<\/strong> ist ein eindrucksvolles Schloss am \u00e4u\u00dfersten Ende der Halbinsel <strong>K\u00e5llands\u00f6<\/strong>. Das Schloss z\u00e4hlt nicht weniger als 248 S\u00e4le und Gem\u00e4cher, womit es, auch wegen der au\u00dfergew\u00f6hnlichen Lage, zu den sch\u00f6nsten Bauten Schwedens gerechnet werden kann. Zu dem Schloss geh\u00f6rt auch ein wundersch\u00f6ner Kr\u00e4utergarten. Weitere Informationen finden Sie unter: <a class=\"normal_text\" title=\"website lackoslott\" href=\"http:\/\/www.lackoslott.se\/default_ger.asp\" target=\"_blank\" rel=\"noopener\">www.lackoslott.se<\/a>.<\/p>","protected":false},"excerpt":{"rendered":"<p>Der Provinz V\u00e4sterg\u00f6tland ist schon seit hunderten von Jahren relativ dicht besiedelt. Die pr\u00e4historischen Siedler konnten ohne gro\u00dfe Anstrengung das fruchtbare Marschland mit ihren Steinwerkzeugen kultivieren. Ihre Anwesenheit und Kultur wird durch zahlreiche Funde aus der Stein-, Bronze- und Eisenzeit &hellip; <a class=\"more-link\" href=\"https:\/\/otterbergetscamping.se\/de\/utflykter\/kultur\/\">Weiterlesen <span class=\"meta-nav\">&rarr;<\/span><\/a><\/p>\n","protected":false},"author":1,"featured_media":237,"parent":89,"menu_order":2,"comment_status":"closed","ping_status":"open","template":"","meta":{"_monsterinsights_skip_tracking":false,"_monsterinsights_sitenote_active":false,"_monsterinsights_sitenote_note":"","_monsterinsights_sitenote_category":0,"footnotes":""},"class_list":["post-93","page","type-page","status-publish","has-post-thumbnail","hentry"],"yoast_head":"<!-- This site is optimized with the Yoast SEO plugin v27.3 - https:\/\/yoast.com\/product\/yoast-seo-wordpress\/ -->\n<title>Kultur - Otterbergets Bad och Camping<\/title>\n<meta name=\"robots\" content=\"index, follow, max-snippet:-1, max-image-preview:large, max-video-preview:-1\" \/>\n<link rel=\"canonical\" href=\"https:\/\/otterbergetscamping.se\/de\/utflykter\/kultur\/\" \/>\n<meta property=\"og:locale\" content=\"de_DE\" \/>\n<meta property=\"og:type\" content=\"article\" \/>\n<meta property=\"og:title\" content=\"Kultur - Otterbergets Bad och Camping\" \/>\n<meta property=\"og:description\" content=\"Der Provinz V\u00e4sterg\u00f6tland ist schon seit hunderten von Jahren relativ dicht besiedelt. Die pr\u00e4historischen Siedler konnten ohne gro\u00dfe Anstrengung das fruchtbare Marschland mit ihren Steinwerkzeugen kultivieren. Ihre Anwesenheit und Kultur wird durch zahlreiche Funde aus der Stein-, Bronze- und Eisenzeit &hellip; Weiterlesen &rarr;\" \/>\n<meta property=\"og:url\" content=\"https:\/\/otterbergetscamping.se\/de\/utflykter\/kultur\/\" \/>\n<meta property=\"og:site_name\" content=\"Otterbergets Bad och Camping\" \/>\n<meta property=\"article:modified_time\" content=\"2019-01-02T19:58:30+00:00\" \/>\n<meta property=\"og:image\" content=\"https:\/\/otterbergetscamping.se\/wp-content\/uploads\/2015\/04\/right_content_image_top_cultuur-e1430340563702.jpg\" \/>\n\t<meta property=\"og:image:width\" content=\"310\" \/>\n\t<meta property=\"og:image:height\" content=\"232\" \/>\n\t<meta property=\"og:image:type\" content=\"image\/jpeg\" \/>\n<meta name=\"twitter:card\" content=\"summary_large_image\" \/>\n<meta name=\"twitter:label1\" content=\"Gesch\u00e4tzte Lesezeit\" \/>\n\t<meta name=\"twitter:data1\" content=\"8\u00a0Minuten\" \/>\n<script type=\"application\/ld+json\" class=\"yoast-schema-graph\">{\"@context\":\"https:\\\/\\\/schema.org\",\"@graph\":[{\"@type\":\"WebPage\",\"@id\":\"https:\\\/\\\/otterbergetscamping.se\\\/de\\\/utflykter\\\/kultur\\\/\",\"url\":\"https:\\\/\\\/otterbergetscamping.se\\\/de\\\/utflykter\\\/kultur\\\/\",\"name\":\"Kultur - Otterbergets Bad och Camping\",\"isPartOf\":{\"@id\":\"https:\\\/\\\/otterbergetscamping.se\\\/de\\\/#website\"},\"primaryImageOfPage\":{\"@id\":\"https:\\\/\\\/otterbergetscamping.se\\\/de\\\/utflykter\\\/kultur\\\/#primaryimage\"},\"image\":{\"@id\":\"https:\\\/\\\/otterbergetscamping.se\\\/utflykter\\\/kultur\\\/#primaryimage\"},\"thumbnailUrl\":\"https:\\\/\\\/otterbergetscamping.se\\\/wp-content\\\/uploads\\\/2015\\\/04\\\/right_content_image_top_cultuur-e1430340563702.jpg\",\"datePublished\":\"2015-04-24T16:53:44+00:00\",\"dateModified\":\"2019-01-02T19:58:30+00:00\",\"breadcrumb\":{\"@id\":\"https:\\\/\\\/otterbergetscamping.se\\\/de\\\/utflykter\\\/kultur\\\/#breadcrumb\"},\"inLanguage\":\"de\",\"potentialAction\":[{\"@type\":\"ReadAction\",\"target\":[[\"https:\\\/\\\/otterbergetscamping.se\\\/de\\\/utflykter\\\/kultur\\\/\"]]}]},{\"@type\":\"ImageObject\",\"inLanguage\":\"de\",\"@id\":\"https:\\\/\\\/otterbergetscamping.se\\\/de\\\/utflykter\\\/kultur\\\/#primaryimage\",\"url\":\"https:\\\/\\\/otterbergetscamping.se\\\/wp-content\\\/uploads\\\/2015\\\/04\\\/right_content_image_top_cultuur-e1430340563702.jpg\",\"contentUrl\":\"https:\\\/\\\/otterbergetscamping.se\\\/wp-content\\\/uploads\\\/2015\\\/04\\\/right_content_image_top_cultuur-e1430340563702.jpg\",\"width\":310,\"height\":232},{\"@type\":\"BreadcrumbList\",\"@id\":\"https:\\\/\\\/otterbergetscamping.se\\\/de\\\/utflykter\\\/kultur\\\/#breadcrumb\",\"itemListElement\":[{\"@type\":\"ListItem\",\"position\":1,\"name\":\"Home\",\"item\":\"https:\\\/\\\/otterbergetscamping.se\\\/de\\\/\"},{\"@type\":\"ListItem\",\"position\":2,\"name\":\"Er op uit\",\"item\":\"https:\\\/\\\/otterbergetscamping.se\\\/de\\\/utflykter\\\/\"},{\"@type\":\"ListItem\",\"position\":3,\"name\":\"Kultur\"}]},{\"@type\":\"WebSite\",\"@id\":\"https:\\\/\\\/otterbergetscamping.se\\\/de\\\/#website\",\"url\":\"https:\\\/\\\/otterbergetscamping.se\\\/de\\\/\",\"name\":\"Otterbergets Bad och Camping\",\"description\":\"\",\"potentialAction\":[{\"@type\":\"SearchAction\",\"target\":{\"@type\":\"EntryPoint\",\"urlTemplate\":\"https:\\\/\\\/otterbergetscamping.se\\\/de\\\/?s={search_term_string}\"},\"query-input\":{\"@type\":\"PropertyValueSpecification\",\"valueRequired\":true,\"valueName\":\"search_term_string\"}}],\"inLanguage\":\"de\"}]}<\/script>\n<!-- \/ Yoast SEO plugin. -->","yoast_head_json":{"title":"Kultur - Otterbergets Bad och Camping","robots":{"index":"index","follow":"follow","max-snippet":"max-snippet:-1","max-image-preview":"max-image-preview:large","max-video-preview":"max-video-preview:-1"},"canonical":"https:\/\/otterbergetscamping.se\/de\/utflykter\/kultur\/","og_locale":"de_DE","og_type":"article","og_title":"Kultur - Otterbergets Bad och Camping","og_description":"Der Provinz V\u00e4sterg\u00f6tland ist schon seit hunderten von Jahren relativ dicht besiedelt. Die pr\u00e4historischen Siedler konnten ohne gro\u00dfe Anstrengung das fruchtbare Marschland mit ihren Steinwerkzeugen kultivieren. Ihre Anwesenheit und Kultur wird durch zahlreiche Funde aus der Stein-, Bronze- und Eisenzeit &hellip; Weiterlesen &rarr;","og_url":"https:\/\/otterbergetscamping.se\/de\/utflykter\/kultur\/","og_site_name":"Otterbergets Bad och Camping","article_modified_time":"2019-01-02T19:58:30+00:00","og_image":[{"width":310,"height":232,"url":"https:\/\/otterbergetscamping.se\/wp-content\/uploads\/2015\/04\/right_content_image_top_cultuur-e1430340563702.jpg","type":"image\/jpeg"}],"twitter_card":"summary_large_image","twitter_misc":{"Gesch\u00e4tzte Lesezeit":"8\u00a0Minuten"},"schema":{"@context":"https:\/\/schema.org","@graph":[{"@type":"WebPage","@id":"https:\/\/otterbergetscamping.se\/de\/utflykter\/kultur\/","url":"https:\/\/otterbergetscamping.se\/de\/utflykter\/kultur\/","name":"Kultur - Otterbergets Bad och Camping","isPartOf":{"@id":"https:\/\/otterbergetscamping.se\/de\/#website"},"primaryImageOfPage":{"@id":"https:\/\/otterbergetscamping.se\/de\/utflykter\/kultur\/#primaryimage"},"image":{"@id":"https:\/\/otterbergetscamping.se\/utflykter\/kultur\/#primaryimage"},"thumbnailUrl":"https:\/\/otterbergetscamping.se\/wp-content\/uploads\/2015\/04\/right_content_image_top_cultuur-e1430340563702.jpg","datePublished":"2015-04-24T16:53:44+00:00","dateModified":"2019-01-02T19:58:30+00:00","breadcrumb":{"@id":"https:\/\/otterbergetscamping.se\/de\/utflykter\/kultur\/#breadcrumb"},"inLanguage":"de","potentialAction":[{"@type":"ReadAction","target":[["https:\/\/otterbergetscamping.se\/de\/utflykter\/kultur\/"]]}]},{"@type":"ImageObject","inLanguage":"de","@id":"https:\/\/otterbergetscamping.se\/de\/utflykter\/kultur\/#primaryimage","url":"https:\/\/otterbergetscamping.se\/wp-content\/uploads\/2015\/04\/right_content_image_top_cultuur-e1430340563702.jpg","contentUrl":"https:\/\/otterbergetscamping.se\/wp-content\/uploads\/2015\/04\/right_content_image_top_cultuur-e1430340563702.jpg","width":310,"height":232},{"@type":"BreadcrumbList","@id":"https:\/\/otterbergetscamping.se\/de\/utflykter\/kultur\/#breadcrumb","itemListElement":[{"@type":"ListItem","position":1,"name":"Home","item":"https:\/\/otterbergetscamping.se\/de\/"},{"@type":"ListItem","position":2,"name":"Er op uit","item":"https:\/\/otterbergetscamping.se\/de\/utflykter\/"},{"@type":"ListItem","position":3,"name":"Kultur"}]},{"@type":"WebSite","@id":"https:\/\/otterbergetscamping.se\/de\/#website","url":"https:\/\/otterbergetscamping.se\/de\/","name":"Otterbergets Bad och Camping","description":"","potentialAction":[{"@type":"SearchAction","target":{"@type":"EntryPoint","urlTemplate":"https:\/\/otterbergetscamping.se\/de\/?s={search_term_string}"},"query-input":{"@type":"PropertyValueSpecification","valueRequired":true,"valueName":"search_term_string"}}],"inLanguage":"de"}]}},"_links":{"self":[{"href":"https:\/\/otterbergetscamping.se\/de\/wp-json\/wp\/v2\/pages\/93","targetHints":{"allow":["GET"]}}],"collection":[{"href":"https:\/\/otterbergetscamping.se\/de\/wp-json\/wp\/v2\/pages"}],"about":[{"href":"https:\/\/otterbergetscamping.se\/de\/wp-json\/wp\/v2\/types\/page"}],"author":[{"embeddable":true,"href":"https:\/\/otterbergetscamping.se\/de\/wp-json\/wp\/v2\/users\/1"}],"replies":[{"embeddable":true,"href":"https:\/\/otterbergetscamping.se\/de\/wp-json\/wp\/v2\/comments?post=93"}],"version-history":[{"count":0,"href":"https:\/\/otterbergetscamping.se\/de\/wp-json\/wp\/v2\/pages\/93\/revisions"}],"up":[{"embeddable":true,"href":"https:\/\/otterbergetscamping.se\/de\/wp-json\/wp\/v2\/pages\/89"}],"wp:featuredmedia":[{"embeddable":true,"href":"https:\/\/otterbergetscamping.se\/de\/wp-json\/wp\/v2\/media\/237"}],"wp:attachment":[{"href":"https:\/\/otterbergetscamping.se\/de\/wp-json\/wp\/v2\/media?parent=93"}],"curies":[{"name":"wp","href":"https:\/\/api.w.org\/{rel}","templated":true}]}}