{"id":85,"date":"2015-04-24T15:11:26","date_gmt":"2015-04-24T15:11:26","guid":{"rendered":"http:\/\/otterbergetscamping.se\/?page_id=85"},"modified":"2018-04-01T15:26:42","modified_gmt":"2018-04-01T15:26:42","slug":"i-trakten","status":"publish","type":"page","link":"https:\/\/otterbergetscamping.se\/de\/evenemang\/i-trakten\/","title":{"rendered":"In der Gegend"},"content":{"rendered":"<p>In der unmittelbaren Gegend des Otterbergets Bad &amp; Camping Gelandes werden w\u00e4hrend der Sommersaison mehreren Veranstaltungen organisiert. Auf den <a class=\"normal_text\" href=\"https:\/\/otterbergetscamping.se\/evenemang\/kalender\/\">Veranstaltungskalender<\/a> werden Sie alle Daten und Veranstaltungen auf dem Zeltplatz und deren Umkreis vorfinden.<\/p>\n<p><a href=\"https:\/\/otterbergetscamping.se\/wp-content\/uploads\/2015\/04\/indeomgeving1.jpg\"><img loading=\"lazy\" decoding=\"async\" class=\"wp-image-493 size-full alignleft\" src=\"https:\/\/otterbergetscamping.se\/wp-content\/uploads\/2015\/04\/indeomgeving1.jpg\" alt=\"\" width=\"200\" height=\"150\" \/><\/a><strong>Schallplattenb\u00f6rse in Hova<\/strong><br \/>\nDer Schallplattenb\u00f6rse in Hova ist ein jedes Jahr widerkehrendes und beliebtes Ereignis. Der Schallplattenb\u00f6rse in Hova ist der alteste und gr\u00f6\u00dfte in Schweden. Es ist ein Sammelmarkt f\u00fcr Musik und ein Treffpunkt von Liebhaber von Musik aus vielen L\u00e4nder. Sowohl Privatpersonen als auch Firmen bieten ihre Vinylschallplatten, CD\u2019s, DVD\u2019s, T-Shirts und anderen Ware die mit Musik zu tun haben, an. Das Angebot stellt sich hauptsachlich aus Gebrauchtwaren zusammen. Der Sonntag ist traditionsgem\u00e4\u00df den 78-touren Schallplatte gewidmet.<\/p>\n<p><strong>Ritterwoche in Hova<\/strong><br \/>\nJedes Jahr wird Anfang Juni der Ged\u00e4chtnisstag des historischen Schlachtes bei Hova gefeiert. Dieses Ritterevent geh\u00f6rt zu den gr\u00f6\u00dften Skandinaviens. Auf dem Schlachtfeld bei Hova trafen sich am 14. Juni 1275 die Ritters des Waldemar Birgersson (K\u00f6nig von Schweden 1250-1275) und der D\u00e4nische Kavalerie, der von dem Schwedischen Br\u00fcder Magnus und Erik angef\u00fchrt wurde. Der Schlacht hatte den Flucht des Waldemar nach Norwegen zur Folge, nach dem Magnus sich als Magnus III,<br \/>\nK\u00f6nig von Schweden, kr\u00f6nen liess.<\/p>\n<p><img loading=\"lazy\" decoding=\"async\" class=\"wp-image-492 size-full alignleft\" src=\"https:\/\/otterbergetscamping.se\/wp-content\/uploads\/2015\/04\/indeomgeving.jpg\" alt=\"\" width=\"200\" height=\"150\" \/>Der Ritterwoche hat eine farbenreiche Kampf zwischen Ritter in nachgeah<br \/>\nmten R\u00fcstungen, enszenierten Schwertk\u00e4mpfe und Turniere zu bieten. Weiterhin mischen sich Narren und Jongleure unter das Publikum und sorgen f\u00fcr leichtf\u00fc\u00dfiges Vergn\u00fcgen. Sie werden vorort auch einen mittelalterlichen Markt mit aus dieser Zeit stammenden traditionelles Handwerk, Essen und Trinken vorfinden. Weitere Informationen finden Sie unter <a class=\"normal_text\" href=\"http:\/\/www.riddarveckan.com\/\" target=\"_blank\">www.riddarveckan.com<\/a>.<\/p>\n<p><strong>Markt in Finner\u00f6dja und Hova<\/strong><br \/>\nW\u00e4hrend des Sommers gibt es, unter anderem in Finner\u00f6dja und Hova, mehreren \u00f6rtlichen M\u00e4rkte. Es handelt sich hier um gem\u00fctlichen Marktst\u00e4tten, wo sowohl neue als auch Gebrauchtwaren zum Verkauf angeboten werden. Die Markttagen werden mit Musik Glanz verliehen und es werden Erfrischungen und S\u00fc\u00dfigkeiten angeboten.<\/p>","protected":false},"excerpt":{"rendered":"<p>In der unmittelbaren Gegend des Otterbergets Bad &amp; Camping Gelandes werden w\u00e4hrend der Sommersaison mehreren Veranstaltungen organisiert. Auf den Veranstaltungskalender werden Sie alle Daten und Veranstaltungen auf dem Zeltplatz und deren Umkreis vorfinden. Schallplattenb\u00f6rse in Hova Der Schallplattenb\u00f6rse in Hova &hellip; <a class=\"more-link\" href=\"https:\/\/otterbergetscamping.se\/de\/evenemang\/i-trakten\/\">Weiterlesen <span class=\"meta-nav\">&rarr;<\/span><\/a><\/p>\n","protected":false},"author":1,"featured_media":233,"parent":79,"menu_order":2,"comment_status":"closed","ping_status":"open","template":"","meta":{"_monsterinsights_skip_tracking":false,"_monsterinsights_sitenote_active":false,"_monsterinsights_sitenote_note":"","_monsterinsights_sitenote_category":0,"footnotes":""},"class_list":["post-85","page","type-page","status-publish","has-post-thumbnail","hentry"],"yoast_head":"<!-- This site is optimized with the Yoast SEO plugin v27.3 - https:\/\/yoast.com\/product\/yoast-seo-wordpress\/ -->\n<title>In der Gegend - Otterbergets Bad och Camping<\/title>\n<meta name=\"robots\" content=\"index, follow, max-snippet:-1, max-image-preview:large, max-video-preview:-1\" \/>\n<link rel=\"canonical\" href=\"https:\/\/otterbergetscamping.se\/de\/evenemang\/i-trakten\/\" \/>\n<meta property=\"og:locale\" content=\"de_DE\" \/>\n<meta property=\"og:type\" content=\"article\" \/>\n<meta property=\"og:title\" content=\"In der Gegend - Otterbergets Bad och Camping\" \/>\n<meta property=\"og:description\" content=\"In der unmittelbaren Gegend des Otterbergets Bad &amp; Camping Gelandes werden w\u00e4hrend der Sommersaison mehreren Veranstaltungen organisiert. Auf den Veranstaltungskalender werden Sie alle Daten und Veranstaltungen auf dem Zeltplatz und deren Umkreis vorfinden. Schallplattenb\u00f6rse in Hova Der Schallplattenb\u00f6rse in Hova &hellip; Weiterlesen &rarr;\" \/>\n<meta property=\"og:url\" content=\"https:\/\/otterbergetscamping.se\/de\/evenemang\/i-trakten\/\" \/>\n<meta property=\"og:site_name\" content=\"Otterbergets Bad och Camping\" \/>\n<meta property=\"article:modified_time\" content=\"2018-04-01T15:26:42+00:00\" \/>\n<meta property=\"og:image\" content=\"https:\/\/otterbergetscamping.se\/wp-content\/uploads\/2015\/04\/right_content_image_top_indeomgeving-e1430340423219.jpg\" \/>\n\t<meta property=\"og:image:width\" content=\"310\" \/>\n\t<meta property=\"og:image:height\" content=\"232\" \/>\n\t<meta property=\"og:image:type\" content=\"image\/jpeg\" \/>\n<meta name=\"twitter:card\" content=\"summary_large_image\" \/>\n<meta name=\"twitter:label1\" content=\"Gesch\u00e4tzte Lesezeit\" \/>\n\t<meta name=\"twitter:data1\" content=\"6\u00a0Minuten\" \/>\n<script type=\"application\/ld+json\" class=\"yoast-schema-graph\">{\"@context\":\"https:\\\/\\\/schema.org\",\"@graph\":[{\"@type\":\"WebPage\",\"@id\":\"https:\\\/\\\/otterbergetscamping.se\\\/de\\\/evenemang\\\/i-trakten\\\/\",\"url\":\"https:\\\/\\\/otterbergetscamping.se\\\/de\\\/evenemang\\\/i-trakten\\\/\",\"name\":\"In der Gegend - Otterbergets Bad och Camping\",\"isPartOf\":{\"@id\":\"https:\\\/\\\/otterbergetscamping.se\\\/de\\\/#website\"},\"primaryImageOfPage\":{\"@id\":\"https:\\\/\\\/otterbergetscamping.se\\\/de\\\/evenemang\\\/i-trakten\\\/#primaryimage\"},\"image\":{\"@id\":\"https:\\\/\\\/otterbergetscamping.se\\\/evenemang\\\/i-trakten\\\/#primaryimage\"},\"thumbnailUrl\":\"https:\\\/\\\/otterbergetscamping.se\\\/wp-content\\\/uploads\\\/2015\\\/04\\\/right_content_image_top_indeomgeving-e1430340423219.jpg\",\"datePublished\":\"2015-04-24T15:11:26+00:00\",\"dateModified\":\"2018-04-01T15:26:42+00:00\",\"breadcrumb\":{\"@id\":\"https:\\\/\\\/otterbergetscamping.se\\\/de\\\/evenemang\\\/i-trakten\\\/#breadcrumb\"},\"inLanguage\":\"de\",\"potentialAction\":[{\"@type\":\"ReadAction\",\"target\":[[\"https:\\\/\\\/otterbergetscamping.se\\\/de\\\/evenemang\\\/i-trakten\\\/\"]]}]},{\"@type\":\"ImageObject\",\"inLanguage\":\"de\",\"@id\":\"https:\\\/\\\/otterbergetscamping.se\\\/de\\\/evenemang\\\/i-trakten\\\/#primaryimage\",\"url\":\"https:\\\/\\\/otterbergetscamping.se\\\/wp-content\\\/uploads\\\/2015\\\/04\\\/right_content_image_top_indeomgeving-e1430340423219.jpg\",\"contentUrl\":\"https:\\\/\\\/otterbergetscamping.se\\\/wp-content\\\/uploads\\\/2015\\\/04\\\/right_content_image_top_indeomgeving-e1430340423219.jpg\",\"width\":310,\"height\":232},{\"@type\":\"BreadcrumbList\",\"@id\":\"https:\\\/\\\/otterbergetscamping.se\\\/de\\\/evenemang\\\/i-trakten\\\/#breadcrumb\",\"itemListElement\":[{\"@type\":\"ListItem\",\"position\":1,\"name\":\"Home\",\"item\":\"https:\\\/\\\/otterbergetscamping.se\\\/de\\\/\"},{\"@type\":\"ListItem\",\"position\":2,\"name\":\"Evenementen\",\"item\":\"https:\\\/\\\/otterbergetscamping.se\\\/de\\\/evenemang\\\/\"},{\"@type\":\"ListItem\",\"position\":3,\"name\":\"I trakten\"}]},{\"@type\":\"WebSite\",\"@id\":\"https:\\\/\\\/otterbergetscamping.se\\\/de\\\/#website\",\"url\":\"https:\\\/\\\/otterbergetscamping.se\\\/de\\\/\",\"name\":\"Otterbergets Bad och Camping\",\"description\":\"\",\"potentialAction\":[{\"@type\":\"SearchAction\",\"target\":{\"@type\":\"EntryPoint\",\"urlTemplate\":\"https:\\\/\\\/otterbergetscamping.se\\\/de\\\/?s={search_term_string}\"},\"query-input\":{\"@type\":\"PropertyValueSpecification\",\"valueRequired\":true,\"valueName\":\"search_term_string\"}}],\"inLanguage\":\"de\"}]}<\/script>\n<!-- \/ Yoast SEO plugin. -->","yoast_head_json":{"title":"In der Gegend - Otterbergets Bad och Camping","robots":{"index":"index","follow":"follow","max-snippet":"max-snippet:-1","max-image-preview":"max-image-preview:large","max-video-preview":"max-video-preview:-1"},"canonical":"https:\/\/otterbergetscamping.se\/de\/evenemang\/i-trakten\/","og_locale":"de_DE","og_type":"article","og_title":"In der Gegend - Otterbergets Bad och Camping","og_description":"In der unmittelbaren Gegend des Otterbergets Bad &amp; Camping Gelandes werden w\u00e4hrend der Sommersaison mehreren Veranstaltungen organisiert. Auf den Veranstaltungskalender werden Sie alle Daten und Veranstaltungen auf dem Zeltplatz und deren Umkreis vorfinden. Schallplattenb\u00f6rse in Hova Der Schallplattenb\u00f6rse in Hova &hellip; Weiterlesen &rarr;","og_url":"https:\/\/otterbergetscamping.se\/de\/evenemang\/i-trakten\/","og_site_name":"Otterbergets Bad och Camping","article_modified_time":"2018-04-01T15:26:42+00:00","og_image":[{"width":310,"height":232,"url":"https:\/\/otterbergetscamping.se\/wp-content\/uploads\/2015\/04\/right_content_image_top_indeomgeving-e1430340423219.jpg","type":"image\/jpeg"}],"twitter_card":"summary_large_image","twitter_misc":{"Gesch\u00e4tzte Lesezeit":"6\u00a0Minuten"},"schema":{"@context":"https:\/\/schema.org","@graph":[{"@type":"WebPage","@id":"https:\/\/otterbergetscamping.se\/de\/evenemang\/i-trakten\/","url":"https:\/\/otterbergetscamping.se\/de\/evenemang\/i-trakten\/","name":"In der Gegend - Otterbergets Bad och Camping","isPartOf":{"@id":"https:\/\/otterbergetscamping.se\/de\/#website"},"primaryImageOfPage":{"@id":"https:\/\/otterbergetscamping.se\/de\/evenemang\/i-trakten\/#primaryimage"},"image":{"@id":"https:\/\/otterbergetscamping.se\/evenemang\/i-trakten\/#primaryimage"},"thumbnailUrl":"https:\/\/otterbergetscamping.se\/wp-content\/uploads\/2015\/04\/right_content_image_top_indeomgeving-e1430340423219.jpg","datePublished":"2015-04-24T15:11:26+00:00","dateModified":"2018-04-01T15:26:42+00:00","breadcrumb":{"@id":"https:\/\/otterbergetscamping.se\/de\/evenemang\/i-trakten\/#breadcrumb"},"inLanguage":"de","potentialAction":[{"@type":"ReadAction","target":[["https:\/\/otterbergetscamping.se\/de\/evenemang\/i-trakten\/"]]}]},{"@type":"ImageObject","inLanguage":"de","@id":"https:\/\/otterbergetscamping.se\/de\/evenemang\/i-trakten\/#primaryimage","url":"https:\/\/otterbergetscamping.se\/wp-content\/uploads\/2015\/04\/right_content_image_top_indeomgeving-e1430340423219.jpg","contentUrl":"https:\/\/otterbergetscamping.se\/wp-content\/uploads\/2015\/04\/right_content_image_top_indeomgeving-e1430340423219.jpg","width":310,"height":232},{"@type":"BreadcrumbList","@id":"https:\/\/otterbergetscamping.se\/de\/evenemang\/i-trakten\/#breadcrumb","itemListElement":[{"@type":"ListItem","position":1,"name":"Home","item":"https:\/\/otterbergetscamping.se\/de\/"},{"@type":"ListItem","position":2,"name":"Evenementen","item":"https:\/\/otterbergetscamping.se\/de\/evenemang\/"},{"@type":"ListItem","position":3,"name":"I trakten"}]},{"@type":"WebSite","@id":"https:\/\/otterbergetscamping.se\/de\/#website","url":"https:\/\/otterbergetscamping.se\/de\/","name":"Otterbergets Bad och Camping","description":"","potentialAction":[{"@type":"SearchAction","target":{"@type":"EntryPoint","urlTemplate":"https:\/\/otterbergetscamping.se\/de\/?s={search_term_string}"},"query-input":{"@type":"PropertyValueSpecification","valueRequired":true,"valueName":"search_term_string"}}],"inLanguage":"de"}]}},"_links":{"self":[{"href":"https:\/\/otterbergetscamping.se\/de\/wp-json\/wp\/v2\/pages\/85","targetHints":{"allow":["GET"]}}],"collection":[{"href":"https:\/\/otterbergetscamping.se\/de\/wp-json\/wp\/v2\/pages"}],"about":[{"href":"https:\/\/otterbergetscamping.se\/de\/wp-json\/wp\/v2\/types\/page"}],"author":[{"embeddable":true,"href":"https:\/\/otterbergetscamping.se\/de\/wp-json\/wp\/v2\/users\/1"}],"replies":[{"embeddable":true,"href":"https:\/\/otterbergetscamping.se\/de\/wp-json\/wp\/v2\/comments?post=85"}],"version-history":[{"count":0,"href":"https:\/\/otterbergetscamping.se\/de\/wp-json\/wp\/v2\/pages\/85\/revisions"}],"up":[{"embeddable":true,"href":"https:\/\/otterbergetscamping.se\/de\/wp-json\/wp\/v2\/pages\/79"}],"wp:featuredmedia":[{"embeddable":true,"href":"https:\/\/otterbergetscamping.se\/de\/wp-json\/wp\/v2\/media\/233"}],"wp:attachment":[{"href":"https:\/\/otterbergetscamping.se\/de\/wp-json\/wp\/v2\/media?parent=85"}],"curies":[{"name":"wp","href":"https:\/\/api.w.org\/{rel}","templated":true}]}}