{"id":83,"date":"2015-04-24T15:08:40","date_gmt":"2015-04-24T15:08:40","guid":{"rendered":"http:\/\/otterbergetscamping.se\/?page_id=83"},"modified":"2018-04-01T15:26:35","modified_gmt":"2018-04-01T15:26:35","slug":"pa-campingingen","status":"publish","type":"page","link":"https:\/\/otterbergetscamping.se\/de\/evenemang\/pa-campingingen\/","title":{"rendered":"Auf dem Zeltplatz"},"content":{"rendered":"<p>Wir halten es f\u00fcr au\u00dfergew\u00f6hnlich wichtig, den Schwedischen Traditionen, so wie diese im Laufe der letzten Jahren auf unserem Camping entstanden sind, aufrecht zu halten. Es bedeutet, dass wir die meisten von den bereits existierenden Veranstaltungen und Festivals einfach weiter f\u00fchren werden. Auf unserem <a class=\"normal_text\" href=\"https:\/\/otterbergetscamping.se\/evenemang\/kalender\/\">Veranstaltungskalender<\/a> sind mehreren Aktivit\u00e4ten, die auf dem Zeltplatz oder in der unmittelbaren Umgebung stattfinden werden, aufgelistet.<\/p>\n<p><a href=\"https:\/\/otterbergetscamping.se\/wp-content\/uploads\/2015\/04\/opde3.jpg\"><img loading=\"lazy\" decoding=\"async\" class=\"wp-image-486 size-full alignleft\" src=\"https:\/\/otterbergetscamping.se\/wp-content\/uploads\/2015\/04\/opde3.jpg\" alt=\"\" width=\"200\" height=\"150\" \/><\/a><strong>Angelwettbewerb<\/strong><span class=\"normal_text\"><br \/>\n<\/span>Jedes Jahr im August\u00a0organisiert ein \u00f6rtlicher Angelverein den zweit\u00e4gigen Angelwettbewerb \u2018G\u00f6sdraget\u2019. Die Angler treffen sich auf dem Campingplatz und bei der Bootsrampe.<\/p>\n<p><strong>Treffen f\u00fcr Schallplattensammler<\/strong><br \/>\nMit Blick auf den j\u00e4hrlichen Schallplattenb\u00f6rse, der im Monat Juni in Hova stattfindet, \u00fcbernachten vielen Schallplattensammler aus mehreren L\u00e4nder auf Otterbergets Bad &amp; Camping. Im Vorfeld der B\u00f6rse werden als Stimmungsmacher bei uns die ersten Gesch\u00e4fte durchgef\u00fchrt; die Sammler verkaufen und tauschen den ersten Schallplatten bereits auf dem Campingplatz.<br \/>\n<strong><br \/>\n<\/strong><strong>Midsommerfest<\/strong><br \/>\nDas Midsommerfest \u2013 Midsommar \u2013\u00a0 l\u00e4utet der Beginn de<img loading=\"lazy\" decoding=\"async\" class=\"wp-image-484 size-full alignright\" src=\"https:\/\/otterbergetscamping.se\/wp-content\/uploads\/2015\/04\/opde1.jpg\" alt=\"\" width=\"200\" height=\"150\" \/>s Sommers ein. Dieses folkloristisches Ereignis wird auf dem Camping jedes Jahr mit Maibaum und unterschiedlischen Veranstaltungen ausf\u00fchrlich gefeiert.<\/p>\n<p><strong>Akkordeonfestival<\/strong><br \/>\nDas vor \u00fcber zehn Jahre in der K\u00fcche des Wohnhauses auf dem Zeltplatz entstandenen Akkordeontrefffen, ist heute ein gro\u00dfes und bewertes Festival. Die Akkordeonspieler spielen mit anderen Musiker in mehreren Zelten. F\u00fcr den So<a href=\"https:\/\/otterbergetscamping.se\/wp-content\/uploads\/2015\/04\/opde2-2.jpg\"><img loading=\"lazy\" decoding=\"async\" class=\"wp-image-505 size-full alignleft\" src=\"https:\/\/otterbergetscamping.se\/wp-content\/uploads\/2015\/04\/opde2-2.jpg\" alt=\"\" width=\"200\" height=\"150\" \/><\/a>nnabend ist ein abwechselreiches Programm vorgesehen und am Sonntagmorgen versorgen allen Musiker in den gr\u00f6\u00dften Zelt ein gemeinsames Spektakel.<\/p>\n<p>Das Festival findet immer in September gleichzeitig mit dem Herbstmarkt in Hova statt. W\u00e4hrend des Herbstmarkets treten am Vormittag viele Musiker auf. Zus\u00e4tzlich spielen Sie f\u00fcr den Bewohner des Altenheims.<\/p>","protected":false},"excerpt":{"rendered":"<p>Wir halten es f\u00fcr au\u00dfergew\u00f6hnlich wichtig, den Schwedischen Traditionen, so wie diese im Laufe der letzten Jahren auf unserem Camping entstanden sind, aufrecht zu halten. Es bedeutet, dass wir die meisten von den bereits existierenden Veranstaltungen und Festivals einfach weiter &hellip; <a class=\"more-link\" href=\"https:\/\/otterbergetscamping.se\/de\/evenemang\/pa-campingingen\/\">Weiterlesen <span class=\"meta-nav\">&rarr;<\/span><\/a><\/p>\n","protected":false},"author":1,"featured_media":231,"parent":79,"menu_order":1,"comment_status":"closed","ping_status":"open","template":"","meta":{"_monsterinsights_skip_tracking":false,"_monsterinsights_sitenote_active":false,"_monsterinsights_sitenote_note":"","_monsterinsights_sitenote_category":0,"footnotes":""},"class_list":["post-83","page","type-page","status-publish","has-post-thumbnail","hentry"],"yoast_head":"<!-- This site is optimized with the Yoast SEO plugin v27.3 - https:\/\/yoast.com\/product\/yoast-seo-wordpress\/ -->\n<title>Auf dem Zeltplatz - Otterbergets Bad och Camping<\/title>\n<meta name=\"robots\" content=\"index, follow, max-snippet:-1, max-image-preview:large, max-video-preview:-1\" \/>\n<link rel=\"canonical\" href=\"https:\/\/otterbergetscamping.se\/de\/evenemang\/pa-campingingen\/\" \/>\n<meta property=\"og:locale\" content=\"de_DE\" \/>\n<meta property=\"og:type\" content=\"article\" \/>\n<meta property=\"og:title\" content=\"Auf dem Zeltplatz - Otterbergets Bad och Camping\" \/>\n<meta property=\"og:description\" content=\"Wir halten es f\u00fcr au\u00dfergew\u00f6hnlich wichtig, den Schwedischen Traditionen, so wie diese im Laufe der letzten Jahren auf unserem Camping entstanden sind, aufrecht zu halten. Es bedeutet, dass wir die meisten von den bereits existierenden Veranstaltungen und Festivals einfach weiter &hellip; Weiterlesen &rarr;\" \/>\n<meta property=\"og:url\" content=\"https:\/\/otterbergetscamping.se\/de\/evenemang\/pa-campingingen\/\" \/>\n<meta property=\"og:site_name\" content=\"Otterbergets Bad och Camping\" \/>\n<meta property=\"article:modified_time\" content=\"2018-04-01T15:26:35+00:00\" \/>\n<meta property=\"og:image\" content=\"https:\/\/otterbergetscamping.se\/wp-content\/uploads\/2015\/04\/right_content_image_top_opdecamping-e1430340388170.jpg\" \/>\n\t<meta property=\"og:image:width\" content=\"310\" \/>\n\t<meta property=\"og:image:height\" content=\"232\" \/>\n\t<meta property=\"og:image:type\" content=\"image\/jpeg\" \/>\n<meta name=\"twitter:card\" content=\"summary_large_image\" \/>\n<meta name=\"twitter:label1\" content=\"Gesch\u00e4tzte Lesezeit\" \/>\n\t<meta name=\"twitter:data1\" content=\"5\u00a0Minuten\" \/>\n<script type=\"application\/ld+json\" class=\"yoast-schema-graph\">{\"@context\":\"https:\\\/\\\/schema.org\",\"@graph\":[{\"@type\":\"WebPage\",\"@id\":\"https:\\\/\\\/otterbergetscamping.se\\\/de\\\/evenemang\\\/pa-campingingen\\\/\",\"url\":\"https:\\\/\\\/otterbergetscamping.se\\\/de\\\/evenemang\\\/pa-campingingen\\\/\",\"name\":\"Auf dem Zeltplatz - Otterbergets Bad och Camping\",\"isPartOf\":{\"@id\":\"https:\\\/\\\/otterbergetscamping.se\\\/de\\\/#website\"},\"primaryImageOfPage\":{\"@id\":\"https:\\\/\\\/otterbergetscamping.se\\\/de\\\/evenemang\\\/pa-campingingen\\\/#primaryimage\"},\"image\":{\"@id\":\"https:\\\/\\\/otterbergetscamping.se\\\/evenemang\\\/pa-campingingen\\\/#primaryimage\"},\"thumbnailUrl\":\"https:\\\/\\\/otterbergetscamping.se\\\/wp-content\\\/uploads\\\/2015\\\/04\\\/right_content_image_top_opdecamping-e1430340388170.jpg\",\"datePublished\":\"2015-04-24T15:08:40+00:00\",\"dateModified\":\"2018-04-01T15:26:35+00:00\",\"breadcrumb\":{\"@id\":\"https:\\\/\\\/otterbergetscamping.se\\\/de\\\/evenemang\\\/pa-campingingen\\\/#breadcrumb\"},\"inLanguage\":\"de\",\"potentialAction\":[{\"@type\":\"ReadAction\",\"target\":[[\"https:\\\/\\\/otterbergetscamping.se\\\/de\\\/evenemang\\\/pa-campingingen\\\/\"]]}]},{\"@type\":\"ImageObject\",\"inLanguage\":\"de\",\"@id\":\"https:\\\/\\\/otterbergetscamping.se\\\/de\\\/evenemang\\\/pa-campingingen\\\/#primaryimage\",\"url\":\"https:\\\/\\\/otterbergetscamping.se\\\/wp-content\\\/uploads\\\/2015\\\/04\\\/right_content_image_top_opdecamping-e1430340388170.jpg\",\"contentUrl\":\"https:\\\/\\\/otterbergetscamping.se\\\/wp-content\\\/uploads\\\/2015\\\/04\\\/right_content_image_top_opdecamping-e1430340388170.jpg\",\"width\":310,\"height\":232},{\"@type\":\"BreadcrumbList\",\"@id\":\"https:\\\/\\\/otterbergetscamping.se\\\/de\\\/evenemang\\\/pa-campingingen\\\/#breadcrumb\",\"itemListElement\":[{\"@type\":\"ListItem\",\"position\":1,\"name\":\"Home\",\"item\":\"https:\\\/\\\/otterbergetscamping.se\\\/de\\\/\"},{\"@type\":\"ListItem\",\"position\":2,\"name\":\"Evenementen\",\"item\":\"https:\\\/\\\/otterbergetscamping.se\\\/de\\\/evenemang\\\/\"},{\"@type\":\"ListItem\",\"position\":3,\"name\":\"P\u00e5 campingen\"}]},{\"@type\":\"WebSite\",\"@id\":\"https:\\\/\\\/otterbergetscamping.se\\\/de\\\/#website\",\"url\":\"https:\\\/\\\/otterbergetscamping.se\\\/de\\\/\",\"name\":\"Otterbergets Bad och Camping\",\"description\":\"\",\"potentialAction\":[{\"@type\":\"SearchAction\",\"target\":{\"@type\":\"EntryPoint\",\"urlTemplate\":\"https:\\\/\\\/otterbergetscamping.se\\\/de\\\/?s={search_term_string}\"},\"query-input\":{\"@type\":\"PropertyValueSpecification\",\"valueRequired\":true,\"valueName\":\"search_term_string\"}}],\"inLanguage\":\"de\"}]}<\/script>\n<!-- \/ Yoast SEO plugin. -->","yoast_head_json":{"title":"Auf dem Zeltplatz - Otterbergets Bad och Camping","robots":{"index":"index","follow":"follow","max-snippet":"max-snippet:-1","max-image-preview":"max-image-preview:large","max-video-preview":"max-video-preview:-1"},"canonical":"https:\/\/otterbergetscamping.se\/de\/evenemang\/pa-campingingen\/","og_locale":"de_DE","og_type":"article","og_title":"Auf dem Zeltplatz - Otterbergets Bad och Camping","og_description":"Wir halten es f\u00fcr au\u00dfergew\u00f6hnlich wichtig, den Schwedischen Traditionen, so wie diese im Laufe der letzten Jahren auf unserem Camping entstanden sind, aufrecht zu halten. Es bedeutet, dass wir die meisten von den bereits existierenden Veranstaltungen und Festivals einfach weiter &hellip; Weiterlesen &rarr;","og_url":"https:\/\/otterbergetscamping.se\/de\/evenemang\/pa-campingingen\/","og_site_name":"Otterbergets Bad och Camping","article_modified_time":"2018-04-01T15:26:35+00:00","og_image":[{"width":310,"height":232,"url":"https:\/\/otterbergetscamping.se\/wp-content\/uploads\/2015\/04\/right_content_image_top_opdecamping-e1430340388170.jpg","type":"image\/jpeg"}],"twitter_card":"summary_large_image","twitter_misc":{"Gesch\u00e4tzte Lesezeit":"5\u00a0Minuten"},"schema":{"@context":"https:\/\/schema.org","@graph":[{"@type":"WebPage","@id":"https:\/\/otterbergetscamping.se\/de\/evenemang\/pa-campingingen\/","url":"https:\/\/otterbergetscamping.se\/de\/evenemang\/pa-campingingen\/","name":"Auf dem Zeltplatz - Otterbergets Bad och Camping","isPartOf":{"@id":"https:\/\/otterbergetscamping.se\/de\/#website"},"primaryImageOfPage":{"@id":"https:\/\/otterbergetscamping.se\/de\/evenemang\/pa-campingingen\/#primaryimage"},"image":{"@id":"https:\/\/otterbergetscamping.se\/evenemang\/pa-campingingen\/#primaryimage"},"thumbnailUrl":"https:\/\/otterbergetscamping.se\/wp-content\/uploads\/2015\/04\/right_content_image_top_opdecamping-e1430340388170.jpg","datePublished":"2015-04-24T15:08:40+00:00","dateModified":"2018-04-01T15:26:35+00:00","breadcrumb":{"@id":"https:\/\/otterbergetscamping.se\/de\/evenemang\/pa-campingingen\/#breadcrumb"},"inLanguage":"de","potentialAction":[{"@type":"ReadAction","target":[["https:\/\/otterbergetscamping.se\/de\/evenemang\/pa-campingingen\/"]]}]},{"@type":"ImageObject","inLanguage":"de","@id":"https:\/\/otterbergetscamping.se\/de\/evenemang\/pa-campingingen\/#primaryimage","url":"https:\/\/otterbergetscamping.se\/wp-content\/uploads\/2015\/04\/right_content_image_top_opdecamping-e1430340388170.jpg","contentUrl":"https:\/\/otterbergetscamping.se\/wp-content\/uploads\/2015\/04\/right_content_image_top_opdecamping-e1430340388170.jpg","width":310,"height":232},{"@type":"BreadcrumbList","@id":"https:\/\/otterbergetscamping.se\/de\/evenemang\/pa-campingingen\/#breadcrumb","itemListElement":[{"@type":"ListItem","position":1,"name":"Home","item":"https:\/\/otterbergetscamping.se\/de\/"},{"@type":"ListItem","position":2,"name":"Evenementen","item":"https:\/\/otterbergetscamping.se\/de\/evenemang\/"},{"@type":"ListItem","position":3,"name":"P\u00e5 campingen"}]},{"@type":"WebSite","@id":"https:\/\/otterbergetscamping.se\/de\/#website","url":"https:\/\/otterbergetscamping.se\/de\/","name":"Otterbergets Bad och Camping","description":"","potentialAction":[{"@type":"SearchAction","target":{"@type":"EntryPoint","urlTemplate":"https:\/\/otterbergetscamping.se\/de\/?s={search_term_string}"},"query-input":{"@type":"PropertyValueSpecification","valueRequired":true,"valueName":"search_term_string"}}],"inLanguage":"de"}]}},"_links":{"self":[{"href":"https:\/\/otterbergetscamping.se\/de\/wp-json\/wp\/v2\/pages\/83","targetHints":{"allow":["GET"]}}],"collection":[{"href":"https:\/\/otterbergetscamping.se\/de\/wp-json\/wp\/v2\/pages"}],"about":[{"href":"https:\/\/otterbergetscamping.se\/de\/wp-json\/wp\/v2\/types\/page"}],"author":[{"embeddable":true,"href":"https:\/\/otterbergetscamping.se\/de\/wp-json\/wp\/v2\/users\/1"}],"replies":[{"embeddable":true,"href":"https:\/\/otterbergetscamping.se\/de\/wp-json\/wp\/v2\/comments?post=83"}],"version-history":[{"count":0,"href":"https:\/\/otterbergetscamping.se\/de\/wp-json\/wp\/v2\/pages\/83\/revisions"}],"up":[{"embeddable":true,"href":"https:\/\/otterbergetscamping.se\/de\/wp-json\/wp\/v2\/pages\/79"}],"wp:featuredmedia":[{"embeddable":true,"href":"https:\/\/otterbergetscamping.se\/de\/wp-json\/wp\/v2\/media\/231"}],"wp:attachment":[{"href":"https:\/\/otterbergetscamping.se\/de\/wp-json\/wp\/v2\/media?parent=83"}],"curies":[{"name":"wp","href":"https:\/\/api.w.org\/{rel}","templated":true}]}}