{"id":650,"date":"2016-01-03T15:01:50","date_gmt":"2016-01-03T15:01:50","guid":{"rendered":"http:\/\/otterbergetscamping.se\/?page_id=650"},"modified":"2020-07-14T13:49:39","modified_gmt":"2020-07-14T13:49:39","slug":"campingkort","status":"publish","type":"page","link":"https:\/\/otterbergetscamping.se\/de\/info-och-kontakt\/campingkort\/","title":{"rendered":"SCR Campingkarte"},"content":{"rendered":"<p>F\u00fcr Ihren Aufenthalt bei uns ben\u00f6tigen Sie eine g\u00fcltige Camping Key Europe Karte. F\u00fcr Schweden stehen zwei verschiedene Kartentypen zur Verf\u00fcgung:<\/p>\n<ol>\n<li>Eine kostenlose Karte, die nur zum einfachen Einchecken dient. Diese Karte ist an der Rezeption auf unserem Campingplatz erh\u00e4ltlich. Nachdem Sie die Karte auf Ihrem Telefon registriert haben, haben Sie Zugriff auf alle gespeicherten Daten. Die Karte ist bis 2099 g\u00fcltig, jedoch nur in Schweden.<\/li>\n<li>Eine kostenpflichtige Version finden Sie unter dem folgenden Link (Klicken Sie auf das Bild). Diese Karte ist europaweit g\u00fcltig, hat eine Unfallversicherung, berechtigt Sie zu Rabatten auf vielen Campingpl\u00e4tzen in ganz Europa und bietet auch Rabattoptionen bei ausgew\u00e4hlten Unternehmen. Nach der Registrierung auf Ihrem Telefon haben Sie Zugriff auf alle gespeicherten Daten. Diese Karte ist 1 Jahr g\u00fcltig.<\/li>\n<\/ol>\n<p><a href=\"https:\/\/www.campingkeyeurope.se\/en?locale=en&amp;portfolio_id=463\" target=\"_blank\" rel=\"noopener noreferrer\"><img loading=\"lazy\" decoding=\"async\" class=\"aligncenter wp-image-1306 size-full\" src=\"https:\/\/otterbergetscamping.se\/wp-content\/uploads\/2020\/07\/CampingKeyEurope_980x120_EN.jpg\" alt=\"\" width=\"980\" height=\"120\" srcset=\"https:\/\/otterbergetscamping.se\/wp-content\/uploads\/2020\/07\/CampingKeyEurope_980x120_EN.jpg 980w, https:\/\/otterbergetscamping.se\/wp-content\/uploads\/2020\/07\/CampingKeyEurope_980x120_EN-300x37.jpg 300w, https:\/\/otterbergetscamping.se\/wp-content\/uploads\/2020\/07\/CampingKeyEurope_980x120_EN-768x94.jpg 768w, https:\/\/otterbergetscamping.se\/wp-content\/uploads\/2020\/07\/CampingKeyEurope_980x120_EN-500x61.jpg 500w\" sizes=\"auto, (max-width: 980px) 100vw, 980px\" \/><\/a><\/p>","protected":false},"excerpt":{"rendered":"<p>F\u00fcr Ihren Aufenthalt bei uns ben\u00f6tigen Sie eine g\u00fcltige Camping Key Europe Karte. F\u00fcr Schweden stehen zwei verschiedene Kartentypen zur Verf\u00fcgung: Eine kostenlose Karte, die nur zum einfachen Einchecken dient. Diese Karte ist an der Rezeption auf unserem Campingplatz erh\u00e4ltlich. &hellip; <a class=\"more-link\" href=\"https:\/\/otterbergetscamping.se\/de\/info-och-kontakt\/campingkort\/\">Weiterlesen <span class=\"meta-nav\">&rarr;<\/span><\/a><\/p>\n","protected":false},"author":1,"featured_media":0,"parent":98,"menu_order":10,"comment_status":"closed","ping_status":"closed","template":"","meta":{"_monsterinsights_skip_tracking":false,"_monsterinsights_sitenote_active":false,"_monsterinsights_sitenote_note":"","_monsterinsights_sitenote_category":0,"footnotes":""},"class_list":["post-650","page","type-page","status-publish","hentry"],"yoast_head":"<!-- This site is optimized with the Yoast SEO plugin v27.3 - https:\/\/yoast.com\/product\/yoast-seo-wordpress\/ -->\n<title>SCR Campingkarte - Otterbergets Bad och Camping<\/title>\n<meta name=\"robots\" content=\"index, follow, max-snippet:-1, max-image-preview:large, max-video-preview:-1\" \/>\n<link rel=\"canonical\" href=\"https:\/\/otterbergetscamping.se\/de\/info-och-kontakt\/campingkort\/\" \/>\n<meta property=\"og:locale\" content=\"de_DE\" \/>\n<meta property=\"og:type\" content=\"article\" \/>\n<meta property=\"og:title\" content=\"SCR Campingkarte - Otterbergets Bad och Camping\" \/>\n<meta property=\"og:description\" content=\"F\u00fcr Ihren Aufenthalt bei uns ben\u00f6tigen Sie eine g\u00fcltige Camping Key Europe Karte. F\u00fcr Schweden stehen zwei verschiedene Kartentypen zur Verf\u00fcgung: Eine kostenlose Karte, die nur zum einfachen Einchecken dient. Diese Karte ist an der Rezeption auf unserem Campingplatz erh\u00e4ltlich. &hellip; Weiterlesen &rarr;\" \/>\n<meta property=\"og:url\" content=\"https:\/\/otterbergetscamping.se\/de\/info-och-kontakt\/campingkort\/\" \/>\n<meta property=\"og:site_name\" content=\"Otterbergets Bad och Camping\" \/>\n<meta property=\"article:modified_time\" content=\"2020-07-14T13:49:39+00:00\" \/>\n<meta property=\"og:image\" content=\"https:\/\/otterbergetscamping.se\/wp-content\/uploads\/2020\/07\/CampingKeyEurope_980x120_SE.jpg\" \/>\n<meta name=\"twitter:card\" content=\"summary_large_image\" \/>\n<meta name=\"twitter:label1\" content=\"Gesch\u00e4tzte Lesezeit\" \/>\n\t<meta name=\"twitter:data1\" content=\"3\u00a0Minuten\" \/>\n<script type=\"application\/ld+json\" class=\"yoast-schema-graph\">{\"@context\":\"https:\\\/\\\/schema.org\",\"@graph\":[{\"@type\":\"WebPage\",\"@id\":\"https:\\\/\\\/otterbergetscamping.se\\\/de\\\/info-och-kontakt\\\/campingkort\\\/\",\"url\":\"https:\\\/\\\/otterbergetscamping.se\\\/de\\\/info-och-kontakt\\\/campingkort\\\/\",\"name\":\"SCR Campingkarte - Otterbergets Bad och Camping\",\"isPartOf\":{\"@id\":\"https:\\\/\\\/otterbergetscamping.se\\\/de\\\/#website\"},\"primaryImageOfPage\":{\"@id\":\"https:\\\/\\\/otterbergetscamping.se\\\/de\\\/info-och-kontakt\\\/campingkort\\\/#primaryimage\"},\"image\":{\"@id\":\"https:\\\/\\\/otterbergetscamping.se\\\/info-och-kontakt\\\/campingkort\\\/#primaryimage\"},\"thumbnailUrl\":\"https:\\\/\\\/otterbergetscamping.se\\\/wp-content\\\/uploads\\\/2020\\\/07\\\/CampingKeyEurope_980x120_SE.jpg\",\"datePublished\":\"2016-01-03T15:01:50+00:00\",\"dateModified\":\"2020-07-14T13:49:39+00:00\",\"breadcrumb\":{\"@id\":\"https:\\\/\\\/otterbergetscamping.se\\\/de\\\/info-och-kontakt\\\/campingkort\\\/#breadcrumb\"},\"inLanguage\":\"de\",\"potentialAction\":[{\"@type\":\"ReadAction\",\"target\":[[\"https:\\\/\\\/otterbergetscamping.se\\\/de\\\/info-och-kontakt\\\/campingkort\\\/\"]]}]},{\"@type\":\"ImageObject\",\"inLanguage\":\"de\",\"@id\":\"https:\\\/\\\/otterbergetscamping.se\\\/de\\\/info-och-kontakt\\\/campingkort\\\/#primaryimage\",\"url\":\"https:\\\/\\\/otterbergetscamping.se\\\/wp-content\\\/uploads\\\/2020\\\/07\\\/CampingKeyEurope_980x120_SE.jpg\",\"contentUrl\":\"https:\\\/\\\/otterbergetscamping.se\\\/wp-content\\\/uploads\\\/2020\\\/07\\\/CampingKeyEurope_980x120_SE.jpg\"},{\"@type\":\"BreadcrumbList\",\"@id\":\"https:\\\/\\\/otterbergetscamping.se\\\/de\\\/info-och-kontakt\\\/campingkort\\\/#breadcrumb\",\"itemListElement\":[{\"@type\":\"ListItem\",\"position\":1,\"name\":\"Home\",\"item\":\"https:\\\/\\\/otterbergetscamping.se\\\/de\\\/\"},{\"@type\":\"ListItem\",\"position\":2,\"name\":\"Info och kontakt\",\"item\":\"https:\\\/\\\/otterbergetscamping.se\\\/de\\\/info-och-kontakt\\\/\"},{\"@type\":\"ListItem\",\"position\":3,\"name\":\"SCR Campingkort\"}]},{\"@type\":\"WebSite\",\"@id\":\"https:\\\/\\\/otterbergetscamping.se\\\/de\\\/#website\",\"url\":\"https:\\\/\\\/otterbergetscamping.se\\\/de\\\/\",\"name\":\"Otterbergets Bad och Camping\",\"description\":\"\",\"potentialAction\":[{\"@type\":\"SearchAction\",\"target\":{\"@type\":\"EntryPoint\",\"urlTemplate\":\"https:\\\/\\\/otterbergetscamping.se\\\/de\\\/?s={search_term_string}\"},\"query-input\":{\"@type\":\"PropertyValueSpecification\",\"valueRequired\":true,\"valueName\":\"search_term_string\"}}],\"inLanguage\":\"de\"}]}<\/script>\n<!-- \/ Yoast SEO plugin. -->","yoast_head_json":{"title":"SCR Campingkarte - Otterbergets Bad och Camping","robots":{"index":"index","follow":"follow","max-snippet":"max-snippet:-1","max-image-preview":"max-image-preview:large","max-video-preview":"max-video-preview:-1"},"canonical":"https:\/\/otterbergetscamping.se\/de\/info-och-kontakt\/campingkort\/","og_locale":"de_DE","og_type":"article","og_title":"SCR Campingkarte - Otterbergets Bad och Camping","og_description":"F\u00fcr Ihren Aufenthalt bei uns ben\u00f6tigen Sie eine g\u00fcltige Camping Key Europe Karte. F\u00fcr Schweden stehen zwei verschiedene Kartentypen zur Verf\u00fcgung: Eine kostenlose Karte, die nur zum einfachen Einchecken dient. Diese Karte ist an der Rezeption auf unserem Campingplatz erh\u00e4ltlich. &hellip; Weiterlesen &rarr;","og_url":"https:\/\/otterbergetscamping.se\/de\/info-och-kontakt\/campingkort\/","og_site_name":"Otterbergets Bad och Camping","article_modified_time":"2020-07-14T13:49:39+00:00","og_image":[{"url":"https:\/\/otterbergetscamping.se\/wp-content\/uploads\/2020\/07\/CampingKeyEurope_980x120_SE.jpg","type":"","width":"","height":""}],"twitter_card":"summary_large_image","twitter_misc":{"Gesch\u00e4tzte Lesezeit":"3\u00a0Minuten"},"schema":{"@context":"https:\/\/schema.org","@graph":[{"@type":"WebPage","@id":"https:\/\/otterbergetscamping.se\/de\/info-och-kontakt\/campingkort\/","url":"https:\/\/otterbergetscamping.se\/de\/info-och-kontakt\/campingkort\/","name":"SCR Campingkarte - Otterbergets Bad och Camping","isPartOf":{"@id":"https:\/\/otterbergetscamping.se\/de\/#website"},"primaryImageOfPage":{"@id":"https:\/\/otterbergetscamping.se\/de\/info-och-kontakt\/campingkort\/#primaryimage"},"image":{"@id":"https:\/\/otterbergetscamping.se\/info-och-kontakt\/campingkort\/#primaryimage"},"thumbnailUrl":"https:\/\/otterbergetscamping.se\/wp-content\/uploads\/2020\/07\/CampingKeyEurope_980x120_SE.jpg","datePublished":"2016-01-03T15:01:50+00:00","dateModified":"2020-07-14T13:49:39+00:00","breadcrumb":{"@id":"https:\/\/otterbergetscamping.se\/de\/info-och-kontakt\/campingkort\/#breadcrumb"},"inLanguage":"de","potentialAction":[{"@type":"ReadAction","target":[["https:\/\/otterbergetscamping.se\/de\/info-och-kontakt\/campingkort\/"]]}]},{"@type":"ImageObject","inLanguage":"de","@id":"https:\/\/otterbergetscamping.se\/de\/info-och-kontakt\/campingkort\/#primaryimage","url":"https:\/\/otterbergetscamping.se\/wp-content\/uploads\/2020\/07\/CampingKeyEurope_980x120_SE.jpg","contentUrl":"https:\/\/otterbergetscamping.se\/wp-content\/uploads\/2020\/07\/CampingKeyEurope_980x120_SE.jpg"},{"@type":"BreadcrumbList","@id":"https:\/\/otterbergetscamping.se\/de\/info-och-kontakt\/campingkort\/#breadcrumb","itemListElement":[{"@type":"ListItem","position":1,"name":"Home","item":"https:\/\/otterbergetscamping.se\/de\/"},{"@type":"ListItem","position":2,"name":"Info och kontakt","item":"https:\/\/otterbergetscamping.se\/de\/info-och-kontakt\/"},{"@type":"ListItem","position":3,"name":"SCR Campingkort"}]},{"@type":"WebSite","@id":"https:\/\/otterbergetscamping.se\/de\/#website","url":"https:\/\/otterbergetscamping.se\/de\/","name":"Otterbergets Bad och Camping","description":"","potentialAction":[{"@type":"SearchAction","target":{"@type":"EntryPoint","urlTemplate":"https:\/\/otterbergetscamping.se\/de\/?s={search_term_string}"},"query-input":{"@type":"PropertyValueSpecification","valueRequired":true,"valueName":"search_term_string"}}],"inLanguage":"de"}]}},"_links":{"self":[{"href":"https:\/\/otterbergetscamping.se\/de\/wp-json\/wp\/v2\/pages\/650","targetHints":{"allow":["GET"]}}],"collection":[{"href":"https:\/\/otterbergetscamping.se\/de\/wp-json\/wp\/v2\/pages"}],"about":[{"href":"https:\/\/otterbergetscamping.se\/de\/wp-json\/wp\/v2\/types\/page"}],"author":[{"embeddable":true,"href":"https:\/\/otterbergetscamping.se\/de\/wp-json\/wp\/v2\/users\/1"}],"replies":[{"embeddable":true,"href":"https:\/\/otterbergetscamping.se\/de\/wp-json\/wp\/v2\/comments?post=650"}],"version-history":[{"count":0,"href":"https:\/\/otterbergetscamping.se\/de\/wp-json\/wp\/v2\/pages\/650\/revisions"}],"up":[{"embeddable":true,"href":"https:\/\/otterbergetscamping.se\/de\/wp-json\/wp\/v2\/pages\/98"}],"wp:attachment":[{"href":"https:\/\/otterbergetscamping.se\/de\/wp-json\/wp\/v2\/media?parent=650"}],"curies":[{"name":"wp","href":"https:\/\/api.w.org\/{rel}","templated":true}]}}