{"id":65,"date":"2015-04-24T14:34:45","date_gmt":"2015-04-24T14:34:45","guid":{"rendered":"http:\/\/otterbergetscamping.se\/?page_id=65"},"modified":"2022-03-13T18:37:55","modified_gmt":"2022-03-13T18:37:55","slug":"kiosk","status":"publish","type":"page","link":"https:\/\/otterbergetscamping.se\/de\/welcome\/kiosk\/","title":{"rendered":"Kiosk"},"content":{"rendered":"<p>Der Kiosk ist ein gem\u00fctlicher Treffpunkt, an dem Ihnen in vielerlei Hinsicht geholfen wird. Zuallererst hat er die Funktion der Rezeption, wo Sie ihre Ankunft und Abfahrt melden.<\/p>\n<p>Jeden Tag bekommen Sie hier auf Bestellung frischgebackene Br\u00f6tchen und wir haben eine kleine Auswahl an Dingen, die im t\u00e4glichen Leben n\u00f6tig sind. Auch verkaufen wir hier Souvenirs, Fischlizenzen und Zugangskarten f\u00fcr den Bootsrampe.<\/p>\n<p>An den Kiosk angrenzend liegt eine teilweise \u00fcberdeckte Terrasse. Hier servieren wir Kaffee, Tee, Eis, Bier, Frischgetr\u00e4nke und einfache Leckereien, wie Muffins, Pizzabr\u00f6tchen und Sandwiches.<\/p>\n<p>Kurzum, mit allen Fragen und W\u00fcnschen kommen Sie zum Kiosk. Gerne helfen wir Ihnen weiter. Der Kiosk von 08.00 bis 22.00 Uhr ge\u00f6ffnet.<\/p>\n<p><a href=\"https:\/\/otterbergetscamping.se\/wp-content\/uploads\/2015\/04\/kiosk1.jpg\"><img loading=\"lazy\" decoding=\"async\" class=\"alignnone wp-image-457\" src=\"https:\/\/otterbergetscamping.se\/wp-content\/uploads\/2015\/04\/kiosk1.jpg\" alt=\"\" width=\"225\" height=\"169\" \/><\/a><a href=\"https:\/\/otterbergetscamping.se\/wp-content\/uploads\/2015\/04\/kiosk21.jpg\"><img loading=\"lazy\" decoding=\"async\" class=\"wp-image-458 alignright\" src=\"https:\/\/otterbergetscamping.se\/wp-content\/uploads\/2015\/04\/kiosk21.jpg\" alt=\"kiosk2\" width=\"225\" height=\"169\" \/><\/a><\/p>","protected":false},"excerpt":{"rendered":"<p>Der Kiosk ist ein gem\u00fctlicher Treffpunkt, an dem Ihnen in vielerlei Hinsicht geholfen wird. Zuallererst hat er die Funktion der Rezeption, wo Sie ihre Ankunft und Abfahrt melden. Jeden Tag bekommen Sie hier auf Bestellung frischgebackene Br\u00f6tchen und wir haben &hellip; <a class=\"more-link\" href=\"https:\/\/otterbergetscamping.se\/de\/welcome\/kiosk\/\">Weiterlesen <span class=\"meta-nav\">&rarr;<\/span><\/a><\/p>\n","protected":false},"author":1,"featured_media":222,"parent":5,"menu_order":30,"comment_status":"closed","ping_status":"open","template":"","meta":{"_monsterinsights_skip_tracking":false,"_monsterinsights_sitenote_active":false,"_monsterinsights_sitenote_note":"","_monsterinsights_sitenote_category":0,"footnotes":""},"class_list":["post-65","page","type-page","status-publish","has-post-thumbnail","hentry"],"yoast_head":"<!-- This site is optimized with the Yoast SEO plugin v27.3 - https:\/\/yoast.com\/product\/yoast-seo-wordpress\/ -->\n<title>Kiosk - Otterbergets Bad och Camping<\/title>\n<meta name=\"robots\" content=\"index, follow, max-snippet:-1, max-image-preview:large, max-video-preview:-1\" \/>\n<link rel=\"canonical\" href=\"https:\/\/otterbergetscamping.se\/de\/welcome\/kiosk\/\" \/>\n<meta property=\"og:locale\" content=\"de_DE\" \/>\n<meta property=\"og:type\" content=\"article\" \/>\n<meta property=\"og:title\" content=\"Kiosk - Otterbergets Bad och Camping\" \/>\n<meta property=\"og:description\" content=\"Der Kiosk ist ein gem\u00fctlicher Treffpunkt, an dem Ihnen in vielerlei Hinsicht geholfen wird. Zuallererst hat er die Funktion der Rezeption, wo Sie ihre Ankunft und Abfahrt melden. Jeden Tag bekommen Sie hier auf Bestellung frischgebackene Br\u00f6tchen und wir haben &hellip; Weiterlesen &rarr;\" \/>\n<meta property=\"og:url\" content=\"https:\/\/otterbergetscamping.se\/de\/welcome\/kiosk\/\" \/>\n<meta property=\"og:site_name\" content=\"Otterbergets Bad och Camping\" \/>\n<meta property=\"article:modified_time\" content=\"2022-03-13T18:37:55+00:00\" \/>\n<meta property=\"og:image\" content=\"https:\/\/otterbergetscamping.se\/wp-content\/uploads\/2015\/04\/right_content_image_top_kiosk-e1430339815169.jpg\" \/>\n\t<meta property=\"og:image:width\" content=\"310\" \/>\n\t<meta property=\"og:image:height\" content=\"232\" \/>\n\t<meta property=\"og:image:type\" content=\"image\/jpeg\" \/>\n<meta name=\"twitter:card\" content=\"summary_large_image\" \/>\n<meta name=\"twitter:label1\" content=\"Gesch\u00e4tzte Lesezeit\" \/>\n\t<meta name=\"twitter:data1\" content=\"2\u00a0Minuten\" \/>\n<script type=\"application\/ld+json\" class=\"yoast-schema-graph\">{\"@context\":\"https:\\\/\\\/schema.org\",\"@graph\":[{\"@type\":\"WebPage\",\"@id\":\"https:\\\/\\\/otterbergetscamping.se\\\/de\\\/welcome\\\/kiosk\\\/\",\"url\":\"https:\\\/\\\/otterbergetscamping.se\\\/de\\\/welcome\\\/kiosk\\\/\",\"name\":\"Kiosk - Otterbergets Bad och Camping\",\"isPartOf\":{\"@id\":\"https:\\\/\\\/otterbergetscamping.se\\\/de\\\/#website\"},\"primaryImageOfPage\":{\"@id\":\"https:\\\/\\\/otterbergetscamping.se\\\/de\\\/welcome\\\/kiosk\\\/#primaryimage\"},\"image\":{\"@id\":\"https:\\\/\\\/otterbergetscamping.se\\\/welcome\\\/kiosk\\\/#primaryimage\"},\"thumbnailUrl\":\"https:\\\/\\\/otterbergetscamping.se\\\/wp-content\\\/uploads\\\/2015\\\/04\\\/right_content_image_top_kiosk-e1430339815169.jpg\",\"datePublished\":\"2015-04-24T14:34:45+00:00\",\"dateModified\":\"2022-03-13T18:37:55+00:00\",\"breadcrumb\":{\"@id\":\"https:\\\/\\\/otterbergetscamping.se\\\/de\\\/welcome\\\/kiosk\\\/#breadcrumb\"},\"inLanguage\":\"de\",\"potentialAction\":[{\"@type\":\"ReadAction\",\"target\":[[\"https:\\\/\\\/otterbergetscamping.se\\\/de\\\/welcome\\\/kiosk\\\/\"]]}]},{\"@type\":\"ImageObject\",\"inLanguage\":\"de\",\"@id\":\"https:\\\/\\\/otterbergetscamping.se\\\/de\\\/welcome\\\/kiosk\\\/#primaryimage\",\"url\":\"https:\\\/\\\/otterbergetscamping.se\\\/wp-content\\\/uploads\\\/2015\\\/04\\\/right_content_image_top_kiosk-e1430339815169.jpg\",\"contentUrl\":\"https:\\\/\\\/otterbergetscamping.se\\\/wp-content\\\/uploads\\\/2015\\\/04\\\/right_content_image_top_kiosk-e1430339815169.jpg\",\"width\":310,\"height\":232},{\"@type\":\"BreadcrumbList\",\"@id\":\"https:\\\/\\\/otterbergetscamping.se\\\/de\\\/welcome\\\/kiosk\\\/#breadcrumb\",\"itemListElement\":[{\"@type\":\"ListItem\",\"position\":1,\"name\":\"Home\",\"item\":\"https:\\\/\\\/otterbergetscamping.se\\\/de\\\/\"},{\"@type\":\"ListItem\",\"position\":2,\"name\":\"Camping\",\"item\":\"https:\\\/\\\/otterbergetscamping.se\\\/de\\\/\"},{\"@type\":\"ListItem\",\"position\":3,\"name\":\"Kiosk\"}]},{\"@type\":\"WebSite\",\"@id\":\"https:\\\/\\\/otterbergetscamping.se\\\/de\\\/#website\",\"url\":\"https:\\\/\\\/otterbergetscamping.se\\\/de\\\/\",\"name\":\"Otterbergets Bad och Camping\",\"description\":\"\",\"potentialAction\":[{\"@type\":\"SearchAction\",\"target\":{\"@type\":\"EntryPoint\",\"urlTemplate\":\"https:\\\/\\\/otterbergetscamping.se\\\/de\\\/?s={search_term_string}\"},\"query-input\":{\"@type\":\"PropertyValueSpecification\",\"valueRequired\":true,\"valueName\":\"search_term_string\"}}],\"inLanguage\":\"de\"}]}<\/script>\n<!-- \/ Yoast SEO plugin. -->","yoast_head_json":{"title":"Kiosk - Otterbergets Bad och Camping","robots":{"index":"index","follow":"follow","max-snippet":"max-snippet:-1","max-image-preview":"max-image-preview:large","max-video-preview":"max-video-preview:-1"},"canonical":"https:\/\/otterbergetscamping.se\/de\/welcome\/kiosk\/","og_locale":"de_DE","og_type":"article","og_title":"Kiosk - Otterbergets Bad och Camping","og_description":"Der Kiosk ist ein gem\u00fctlicher Treffpunkt, an dem Ihnen in vielerlei Hinsicht geholfen wird. Zuallererst hat er die Funktion der Rezeption, wo Sie ihre Ankunft und Abfahrt melden. Jeden Tag bekommen Sie hier auf Bestellung frischgebackene Br\u00f6tchen und wir haben &hellip; Weiterlesen &rarr;","og_url":"https:\/\/otterbergetscamping.se\/de\/welcome\/kiosk\/","og_site_name":"Otterbergets Bad och Camping","article_modified_time":"2022-03-13T18:37:55+00:00","og_image":[{"width":310,"height":232,"url":"https:\/\/otterbergetscamping.se\/wp-content\/uploads\/2015\/04\/right_content_image_top_kiosk-e1430339815169.jpg","type":"image\/jpeg"}],"twitter_card":"summary_large_image","twitter_misc":{"Gesch\u00e4tzte Lesezeit":"2\u00a0Minuten"},"schema":{"@context":"https:\/\/schema.org","@graph":[{"@type":"WebPage","@id":"https:\/\/otterbergetscamping.se\/de\/welcome\/kiosk\/","url":"https:\/\/otterbergetscamping.se\/de\/welcome\/kiosk\/","name":"Kiosk - Otterbergets Bad och Camping","isPartOf":{"@id":"https:\/\/otterbergetscamping.se\/de\/#website"},"primaryImageOfPage":{"@id":"https:\/\/otterbergetscamping.se\/de\/welcome\/kiosk\/#primaryimage"},"image":{"@id":"https:\/\/otterbergetscamping.se\/welcome\/kiosk\/#primaryimage"},"thumbnailUrl":"https:\/\/otterbergetscamping.se\/wp-content\/uploads\/2015\/04\/right_content_image_top_kiosk-e1430339815169.jpg","datePublished":"2015-04-24T14:34:45+00:00","dateModified":"2022-03-13T18:37:55+00:00","breadcrumb":{"@id":"https:\/\/otterbergetscamping.se\/de\/welcome\/kiosk\/#breadcrumb"},"inLanguage":"de","potentialAction":[{"@type":"ReadAction","target":[["https:\/\/otterbergetscamping.se\/de\/welcome\/kiosk\/"]]}]},{"@type":"ImageObject","inLanguage":"de","@id":"https:\/\/otterbergetscamping.se\/de\/welcome\/kiosk\/#primaryimage","url":"https:\/\/otterbergetscamping.se\/wp-content\/uploads\/2015\/04\/right_content_image_top_kiosk-e1430339815169.jpg","contentUrl":"https:\/\/otterbergetscamping.se\/wp-content\/uploads\/2015\/04\/right_content_image_top_kiosk-e1430339815169.jpg","width":310,"height":232},{"@type":"BreadcrumbList","@id":"https:\/\/otterbergetscamping.se\/de\/welcome\/kiosk\/#breadcrumb","itemListElement":[{"@type":"ListItem","position":1,"name":"Home","item":"https:\/\/otterbergetscamping.se\/de\/"},{"@type":"ListItem","position":2,"name":"Camping","item":"https:\/\/otterbergetscamping.se\/de\/"},{"@type":"ListItem","position":3,"name":"Kiosk"}]},{"@type":"WebSite","@id":"https:\/\/otterbergetscamping.se\/de\/#website","url":"https:\/\/otterbergetscamping.se\/de\/","name":"Otterbergets Bad och Camping","description":"","potentialAction":[{"@type":"SearchAction","target":{"@type":"EntryPoint","urlTemplate":"https:\/\/otterbergetscamping.se\/de\/?s={search_term_string}"},"query-input":{"@type":"PropertyValueSpecification","valueRequired":true,"valueName":"search_term_string"}}],"inLanguage":"de"}]}},"_links":{"self":[{"href":"https:\/\/otterbergetscamping.se\/de\/wp-json\/wp\/v2\/pages\/65","targetHints":{"allow":["GET"]}}],"collection":[{"href":"https:\/\/otterbergetscamping.se\/de\/wp-json\/wp\/v2\/pages"}],"about":[{"href":"https:\/\/otterbergetscamping.se\/de\/wp-json\/wp\/v2\/types\/page"}],"author":[{"embeddable":true,"href":"https:\/\/otterbergetscamping.se\/de\/wp-json\/wp\/v2\/users\/1"}],"replies":[{"embeddable":true,"href":"https:\/\/otterbergetscamping.se\/de\/wp-json\/wp\/v2\/comments?post=65"}],"version-history":[{"count":0,"href":"https:\/\/otterbergetscamping.se\/de\/wp-json\/wp\/v2\/pages\/65\/revisions"}],"up":[{"embeddable":true,"href":"https:\/\/otterbergetscamping.se\/de\/wp-json\/wp\/v2\/pages\/5"}],"wp:featuredmedia":[{"embeddable":true,"href":"https:\/\/otterbergetscamping.se\/de\/wp-json\/wp\/v2\/media\/222"}],"wp:attachment":[{"href":"https:\/\/otterbergetscamping.se\/de\/wp-json\/wp\/v2\/media?parent=65"}],"curies":[{"name":"wp","href":"https:\/\/api.w.org\/{rel}","templated":true}]}}