{"id":509,"date":"2015-12-14T19:42:45","date_gmt":"2015-12-14T19:42:45","guid":{"rendered":"http:\/\/otterbergetscamping.se\/?page_id=509"},"modified":"2020-08-03T16:01:42","modified_gmt":"2020-08-03T16:01:42","slug":"bokningsvillkor","status":"publish","type":"page","link":"https:\/\/otterbergetscamping.se\/de\/info-och-kontakt\/bokningsvillkor\/","title":{"rendered":"Bedingungen und Datenschutzerkl\u00e4rung"},"content":{"rendered":"<p><strong>Buchungsbedingungen und Datenschutzerkl\u00e4rung<\/strong><\/p>\n<p>Von SCR empfohlen (2009). Bei einer Buchung unter SCR Online gelten andere Buchungsbedingungen.<\/p>\n<p><strong>Allgemeines<\/strong><\/p>\n<p>Der Campingplatz verwendet das System Camping Key Europe. Sie ben\u00f6tigen daher eine <a href=\"https:\/\/otterbergetscamping.se\/info-och-kontakt\/campingkort\/\">g\u00fcltige Camping Key Europe<\/a>, um einen Campingstellplatz zu mieten, wenn dies vom Campingplatz festgelegt wurde.<\/p>\n<p><strong>Altersgrenze f\u00fcr die Buchung<\/strong><\/p>\n<p>Um bei uns buchen\/einen Vertrag abschlie\u00dfen zu k\u00f6nnen, m\u00fcssen Sie 18 Jahre alt sein. Beim Einchecken m\u00fcssen Sie sich evtl. ausweisen. Das entsprechende Alter ist die Voraussetzung daf\u00fcr, dass Sie die Unterkunft beziehen k\u00f6nnen.<\/p>\n<p><strong>Buchung\/Bezahlung<\/strong><\/p>\n<p>Nach der Buchung wird Ihnen eine schriftliche Buchungsbest\u00e4tigung zugeschickt.<\/p>\n<p>Die Buchung ist bindend, wenn Sie die Anmeldegeb\u00fchr oder die gesamte Miete bezahlt haben.<\/p>\n<p>Bei einer Buchung fr\u00fcher als 40 Tage vor der Anreise betr\u00e4gt die Anmeldegeb\u00fchr 25 % der Gesamtsumme, jedoch mindestens 125 SEK. Die Anmeldegeb\u00fchr ist innerhalb von 10 Tagen nach Zusendung der Best\u00e4tigung zu zahlen. Die Anmeldegeb\u00fchr wird mit der Miete verrechnet. Der Rest der Miete muss bei oder vor Ihrer Anreise bezahlt sein.<\/p>\n<p>Sofern die Anmeldegeb\u00fchr von Ihnen nicht rechtzeitig bezahlt wird, sind wir berechtigt, Ihre Buchung zu annullieren. Sofern die Abschlusszahlung nicht erfolgt, z\u00e4hlt das wie eine Stornierung von Ihrer Seite und dann gelten die Stornierungsbestimmungen.<\/p>\n<p><strong>Stornierung<\/strong><\/p>\n<p>Sie k\u00f6nnen m\u00fcndlich oder schriftlich gegen\u00fcber einem Buchungsmitarbeiter stornieren (siehe Buchungsbest\u00e4tigung). Die Stornierung z\u00e4hlt nicht, sofern sie gegen\u00fcber Dritten erfolgt.<\/p>\n<p>Falls Sie fr\u00fcher als 40 Tage vor der Anreise stornieren, m\u00fcssen Sie lediglich eine Bearbeitungsgeb\u00fchr von 125 SEK sowie evtl. die Buchungsgeb\u00fchr bezahlen.<\/p>\n<p>Wird die Buchung 39 &#8211; 12 Tage vor der Anreise storniert, m\u00fcssen 25 % der Gesamtmiete bezahlt werden.<\/p>\n<p>Wird die Buchung 11 &#8211; 2 Tage vor der Anreise storniert, m\u00fcssen 90 % der Gesamtmiete bezahlt werden.<\/p>\n<p>Wird die Buchung 1 \u2013 0 Tage vor der Anreise storniert, m\u00fcssen 100 % der Gesamtmiete bezahlt werden.<\/p>\n<p>Sofern keine Stornierung erfolgt und das gebuchte Objekt vom Gast nicht in Anspruch genommen wird, ist der Campingplatz berechtigt, den gesamten Preis f\u00fcr die Buchung einzubehalten. \u00c4nderungen, die sich auf einen anderen Zeitpunkt oder ein anderes Objekt beziehen, sind als Stornierung und neue Buchung zu betrachten.<\/p>\n<p><strong>Zeiten zum Ein- und Auschecken<\/strong><\/p>\n<p>Die G\u00e4ste fur ein Ferienhaus k\u00f6nnen um 15.00 Uhr einchecken, und die G\u00e4ste fur ein Stellpllatz k\u00f6nnen um 12:00 uhr einchecken.\u00a0 Sie m\u00fcssen sp\u00e4testens um 12.00 Uhr ausgecheckt haben, sofern nicht etwas anderes vereinbart wurde. Sofern der Stellplatz oder das Ferienhaus\/Zimmer nicht rechtzeitig ger\u00e4umt sind, werden Ihnen eventuelle zus\u00e4tzliche Kosten, die dadurch entstehen, dass der n\u00e4chste Gast nicht rechtzeitig einchecken kann, in Rechnung gestellt.<\/p>\n<p><strong>Ordnungs- und Sicherheitsvorschriften<\/strong><\/p>\n<p>Auf dem Campingplatz gelten die Ordnungs- und Sicherheitsvorschriften von SCR. An einigen Orten kann es bestimmte Zusatzbestimmungen in Bezug auf die Platzierung der Einheiten auf dem Gel\u00e4nde, das Parken der Fahrzeuge, die Anordnung der Stromkabel, die Abflusstanks u.a.m. geben, denen beh\u00f6rdliche Auflagen zugrunde liegen.<\/p>\n<p>Ein Versto\u00df gegen die Ordnungs- und Sicherheitsvorschriften bedeutet, dass der Gast des Gel\u00e4ndes verwiesen werden kann.<\/p>\n<p><strong>Versicherungen<\/strong><\/p>\n<p>Sie sorgen selbst f\u00fcr den Ihrer Ansicht nach erforderlichen Schutz durch eine Haftpflicht-, Unfall- und Reisegep\u00e4ckversicherung. Wenn Sie mit g\u00fcltiger Camping Key Europe eingecheckt haben, gilt eine besondere Versicherung bei Unf\u00e4llen auf dem Campingplatz.<\/p>\n<p><strong>Haftung des Campingplatzes<\/strong><\/p>\n<p>Der Campingplatz haftet f\u00fcr Sch\u00e4den, die Ihnen durch nachweisliche Fahrl\u00e4ssigkeit des Leiters oder der Angestellten des Campingplatzes im Rahmen ihrer Dienstpflichten entstehen.<\/p>\n<p>Der Campingplatz kann nicht f\u00fcr Sch\u00e4den haftbar gemacht werden, die Ihnen durch Au\u00dfenstehende oder andere G\u00e4ste entstehen, auch nicht f\u00fcr Sch\u00e4den, auf die der Campingplatz keinen Einfluss hatte.<\/p>\n<p><strong>Beschwerden\/Reklamationen<\/strong><\/p>\n<p>Falls sich das gemietete Objekt nicht im versprochenen Zustand befindet, melden Sie dies bitte innerhalb von 24 Stunden nach Ihrer Anreise, damit wir die M\u00f6glichkeit haben, den Umstand zu beheben. M\u00e4ngel, die w\u00e4hrend des Aufenthaltes eintreten, teilen Sie uns bitte so bald wie m\u00f6glich mit.<\/p>\n<p><strong>Datenschutz<\/strong><\/p>\n<p>Wir behalten die folgenden Daten von Ihnen: Vorname, Nachname, E-Mail-Adresse, Pers\u00f6nliche Nummer, Adresse,\u00a0Postleitzahl,\u00a0Wohnort, Land und Telefonnummer.<\/p>\n<p>Wir verwenden nur die Daten f\u00fcr die Buchung und Kontakt mit dir \u00fcber die Buching. Wir teilen die Daten nicht mit anderen.<\/p>\n<p>Sie k\u00f6nnen uns anfragen eine \u00dcbersicht der Daten, \u00e4ndern oder l\u00f6schen der Daten.<\/p>","protected":false},"excerpt":{"rendered":"<p>Buchungsbedingungen und Datenschutzerkl\u00e4rung Von SCR empfohlen (2009). Bei einer Buchung unter SCR Online gelten andere Buchungsbedingungen. Allgemeines Der Campingplatz verwendet das System Camping Key Europe. Sie ben\u00f6tigen daher eine g\u00fcltige Camping Key Europe, um einen Campingstellplatz zu mieten, wenn dies &hellip; <a class=\"more-link\" href=\"https:\/\/otterbergetscamping.se\/de\/info-och-kontakt\/bokningsvillkor\/\">Weiterlesen <span class=\"meta-nav\">&rarr;<\/span><\/a><\/p>\n","protected":false},"author":1,"featured_media":0,"parent":98,"menu_order":7,"comment_status":"closed","ping_status":"open","template":"","meta":{"_monsterinsights_skip_tracking":false,"_monsterinsights_sitenote_active":false,"_monsterinsights_sitenote_note":"","_monsterinsights_sitenote_category":0,"footnotes":""},"class_list":["post-509","page","type-page","status-publish","hentry"],"yoast_head":"<!-- This site is optimized with the Yoast SEO plugin v27.3 - https:\/\/yoast.com\/product\/yoast-seo-wordpress\/ -->\n<title>Bedingungen und Datenschutzerkl\u00e4rung - Otterbergets Bad och Camping<\/title>\n<meta name=\"robots\" content=\"index, follow, max-snippet:-1, max-image-preview:large, max-video-preview:-1\" \/>\n<link rel=\"canonical\" href=\"https:\/\/otterbergetscamping.se\/de\/info-och-kontakt\/bokningsvillkor\/\" \/>\n<meta property=\"og:locale\" content=\"de_DE\" \/>\n<meta property=\"og:type\" content=\"article\" \/>\n<meta property=\"og:title\" content=\"Bedingungen und Datenschutzerkl\u00e4rung - Otterbergets Bad och Camping\" \/>\n<meta property=\"og:description\" content=\"Buchungsbedingungen und Datenschutzerkl\u00e4rung Von SCR empfohlen (2009). Bei einer Buchung unter SCR Online gelten andere Buchungsbedingungen. Allgemeines Der Campingplatz verwendet das System Camping Key Europe. Sie ben\u00f6tigen daher eine g\u00fcltige Camping Key Europe, um einen Campingstellplatz zu mieten, wenn dies &hellip; Weiterlesen &rarr;\" \/>\n<meta property=\"og:url\" content=\"https:\/\/otterbergetscamping.se\/de\/info-och-kontakt\/bokningsvillkor\/\" \/>\n<meta property=\"og:site_name\" content=\"Otterbergets Bad och Camping\" \/>\n<meta property=\"article:modified_time\" content=\"2020-08-03T16:01:42+00:00\" \/>\n<meta name=\"twitter:card\" content=\"summary_large_image\" \/>\n<meta name=\"twitter:label1\" content=\"Gesch\u00e4tzte Lesezeit\" \/>\n\t<meta name=\"twitter:data1\" content=\"13\u00a0Minuten\" \/>\n<script type=\"application\/ld+json\" class=\"yoast-schema-graph\">{\"@context\":\"https:\\\/\\\/schema.org\",\"@graph\":[{\"@type\":\"WebPage\",\"@id\":\"https:\\\/\\\/otterbergetscamping.se\\\/de\\\/info-och-kontakt\\\/bokningsvillkor\\\/\",\"url\":\"https:\\\/\\\/otterbergetscamping.se\\\/de\\\/info-och-kontakt\\\/bokningsvillkor\\\/\",\"name\":\"Bedingungen und Datenschutzerkl\u00e4rung - Otterbergets Bad och Camping\",\"isPartOf\":{\"@id\":\"https:\\\/\\\/otterbergetscamping.se\\\/de\\\/#website\"},\"datePublished\":\"2015-12-14T19:42:45+00:00\",\"dateModified\":\"2020-08-03T16:01:42+00:00\",\"breadcrumb\":{\"@id\":\"https:\\\/\\\/otterbergetscamping.se\\\/de\\\/info-och-kontakt\\\/bokningsvillkor\\\/#breadcrumb\"},\"inLanguage\":\"de\",\"potentialAction\":[{\"@type\":\"ReadAction\",\"target\":[[\"https:\\\/\\\/otterbergetscamping.se\\\/de\\\/info-och-kontakt\\\/bokningsvillkor\\\/\"]]}]},{\"@type\":\"BreadcrumbList\",\"@id\":\"https:\\\/\\\/otterbergetscamping.se\\\/de\\\/info-och-kontakt\\\/bokningsvillkor\\\/#breadcrumb\",\"itemListElement\":[{\"@type\":\"ListItem\",\"position\":1,\"name\":\"Home\",\"item\":\"https:\\\/\\\/otterbergetscamping.se\\\/de\\\/\"},{\"@type\":\"ListItem\",\"position\":2,\"name\":\"Info och kontakt\",\"item\":\"https:\\\/\\\/otterbergetscamping.se\\\/de\\\/info-och-kontakt\\\/\"},{\"@type\":\"ListItem\",\"position\":3,\"name\":\"Bokningsvillkor och integritetspolicy\"}]},{\"@type\":\"WebSite\",\"@id\":\"https:\\\/\\\/otterbergetscamping.se\\\/de\\\/#website\",\"url\":\"https:\\\/\\\/otterbergetscamping.se\\\/de\\\/\",\"name\":\"Otterbergets Bad och Camping\",\"description\":\"\",\"potentialAction\":[{\"@type\":\"SearchAction\",\"target\":{\"@type\":\"EntryPoint\",\"urlTemplate\":\"https:\\\/\\\/otterbergetscamping.se\\\/de\\\/?s={search_term_string}\"},\"query-input\":{\"@type\":\"PropertyValueSpecification\",\"valueRequired\":true,\"valueName\":\"search_term_string\"}}],\"inLanguage\":\"de\"}]}<\/script>\n<!-- \/ Yoast SEO plugin. -->","yoast_head_json":{"title":"Bedingungen und Datenschutzerkl\u00e4rung - Otterbergets Bad och Camping","robots":{"index":"index","follow":"follow","max-snippet":"max-snippet:-1","max-image-preview":"max-image-preview:large","max-video-preview":"max-video-preview:-1"},"canonical":"https:\/\/otterbergetscamping.se\/de\/info-och-kontakt\/bokningsvillkor\/","og_locale":"de_DE","og_type":"article","og_title":"Bedingungen und Datenschutzerkl\u00e4rung - Otterbergets Bad och Camping","og_description":"Buchungsbedingungen und Datenschutzerkl\u00e4rung Von SCR empfohlen (2009). Bei einer Buchung unter SCR Online gelten andere Buchungsbedingungen. Allgemeines Der Campingplatz verwendet das System Camping Key Europe. Sie ben\u00f6tigen daher eine g\u00fcltige Camping Key Europe, um einen Campingstellplatz zu mieten, wenn dies &hellip; Weiterlesen &rarr;","og_url":"https:\/\/otterbergetscamping.se\/de\/info-och-kontakt\/bokningsvillkor\/","og_site_name":"Otterbergets Bad och Camping","article_modified_time":"2020-08-03T16:01:42+00:00","twitter_card":"summary_large_image","twitter_misc":{"Gesch\u00e4tzte Lesezeit":"13\u00a0Minuten"},"schema":{"@context":"https:\/\/schema.org","@graph":[{"@type":"WebPage","@id":"https:\/\/otterbergetscamping.se\/de\/info-och-kontakt\/bokningsvillkor\/","url":"https:\/\/otterbergetscamping.se\/de\/info-och-kontakt\/bokningsvillkor\/","name":"Bedingungen und Datenschutzerkl\u00e4rung - Otterbergets Bad och Camping","isPartOf":{"@id":"https:\/\/otterbergetscamping.se\/de\/#website"},"datePublished":"2015-12-14T19:42:45+00:00","dateModified":"2020-08-03T16:01:42+00:00","breadcrumb":{"@id":"https:\/\/otterbergetscamping.se\/de\/info-och-kontakt\/bokningsvillkor\/#breadcrumb"},"inLanguage":"de","potentialAction":[{"@type":"ReadAction","target":[["https:\/\/otterbergetscamping.se\/de\/info-och-kontakt\/bokningsvillkor\/"]]}]},{"@type":"BreadcrumbList","@id":"https:\/\/otterbergetscamping.se\/de\/info-och-kontakt\/bokningsvillkor\/#breadcrumb","itemListElement":[{"@type":"ListItem","position":1,"name":"Home","item":"https:\/\/otterbergetscamping.se\/de\/"},{"@type":"ListItem","position":2,"name":"Info och kontakt","item":"https:\/\/otterbergetscamping.se\/de\/info-och-kontakt\/"},{"@type":"ListItem","position":3,"name":"Bokningsvillkor och integritetspolicy"}]},{"@type":"WebSite","@id":"https:\/\/otterbergetscamping.se\/de\/#website","url":"https:\/\/otterbergetscamping.se\/de\/","name":"Otterbergets Bad och Camping","description":"","potentialAction":[{"@type":"SearchAction","target":{"@type":"EntryPoint","urlTemplate":"https:\/\/otterbergetscamping.se\/de\/?s={search_term_string}"},"query-input":{"@type":"PropertyValueSpecification","valueRequired":true,"valueName":"search_term_string"}}],"inLanguage":"de"}]}},"_links":{"self":[{"href":"https:\/\/otterbergetscamping.se\/de\/wp-json\/wp\/v2\/pages\/509","targetHints":{"allow":["GET"]}}],"collection":[{"href":"https:\/\/otterbergetscamping.se\/de\/wp-json\/wp\/v2\/pages"}],"about":[{"href":"https:\/\/otterbergetscamping.se\/de\/wp-json\/wp\/v2\/types\/page"}],"author":[{"embeddable":true,"href":"https:\/\/otterbergetscamping.se\/de\/wp-json\/wp\/v2\/users\/1"}],"replies":[{"embeddable":true,"href":"https:\/\/otterbergetscamping.se\/de\/wp-json\/wp\/v2\/comments?post=509"}],"version-history":[{"count":0,"href":"https:\/\/otterbergetscamping.se\/de\/wp-json\/wp\/v2\/pages\/509\/revisions"}],"up":[{"embeddable":true,"href":"https:\/\/otterbergetscamping.se\/de\/wp-json\/wp\/v2\/pages\/98"}],"wp:attachment":[{"href":"https:\/\/otterbergetscamping.se\/de\/wp-json\/wp\/v2\/media?parent=509"}],"curies":[{"name":"wp","href":"https:\/\/api.w.org\/{rel}","templated":true}]}}