{"id":5,"date":"2014-04-27T12:15:56","date_gmt":"2014-04-27T12:15:56","guid":{"rendered":"http:\/\/otterbergetscamping.se\/?page_id=5"},"modified":"2025-11-23T13:51:50","modified_gmt":"2025-11-23T13:51:50","slug":"welcome","status":"publish","type":"page","link":"https:\/\/otterbergetscamping.se\/de\/","title":{"rendered":"Camping"},"content":{"rendered":"<p><\/p>\n<h1><span style=\"color: #ff9a00;\">Otterbergets Bad &amp; Camping in Schweden<\/span><\/h1>\n<p><img loading=\"lazy\" decoding=\"async\" class=\"alignleft wp-image-910\" src=\"https:\/\/otterbergetscamping.se\/wp-content\/uploads\/2017\/12\/foto-welkom-300x200.jpg\" alt=\"\" width=\"225\" height=\"150\" data-id=\"27\" srcset=\"https:\/\/otterbergetscamping.se\/wp-content\/uploads\/2017\/12\/foto-welkom-300x200.jpg 300w, https:\/\/otterbergetscamping.se\/wp-content\/uploads\/2017\/12\/foto-welkom-768x513.jpg 768w, https:\/\/otterbergetscamping.se\/wp-content\/uploads\/2017\/12\/foto-welkom-1024x684.jpg 1024w, https:\/\/otterbergetscamping.se\/wp-content\/uploads\/2017\/12\/foto-welkom-449x300.jpg 449w\" sizes=\"auto, (max-width: 225px) 100vw, 225px\" \/><\/p>\n<p>Wir, Kees und Lydia, sind stolze Besitzer von Otterbergets Bad och Camping. Der Campingplatz liegt nordwestlich von Tiveden an der Aussenkante von gr\u00fcnen W\u00e4ldern am sch\u00f6nen gro\u00dfen See Skagern. Ueber einen kurzen Waldweg (ca. 120 m) kommt man zum herrlichen kilometerlangen Sandstrand. Dort ist eine Liegewiese mit viel Platz f\u00fcr viele Aktivit\u00e4ten. \u00dcber den Sandstrand gelangt zun\u00e4chst ins flache Wasser, somit perfekt f\u00fcr Kinder.<\/p>\n<p>F\u00fcr Wanderer gibt es die ersten markierten Wanderpfade direkt an unserem Campingplatz. Deshalb ist es m\u00f6glich, dass Sie schon am ersten Tag von Angesicht zu Angesicht mit einem der vielen Tiere, die hier in der N\u00e4he wohnen, Kontakt bekommen oder aber mit dem Blick nach unten gerichtet und Hunger im Bauch Beeren und Pilze entdecken.<\/p>\n<p><strong>H\u00f6hepunkter<\/strong><\/p>\n<p>Der Aufenthalt auf Otterbergets Bad och Camping bietet auf Ihrer Reise viele H\u00f6hepunkte, insbesondere Erholung, Natur, Ruhe, Kultur und nat\u00fcrlich Wasser und Strand. Schwedens zwanzig gr\u00f6\u00dfter See hat eine Fl\u00e4che von 131 km2 und somit einen Umfang von mehr als 100 Kilometern. Natuerlich ist der See nicht nur zum Schwimmen bestens geeignet, sondern auch Surfen, Paddeln, Segeln und <a href=\"https:\/\/otterbergetscamping.se\/de\/batar-och-kanoter\/batar\/\">Motorbootfahren<\/a> wird hier angeboten. Deshalb befindet sich direkt im Anschluss an den Campingplatz eine der wenigen Bootsrampen des Skagerns. Nicht nur im Skagern gibt es hervorragende <a href=\"https:\/\/otterbergetscamping.se\/de\/utflykter\/vissen\/\">Angelm\u00f6glichkeiten<\/a>, auch viele in der N\u00e4he gelegene Seen bieten diesen Sport an. Wenn Sie die Gegend zu Fuss, mit dem Fahrrad oder auf dem Pferder\u00fccken erleben wollen, halten wir in Zusammenarbeit mit anderen lokalen Betrieben spezielle Paketangebote bereit.<iframe loading=\"lazy\" style=\"border: 8px solid #ffffff; display: inline; float: right; margin-left: 24px; margin-top: 4px; margin-bottom: 10px;\" src=\"https:\/\/www.youtube.com\/embed\/vr6zupfXVH0?rel=0\" width=\"280\" height=\"157\" allowfullscreen=\"allowfullscreen\"><\/iframe><\/p>\n<p>W\u00e4hrend der ganzen Saison werden verschiedene Veranstaltungen auf unserem Campingplatz und der Umgebung angeboten und arrangiert.\u00a0 Im Juni feiern wir traditionell mit unseren Nachbarn das Mittsommerfest. Wiederkehrende H\u00f6hepunkte sind auch die internationalen Akkordeonfestivale und die Schallplattenb\u00f6rse. Wenn Sie eine dieser Veranstaltungen live miterleben wollen, ist es wichtig rechtzeitig zu buchen.<\/p>\n<p><strong>Nachhaltig<\/strong><\/p>\n<p>Die Nachhaltigkeit ist uns in unserem Betrieb sehr wichtig und liegt uns am Herzen. Wir haben gr\u00fcne Energie durch unsere eigene Sonnenenergieanlage, die durch Windkraft komplettiert wird, was bedeutet, dass Warmwasser nach dem neuesten Energiestandard aufgew\u00e4rmt wird. Selbstverst\u00e4ndlich ist hierbei auch LED-Beleuchtung und eine strikte Abfalltrennung zu erw\u00e4hnen. Letzteres f\u00fchrt dazu, dass alle bei uns abgegebenen PET-Flaschen und Getr\u00e4nkedosen f\u00fcr gemeinn\u00fctzige Zwecke im In- und\u00a0 Ausland gespendet werden. Weitere Informationen zu unserer verantwortungsvollen Gesch\u00e4ftsf\u00fchrung finden Sie unter <u><a href=\"https:\/\/hallbarhetsklivet.se\/initiativ\/otterbergets-bad-camping\/\" target=\"_blank\" rel=\"noopener\">H\u00e5llbarhetsklivet.se<\/a>.<\/u><\/p>\n<p><strong>Lage<\/strong><\/p>\n<p>Otterbergets Bad och Camping liegt zwischen <a href=\"https:\/\/otterbergetscamping.se\/info-och-kontakt\/resvag\/\"><span style=\"text-decoration: underline;\">G\u00f6teborg und Stockholm<\/span><\/a>, ca. drei Kilometer von der Europastrasse E 20 entfernt. Der Campingplatz ist von der E 20 ausgeschildert, ca. vier Kilometer n\u00f6rdlich von Hova.<\/p>\n<p>In unmittelbarer Umgebung liegen Attraktionen wie zum Beispiel: der Nationalpark Tiveden, der G\u00f6takanal, die Karlsborgfestung und S\u00f6dra R\u00e5das Historischer Kirchplatz.<\/p>\n<p><a href=\"https:\/\/otterbergetscamping.se\/welcome\/husdjur\/\"><span style=\"text-decoration: underline;\">Haustiere sind auf unserem Campingplatz willkommen<\/span><\/a>, wenn sie Frauchen oder Herrchen an der Leine haben. Wir bieten auch die M\u00f6glichkeit, nach Absprache, Ihr Tier w\u00e4hrend eines Ausfluges zu betreuen.<\/p>\n<p>Vom 17. April bis zum 3. November 2026 sind wir f\u00fcr Sie da und heissen Sie herzlich willkommen.<\/p>\n<p>Kees und Lydia<\/p>\n<p>&nbsp;<\/p>\n<p>&nbsp;<\/p>","protected":false},"excerpt":{"rendered":"<p>Otterbergets Bad &amp; Camping in Schweden Wir, Kees und Lydia, sind stolze Besitzer von Otterbergets Bad och Camping. Der Campingplatz liegt nordwestlich von Tiveden an der Aussenkante von gr\u00fcnen W\u00e4ldern am sch\u00f6nen gro\u00dfen See Skagern. Ueber einen kurzen Waldweg (ca. &hellip; <a class=\"more-link\" href=\"https:\/\/otterbergetscamping.se\/de\/\">Weiterlesen <span class=\"meta-nav\">&rarr;<\/span><\/a><\/p>\n","protected":false},"author":1,"featured_media":219,"parent":0,"menu_order":0,"comment_status":"closed","ping_status":"open","template":"","meta":{"_monsterinsights_skip_tracking":false,"_monsterinsights_sitenote_active":false,"_monsterinsights_sitenote_note":"","_monsterinsights_sitenote_category":0,"footnotes":""},"class_list":["post-5","page","type-page","status-publish","has-post-thumbnail","hentry"],"yoast_head":"<!-- This site is optimized with the Yoast SEO plugin v27.3 - https:\/\/yoast.com\/product\/yoast-seo-wordpress\/ -->\n<title>Camping - Otterbergets Bad och Camping<\/title>\n<meta name=\"robots\" content=\"index, follow, max-snippet:-1, max-image-preview:large, max-video-preview:-1\" \/>\n<link rel=\"canonical\" href=\"https:\/\/otterbergetscamping.se\/de\/\" \/>\n<meta property=\"og:locale\" content=\"de_DE\" \/>\n<meta property=\"og:type\" content=\"article\" \/>\n<meta property=\"og:title\" content=\"Camping - Otterbergets Bad och Camping\" \/>\n<meta property=\"og:description\" content=\"Otterbergets Bad &amp; Camping in Schweden Wir, Kees und Lydia, sind stolze Besitzer von Otterbergets Bad och Camping. Der Campingplatz liegt nordwestlich von Tiveden an der Aussenkante von gr\u00fcnen W\u00e4ldern am sch\u00f6nen gro\u00dfen See Skagern. Ueber einen kurzen Waldweg (ca. &hellip; Weiterlesen &rarr;\" \/>\n<meta property=\"og:url\" content=\"https:\/\/otterbergetscamping.se\/de\/\" \/>\n<meta property=\"og:site_name\" content=\"Otterbergets Bad och Camping\" \/>\n<meta property=\"article:modified_time\" content=\"2025-11-23T13:51:50+00:00\" \/>\n<meta property=\"og:image\" content=\"https:\/\/otterbergetscamping.se\/wp-content\/uploads\/2014\/04\/right_content_image_top_welkom-e1430339383994.jpg\" \/>\n\t<meta property=\"og:image:width\" content=\"311\" \/>\n\t<meta property=\"og:image:height\" content=\"233\" \/>\n\t<meta property=\"og:image:type\" content=\"image\/jpeg\" \/>\n<meta name=\"twitter:card\" content=\"summary_large_image\" \/>\n<meta name=\"twitter:label1\" content=\"Gesch\u00e4tzte Lesezeit\" \/>\n\t<meta name=\"twitter:data1\" content=\"3\u00a0Minuten\" \/>\n<script type=\"application\/ld+json\" class=\"yoast-schema-graph\">{\"@context\":\"https:\\\/\\\/schema.org\",\"@graph\":[{\"@type\":\"WebPage\",\"@id\":\"https:\\\/\\\/otterbergetscamping.se\\\/de\\\/\",\"url\":\"https:\\\/\\\/otterbergetscamping.se\\\/de\\\/\",\"name\":\"Camping - Otterbergets Bad och Camping\",\"isPartOf\":{\"@id\":\"https:\\\/\\\/otterbergetscamping.se\\\/de\\\/#website\"},\"primaryImageOfPage\":{\"@id\":\"https:\\\/\\\/otterbergetscamping.se\\\/de\\\/#primaryimage\"},\"image\":{\"@id\":\"https:\\\/\\\/otterbergetscamping.se\\\/#primaryimage\"},\"thumbnailUrl\":\"https:\\\/\\\/otterbergetscamping.se\\\/wp-content\\\/uploads\\\/2014\\\/04\\\/right_content_image_top_welkom-e1430339383994.jpg\",\"datePublished\":\"2014-04-27T12:15:56+00:00\",\"dateModified\":\"2025-11-23T13:51:50+00:00\",\"breadcrumb\":{\"@id\":\"https:\\\/\\\/otterbergetscamping.se\\\/de\\\/#breadcrumb\"},\"inLanguage\":\"de\",\"potentialAction\":[{\"@type\":\"ReadAction\",\"target\":[[\"https:\\\/\\\/otterbergetscamping.se\\\/de\\\/\"]]}]},{\"@type\":\"ImageObject\",\"inLanguage\":\"de\",\"@id\":\"https:\\\/\\\/otterbergetscamping.se\\\/de\\\/#primaryimage\",\"url\":\"https:\\\/\\\/otterbergetscamping.se\\\/wp-content\\\/uploads\\\/2014\\\/04\\\/right_content_image_top_welkom-e1430339383994.jpg\",\"contentUrl\":\"https:\\\/\\\/otterbergetscamping.se\\\/wp-content\\\/uploads\\\/2014\\\/04\\\/right_content_image_top_welkom-e1430339383994.jpg\",\"width\":311,\"height\":233},{\"@type\":\"BreadcrumbList\",\"@id\":\"https:\\\/\\\/otterbergetscamping.se\\\/de\\\/#breadcrumb\",\"itemListElement\":[{\"@type\":\"ListItem\",\"position\":1,\"name\":\"Home\",\"item\":\"https:\\\/\\\/otterbergetscamping.se\\\/de\\\/\"},{\"@type\":\"ListItem\",\"position\":2,\"name\":\"Camping\"}]},{\"@type\":\"WebSite\",\"@id\":\"https:\\\/\\\/otterbergetscamping.se\\\/de\\\/#website\",\"url\":\"https:\\\/\\\/otterbergetscamping.se\\\/de\\\/\",\"name\":\"Otterbergets Bad och Camping\",\"description\":\"\",\"potentialAction\":[{\"@type\":\"SearchAction\",\"target\":{\"@type\":\"EntryPoint\",\"urlTemplate\":\"https:\\\/\\\/otterbergetscamping.se\\\/de\\\/?s={search_term_string}\"},\"query-input\":{\"@type\":\"PropertyValueSpecification\",\"valueRequired\":true,\"valueName\":\"search_term_string\"}}],\"inLanguage\":\"de\"}]}<\/script>\n<!-- \/ Yoast SEO plugin. -->","yoast_head_json":{"title":"Camping - Otterbergets Bad och Camping","robots":{"index":"index","follow":"follow","max-snippet":"max-snippet:-1","max-image-preview":"max-image-preview:large","max-video-preview":"max-video-preview:-1"},"canonical":"https:\/\/otterbergetscamping.se\/de\/","og_locale":"de_DE","og_type":"article","og_title":"Camping - Otterbergets Bad och Camping","og_description":"Otterbergets Bad &amp; Camping in Schweden Wir, Kees und Lydia, sind stolze Besitzer von Otterbergets Bad och Camping. Der Campingplatz liegt nordwestlich von Tiveden an der Aussenkante von gr\u00fcnen W\u00e4ldern am sch\u00f6nen gro\u00dfen See Skagern. Ueber einen kurzen Waldweg (ca. &hellip; Weiterlesen &rarr;","og_url":"https:\/\/otterbergetscamping.se\/de\/","og_site_name":"Otterbergets Bad och Camping","article_modified_time":"2025-11-23T13:51:50+00:00","og_image":[{"width":311,"height":233,"url":"https:\/\/otterbergetscamping.se\/wp-content\/uploads\/2014\/04\/right_content_image_top_welkom-e1430339383994.jpg","type":"image\/jpeg"}],"twitter_card":"summary_large_image","twitter_misc":{"Gesch\u00e4tzte Lesezeit":"3\u00a0Minuten"},"schema":{"@context":"https:\/\/schema.org","@graph":[{"@type":"WebPage","@id":"https:\/\/otterbergetscamping.se\/de\/","url":"https:\/\/otterbergetscamping.se\/de\/","name":"Camping - Otterbergets Bad och Camping","isPartOf":{"@id":"https:\/\/otterbergetscamping.se\/de\/#website"},"primaryImageOfPage":{"@id":"https:\/\/otterbergetscamping.se\/de\/#primaryimage"},"image":{"@id":"https:\/\/otterbergetscamping.se\/#primaryimage"},"thumbnailUrl":"https:\/\/otterbergetscamping.se\/wp-content\/uploads\/2014\/04\/right_content_image_top_welkom-e1430339383994.jpg","datePublished":"2014-04-27T12:15:56+00:00","dateModified":"2025-11-23T13:51:50+00:00","breadcrumb":{"@id":"https:\/\/otterbergetscamping.se\/de\/#breadcrumb"},"inLanguage":"de","potentialAction":[{"@type":"ReadAction","target":[["https:\/\/otterbergetscamping.se\/de\/"]]}]},{"@type":"ImageObject","inLanguage":"de","@id":"https:\/\/otterbergetscamping.se\/de\/#primaryimage","url":"https:\/\/otterbergetscamping.se\/wp-content\/uploads\/2014\/04\/right_content_image_top_welkom-e1430339383994.jpg","contentUrl":"https:\/\/otterbergetscamping.se\/wp-content\/uploads\/2014\/04\/right_content_image_top_welkom-e1430339383994.jpg","width":311,"height":233},{"@type":"BreadcrumbList","@id":"https:\/\/otterbergetscamping.se\/de\/#breadcrumb","itemListElement":[{"@type":"ListItem","position":1,"name":"Home","item":"https:\/\/otterbergetscamping.se\/de\/"},{"@type":"ListItem","position":2,"name":"Camping"}]},{"@type":"WebSite","@id":"https:\/\/otterbergetscamping.se\/de\/#website","url":"https:\/\/otterbergetscamping.se\/de\/","name":"Otterbergets Bad och Camping","description":"","potentialAction":[{"@type":"SearchAction","target":{"@type":"EntryPoint","urlTemplate":"https:\/\/otterbergetscamping.se\/de\/?s={search_term_string}"},"query-input":{"@type":"PropertyValueSpecification","valueRequired":true,"valueName":"search_term_string"}}],"inLanguage":"de"}]}},"_links":{"self":[{"href":"https:\/\/otterbergetscamping.se\/de\/wp-json\/wp\/v2\/pages\/5","targetHints":{"allow":["GET"]}}],"collection":[{"href":"https:\/\/otterbergetscamping.se\/de\/wp-json\/wp\/v2\/pages"}],"about":[{"href":"https:\/\/otterbergetscamping.se\/de\/wp-json\/wp\/v2\/types\/page"}],"author":[{"embeddable":true,"href":"https:\/\/otterbergetscamping.se\/de\/wp-json\/wp\/v2\/users\/1"}],"replies":[{"embeddable":true,"href":"https:\/\/otterbergetscamping.se\/de\/wp-json\/wp\/v2\/comments?post=5"}],"version-history":[{"count":34,"href":"https:\/\/otterbergetscamping.se\/de\/wp-json\/wp\/v2\/pages\/5\/revisions"}],"predecessor-version":[{"id":1674,"href":"https:\/\/otterbergetscamping.se\/de\/wp-json\/wp\/v2\/pages\/5\/revisions\/1674"}],"wp:featuredmedia":[{"embeddable":true,"href":"https:\/\/otterbergetscamping.se\/de\/wp-json\/wp\/v2\/media\/219"}],"wp:attachment":[{"href":"https:\/\/otterbergetscamping.se\/de\/wp-json\/wp\/v2\/media?parent=5"}],"curies":[{"name":"wp","href":"https:\/\/api.w.org\/{rel}","templated":true}]}}