{"id":1611,"date":"2025-02-16T13:22:28","date_gmt":"2025-02-16T13:22:28","guid":{"rendered":"https:\/\/otterbergetscamping.se\/?page_id=1611"},"modified":"2025-02-16T13:22:28","modified_gmt":"2025-02-16T13:22:28","slug":"standuppaddling","status":"publish","type":"page","link":"https:\/\/otterbergetscamping.se\/de\/batar-och-kanoter\/standuppaddling\/","title":{"rendered":"Standup-Paddeln"},"content":{"rendered":"<p><img loading=\"lazy\" decoding=\"async\" class=\"alignleft size-medium wp-image-1615\" src=\"https:\/\/otterbergetscamping.se\/wp-content\/uploads\/2025\/02\/20240920_133045-225x300.jpg\" alt=\"Standuppaddling\" width=\"225\" height=\"300\" srcset=\"https:\/\/otterbergetscamping.se\/wp-content\/uploads\/2025\/02\/20240920_133045-225x300.jpg 225w, https:\/\/otterbergetscamping.se\/wp-content\/uploads\/2025\/02\/20240920_133045-768x1024.jpg 768w, https:\/\/otterbergetscamping.se\/wp-content\/uploads\/2025\/02\/20240920_133045-1152x1536.jpg 1152w, https:\/\/otterbergetscamping.se\/wp-content\/uploads\/2025\/02\/20240920_133045-1536x2048.jpg 1536w, https:\/\/otterbergetscamping.se\/wp-content\/uploads\/2025\/02\/20240920_133045-scaled.jpg 1920w\" sizes=\"auto, (max-width: 225px) 100vw, 225px\" \/>Skagern ist ein wundersch\u00f6ner See, auf dem man auf einem Paddleboard stehend in aller Ruhe die K\u00fcste erkunden kann. Auf unserem Campingplatz k\u00f6nnt ihr eines unserer beiden Paddleboards inklusive Schwimmweste ausleihen.<\/p>\n<p>Unsere Boards sind f\u00fcr 1 Person bis 180 Kilogramm und ab 14 Jahren geeignet. F\u00fcr Minderj\u00e4hrige ist die Erlaubnis eines Erwachsenen erforderlich. Die Anmietung erfolgt jeweils f\u00fcr zwei zusammenh\u00e4ngende Stunden und ist in der Zeit von 9.00 Uhr bis l\u00e4ngstens 20.00 Uhr m\u00f6glich. Reservierungen sind nur am jeweiligen Tag m\u00f6glich. Je nach Witterungsverh\u00e4ltnissen behalten wir uns eine Nichtvermietung vor.<\/p>\n<p>Die Mietpreise k\u00f6nnen Sie unserer <a href=\"https:\/\/otterbergetscamping.se\/info-och-kontakt\/priser\/\">Preis\u00fcbersicht<\/a> entnehmen.<\/p>","protected":false},"excerpt":{"rendered":"<p>Skagern ist ein wundersch\u00f6ner See, auf dem man auf einem Paddleboard stehend in aller Ruhe die K\u00fcste erkunden kann. Auf unserem Campingplatz k\u00f6nnt ihr eines unserer beiden Paddleboards inklusive Schwimmweste ausleihen. Unsere Boards sind f\u00fcr 1 Person bis 180 Kilogramm &hellip; <a class=\"more-link\" href=\"https:\/\/otterbergetscamping.se\/de\/batar-och-kanoter\/standuppaddling\/\">Weiterlesen <span class=\"meta-nav\">&rarr;<\/span><\/a><\/p>\n","protected":false},"author":1,"featured_media":0,"parent":954,"menu_order":8,"comment_status":"closed","ping_status":"closed","template":"","meta":{"_monsterinsights_skip_tracking":false,"_monsterinsights_sitenote_active":false,"_monsterinsights_sitenote_note":"","_monsterinsights_sitenote_category":0,"footnotes":""},"class_list":["post-1611","page","type-page","status-publish","hentry"],"yoast_head":"<!-- This site is optimized with the Yoast SEO plugin v27.3 - https:\/\/yoast.com\/product\/yoast-seo-wordpress\/ -->\n<title>Standup-Paddeln - Otterbergets Bad och Camping<\/title>\n<meta name=\"robots\" content=\"index, follow, max-snippet:-1, max-image-preview:large, max-video-preview:-1\" \/>\n<link rel=\"canonical\" href=\"https:\/\/otterbergetscamping.se\/de\/batar-och-kanoter\/standuppaddling\/\" \/>\n<meta property=\"og:locale\" content=\"de_DE\" \/>\n<meta property=\"og:type\" content=\"article\" \/>\n<meta property=\"og:title\" content=\"Standup-Paddeln - Otterbergets Bad och Camping\" \/>\n<meta property=\"og:description\" content=\"Skagern ist ein wundersch\u00f6ner See, auf dem man auf einem Paddleboard stehend in aller Ruhe die K\u00fcste erkunden kann. Auf unserem Campingplatz k\u00f6nnt ihr eines unserer beiden Paddleboards inklusive Schwimmweste ausleihen. Unsere Boards sind f\u00fcr 1 Person bis 180 Kilogramm &hellip; Weiterlesen &rarr;\" \/>\n<meta property=\"og:url\" content=\"https:\/\/otterbergetscamping.se\/de\/batar-och-kanoter\/standuppaddling\/\" \/>\n<meta property=\"og:site_name\" content=\"Otterbergets Bad och Camping\" \/>\n<meta property=\"og:image\" content=\"https:\/\/otterbergetscamping.se\/wp-content\/uploads\/2025\/02\/20240920_133045-scaled.jpg\" \/>\n\t<meta property=\"og:image:width\" content=\"1920\" \/>\n\t<meta property=\"og:image:height\" content=\"2560\" \/>\n\t<meta property=\"og:image:type\" content=\"image\/jpeg\" \/>\n<meta name=\"twitter:card\" content=\"summary_large_image\" \/>\n<meta name=\"twitter:label1\" content=\"Gesch\u00e4tzte Lesezeit\" \/>\n\t<meta name=\"twitter:data1\" content=\"1\u00a0Minute\" \/>\n<script type=\"application\/ld+json\" class=\"yoast-schema-graph\">{\"@context\":\"https:\\\/\\\/schema.org\",\"@graph\":[{\"@type\":\"WebPage\",\"@id\":\"https:\\\/\\\/otterbergetscamping.se\\\/de\\\/batar-och-kanoter\\\/standuppaddling\\\/\",\"url\":\"https:\\\/\\\/otterbergetscamping.se\\\/de\\\/batar-och-kanoter\\\/standuppaddling\\\/\",\"name\":\"Standup-Paddeln - Otterbergets Bad och Camping\",\"isPartOf\":{\"@id\":\"https:\\\/\\\/otterbergetscamping.se\\\/de\\\/#website\"},\"primaryImageOfPage\":{\"@id\":\"https:\\\/\\\/otterbergetscamping.se\\\/de\\\/batar-och-kanoter\\\/standuppaddling\\\/#primaryimage\"},\"image\":{\"@id\":\"https:\\\/\\\/otterbergetscamping.se\\\/batar-och-kanoter\\\/standuppaddling\\\/#primaryimage\"},\"thumbnailUrl\":\"https:\\\/\\\/otterbergetscamping.se\\\/wp-content\\\/uploads\\\/2025\\\/02\\\/20240920_133045-225x300.jpg\",\"datePublished\":\"2025-02-16T13:22:28+00:00\",\"breadcrumb\":{\"@id\":\"https:\\\/\\\/otterbergetscamping.se\\\/de\\\/batar-och-kanoter\\\/standuppaddling\\\/#breadcrumb\"},\"inLanguage\":\"de\",\"potentialAction\":[{\"@type\":\"ReadAction\",\"target\":[[\"https:\\\/\\\/otterbergetscamping.se\\\/de\\\/batar-och-kanoter\\\/standuppaddling\\\/\"]]}]},{\"@type\":\"ImageObject\",\"inLanguage\":\"de\",\"@id\":\"https:\\\/\\\/otterbergetscamping.se\\\/de\\\/batar-och-kanoter\\\/standuppaddling\\\/#primaryimage\",\"url\":\"https:\\\/\\\/otterbergetscamping.se\\\/wp-content\\\/uploads\\\/2025\\\/02\\\/20240920_133045-225x300.jpg\",\"contentUrl\":\"https:\\\/\\\/otterbergetscamping.se\\\/wp-content\\\/uploads\\\/2025\\\/02\\\/20240920_133045-225x300.jpg\"},{\"@type\":\"BreadcrumbList\",\"@id\":\"https:\\\/\\\/otterbergetscamping.se\\\/de\\\/batar-och-kanoter\\\/standuppaddling\\\/#breadcrumb\",\"itemListElement\":[{\"@type\":\"ListItem\",\"position\":1,\"name\":\"Home\",\"item\":\"https:\\\/\\\/otterbergetscamping.se\\\/de\\\/\"},{\"@type\":\"ListItem\",\"position\":2,\"name\":\"Boten en kano&#8217;s\",\"item\":\"https:\\\/\\\/otterbergetscamping.se\\\/de\\\/batar-och-kanoter\\\/\"},{\"@type\":\"ListItem\",\"position\":3,\"name\":\"Standup paddling\"}]},{\"@type\":\"WebSite\",\"@id\":\"https:\\\/\\\/otterbergetscamping.se\\\/de\\\/#website\",\"url\":\"https:\\\/\\\/otterbergetscamping.se\\\/de\\\/\",\"name\":\"Otterbergets Bad och Camping\",\"description\":\"\",\"potentialAction\":[{\"@type\":\"SearchAction\",\"target\":{\"@type\":\"EntryPoint\",\"urlTemplate\":\"https:\\\/\\\/otterbergetscamping.se\\\/de\\\/?s={search_term_string}\"},\"query-input\":{\"@type\":\"PropertyValueSpecification\",\"valueRequired\":true,\"valueName\":\"search_term_string\"}}],\"inLanguage\":\"de\"}]}<\/script>\n<!-- \/ Yoast SEO plugin. -->","yoast_head_json":{"title":"Standup-Paddeln - Otterbergets Bad och Camping","robots":{"index":"index","follow":"follow","max-snippet":"max-snippet:-1","max-image-preview":"max-image-preview:large","max-video-preview":"max-video-preview:-1"},"canonical":"https:\/\/otterbergetscamping.se\/de\/batar-och-kanoter\/standuppaddling\/","og_locale":"de_DE","og_type":"article","og_title":"Standup-Paddeln - Otterbergets Bad och Camping","og_description":"Skagern ist ein wundersch\u00f6ner See, auf dem man auf einem Paddleboard stehend in aller Ruhe die K\u00fcste erkunden kann. Auf unserem Campingplatz k\u00f6nnt ihr eines unserer beiden Paddleboards inklusive Schwimmweste ausleihen. Unsere Boards sind f\u00fcr 1 Person bis 180 Kilogramm &hellip; Weiterlesen &rarr;","og_url":"https:\/\/otterbergetscamping.se\/de\/batar-och-kanoter\/standuppaddling\/","og_site_name":"Otterbergets Bad och Camping","og_image":[{"width":1920,"height":2560,"url":"https:\/\/otterbergetscamping.se\/wp-content\/uploads\/2025\/02\/20240920_133045-scaled.jpg","type":"image\/jpeg"}],"twitter_card":"summary_large_image","twitter_misc":{"Gesch\u00e4tzte Lesezeit":"1\u00a0Minute"},"schema":{"@context":"https:\/\/schema.org","@graph":[{"@type":"WebPage","@id":"https:\/\/otterbergetscamping.se\/de\/batar-och-kanoter\/standuppaddling\/","url":"https:\/\/otterbergetscamping.se\/de\/batar-och-kanoter\/standuppaddling\/","name":"Standup-Paddeln - Otterbergets Bad och Camping","isPartOf":{"@id":"https:\/\/otterbergetscamping.se\/de\/#website"},"primaryImageOfPage":{"@id":"https:\/\/otterbergetscamping.se\/de\/batar-och-kanoter\/standuppaddling\/#primaryimage"},"image":{"@id":"https:\/\/otterbergetscamping.se\/batar-och-kanoter\/standuppaddling\/#primaryimage"},"thumbnailUrl":"https:\/\/otterbergetscamping.se\/wp-content\/uploads\/2025\/02\/20240920_133045-225x300.jpg","datePublished":"2025-02-16T13:22:28+00:00","breadcrumb":{"@id":"https:\/\/otterbergetscamping.se\/de\/batar-och-kanoter\/standuppaddling\/#breadcrumb"},"inLanguage":"de","potentialAction":[{"@type":"ReadAction","target":[["https:\/\/otterbergetscamping.se\/de\/batar-och-kanoter\/standuppaddling\/"]]}]},{"@type":"ImageObject","inLanguage":"de","@id":"https:\/\/otterbergetscamping.se\/de\/batar-och-kanoter\/standuppaddling\/#primaryimage","url":"https:\/\/otterbergetscamping.se\/wp-content\/uploads\/2025\/02\/20240920_133045-225x300.jpg","contentUrl":"https:\/\/otterbergetscamping.se\/wp-content\/uploads\/2025\/02\/20240920_133045-225x300.jpg"},{"@type":"BreadcrumbList","@id":"https:\/\/otterbergetscamping.se\/de\/batar-och-kanoter\/standuppaddling\/#breadcrumb","itemListElement":[{"@type":"ListItem","position":1,"name":"Home","item":"https:\/\/otterbergetscamping.se\/de\/"},{"@type":"ListItem","position":2,"name":"Boten en kano&#8217;s","item":"https:\/\/otterbergetscamping.se\/de\/batar-och-kanoter\/"},{"@type":"ListItem","position":3,"name":"Standup paddling"}]},{"@type":"WebSite","@id":"https:\/\/otterbergetscamping.se\/de\/#website","url":"https:\/\/otterbergetscamping.se\/de\/","name":"Otterbergets Bad och Camping","description":"","potentialAction":[{"@type":"SearchAction","target":{"@type":"EntryPoint","urlTemplate":"https:\/\/otterbergetscamping.se\/de\/?s={search_term_string}"},"query-input":{"@type":"PropertyValueSpecification","valueRequired":true,"valueName":"search_term_string"}}],"inLanguage":"de"}]}},"_links":{"self":[{"href":"https:\/\/otterbergetscamping.se\/de\/wp-json\/wp\/v2\/pages\/1611","targetHints":{"allow":["GET"]}}],"collection":[{"href":"https:\/\/otterbergetscamping.se\/de\/wp-json\/wp\/v2\/pages"}],"about":[{"href":"https:\/\/otterbergetscamping.se\/de\/wp-json\/wp\/v2\/types\/page"}],"author":[{"embeddable":true,"href":"https:\/\/otterbergetscamping.se\/de\/wp-json\/wp\/v2\/users\/1"}],"replies":[{"embeddable":true,"href":"https:\/\/otterbergetscamping.se\/de\/wp-json\/wp\/v2\/comments?post=1611"}],"version-history":[{"count":6,"href":"https:\/\/otterbergetscamping.se\/de\/wp-json\/wp\/v2\/pages\/1611\/revisions"}],"predecessor-version":[{"id":1618,"href":"https:\/\/otterbergetscamping.se\/de\/wp-json\/wp\/v2\/pages\/1611\/revisions\/1618"}],"up":[{"embeddable":true,"href":"https:\/\/otterbergetscamping.se\/de\/wp-json\/wp\/v2\/pages\/954"}],"wp:attachment":[{"href":"https:\/\/otterbergetscamping.se\/de\/wp-json\/wp\/v2\/media?parent=1611"}],"curies":[{"name":"wp","href":"https:\/\/api.w.org\/{rel}","templated":true}]}}