{"id":16,"date":"2014-04-27T13:06:04","date_gmt":"2014-04-27T13:06:04","guid":{"rendered":"http:\/\/otterbergetscamping.se\/?page_id=16"},"modified":"2022-07-24T18:06:57","modified_gmt":"2022-07-24T18:06:57","slug":"villavagnar","status":"publish","type":"page","link":"https:\/\/otterbergetscamping.se\/de\/boende\/villavagnar\/","title":{"rendered":"Standwohnwagen"},"content":{"rendered":"<p><span class=\"normal_text\">Otterbergets Bad &amp; Camping hat vier komfortable Standwohnwagen mit eigener Terrasse mit Sitzb\u00e4nken. Alle Standwohnwagen sind ausgestattet mit einer komplett eingerichteten K\u00fcche, inklusive Mikrowelle und Kaffeemaschine. Die Standwohnwagen verf\u00fcgen \u00fcber eine eigene Dusche und Toilette, Heizung und Fernsehapparat. Auch Bettdecken und Kissen sind vorhanden.<\/span><\/p>\n<p><strong>Standwohnwagen 1<\/strong><\/p>\n<p>In diesem reizenden vier Personen Wohnwagen k\u00f6nnen sogar bis zu f<span class=\"normal_text\">\u00fc<\/span><span class=\"normal_text\">nf Personen untergebracht werden. Er hat zwei einzelnen Schlafzimmern, wovon eines mit einem Hochbett und das andere mit einem Doppelbett ausgestattet ist. Das Sofa im Wohnzimmer kann in ein Schlafsofa umgeklappt werden.<\/span><\/p>\n<p><a href=\"https:\/\/otterbergetscamping.se\/wp-content\/uploads\/2019\/06\/stacaravan-1.jpg\"><img loading=\"lazy\" decoding=\"async\" class=\"alignnone wp-image-1119\" src=\"https:\/\/otterbergetscamping.se\/wp-content\/uploads\/2019\/06\/stacaravan-1-300x200.jpg\" alt=\"\" width=\"336\" height=\"224\" srcset=\"https:\/\/otterbergetscamping.se\/wp-content\/uploads\/2019\/06\/stacaravan-1-300x200.jpg 300w, https:\/\/otterbergetscamping.se\/wp-content\/uploads\/2019\/06\/stacaravan-1-768x512.jpg 768w, https:\/\/otterbergetscamping.se\/wp-content\/uploads\/2019\/06\/stacaravan-1-1024x683.jpg 1024w, https:\/\/otterbergetscamping.se\/wp-content\/uploads\/2019\/06\/stacaravan-1-450x300.jpg 450w\" sizes=\"auto, (max-width: 336px) 100vw, 336px\" \/><\/a> <a href=\"https:\/\/otterbergetscamping.se\/wp-content\/uploads\/2019\/06\/stacar-1-woon.jpg\"><img loading=\"lazy\" decoding=\"async\" class=\"alignright wp-image-1118\" src=\"https:\/\/otterbergetscamping.se\/wp-content\/uploads\/2019\/06\/stacar-1-woon-1024x683.jpg\" alt=\"\" width=\"336\" height=\"224\" srcset=\"https:\/\/otterbergetscamping.se\/wp-content\/uploads\/2019\/06\/stacar-1-woon-1024x683.jpg 1024w, https:\/\/otterbergetscamping.se\/wp-content\/uploads\/2019\/06\/stacar-1-woon-300x200.jpg 300w, https:\/\/otterbergetscamping.se\/wp-content\/uploads\/2019\/06\/stacar-1-woon-768x512.jpg 768w, https:\/\/otterbergetscamping.se\/wp-content\/uploads\/2019\/06\/stacar-1-woon-450x300.jpg 450w\" sizes=\"auto, (max-width: 336px) 100vw, 336px\" \/><\/a><\/p>\n<p><strong>Standwohnwagen 2<\/strong><\/p>\n<p><span class=\"normal_text\">Dieser vier bis f<\/span><span class=\"normal_text\">\u00fc<\/span><span class=\"normal_text\">nf Personen Wohnwagen hat ein einzelnes Schlafzimmer und ein Wohnzimmer mit zwei Sitzecken, die sich beide zu je einem bett umbauen lassen.<\/span><\/p>\n<p><a href=\"https:\/\/otterbergetscamping.se\/wp-content\/uploads\/2014\/04\/vv2-2.jpg\"><img loading=\"lazy\" decoding=\"async\" class=\"alignnone wp-image-887 \" src=\"https:\/\/otterbergetscamping.se\/wp-content\/uploads\/2014\/04\/vv2-2.jpg\" alt=\"\" width=\"302\" height=\"230\" \/><\/a><a href=\"https:\/\/otterbergetscamping.se\/wp-content\/uploads\/2019\/06\/stacaravan-2-woon.jpg\"><img loading=\"lazy\" decoding=\"async\" class=\"alignright wp-image-1120\" src=\"https:\/\/otterbergetscamping.se\/wp-content\/uploads\/2019\/06\/stacaravan-2-woon-1024x681.jpg\" alt=\"\" width=\"336\" height=\"224\" srcset=\"https:\/\/otterbergetscamping.se\/wp-content\/uploads\/2019\/06\/stacaravan-2-woon-1024x681.jpg 1024w, https:\/\/otterbergetscamping.se\/wp-content\/uploads\/2019\/06\/stacaravan-2-woon-300x200.jpg 300w, https:\/\/otterbergetscamping.se\/wp-content\/uploads\/2019\/06\/stacaravan-2-woon-768x511.jpg 768w, https:\/\/otterbergetscamping.se\/wp-content\/uploads\/2019\/06\/stacaravan-2-woon-451x300.jpg 451w\" sizes=\"auto, (max-width: 336px) 100vw, 336px\" \/><\/a><\/p>\n<p><strong>Standwohnwagen 3<\/strong><\/p>\n<p><span class=\"normal_text\">Auf dem Campingplatz befinden sich zwei dieser vier Personen Standwohnwagen. Diese sind ausgestattet mit je einem Schlafzimmer mit Doppelbett und einem Zweipersonen Schlafsofa in der K\u00fcche. <\/span><\/p>\n<p><span class=\"normal_text\"><a href=\"https:\/\/otterbergetscamping.se\/wp-content\/uploads\/2019\/06\/vv3-2.jpg\"><img loading=\"lazy\" decoding=\"async\" class=\"alignnone wp-image-1121\" src=\"https:\/\/otterbergetscamping.se\/wp-content\/uploads\/2019\/06\/vv3-2-300x200.jpg\" alt=\"\" width=\"336\" height=\"224\" srcset=\"https:\/\/otterbergetscamping.se\/wp-content\/uploads\/2019\/06\/vv3-2-300x200.jpg 300w, https:\/\/otterbergetscamping.se\/wp-content\/uploads\/2019\/06\/vv3-2-768x512.jpg 768w, https:\/\/otterbergetscamping.se\/wp-content\/uploads\/2019\/06\/vv3-2-1024x683.jpg 1024w, https:\/\/otterbergetscamping.se\/wp-content\/uploads\/2019\/06\/vv3-2-450x300.jpg 450w\" sizes=\"auto, (max-width: 336px) 100vw, 336px\" \/><\/a><\/span><\/p>\n<p class=\"normal_text\"><strong>Tarife und buchen<\/strong><br \/>\n<span class=\"normal_text\"><br \/>\n<\/span>Klick hier f\u00fcr eine komplette <a class=\"normal_text\" href=\"https:\/\/otterbergetscamping.se\/de\/info-och-kontakt\/priser\/\">Tarif\u00fcbersicht<\/a>.<\/p>\n<p>Reservieren ist m\u00f6glich durch ausf\u00fcllen des <a class=\"normal_text\" href=\"https:\/\/otterbergetscamping.se\/de\/info-och-kontakt\/boka\/\">Reservierungsformular<\/a>.<\/p>","protected":false},"excerpt":{"rendered":"<p>Otterbergets Bad &amp; Camping hat vier komfortable Standwohnwagen mit eigener Terrasse mit Sitzb\u00e4nken. Alle Standwohnwagen sind ausgestattet mit einer komplett eingerichteten K\u00fcche, inklusive Mikrowelle und Kaffeemaschine. Die Standwohnwagen verf\u00fcgen \u00fcber eine eigene Dusche und Toilette, Heizung und Fernsehapparat. Auch Bettdecken &hellip; <a class=\"more-link\" href=\"https:\/\/otterbergetscamping.se\/de\/boende\/villavagnar\/\">Weiterlesen <span class=\"meta-nav\">&rarr;<\/span><\/a><\/p>\n","protected":false},"author":1,"featured_media":229,"parent":20,"menu_order":2,"comment_status":"closed","ping_status":"closed","template":"","meta":{"_monsterinsights_skip_tracking":false,"_monsterinsights_sitenote_active":false,"_monsterinsights_sitenote_note":"","_monsterinsights_sitenote_category":0,"footnotes":""},"class_list":["post-16","page","type-page","status-publish","has-post-thumbnail","hentry"],"yoast_head":"<!-- This site is optimized with the Yoast SEO plugin v27.3 - https:\/\/yoast.com\/product\/yoast-seo-wordpress\/ -->\n<title>Standwohnwagen - Otterbergets Bad och Camping<\/title>\n<meta name=\"robots\" content=\"index, follow, max-snippet:-1, max-image-preview:large, max-video-preview:-1\" \/>\n<link rel=\"canonical\" href=\"https:\/\/otterbergetscamping.se\/de\/boende\/villavagnar\/\" \/>\n<meta property=\"og:locale\" content=\"de_DE\" \/>\n<meta property=\"og:type\" content=\"article\" \/>\n<meta property=\"og:title\" content=\"Standwohnwagen - Otterbergets Bad och Camping\" \/>\n<meta property=\"og:description\" content=\"Otterbergets Bad &amp; Camping hat vier komfortable Standwohnwagen mit eigener Terrasse mit Sitzb\u00e4nken. Alle Standwohnwagen sind ausgestattet mit einer komplett eingerichteten K\u00fcche, inklusive Mikrowelle und Kaffeemaschine. Die Standwohnwagen verf\u00fcgen \u00fcber eine eigene Dusche und Toilette, Heizung und Fernsehapparat. Auch Bettdecken &hellip; Weiterlesen &rarr;\" \/>\n<meta property=\"og:url\" content=\"https:\/\/otterbergetscamping.se\/de\/boende\/villavagnar\/\" \/>\n<meta property=\"og:site_name\" content=\"Otterbergets Bad och Camping\" \/>\n<meta property=\"article:modified_time\" content=\"2022-07-24T18:06:57+00:00\" \/>\n<meta property=\"og:image\" content=\"https:\/\/otterbergetscamping.se\/wp-content\/uploads\/2014\/04\/right_content_image_top_stacaravans-e1430340331838.jpg\" \/>\n\t<meta property=\"og:image:width\" content=\"310\" \/>\n\t<meta property=\"og:image:height\" content=\"232\" \/>\n\t<meta property=\"og:image:type\" content=\"image\/jpeg\" \/>\n<meta name=\"twitter:card\" content=\"summary_large_image\" \/>\n<meta name=\"twitter:label1\" content=\"Gesch\u00e4tzte Lesezeit\" \/>\n\t<meta name=\"twitter:data1\" content=\"3\u00a0Minuten\" \/>\n<script type=\"application\/ld+json\" class=\"yoast-schema-graph\">{\"@context\":\"https:\\\/\\\/schema.org\",\"@graph\":[{\"@type\":\"WebPage\",\"@id\":\"https:\\\/\\\/otterbergetscamping.se\\\/de\\\/boende\\\/villavagnar\\\/\",\"url\":\"https:\\\/\\\/otterbergetscamping.se\\\/de\\\/boende\\\/villavagnar\\\/\",\"name\":\"Standwohnwagen - Otterbergets Bad och Camping\",\"isPartOf\":{\"@id\":\"https:\\\/\\\/otterbergetscamping.se\\\/de\\\/#website\"},\"primaryImageOfPage\":{\"@id\":\"https:\\\/\\\/otterbergetscamping.se\\\/de\\\/boende\\\/villavagnar\\\/#primaryimage\"},\"image\":{\"@id\":\"https:\\\/\\\/otterbergetscamping.se\\\/boende\\\/villavagnar\\\/#primaryimage\"},\"thumbnailUrl\":\"https:\\\/\\\/otterbergetscamping.se\\\/wp-content\\\/uploads\\\/2014\\\/04\\\/right_content_image_top_stacaravans-e1430340331838.jpg\",\"datePublished\":\"2014-04-27T13:06:04+00:00\",\"dateModified\":\"2022-07-24T18:06:57+00:00\",\"breadcrumb\":{\"@id\":\"https:\\\/\\\/otterbergetscamping.se\\\/de\\\/boende\\\/villavagnar\\\/#breadcrumb\"},\"inLanguage\":\"de\",\"potentialAction\":[{\"@type\":\"ReadAction\",\"target\":[[\"https:\\\/\\\/otterbergetscamping.se\\\/de\\\/boende\\\/villavagnar\\\/\"]]}]},{\"@type\":\"ImageObject\",\"inLanguage\":\"de\",\"@id\":\"https:\\\/\\\/otterbergetscamping.se\\\/de\\\/boende\\\/villavagnar\\\/#primaryimage\",\"url\":\"https:\\\/\\\/otterbergetscamping.se\\\/wp-content\\\/uploads\\\/2014\\\/04\\\/right_content_image_top_stacaravans-e1430340331838.jpg\",\"contentUrl\":\"https:\\\/\\\/otterbergetscamping.se\\\/wp-content\\\/uploads\\\/2014\\\/04\\\/right_content_image_top_stacaravans-e1430340331838.jpg\",\"width\":310,\"height\":232},{\"@type\":\"BreadcrumbList\",\"@id\":\"https:\\\/\\\/otterbergetscamping.se\\\/de\\\/boende\\\/villavagnar\\\/#breadcrumb\",\"itemListElement\":[{\"@type\":\"ListItem\",\"position\":1,\"name\":\"Home\",\"item\":\"https:\\\/\\\/otterbergetscamping.se\\\/de\\\/\"},{\"@type\":\"ListItem\",\"position\":2,\"name\":\"Accommodaties\",\"item\":\"https:\\\/\\\/otterbergetscamping.se\\\/de\\\/boende\\\/\"},{\"@type\":\"ListItem\",\"position\":3,\"name\":\"Stacaravans\"}]},{\"@type\":\"WebSite\",\"@id\":\"https:\\\/\\\/otterbergetscamping.se\\\/de\\\/#website\",\"url\":\"https:\\\/\\\/otterbergetscamping.se\\\/de\\\/\",\"name\":\"Otterbergets Bad och Camping\",\"description\":\"\",\"potentialAction\":[{\"@type\":\"SearchAction\",\"target\":{\"@type\":\"EntryPoint\",\"urlTemplate\":\"https:\\\/\\\/otterbergetscamping.se\\\/de\\\/?s={search_term_string}\"},\"query-input\":{\"@type\":\"PropertyValueSpecification\",\"valueRequired\":true,\"valueName\":\"search_term_string\"}}],\"inLanguage\":\"de\"}]}<\/script>\n<!-- \/ Yoast SEO plugin. -->","yoast_head_json":{"title":"Standwohnwagen - Otterbergets Bad och Camping","robots":{"index":"index","follow":"follow","max-snippet":"max-snippet:-1","max-image-preview":"max-image-preview:large","max-video-preview":"max-video-preview:-1"},"canonical":"https:\/\/otterbergetscamping.se\/de\/boende\/villavagnar\/","og_locale":"de_DE","og_type":"article","og_title":"Standwohnwagen - Otterbergets Bad och Camping","og_description":"Otterbergets Bad &amp; Camping hat vier komfortable Standwohnwagen mit eigener Terrasse mit Sitzb\u00e4nken. Alle Standwohnwagen sind ausgestattet mit einer komplett eingerichteten K\u00fcche, inklusive Mikrowelle und Kaffeemaschine. Die Standwohnwagen verf\u00fcgen \u00fcber eine eigene Dusche und Toilette, Heizung und Fernsehapparat. Auch Bettdecken &hellip; Weiterlesen &rarr;","og_url":"https:\/\/otterbergetscamping.se\/de\/boende\/villavagnar\/","og_site_name":"Otterbergets Bad och Camping","article_modified_time":"2022-07-24T18:06:57+00:00","og_image":[{"width":310,"height":232,"url":"https:\/\/otterbergetscamping.se\/wp-content\/uploads\/2014\/04\/right_content_image_top_stacaravans-e1430340331838.jpg","type":"image\/jpeg"}],"twitter_card":"summary_large_image","twitter_misc":{"Gesch\u00e4tzte Lesezeit":"3\u00a0Minuten"},"schema":{"@context":"https:\/\/schema.org","@graph":[{"@type":"WebPage","@id":"https:\/\/otterbergetscamping.se\/de\/boende\/villavagnar\/","url":"https:\/\/otterbergetscamping.se\/de\/boende\/villavagnar\/","name":"Standwohnwagen - Otterbergets Bad och Camping","isPartOf":{"@id":"https:\/\/otterbergetscamping.se\/de\/#website"},"primaryImageOfPage":{"@id":"https:\/\/otterbergetscamping.se\/de\/boende\/villavagnar\/#primaryimage"},"image":{"@id":"https:\/\/otterbergetscamping.se\/boende\/villavagnar\/#primaryimage"},"thumbnailUrl":"https:\/\/otterbergetscamping.se\/wp-content\/uploads\/2014\/04\/right_content_image_top_stacaravans-e1430340331838.jpg","datePublished":"2014-04-27T13:06:04+00:00","dateModified":"2022-07-24T18:06:57+00:00","breadcrumb":{"@id":"https:\/\/otterbergetscamping.se\/de\/boende\/villavagnar\/#breadcrumb"},"inLanguage":"de","potentialAction":[{"@type":"ReadAction","target":[["https:\/\/otterbergetscamping.se\/de\/boende\/villavagnar\/"]]}]},{"@type":"ImageObject","inLanguage":"de","@id":"https:\/\/otterbergetscamping.se\/de\/boende\/villavagnar\/#primaryimage","url":"https:\/\/otterbergetscamping.se\/wp-content\/uploads\/2014\/04\/right_content_image_top_stacaravans-e1430340331838.jpg","contentUrl":"https:\/\/otterbergetscamping.se\/wp-content\/uploads\/2014\/04\/right_content_image_top_stacaravans-e1430340331838.jpg","width":310,"height":232},{"@type":"BreadcrumbList","@id":"https:\/\/otterbergetscamping.se\/de\/boende\/villavagnar\/#breadcrumb","itemListElement":[{"@type":"ListItem","position":1,"name":"Home","item":"https:\/\/otterbergetscamping.se\/de\/"},{"@type":"ListItem","position":2,"name":"Accommodaties","item":"https:\/\/otterbergetscamping.se\/de\/boende\/"},{"@type":"ListItem","position":3,"name":"Stacaravans"}]},{"@type":"WebSite","@id":"https:\/\/otterbergetscamping.se\/de\/#website","url":"https:\/\/otterbergetscamping.se\/de\/","name":"Otterbergets Bad och Camping","description":"","potentialAction":[{"@type":"SearchAction","target":{"@type":"EntryPoint","urlTemplate":"https:\/\/otterbergetscamping.se\/de\/?s={search_term_string}"},"query-input":{"@type":"PropertyValueSpecification","valueRequired":true,"valueName":"search_term_string"}}],"inLanguage":"de"}]}},"_links":{"self":[{"href":"https:\/\/otterbergetscamping.se\/de\/wp-json\/wp\/v2\/pages\/16","targetHints":{"allow":["GET"]}}],"collection":[{"href":"https:\/\/otterbergetscamping.se\/de\/wp-json\/wp\/v2\/pages"}],"about":[{"href":"https:\/\/otterbergetscamping.se\/de\/wp-json\/wp\/v2\/types\/page"}],"author":[{"embeddable":true,"href":"https:\/\/otterbergetscamping.se\/de\/wp-json\/wp\/v2\/users\/1"}],"replies":[{"embeddable":true,"href":"https:\/\/otterbergetscamping.se\/de\/wp-json\/wp\/v2\/comments?post=16"}],"version-history":[{"count":1,"href":"https:\/\/otterbergetscamping.se\/de\/wp-json\/wp\/v2\/pages\/16\/revisions"}],"predecessor-version":[{"id":1468,"href":"https:\/\/otterbergetscamping.se\/de\/wp-json\/wp\/v2\/pages\/16\/revisions\/1468"}],"up":[{"embeddable":true,"href":"https:\/\/otterbergetscamping.se\/de\/wp-json\/wp\/v2\/pages\/20"}],"wp:featuredmedia":[{"embeddable":true,"href":"https:\/\/otterbergetscamping.se\/de\/wp-json\/wp\/v2\/media\/229"}],"wp:attachment":[{"href":"https:\/\/otterbergetscamping.se\/de\/wp-json\/wp\/v2\/media?parent=16"}],"curies":[{"name":"wp","href":"https:\/\/api.w.org\/{rel}","templated":true}]}}