{"id":151,"date":"2015-04-25T08:09:23","date_gmt":"2015-04-25T08:09:23","guid":{"rendered":"http:\/\/otterbergetscamping.se\/?page_id=151"},"modified":"2024-11-21T18:08:47","modified_gmt":"2024-11-21T18:08:47","slug":"algsafari","status":"publish","type":"page","link":"https:\/\/otterbergetscamping.se\/de\/algsafari\/","title":{"rendered":"Elchsafari"},"content":{"rendered":"<p>Entdecken Sie der K\u00f6nig\u00a0des Waldes&#8230;<\/p>\n<p><a href=\"https:\/\/otterbergetscamping.se\/wp-content\/uploads\/2015\/04\/Discover-the-king-of-the-forest_0.jpg\"><img loading=\"lazy\" decoding=\"async\" class=\"size-medium wp-image-153 alignright\" src=\"https:\/\/otterbergetscamping.se\/wp-content\/uploads\/2015\/04\/Discover-the-king-of-the-forest_0-300x188.jpg\" alt=\"SONY DSC\" width=\"300\" height=\"188\" srcset=\"https:\/\/otterbergetscamping.se\/wp-content\/uploads\/2015\/04\/Discover-the-king-of-the-forest_0-300x188.jpg 300w, https:\/\/otterbergetscamping.se\/wp-content\/uploads\/2015\/04\/Discover-the-king-of-the-forest_0-478x300.jpg 478w, https:\/\/otterbergetscamping.se\/wp-content\/uploads\/2015\/04\/Discover-the-king-of-the-forest_0.jpg 640w\" sizes=\"auto, (max-width: 300px) 100vw, 300px\" \/><\/a>Entdecken Sie die nat\u00fcrliche Sch\u00f6nheit des westlichen Tiveden. In einem Rundgang von zweieinhalb Stunden, suchen wir nach den Tieren in diesem Gebiet. Ziel ist es, den K\u00f6nig des Waldes, den Elch zu beobachten. Die Chancen sind gro\u00df, F\u00fcchse, Rehe, Kraniche und Hasen zu sehen vielleicht auch einen Auerhahn. Entdecken Sie die sch\u00f6nsten Pl\u00e4tze, fantastische Aussichtspunkte oder einen gro\u00dfartigen Sonnenuntergang!<\/p>\n<p>Zusammen mit einem Kenner der Gegend werden Sie in einem Gel\u00e4ndewagen (Mitsubishi) durch die weitl\u00e4ufigen W\u00e4lder fahren. Wir k\u00f6nnen eine Gruppe von bis zu vier Personen pro Abend f\u00fchren. Familien bleiben unter sich wir mischen keine Kleingruppen.<\/p>\n<p>Wir fahren etwa zwei Stunden vor Sonnenuntergang ab je nach Wetterlage. Diese Safari ist mindestens drei Stunden im Voraus zu buchen! In den Sommerferien empfehlen wir eine Buchung deutlich fr\u00fcher. Der Preis f\u00fcr diese wundervolle Erfahrungbetr\u00e4gt 1250 SEK.<\/p>\n<p>Wir betreiben diese Safaris vom 1. Mai bis 30. September.<\/p>\n<p>&nbsp;<\/p>","protected":false},"excerpt":{"rendered":"<p>Entdecken Sie der K\u00f6nig\u00a0des Waldes&#8230; Entdecken Sie die nat\u00fcrliche Sch\u00f6nheit des westlichen Tiveden. In einem Rundgang von zweieinhalb Stunden, suchen wir nach den Tieren in diesem Gebiet. Ziel ist es, den K\u00f6nig des Waldes, den Elch zu beobachten. Die Chancen &hellip; <a class=\"more-link\" href=\"https:\/\/otterbergetscamping.se\/de\/algsafari\/\">Weiterlesen <span class=\"meta-nav\">&rarr;<\/span><\/a><\/p>\n","protected":false},"author":2,"featured_media":239,"parent":0,"menu_order":8,"comment_status":"closed","ping_status":"open","template":"","meta":{"_monsterinsights_skip_tracking":false,"_monsterinsights_sitenote_active":false,"_monsterinsights_sitenote_note":"","_monsterinsights_sitenote_category":0,"footnotes":""},"class_list":["post-151","page","type-page","status-publish","has-post-thumbnail","hentry"],"yoast_head":"<!-- This site is optimized with the Yoast SEO plugin v27.3 - https:\/\/yoast.com\/product\/yoast-seo-wordpress\/ -->\n<title>Elchsafari - Otterbergets Bad och Camping<\/title>\n<meta name=\"robots\" content=\"index, follow, max-snippet:-1, max-image-preview:large, max-video-preview:-1\" \/>\n<link rel=\"canonical\" href=\"https:\/\/otterbergetscamping.se\/de\/algsafari\/\" \/>\n<meta property=\"og:locale\" content=\"de_DE\" \/>\n<meta property=\"og:type\" content=\"article\" \/>\n<meta property=\"og:title\" content=\"Elchsafari - Otterbergets Bad och Camping\" \/>\n<meta property=\"og:description\" content=\"Entdecken Sie der K\u00f6nig\u00a0des Waldes&#8230; Entdecken Sie die nat\u00fcrliche Sch\u00f6nheit des westlichen Tiveden. In einem Rundgang von zweieinhalb Stunden, suchen wir nach den Tieren in diesem Gebiet. Ziel ist es, den K\u00f6nig des Waldes, den Elch zu beobachten. Die Chancen &hellip; Weiterlesen &rarr;\" \/>\n<meta property=\"og:url\" content=\"https:\/\/otterbergetscamping.se\/de\/algsafari\/\" \/>\n<meta property=\"og:site_name\" content=\"Otterbergets Bad och Camping\" \/>\n<meta property=\"article:modified_time\" content=\"2024-11-21T18:08:47+00:00\" \/>\n<meta property=\"og:image\" content=\"https:\/\/otterbergetscamping.se\/wp-content\/uploads\/2015\/04\/097.jpg\" \/>\n\t<meta property=\"og:image:width\" content=\"700\" \/>\n\t<meta property=\"og:image:height\" content=\"525\" \/>\n\t<meta property=\"og:image:type\" content=\"image\/jpeg\" \/>\n<meta name=\"twitter:card\" content=\"summary_large_image\" \/>\n<meta name=\"twitter:label1\" content=\"Gesch\u00e4tzte Lesezeit\" \/>\n\t<meta name=\"twitter:data1\" content=\"2\u00a0Minuten\" \/>\n<script type=\"application\/ld+json\" class=\"yoast-schema-graph\">{\"@context\":\"https:\\\/\\\/schema.org\",\"@graph\":[{\"@type\":\"WebPage\",\"@id\":\"https:\\\/\\\/otterbergetscamping.se\\\/de\\\/algsafari\\\/\",\"url\":\"https:\\\/\\\/otterbergetscamping.se\\\/de\\\/algsafari\\\/\",\"name\":\"Elchsafari - Otterbergets Bad och Camping\",\"isPartOf\":{\"@id\":\"https:\\\/\\\/otterbergetscamping.se\\\/de\\\/#website\"},\"primaryImageOfPage\":{\"@id\":\"https:\\\/\\\/otterbergetscamping.se\\\/de\\\/algsafari\\\/#primaryimage\"},\"image\":{\"@id\":\"https:\\\/\\\/otterbergetscamping.se\\\/algsafari\\\/#primaryimage\"},\"thumbnailUrl\":\"https:\\\/\\\/otterbergetscamping.se\\\/wp-content\\\/uploads\\\/2015\\\/04\\\/097.jpg\",\"datePublished\":\"2015-04-25T08:09:23+00:00\",\"dateModified\":\"2024-11-21T18:08:47+00:00\",\"breadcrumb\":{\"@id\":\"https:\\\/\\\/otterbergetscamping.se\\\/de\\\/algsafari\\\/#breadcrumb\"},\"inLanguage\":\"de\",\"potentialAction\":[{\"@type\":\"ReadAction\",\"target\":[[\"https:\\\/\\\/otterbergetscamping.se\\\/de\\\/algsafari\\\/\"]]}]},{\"@type\":\"ImageObject\",\"inLanguage\":\"de\",\"@id\":\"https:\\\/\\\/otterbergetscamping.se\\\/de\\\/algsafari\\\/#primaryimage\",\"url\":\"https:\\\/\\\/otterbergetscamping.se\\\/wp-content\\\/uploads\\\/2015\\\/04\\\/097.jpg\",\"contentUrl\":\"https:\\\/\\\/otterbergetscamping.se\\\/wp-content\\\/uploads\\\/2015\\\/04\\\/097.jpg\",\"width\":700,\"height\":525},{\"@type\":\"BreadcrumbList\",\"@id\":\"https:\\\/\\\/otterbergetscamping.se\\\/de\\\/algsafari\\\/#breadcrumb\",\"itemListElement\":[{\"@type\":\"ListItem\",\"position\":1,\"name\":\"Home\",\"item\":\"https:\\\/\\\/otterbergetscamping.se\\\/de\\\/\"},{\"@type\":\"ListItem\",\"position\":2,\"name\":\"\u00c4lgsafari\"}]},{\"@type\":\"WebSite\",\"@id\":\"https:\\\/\\\/otterbergetscamping.se\\\/de\\\/#website\",\"url\":\"https:\\\/\\\/otterbergetscamping.se\\\/de\\\/\",\"name\":\"Otterbergets Bad och Camping\",\"description\":\"\",\"potentialAction\":[{\"@type\":\"SearchAction\",\"target\":{\"@type\":\"EntryPoint\",\"urlTemplate\":\"https:\\\/\\\/otterbergetscamping.se\\\/de\\\/?s={search_term_string}\"},\"query-input\":{\"@type\":\"PropertyValueSpecification\",\"valueRequired\":true,\"valueName\":\"search_term_string\"}}],\"inLanguage\":\"de\"}]}<\/script>\n<!-- \/ Yoast SEO plugin. -->","yoast_head_json":{"title":"Elchsafari - Otterbergets Bad och Camping","robots":{"index":"index","follow":"follow","max-snippet":"max-snippet:-1","max-image-preview":"max-image-preview:large","max-video-preview":"max-video-preview:-1"},"canonical":"https:\/\/otterbergetscamping.se\/de\/algsafari\/","og_locale":"de_DE","og_type":"article","og_title":"Elchsafari - Otterbergets Bad och Camping","og_description":"Entdecken Sie der K\u00f6nig\u00a0des Waldes&#8230; Entdecken Sie die nat\u00fcrliche Sch\u00f6nheit des westlichen Tiveden. In einem Rundgang von zweieinhalb Stunden, suchen wir nach den Tieren in diesem Gebiet. Ziel ist es, den K\u00f6nig des Waldes, den Elch zu beobachten. Die Chancen &hellip; Weiterlesen &rarr;","og_url":"https:\/\/otterbergetscamping.se\/de\/algsafari\/","og_site_name":"Otterbergets Bad och Camping","article_modified_time":"2024-11-21T18:08:47+00:00","og_image":[{"width":700,"height":525,"url":"https:\/\/otterbergetscamping.se\/wp-content\/uploads\/2015\/04\/097.jpg","type":"image\/jpeg"}],"twitter_card":"summary_large_image","twitter_misc":{"Gesch\u00e4tzte Lesezeit":"2\u00a0Minuten"},"schema":{"@context":"https:\/\/schema.org","@graph":[{"@type":"WebPage","@id":"https:\/\/otterbergetscamping.se\/de\/algsafari\/","url":"https:\/\/otterbergetscamping.se\/de\/algsafari\/","name":"Elchsafari - Otterbergets Bad och Camping","isPartOf":{"@id":"https:\/\/otterbergetscamping.se\/de\/#website"},"primaryImageOfPage":{"@id":"https:\/\/otterbergetscamping.se\/de\/algsafari\/#primaryimage"},"image":{"@id":"https:\/\/otterbergetscamping.se\/algsafari\/#primaryimage"},"thumbnailUrl":"https:\/\/otterbergetscamping.se\/wp-content\/uploads\/2015\/04\/097.jpg","datePublished":"2015-04-25T08:09:23+00:00","dateModified":"2024-11-21T18:08:47+00:00","breadcrumb":{"@id":"https:\/\/otterbergetscamping.se\/de\/algsafari\/#breadcrumb"},"inLanguage":"de","potentialAction":[{"@type":"ReadAction","target":[["https:\/\/otterbergetscamping.se\/de\/algsafari\/"]]}]},{"@type":"ImageObject","inLanguage":"de","@id":"https:\/\/otterbergetscamping.se\/de\/algsafari\/#primaryimage","url":"https:\/\/otterbergetscamping.se\/wp-content\/uploads\/2015\/04\/097.jpg","contentUrl":"https:\/\/otterbergetscamping.se\/wp-content\/uploads\/2015\/04\/097.jpg","width":700,"height":525},{"@type":"BreadcrumbList","@id":"https:\/\/otterbergetscamping.se\/de\/algsafari\/#breadcrumb","itemListElement":[{"@type":"ListItem","position":1,"name":"Home","item":"https:\/\/otterbergetscamping.se\/de\/"},{"@type":"ListItem","position":2,"name":"\u00c4lgsafari"}]},{"@type":"WebSite","@id":"https:\/\/otterbergetscamping.se\/de\/#website","url":"https:\/\/otterbergetscamping.se\/de\/","name":"Otterbergets Bad och Camping","description":"","potentialAction":[{"@type":"SearchAction","target":{"@type":"EntryPoint","urlTemplate":"https:\/\/otterbergetscamping.se\/de\/?s={search_term_string}"},"query-input":{"@type":"PropertyValueSpecification","valueRequired":true,"valueName":"search_term_string"}}],"inLanguage":"de"}]}},"_links":{"self":[{"href":"https:\/\/otterbergetscamping.se\/de\/wp-json\/wp\/v2\/pages\/151","targetHints":{"allow":["GET"]}}],"collection":[{"href":"https:\/\/otterbergetscamping.se\/de\/wp-json\/wp\/v2\/pages"}],"about":[{"href":"https:\/\/otterbergetscamping.se\/de\/wp-json\/wp\/v2\/types\/page"}],"author":[{"embeddable":true,"href":"https:\/\/otterbergetscamping.se\/de\/wp-json\/wp\/v2\/users\/2"}],"replies":[{"embeddable":true,"href":"https:\/\/otterbergetscamping.se\/de\/wp-json\/wp\/v2\/comments?post=151"}],"version-history":[{"count":8,"href":"https:\/\/otterbergetscamping.se\/de\/wp-json\/wp\/v2\/pages\/151\/revisions"}],"predecessor-version":[{"id":1588,"href":"https:\/\/otterbergetscamping.se\/de\/wp-json\/wp\/v2\/pages\/151\/revisions\/1588"}],"wp:featuredmedia":[{"embeddable":true,"href":"https:\/\/otterbergetscamping.se\/de\/wp-json\/wp\/v2\/media\/239"}],"wp:attachment":[{"href":"https:\/\/otterbergetscamping.se\/de\/wp-json\/wp\/v2\/media?parent=151"}],"curies":[{"name":"wp","href":"https:\/\/api.w.org\/{rel}","templated":true}]}}