{"id":1440,"date":"2022-03-13T18:24:47","date_gmt":"2022-03-13T18:24:47","guid":{"rendered":"https:\/\/otterbergetscamping.se\/?page_id=1440"},"modified":"2022-03-13T18:54:10","modified_gmt":"2022-03-13T18:54:10","slug":"husdjur","status":"publish","type":"page","link":"https:\/\/otterbergetscamping.se\/de\/welcome\/husdjur\/","title":{"rendered":"Haustiere"},"content":{"rendered":"<p><img loading=\"lazy\" decoding=\"async\" class=\"alignright size-medium wp-image-1444\" src=\"https:\/\/otterbergetscamping.se\/wp-content\/uploads\/2022\/03\/hond12-225x300.jpg\" alt=\"\" width=\"225\" height=\"300\" srcset=\"https:\/\/otterbergetscamping.se\/wp-content\/uploads\/2022\/03\/hond12-225x300.jpg 225w, https:\/\/otterbergetscamping.se\/wp-content\/uploads\/2022\/03\/hond12.jpg 500w\" sizes=\"auto, (max-width: 225px) 100vw, 225px\" \/>M\u00f6chten Sie mit Ihrem Haustier in den Urlaub fahren? Sie sind auf unserem Campingplatz herzlich willkommen!<\/p>\n<p>Wir sind ein haustierfreundlicher Campingplatz, auf dem Sie Ihren Urlaub mit Ihrem Hund, Ihrer Katze oder einem anderen Tier genie\u00dfen k\u00f6nnen. In allen unseren Unterk\u00fcnften haben wir die M\u00f6glichkeit, Ihr Tier mitzunehmen. Rund um den Campingplatz finden Sie sch\u00f6ne Wanderwege, auf denen Sie Ihr Tier herauslassen k\u00f6nnen, und die M\u00f6glichkeit zum Baden.<\/p>\n<p>Haustiere m\u00fcssen auf dem Campingplatz an der Leine gehalten werden. Auch im Servicegeb\u00e4ude, Kiosk oder auf dem Spielplatz ist Ihr Haustier nicht willkommen. Diese Regeln sind notwendig, um Menschen mit Allergien oder Tier\u00e4ngsten einen unbeschwerten Urlaub zu erm\u00f6glichen. F\u00fcr den unwahrscheinlichen Fall, dass Sie f\u00fcr l\u00e4ngere Zeit abreisen m\u00fcssen und Ihr Tier nicht mitkommen kann, bieten wir Ihnen die M\u00f6glichkeit, \u201eaufzupassen\u201c.<\/p>","protected":false},"excerpt":{"rendered":"<p>M\u00f6chten Sie mit Ihrem Haustier in den Urlaub fahren? Sie sind auf unserem Campingplatz herzlich willkommen! Wir sind ein haustierfreundlicher Campingplatz, auf dem Sie Ihren Urlaub mit Ihrem Hund, Ihrer Katze oder einem anderen Tier genie\u00dfen k\u00f6nnen. In allen unseren &hellip; <a class=\"more-link\" href=\"https:\/\/otterbergetscamping.se\/de\/welcome\/husdjur\/\">Weiterlesen <span class=\"meta-nav\">&rarr;<\/span><\/a><\/p>\n","protected":false},"author":1,"featured_media":0,"parent":5,"menu_order":25,"comment_status":"closed","ping_status":"open","template":"","meta":{"_monsterinsights_skip_tracking":false,"_monsterinsights_sitenote_active":false,"_monsterinsights_sitenote_note":"","_monsterinsights_sitenote_category":0,"footnotes":""},"class_list":["post-1440","page","type-page","status-publish","hentry"],"yoast_head":"<!-- This site is optimized with the Yoast SEO plugin v27.3 - https:\/\/yoast.com\/product\/yoast-seo-wordpress\/ -->\n<title>Haustiere - Otterbergets Bad och Camping<\/title>\n<meta name=\"robots\" content=\"index, follow, max-snippet:-1, max-image-preview:large, max-video-preview:-1\" \/>\n<link rel=\"canonical\" href=\"https:\/\/otterbergetscamping.se\/de\/welcome\/husdjur\/\" \/>\n<meta property=\"og:locale\" content=\"de_DE\" \/>\n<meta property=\"og:type\" content=\"article\" \/>\n<meta property=\"og:title\" content=\"Haustiere - Otterbergets Bad och Camping\" \/>\n<meta property=\"og:description\" content=\"M\u00f6chten Sie mit Ihrem Haustier in den Urlaub fahren? Sie sind auf unserem Campingplatz herzlich willkommen! Wir sind ein haustierfreundlicher Campingplatz, auf dem Sie Ihren Urlaub mit Ihrem Hund, Ihrer Katze oder einem anderen Tier genie\u00dfen k\u00f6nnen. In allen unseren &hellip; Weiterlesen &rarr;\" \/>\n<meta property=\"og:url\" content=\"https:\/\/otterbergetscamping.se\/de\/welcome\/husdjur\/\" \/>\n<meta property=\"og:site_name\" content=\"Otterbergets Bad och Camping\" \/>\n<meta property=\"article:modified_time\" content=\"2022-03-13T18:54:10+00:00\" \/>\n<meta property=\"og:image\" content=\"https:\/\/otterbergetscamping.se\/wp-content\/uploads\/2022\/03\/hond12-225x300.jpg\" \/>\n<meta name=\"twitter:card\" content=\"summary_large_image\" \/>\n<meta name=\"twitter:label1\" content=\"Gesch\u00e4tzte Lesezeit\" \/>\n\t<meta name=\"twitter:data1\" content=\"1\u00a0Minute\" \/>\n<script type=\"application\/ld+json\" class=\"yoast-schema-graph\">{\"@context\":\"https:\\\/\\\/schema.org\",\"@graph\":[{\"@type\":\"WebPage\",\"@id\":\"https:\\\/\\\/otterbergetscamping.se\\\/de\\\/welcome\\\/husdjur\\\/\",\"url\":\"https:\\\/\\\/otterbergetscamping.se\\\/de\\\/welcome\\\/husdjur\\\/\",\"name\":\"Haustiere - Otterbergets Bad och Camping\",\"isPartOf\":{\"@id\":\"https:\\\/\\\/otterbergetscamping.se\\\/de\\\/#website\"},\"primaryImageOfPage\":{\"@id\":\"https:\\\/\\\/otterbergetscamping.se\\\/de\\\/welcome\\\/husdjur\\\/#primaryimage\"},\"image\":{\"@id\":\"https:\\\/\\\/otterbergetscamping.se\\\/welcome\\\/husdjur\\\/#primaryimage\"},\"thumbnailUrl\":\"https:\\\/\\\/otterbergetscamping.se\\\/wp-content\\\/uploads\\\/2022\\\/03\\\/hond12-225x300.jpg\",\"datePublished\":\"2022-03-13T18:24:47+00:00\",\"dateModified\":\"2022-03-13T18:54:10+00:00\",\"breadcrumb\":{\"@id\":\"https:\\\/\\\/otterbergetscamping.se\\\/de\\\/welcome\\\/husdjur\\\/#breadcrumb\"},\"inLanguage\":\"de\",\"potentialAction\":[{\"@type\":\"ReadAction\",\"target\":[[\"https:\\\/\\\/otterbergetscamping.se\\\/de\\\/welcome\\\/husdjur\\\/\"]]}]},{\"@type\":\"ImageObject\",\"inLanguage\":\"de\",\"@id\":\"https:\\\/\\\/otterbergetscamping.se\\\/de\\\/welcome\\\/husdjur\\\/#primaryimage\",\"url\":\"https:\\\/\\\/otterbergetscamping.se\\\/wp-content\\\/uploads\\\/2022\\\/03\\\/hond12-225x300.jpg\",\"contentUrl\":\"https:\\\/\\\/otterbergetscamping.se\\\/wp-content\\\/uploads\\\/2022\\\/03\\\/hond12-225x300.jpg\"},{\"@type\":\"BreadcrumbList\",\"@id\":\"https:\\\/\\\/otterbergetscamping.se\\\/de\\\/welcome\\\/husdjur\\\/#breadcrumb\",\"itemListElement\":[{\"@type\":\"ListItem\",\"position\":1,\"name\":\"Home\",\"item\":\"https:\\\/\\\/otterbergetscamping.se\\\/de\\\/\"},{\"@type\":\"ListItem\",\"position\":2,\"name\":\"Camping\",\"item\":\"https:\\\/\\\/otterbergetscamping.se\\\/de\\\/\"},{\"@type\":\"ListItem\",\"position\":3,\"name\":\"Huisdieren\"}]},{\"@type\":\"WebSite\",\"@id\":\"https:\\\/\\\/otterbergetscamping.se\\\/de\\\/#website\",\"url\":\"https:\\\/\\\/otterbergetscamping.se\\\/de\\\/\",\"name\":\"Otterbergets Bad och Camping\",\"description\":\"\",\"potentialAction\":[{\"@type\":\"SearchAction\",\"target\":{\"@type\":\"EntryPoint\",\"urlTemplate\":\"https:\\\/\\\/otterbergetscamping.se\\\/de\\\/?s={search_term_string}\"},\"query-input\":{\"@type\":\"PropertyValueSpecification\",\"valueRequired\":true,\"valueName\":\"search_term_string\"}}],\"inLanguage\":\"de\"}]}<\/script>\n<!-- \/ Yoast SEO plugin. -->","yoast_head_json":{"title":"Haustiere - Otterbergets Bad och Camping","robots":{"index":"index","follow":"follow","max-snippet":"max-snippet:-1","max-image-preview":"max-image-preview:large","max-video-preview":"max-video-preview:-1"},"canonical":"https:\/\/otterbergetscamping.se\/de\/welcome\/husdjur\/","og_locale":"de_DE","og_type":"article","og_title":"Haustiere - Otterbergets Bad och Camping","og_description":"M\u00f6chten Sie mit Ihrem Haustier in den Urlaub fahren? Sie sind auf unserem Campingplatz herzlich willkommen! Wir sind ein haustierfreundlicher Campingplatz, auf dem Sie Ihren Urlaub mit Ihrem Hund, Ihrer Katze oder einem anderen Tier genie\u00dfen k\u00f6nnen. In allen unseren &hellip; Weiterlesen &rarr;","og_url":"https:\/\/otterbergetscamping.se\/de\/welcome\/husdjur\/","og_site_name":"Otterbergets Bad och Camping","article_modified_time":"2022-03-13T18:54:10+00:00","og_image":[{"url":"https:\/\/otterbergetscamping.se\/wp-content\/uploads\/2022\/03\/hond12-225x300.jpg","type":"","width":"","height":""}],"twitter_card":"summary_large_image","twitter_misc":{"Gesch\u00e4tzte Lesezeit":"1\u00a0Minute"},"schema":{"@context":"https:\/\/schema.org","@graph":[{"@type":"WebPage","@id":"https:\/\/otterbergetscamping.se\/de\/welcome\/husdjur\/","url":"https:\/\/otterbergetscamping.se\/de\/welcome\/husdjur\/","name":"Haustiere - Otterbergets Bad och Camping","isPartOf":{"@id":"https:\/\/otterbergetscamping.se\/de\/#website"},"primaryImageOfPage":{"@id":"https:\/\/otterbergetscamping.se\/de\/welcome\/husdjur\/#primaryimage"},"image":{"@id":"https:\/\/otterbergetscamping.se\/welcome\/husdjur\/#primaryimage"},"thumbnailUrl":"https:\/\/otterbergetscamping.se\/wp-content\/uploads\/2022\/03\/hond12-225x300.jpg","datePublished":"2022-03-13T18:24:47+00:00","dateModified":"2022-03-13T18:54:10+00:00","breadcrumb":{"@id":"https:\/\/otterbergetscamping.se\/de\/welcome\/husdjur\/#breadcrumb"},"inLanguage":"de","potentialAction":[{"@type":"ReadAction","target":[["https:\/\/otterbergetscamping.se\/de\/welcome\/husdjur\/"]]}]},{"@type":"ImageObject","inLanguage":"de","@id":"https:\/\/otterbergetscamping.se\/de\/welcome\/husdjur\/#primaryimage","url":"https:\/\/otterbergetscamping.se\/wp-content\/uploads\/2022\/03\/hond12-225x300.jpg","contentUrl":"https:\/\/otterbergetscamping.se\/wp-content\/uploads\/2022\/03\/hond12-225x300.jpg"},{"@type":"BreadcrumbList","@id":"https:\/\/otterbergetscamping.se\/de\/welcome\/husdjur\/#breadcrumb","itemListElement":[{"@type":"ListItem","position":1,"name":"Home","item":"https:\/\/otterbergetscamping.se\/de\/"},{"@type":"ListItem","position":2,"name":"Camping","item":"https:\/\/otterbergetscamping.se\/de\/"},{"@type":"ListItem","position":3,"name":"Huisdieren"}]},{"@type":"WebSite","@id":"https:\/\/otterbergetscamping.se\/de\/#website","url":"https:\/\/otterbergetscamping.se\/de\/","name":"Otterbergets Bad och Camping","description":"","potentialAction":[{"@type":"SearchAction","target":{"@type":"EntryPoint","urlTemplate":"https:\/\/otterbergetscamping.se\/de\/?s={search_term_string}"},"query-input":{"@type":"PropertyValueSpecification","valueRequired":true,"valueName":"search_term_string"}}],"inLanguage":"de"}]}},"_links":{"self":[{"href":"https:\/\/otterbergetscamping.se\/de\/wp-json\/wp\/v2\/pages\/1440","targetHints":{"allow":["GET"]}}],"collection":[{"href":"https:\/\/otterbergetscamping.se\/de\/wp-json\/wp\/v2\/pages"}],"about":[{"href":"https:\/\/otterbergetscamping.se\/de\/wp-json\/wp\/v2\/types\/page"}],"author":[{"embeddable":true,"href":"https:\/\/otterbergetscamping.se\/de\/wp-json\/wp\/v2\/users\/1"}],"replies":[{"embeddable":true,"href":"https:\/\/otterbergetscamping.se\/de\/wp-json\/wp\/v2\/comments?post=1440"}],"version-history":[{"count":0,"href":"https:\/\/otterbergetscamping.se\/de\/wp-json\/wp\/v2\/pages\/1440\/revisions"}],"up":[{"embeddable":true,"href":"https:\/\/otterbergetscamping.se\/de\/wp-json\/wp\/v2\/pages\/5"}],"wp:attachment":[{"href":"https:\/\/otterbergetscamping.se\/de\/wp-json\/wp\/v2\/media?parent=1440"}],"curies":[{"name":"wp","href":"https:\/\/api.w.org\/{rel}","templated":true}]}}