{"id":14,"date":"2014-04-27T13:05:12","date_gmt":"2014-04-27T13:05:12","guid":{"rendered":"http:\/\/otterbergetscamping.se\/?page_id=14"},"modified":"2025-09-16T12:19:52","modified_gmt":"2025-09-16T12:19:52","slug":"campingplatser","status":"publish","type":"page","link":"https:\/\/otterbergetscamping.se\/de\/welcome\/campingplatser\/","title":{"rendered":"Stellpl\u00e4tze"},"content":{"rendered":"<p>Auf unserer drei Hektar gro\u00dfen Anlage sind 70 Standpl\u00e4tze ausgewiesen. Von diesen haben 65 einen 10 Ampere Stromanschluss. Die Gr\u00f6\u00dfe der Standpl\u00e4tze liegt zwischen 100 und 120 Quadratmetern. Diese Stellpl\u00e4tze sind f\u00fcr einen Wohnwagen\/Wohnmobil mit Vorzelt oder Zelt mit einer maximalen Breite von 6 Metern geeignet. Durch festen Untergrund und die dr\u00e4nagierte Grasfl\u00e4chen sind die Pl\u00e4tze perfekt f\u00fcr Wohnwagen, Wohnmobile und Zelte. Da die Standpl\u00e4tze so gross sind k\u00f6nnen wir auch Wohnmobilen bis zu 15 Metern einen Platz anbieten.<\/p>\n<p>Auf dem Campingplatz sind drei Trinkwasseranschl\u00fcsse vorhanden.<\/p>\n<p>Aus Gr\u00fcnden der Brandsicherheit ist das Aufstellen zus\u00e4tzlicher Campingausr\u00fcstung auf dem Gel\u00e4nde nicht gestattet. Bei Platzmangel besteht die M\u00f6glichkeit, zu einem reduzierten Preis einen Platz auf der Zeltwiese zu reservieren. Dieser Platz ist ausschlie\u00dflich f\u00fcr Personen mit gleicher Adresse vorgesehen und das freistehende Zelt darf maximal 2 mal 2 Meter gro\u00df sein. Bei einer Vorabbuchung versuchen wir, f\u00fcr den Wohnwagen\/Wohnmobil oder das Zelt einen der Stellpl\u00e4tze 49 bis 55 zu reservieren.<\/p>\n<p><strong>Zeltpl\u00e4tze<\/strong><\/p>\n<p>Die Zeltpl\u00e4tze sind auf einem separaten Teil des Campingplatzes. Dieses Gebiet ist f\u00fcr freistehende Zelte vorgesehen, die keinen Stromanschluss brauchen. In diesem Bereich k\u00f6nnen Sie sich einen freien Platz aussuchen. Der Untergrund ist sandig und mit festem Rasen bewachsen, somit sind ideelle Zeltvoraussetzungen vorhanden.<\/p>\n<p><strong>Buchen und Preise<\/strong><\/p>\n<p>Sie k\u00f6nnen auf unserer Webseite mit dem <a href=\"https:\/\/otterbergetscamping.se\/info-och-kontakt\/boka\/\">Buchungsformular<\/a> buchen. In der Hochsaison empfehlen wir Ihnen rechtzeitig vorzubuchen, besonders wenn Sie spezielle W\u00fcnsche zu Ihrem Standplatz haben. Hinsichtlich der Preise verweisen wir auf unsere <a href=\"https:\/\/otterbergetscamping.se\/info-och-kontakt\/priser\/\">Preisliste<\/a>.<\/p>\n<p><a href=\"https:\/\/otterbergetscamping.se\/wp-content\/uploads\/2020\/05\/lek-scaled.jpg\"><img loading=\"lazy\" decoding=\"async\" class=\"alignright wp-image-1282\" src=\"https:\/\/otterbergetscamping.se\/wp-content\/uploads\/2020\/05\/lek-1024x740.jpg\" alt=\"\" width=\"225\" height=\"163\" srcset=\"https:\/\/otterbergetscamping.se\/wp-content\/uploads\/2020\/05\/lek-1024x740.jpg 1024w, https:\/\/otterbergetscamping.se\/wp-content\/uploads\/2020\/05\/lek-300x217.jpg 300w, https:\/\/otterbergetscamping.se\/wp-content\/uploads\/2020\/05\/lek-768x555.jpg 768w, https:\/\/otterbergetscamping.se\/wp-content\/uploads\/2020\/05\/lek-1536x1111.jpg 1536w, https:\/\/otterbergetscamping.se\/wp-content\/uploads\/2020\/05\/lek-2048x1481.jpg 2048w, https:\/\/otterbergetscamping.se\/wp-content\/uploads\/2020\/05\/lek-415x300.jpg 415w\" sizes=\"auto, (max-width: 225px) 100vw, 225px\" \/><\/a><\/p>\n<p><a href=\"https:\/\/otterbergetscamping.se\/wp-content\/uploads\/2014\/04\/DSC07709.jpg\"><img loading=\"lazy\" decoding=\"async\" class=\"alignleft wp-image-442\" src=\"https:\/\/otterbergetscamping.se\/wp-content\/uploads\/2014\/04\/DSC07709-300x200.jpg\" alt=\"\" width=\"225\" height=\"150\" srcset=\"https:\/\/otterbergetscamping.se\/wp-content\/uploads\/2014\/04\/DSC07709-300x200.jpg 300w, https:\/\/otterbergetscamping.se\/wp-content\/uploads\/2014\/04\/DSC07709-1024x681.jpg 1024w, https:\/\/otterbergetscamping.se\/wp-content\/uploads\/2014\/04\/DSC07709-451x300.jpg 451w\" sizes=\"auto, (max-width: 225px) 100vw, 225px\" \/><\/a><\/p>\n<p>&nbsp;<\/p>","protected":false},"excerpt":{"rendered":"<p>Auf unserer drei Hektar gro\u00dfen Anlage sind 70 Standpl\u00e4tze ausgewiesen. Von diesen haben 65 einen 10 Ampere Stromanschluss. Die Gr\u00f6\u00dfe der Standpl\u00e4tze liegt zwischen 100 und 120 Quadratmetern. Diese Stellpl\u00e4tze sind f\u00fcr einen Wohnwagen\/Wohnmobil mit Vorzelt oder Zelt mit einer &hellip; <a class=\"more-link\" href=\"https:\/\/otterbergetscamping.se\/de\/welcome\/campingplatser\/\">Weiterlesen <span class=\"meta-nav\">&rarr;<\/span><\/a><\/p>\n","protected":false},"author":1,"featured_media":220,"parent":5,"menu_order":0,"comment_status":"closed","ping_status":"open","template":"","meta":{"_monsterinsights_skip_tracking":false,"_monsterinsights_sitenote_active":false,"_monsterinsights_sitenote_note":"","_monsterinsights_sitenote_category":0,"footnotes":""},"class_list":["post-14","page","type-page","status-publish","has-post-thumbnail","hentry"],"yoast_head":"<!-- This site is optimized with the Yoast SEO plugin v27.3 - https:\/\/yoast.com\/product\/yoast-seo-wordpress\/ -->\n<title>Stellpl\u00e4tze - Otterbergets Bad och Camping<\/title>\n<meta name=\"robots\" content=\"index, follow, max-snippet:-1, max-image-preview:large, max-video-preview:-1\" \/>\n<link rel=\"canonical\" href=\"https:\/\/otterbergetscamping.se\/de\/welcome\/campingplatser\/\" \/>\n<meta property=\"og:locale\" content=\"de_DE\" \/>\n<meta property=\"og:type\" content=\"article\" \/>\n<meta property=\"og:title\" content=\"Stellpl\u00e4tze - Otterbergets Bad och Camping\" \/>\n<meta property=\"og:description\" content=\"Auf unserer drei Hektar gro\u00dfen Anlage sind 70 Standpl\u00e4tze ausgewiesen. Von diesen haben 65 einen 10 Ampere Stromanschluss. Die Gr\u00f6\u00dfe der Standpl\u00e4tze liegt zwischen 100 und 120 Quadratmetern. Diese Stellpl\u00e4tze sind f\u00fcr einen Wohnwagen\/Wohnmobil mit Vorzelt oder Zelt mit einer &hellip; Weiterlesen &rarr;\" \/>\n<meta property=\"og:url\" content=\"https:\/\/otterbergetscamping.se\/de\/welcome\/campingplatser\/\" \/>\n<meta property=\"og:site_name\" content=\"Otterbergets Bad och Camping\" \/>\n<meta property=\"article:modified_time\" content=\"2025-09-16T12:19:52+00:00\" \/>\n<meta property=\"og:image\" content=\"https:\/\/otterbergetscamping.se\/wp-content\/uploads\/2014\/04\/right_content_image_top_kampeerplaatsen-e1430339585856.jpg\" \/>\n\t<meta property=\"og:image:width\" content=\"310\" \/>\n\t<meta property=\"og:image:height\" content=\"232\" \/>\n\t<meta property=\"og:image:type\" content=\"image\/jpeg\" \/>\n<meta name=\"twitter:card\" content=\"summary_large_image\" \/>\n<meta name=\"twitter:label1\" content=\"Gesch\u00e4tzte Lesezeit\" \/>\n\t<meta name=\"twitter:data1\" content=\"2\u00a0Minuten\" \/>\n<script type=\"application\/ld+json\" class=\"yoast-schema-graph\">{\"@context\":\"https:\\\/\\\/schema.org\",\"@graph\":[{\"@type\":\"WebPage\",\"@id\":\"https:\\\/\\\/otterbergetscamping.se\\\/de\\\/welcome\\\/campingplatser\\\/\",\"url\":\"https:\\\/\\\/otterbergetscamping.se\\\/de\\\/welcome\\\/campingplatser\\\/\",\"name\":\"Stellpl\u00e4tze - Otterbergets Bad och Camping\",\"isPartOf\":{\"@id\":\"https:\\\/\\\/otterbergetscamping.se\\\/de\\\/#website\"},\"primaryImageOfPage\":{\"@id\":\"https:\\\/\\\/otterbergetscamping.se\\\/de\\\/welcome\\\/campingplatser\\\/#primaryimage\"},\"image\":{\"@id\":\"https:\\\/\\\/otterbergetscamping.se\\\/welcome\\\/campingplatser\\\/#primaryimage\"},\"thumbnailUrl\":\"https:\\\/\\\/otterbergetscamping.se\\\/wp-content\\\/uploads\\\/2014\\\/04\\\/right_content_image_top_kampeerplaatsen-e1430339585856.jpg\",\"datePublished\":\"2014-04-27T13:05:12+00:00\",\"dateModified\":\"2025-09-16T12:19:52+00:00\",\"breadcrumb\":{\"@id\":\"https:\\\/\\\/otterbergetscamping.se\\\/de\\\/welcome\\\/campingplatser\\\/#breadcrumb\"},\"inLanguage\":\"de\",\"potentialAction\":[{\"@type\":\"ReadAction\",\"target\":[[\"https:\\\/\\\/otterbergetscamping.se\\\/de\\\/welcome\\\/campingplatser\\\/\"]]}]},{\"@type\":\"ImageObject\",\"inLanguage\":\"de\",\"@id\":\"https:\\\/\\\/otterbergetscamping.se\\\/de\\\/welcome\\\/campingplatser\\\/#primaryimage\",\"url\":\"https:\\\/\\\/otterbergetscamping.se\\\/wp-content\\\/uploads\\\/2014\\\/04\\\/right_content_image_top_kampeerplaatsen-e1430339585856.jpg\",\"contentUrl\":\"https:\\\/\\\/otterbergetscamping.se\\\/wp-content\\\/uploads\\\/2014\\\/04\\\/right_content_image_top_kampeerplaatsen-e1430339585856.jpg\",\"width\":310,\"height\":232},{\"@type\":\"BreadcrumbList\",\"@id\":\"https:\\\/\\\/otterbergetscamping.se\\\/de\\\/welcome\\\/campingplatser\\\/#breadcrumb\",\"itemListElement\":[{\"@type\":\"ListItem\",\"position\":1,\"name\":\"Home\",\"item\":\"https:\\\/\\\/otterbergetscamping.se\\\/de\\\/\"},{\"@type\":\"ListItem\",\"position\":2,\"name\":\"Camping\",\"item\":\"https:\\\/\\\/otterbergetscamping.se\\\/de\\\/\"},{\"@type\":\"ListItem\",\"position\":3,\"name\":\"Campingplatser\"}]},{\"@type\":\"WebSite\",\"@id\":\"https:\\\/\\\/otterbergetscamping.se\\\/de\\\/#website\",\"url\":\"https:\\\/\\\/otterbergetscamping.se\\\/de\\\/\",\"name\":\"Otterbergets Bad och Camping\",\"description\":\"\",\"potentialAction\":[{\"@type\":\"SearchAction\",\"target\":{\"@type\":\"EntryPoint\",\"urlTemplate\":\"https:\\\/\\\/otterbergetscamping.se\\\/de\\\/?s={search_term_string}\"},\"query-input\":{\"@type\":\"PropertyValueSpecification\",\"valueRequired\":true,\"valueName\":\"search_term_string\"}}],\"inLanguage\":\"de\"}]}<\/script>\n<!-- \/ Yoast SEO plugin. -->","yoast_head_json":{"title":"Stellpl\u00e4tze - Otterbergets Bad och Camping","robots":{"index":"index","follow":"follow","max-snippet":"max-snippet:-1","max-image-preview":"max-image-preview:large","max-video-preview":"max-video-preview:-1"},"canonical":"https:\/\/otterbergetscamping.se\/de\/welcome\/campingplatser\/","og_locale":"de_DE","og_type":"article","og_title":"Stellpl\u00e4tze - Otterbergets Bad och Camping","og_description":"Auf unserer drei Hektar gro\u00dfen Anlage sind 70 Standpl\u00e4tze ausgewiesen. Von diesen haben 65 einen 10 Ampere Stromanschluss. Die Gr\u00f6\u00dfe der Standpl\u00e4tze liegt zwischen 100 und 120 Quadratmetern. Diese Stellpl\u00e4tze sind f\u00fcr einen Wohnwagen\/Wohnmobil mit Vorzelt oder Zelt mit einer &hellip; Weiterlesen &rarr;","og_url":"https:\/\/otterbergetscamping.se\/de\/welcome\/campingplatser\/","og_site_name":"Otterbergets Bad och Camping","article_modified_time":"2025-09-16T12:19:52+00:00","og_image":[{"width":310,"height":232,"url":"https:\/\/otterbergetscamping.se\/wp-content\/uploads\/2014\/04\/right_content_image_top_kampeerplaatsen-e1430339585856.jpg","type":"image\/jpeg"}],"twitter_card":"summary_large_image","twitter_misc":{"Gesch\u00e4tzte Lesezeit":"2\u00a0Minuten"},"schema":{"@context":"https:\/\/schema.org","@graph":[{"@type":"WebPage","@id":"https:\/\/otterbergetscamping.se\/de\/welcome\/campingplatser\/","url":"https:\/\/otterbergetscamping.se\/de\/welcome\/campingplatser\/","name":"Stellpl\u00e4tze - Otterbergets Bad och Camping","isPartOf":{"@id":"https:\/\/otterbergetscamping.se\/de\/#website"},"primaryImageOfPage":{"@id":"https:\/\/otterbergetscamping.se\/de\/welcome\/campingplatser\/#primaryimage"},"image":{"@id":"https:\/\/otterbergetscamping.se\/welcome\/campingplatser\/#primaryimage"},"thumbnailUrl":"https:\/\/otterbergetscamping.se\/wp-content\/uploads\/2014\/04\/right_content_image_top_kampeerplaatsen-e1430339585856.jpg","datePublished":"2014-04-27T13:05:12+00:00","dateModified":"2025-09-16T12:19:52+00:00","breadcrumb":{"@id":"https:\/\/otterbergetscamping.se\/de\/welcome\/campingplatser\/#breadcrumb"},"inLanguage":"de","potentialAction":[{"@type":"ReadAction","target":[["https:\/\/otterbergetscamping.se\/de\/welcome\/campingplatser\/"]]}]},{"@type":"ImageObject","inLanguage":"de","@id":"https:\/\/otterbergetscamping.se\/de\/welcome\/campingplatser\/#primaryimage","url":"https:\/\/otterbergetscamping.se\/wp-content\/uploads\/2014\/04\/right_content_image_top_kampeerplaatsen-e1430339585856.jpg","contentUrl":"https:\/\/otterbergetscamping.se\/wp-content\/uploads\/2014\/04\/right_content_image_top_kampeerplaatsen-e1430339585856.jpg","width":310,"height":232},{"@type":"BreadcrumbList","@id":"https:\/\/otterbergetscamping.se\/de\/welcome\/campingplatser\/#breadcrumb","itemListElement":[{"@type":"ListItem","position":1,"name":"Home","item":"https:\/\/otterbergetscamping.se\/de\/"},{"@type":"ListItem","position":2,"name":"Camping","item":"https:\/\/otterbergetscamping.se\/de\/"},{"@type":"ListItem","position":3,"name":"Campingplatser"}]},{"@type":"WebSite","@id":"https:\/\/otterbergetscamping.se\/de\/#website","url":"https:\/\/otterbergetscamping.se\/de\/","name":"Otterbergets Bad och Camping","description":"","potentialAction":[{"@type":"SearchAction","target":{"@type":"EntryPoint","urlTemplate":"https:\/\/otterbergetscamping.se\/de\/?s={search_term_string}"},"query-input":{"@type":"PropertyValueSpecification","valueRequired":true,"valueName":"search_term_string"}}],"inLanguage":"de"}]}},"_links":{"self":[{"href":"https:\/\/otterbergetscamping.se\/de\/wp-json\/wp\/v2\/pages\/14","targetHints":{"allow":["GET"]}}],"collection":[{"href":"https:\/\/otterbergetscamping.se\/de\/wp-json\/wp\/v2\/pages"}],"about":[{"href":"https:\/\/otterbergetscamping.se\/de\/wp-json\/wp\/v2\/types\/page"}],"author":[{"embeddable":true,"href":"https:\/\/otterbergetscamping.se\/de\/wp-json\/wp\/v2\/users\/1"}],"replies":[{"embeddable":true,"href":"https:\/\/otterbergetscamping.se\/de\/wp-json\/wp\/v2\/comments?post=14"}],"version-history":[{"count":5,"href":"https:\/\/otterbergetscamping.se\/de\/wp-json\/wp\/v2\/pages\/14\/revisions"}],"predecessor-version":[{"id":1655,"href":"https:\/\/otterbergetscamping.se\/de\/wp-json\/wp\/v2\/pages\/14\/revisions\/1655"}],"up":[{"embeddable":true,"href":"https:\/\/otterbergetscamping.se\/de\/wp-json\/wp\/v2\/pages\/5"}],"wp:featuredmedia":[{"embeddable":true,"href":"https:\/\/otterbergetscamping.se\/de\/wp-json\/wp\/v2\/media\/220"}],"wp:attachment":[{"href":"https:\/\/otterbergetscamping.se\/de\/wp-json\/wp\/v2\/media?parent=14"}],"curies":[{"name":"wp","href":"https:\/\/api.w.org\/{rel}","templated":true}]}}