{"id":1158,"date":"2019-08-28T18:44:41","date_gmt":"2019-08-28T18:44:41","guid":{"rendered":"http:\/\/otterbergetscamping.se\/?page_id=1158"},"modified":"2024-05-04T16:47:35","modified_gmt":"2024-05-04T16:47:35","slug":"boka","status":"publish","type":"page","link":"https:\/\/otterbergetscamping.se\/de\/info-och-kontakt\/boka\/","title":{"rendered":"Reservieren"},"content":{"rendered":"<p><\/p>\n<div>Wir bieten Ihnen zwei M\u00f6glichkeiten, um einen Aufenthalt auf unserem Campingplatz zu buchen:<\/div>\n<div><\/div>\n<ol>\n<li><a href=\"https:\/\/online.bookvisit.com\/v2\/widget\/WidgetNewWindowStart?channelId=75cc0d9a-2267-4a56-af55-e1fdb42fe4d0&amp;culture=de-DE\" target=\"_blank\" rel=\"noopener\"><strong>ONLINE Reservierung<\/strong><\/a>. Hier k\u00f6nnen Sie schnell unsere Pl\u00e4tze und \/ oder Unterk\u00fcnfte reservieren. Hier k\u00f6nnen Sie auch schnell die Verf\u00fcgbarkeit unserer Produkte \u00fcberpr\u00fcfen. \u00dcber diese Option k\u00f6nnen Sie keine Veranstaltungen wie Akkordeonfestivals oder die Plattenmesse buchen. Nachtr\u00e4glich k\u00f6nnen \u00fcber diese Option keine Rabatte oder Sonderangebote mehr genutzt werden. Diese Buchungsoption wird in Zusammenarbeit mit SCR svenskcamping angeboten. Die Kontaktdaten finden Sie in der Buchungsbest\u00e4tigung, die Sie nach der Buchung erhalten.<\/li>\n<li><a href=\"https:\/\/www.otterbergetscamping.se\/booking\/de\/\" target=\"_blank\" rel=\"noopener\"><strong>Buchungsformular<\/strong><\/a>. Hier k\u00f6nnen Sie Pl\u00e4tze f\u00fcr unsere Veranstaltungen wie Akkordeon Festivals oder die Plattenmesse reservieren. Sie k\u00f6nnen hier auch buchen, wenn Sie Rabattkarten verwenden m\u00f6chten, die von uns beispielsweise von ACSI akzeptiert wurden. Sie k\u00f6nnen hier auch buchen, wenn Sie mit einer Gruppe reisen oder besondere W\u00fcnsche haben. Wir bem\u00fchen uns, Ihre Buchung innerhalb von 48 Stunden zu bearbeiten.<\/li>\n<\/ol>\n<p><\/p>","protected":false},"excerpt":{"rendered":"<p>Wir bieten Ihnen zwei M\u00f6glichkeiten, um einen Aufenthalt auf unserem Campingplatz zu buchen: ONLINE Reservierung. Hier k\u00f6nnen Sie schnell unsere Pl\u00e4tze und \/ oder Unterk\u00fcnfte reservieren. Hier k\u00f6nnen Sie auch schnell die Verf\u00fcgbarkeit unserer Produkte \u00fcberpr\u00fcfen. \u00dcber diese Option k\u00f6nnen &hellip; <a class=\"more-link\" href=\"https:\/\/otterbergetscamping.se\/de\/info-och-kontakt\/boka\/\">Weiterlesen <span class=\"meta-nav\">&rarr;<\/span><\/a><\/p>\n","protected":false},"author":1,"featured_media":0,"parent":98,"menu_order":4,"comment_status":"closed","ping_status":"closed","template":"","meta":{"_monsterinsights_skip_tracking":false,"_monsterinsights_sitenote_active":false,"_monsterinsights_sitenote_note":"","_monsterinsights_sitenote_category":0,"footnotes":""},"class_list":["post-1158","page","type-page","status-publish","hentry"],"yoast_head":"<!-- This site is optimized with the Yoast SEO plugin v27.3 - https:\/\/yoast.com\/product\/yoast-seo-wordpress\/ -->\n<title>Reservieren - Otterbergets Bad och Camping<\/title>\n<meta name=\"robots\" content=\"index, follow, max-snippet:-1, max-image-preview:large, max-video-preview:-1\" \/>\n<link rel=\"canonical\" href=\"https:\/\/otterbergetscamping.se\/de\/info-och-kontakt\/boka\/\" \/>\n<meta property=\"og:locale\" content=\"de_DE\" \/>\n<meta property=\"og:type\" content=\"article\" \/>\n<meta property=\"og:title\" content=\"Reservieren - Otterbergets Bad och Camping\" \/>\n<meta property=\"og:description\" content=\"Wir bieten Ihnen zwei M\u00f6glichkeiten, um einen Aufenthalt auf unserem Campingplatz zu buchen: ONLINE Reservierung. Hier k\u00f6nnen Sie schnell unsere Pl\u00e4tze und \/ oder Unterk\u00fcnfte reservieren. Hier k\u00f6nnen Sie auch schnell die Verf\u00fcgbarkeit unserer Produkte \u00fcberpr\u00fcfen. \u00dcber diese Option k\u00f6nnen &hellip; Weiterlesen &rarr;\" \/>\n<meta property=\"og:url\" content=\"https:\/\/otterbergetscamping.se\/de\/info-och-kontakt\/boka\/\" \/>\n<meta property=\"og:site_name\" content=\"Otterbergets Bad och Camping\" \/>\n<meta property=\"article:modified_time\" content=\"2024-05-04T16:47:35+00:00\" \/>\n<meta name=\"twitter:card\" content=\"summary_large_image\" \/>\n<meta name=\"twitter:label1\" content=\"Gesch\u00e4tzte Lesezeit\" \/>\n\t<meta name=\"twitter:data1\" content=\"1\u00a0Minute\" \/>\n<script type=\"application\/ld+json\" class=\"yoast-schema-graph\">{\"@context\":\"https:\\\/\\\/schema.org\",\"@graph\":[{\"@type\":\"WebPage\",\"@id\":\"https:\\\/\\\/otterbergetscamping.se\\\/de\\\/info-och-kontakt\\\/boka\\\/\",\"url\":\"https:\\\/\\\/otterbergetscamping.se\\\/de\\\/info-och-kontakt\\\/boka\\\/\",\"name\":\"Reservieren - Otterbergets Bad och Camping\",\"isPartOf\":{\"@id\":\"https:\\\/\\\/otterbergetscamping.se\\\/de\\\/#website\"},\"datePublished\":\"2019-08-28T18:44:41+00:00\",\"dateModified\":\"2024-05-04T16:47:35+00:00\",\"breadcrumb\":{\"@id\":\"https:\\\/\\\/otterbergetscamping.se\\\/de\\\/info-och-kontakt\\\/boka\\\/#breadcrumb\"},\"inLanguage\":\"de\",\"potentialAction\":[{\"@type\":\"ReadAction\",\"target\":[[\"https:\\\/\\\/otterbergetscamping.se\\\/de\\\/info-och-kontakt\\\/boka\\\/\"]]}]},{\"@type\":\"BreadcrumbList\",\"@id\":\"https:\\\/\\\/otterbergetscamping.se\\\/de\\\/info-och-kontakt\\\/boka\\\/#breadcrumb\",\"itemListElement\":[{\"@type\":\"ListItem\",\"position\":1,\"name\":\"Home\",\"item\":\"https:\\\/\\\/otterbergetscamping.se\\\/de\\\/\"},{\"@type\":\"ListItem\",\"position\":2,\"name\":\"Info och kontakt\",\"item\":\"https:\\\/\\\/otterbergetscamping.se\\\/de\\\/info-och-kontakt\\\/\"},{\"@type\":\"ListItem\",\"position\":3,\"name\":\"Reserveren\"}]},{\"@type\":\"WebSite\",\"@id\":\"https:\\\/\\\/otterbergetscamping.se\\\/de\\\/#website\",\"url\":\"https:\\\/\\\/otterbergetscamping.se\\\/de\\\/\",\"name\":\"Otterbergets Bad och Camping\",\"description\":\"\",\"potentialAction\":[{\"@type\":\"SearchAction\",\"target\":{\"@type\":\"EntryPoint\",\"urlTemplate\":\"https:\\\/\\\/otterbergetscamping.se\\\/de\\\/?s={search_term_string}\"},\"query-input\":{\"@type\":\"PropertyValueSpecification\",\"valueRequired\":true,\"valueName\":\"search_term_string\"}}],\"inLanguage\":\"de\"}]}<\/script>\n<!-- \/ Yoast SEO plugin. -->","yoast_head_json":{"title":"Reservieren - Otterbergets Bad och Camping","robots":{"index":"index","follow":"follow","max-snippet":"max-snippet:-1","max-image-preview":"max-image-preview:large","max-video-preview":"max-video-preview:-1"},"canonical":"https:\/\/otterbergetscamping.se\/de\/info-och-kontakt\/boka\/","og_locale":"de_DE","og_type":"article","og_title":"Reservieren - Otterbergets Bad och Camping","og_description":"Wir bieten Ihnen zwei M\u00f6glichkeiten, um einen Aufenthalt auf unserem Campingplatz zu buchen: ONLINE Reservierung. Hier k\u00f6nnen Sie schnell unsere Pl\u00e4tze und \/ oder Unterk\u00fcnfte reservieren. Hier k\u00f6nnen Sie auch schnell die Verf\u00fcgbarkeit unserer Produkte \u00fcberpr\u00fcfen. \u00dcber diese Option k\u00f6nnen &hellip; Weiterlesen &rarr;","og_url":"https:\/\/otterbergetscamping.se\/de\/info-och-kontakt\/boka\/","og_site_name":"Otterbergets Bad och Camping","article_modified_time":"2024-05-04T16:47:35+00:00","twitter_card":"summary_large_image","twitter_misc":{"Gesch\u00e4tzte Lesezeit":"1\u00a0Minute"},"schema":{"@context":"https:\/\/schema.org","@graph":[{"@type":"WebPage","@id":"https:\/\/otterbergetscamping.se\/de\/info-och-kontakt\/boka\/","url":"https:\/\/otterbergetscamping.se\/de\/info-och-kontakt\/boka\/","name":"Reservieren - Otterbergets Bad och Camping","isPartOf":{"@id":"https:\/\/otterbergetscamping.se\/de\/#website"},"datePublished":"2019-08-28T18:44:41+00:00","dateModified":"2024-05-04T16:47:35+00:00","breadcrumb":{"@id":"https:\/\/otterbergetscamping.se\/de\/info-och-kontakt\/boka\/#breadcrumb"},"inLanguage":"de","potentialAction":[{"@type":"ReadAction","target":[["https:\/\/otterbergetscamping.se\/de\/info-och-kontakt\/boka\/"]]}]},{"@type":"BreadcrumbList","@id":"https:\/\/otterbergetscamping.se\/de\/info-och-kontakt\/boka\/#breadcrumb","itemListElement":[{"@type":"ListItem","position":1,"name":"Home","item":"https:\/\/otterbergetscamping.se\/de\/"},{"@type":"ListItem","position":2,"name":"Info och kontakt","item":"https:\/\/otterbergetscamping.se\/de\/info-och-kontakt\/"},{"@type":"ListItem","position":3,"name":"Reserveren"}]},{"@type":"WebSite","@id":"https:\/\/otterbergetscamping.se\/de\/#website","url":"https:\/\/otterbergetscamping.se\/de\/","name":"Otterbergets Bad och Camping","description":"","potentialAction":[{"@type":"SearchAction","target":{"@type":"EntryPoint","urlTemplate":"https:\/\/otterbergetscamping.se\/de\/?s={search_term_string}"},"query-input":{"@type":"PropertyValueSpecification","valueRequired":true,"valueName":"search_term_string"}}],"inLanguage":"de"}]}},"_links":{"self":[{"href":"https:\/\/otterbergetscamping.se\/de\/wp-json\/wp\/v2\/pages\/1158","targetHints":{"allow":["GET"]}}],"collection":[{"href":"https:\/\/otterbergetscamping.se\/de\/wp-json\/wp\/v2\/pages"}],"about":[{"href":"https:\/\/otterbergetscamping.se\/de\/wp-json\/wp\/v2\/types\/page"}],"author":[{"embeddable":true,"href":"https:\/\/otterbergetscamping.se\/de\/wp-json\/wp\/v2\/users\/1"}],"replies":[{"embeddable":true,"href":"https:\/\/otterbergetscamping.se\/de\/wp-json\/wp\/v2\/comments?post=1158"}],"version-history":[{"count":3,"href":"https:\/\/otterbergetscamping.se\/de\/wp-json\/wp\/v2\/pages\/1158\/revisions"}],"predecessor-version":[{"id":1563,"href":"https:\/\/otterbergetscamping.se\/de\/wp-json\/wp\/v2\/pages\/1158\/revisions\/1563"}],"up":[{"embeddable":true,"href":"https:\/\/otterbergetscamping.se\/de\/wp-json\/wp\/v2\/pages\/98"}],"wp:attachment":[{"href":"https:\/\/otterbergetscamping.se\/de\/wp-json\/wp\/v2\/media?parent=1158"}],"curies":[{"name":"wp","href":"https:\/\/api.w.org\/{rel}","templated":true}]}}