{"id":11,"date":"2014-04-27T13:03:19","date_gmt":"2014-04-27T13:03:19","guid":{"rendered":"http:\/\/otterbergetscamping.se\/?page_id=11"},"modified":"2025-05-11T17:53:56","modified_gmt":"2025-05-11T17:53:56","slug":"stugor","status":"publish","type":"page","link":"https:\/\/otterbergetscamping.se\/de\/boende\/stugor\/","title":{"rendered":"Stuga&#8217;s"},"content":{"rendered":"<p><\/p>\n<p class=\"normal_text\">Otterbergets Bad &amp; Camping hat zehn Stuga\u2019s (kleine Holzh\u00e4uschen, H\u00fctten) in verschiedene Gr\u00f6\u00dfen. Sie sind einfach aber gepflegt und h\u00fcbsch und mit einer Grundausstattung versehen. Jede Stuga verf\u00fcgt \u00fcber ein Kaffeemaschine, Wasserkocher, Topfset, Geschirr und Besteck, Heizung, Bettdecken und Kissen. Auch Gartenm\u00f6bel fehlen nicht.<\/p>\n<p>Bettw\u00e4sche (Laken und Bez\u00fcge) m\u00fcssen Sie entweder selbst mitnehmen oder bei uns mieten.<span class=\"normal_text\"><br \/>\n<\/span><\/p>\n<p><strong>Stuga 2-Personen<\/strong><\/p>\n<p>Wir haben insgesamt vier 2-Personen Stuga\u2019s (7m<sup>2<\/sup>). Es sind kleine, f\u00fcr Durchreisende bestimmte \u00dcbernachtungsh\u00fctten. Ein kleiner K\u00fchlschrank ist vorhanden.<\/p>\n<p>K\u00fcche, Dusche und Toilette befinden sich im Servicegeb\u00e4ude des Campingplatzes<span class=\"normal_text\">.<\/span><\/p>\n<p><strong><span class=\"normal_text\"><br \/>\n<\/span><\/strong><span class=\"normal_text\"><a href=\"https:\/\/otterbergetscamping.se\/wp-content\/uploads\/2014\/04\/klstuga.jpg\"><img loading=\"lazy\" decoding=\"async\" class=\"alignright wp-image-460\" src=\"https:\/\/otterbergetscamping.se\/wp-content\/uploads\/2014\/04\/klstuga.jpg\" alt=\"\" width=\"297\" height=\"226\" \/><\/a><\/span><span class=\"normal_text\"><a href=\"https:\/\/otterbergetscamping.se\/wp-content\/uploads\/2019\/06\/2beds.jpg\"><img loading=\"lazy\" decoding=\"async\" class=\"alignnone wp-image-1117\" src=\"https:\/\/otterbergetscamping.se\/wp-content\/uploads\/2019\/06\/2beds-1024x683.jpg\" alt=\"\" width=\"336\" height=\"224\" srcset=\"https:\/\/otterbergetscamping.se\/wp-content\/uploads\/2019\/06\/2beds-1024x683.jpg 1024w, https:\/\/otterbergetscamping.se\/wp-content\/uploads\/2019\/06\/2beds-300x200.jpg 300w, https:\/\/otterbergetscamping.se\/wp-content\/uploads\/2019\/06\/2beds-768x512.jpg 768w, https:\/\/otterbergetscamping.se\/wp-content\/uploads\/2019\/06\/2beds-450x300.jpg 450w\" sizes=\"auto, (max-width: 336px) 100vw, 336px\" \/><\/a>\u00a0<\/span><br \/>\n<br clear=\"all\" \/><strong>Stuga 3-Personen<\/strong><span class=\"normal_text\"><br \/>\n<span class=\"normal_text\"><br \/>\n<\/span><\/span><span class=\"normal_text\">Diese Stuga (10 m<sup>2<\/sup>) ist mit einer kleinen K\u00fcchenzeile, mit K\u00fchlschrank ausgestattet. Des Weiteren gibt es eine Essnische und ein Dreierbett. Dies ist ein Hochbett, bei dem aus dem unteren Teil ein Doppelbett gemacht werden kann.<\/span><\/p>\n<p>Durch die zur\u00fcckgesetzte Lage dieser Stuga auf dem Campingplatz, genie\u00dfen Sie viel Privatsph\u00e4re.<\/p>\n<p>Dusche und Toilette befinden sich im Servicegeb\u00e4ude des Campingplatzes<span class=\"normal_text\"><span class=\"normal_text\"><span class=\"normal_text\">.<\/span><\/span><\/span><\/p>\n<p class=\"normal_text\"><span class=\"normal_text\"><br \/>\n<\/span><span class=\"normal_text\"><strong><a href=\"https:\/\/otterbergetscamping.se\/wp-content\/uploads\/2014\/04\/stuga9-1.jpg\"><img loading=\"lazy\" decoding=\"async\" class=\"alignleft wp-image-873\" src=\"https:\/\/otterbergetscamping.se\/wp-content\/uploads\/2014\/04\/stuga9-1.jpg\" alt=\"\" width=\"320\" height=\"240\" \/><\/a>\u00a0 \u00a0 \u00a0 \u00a0 \u00a0 \u00a0 \u00a0 \u00a0 <\/strong><\/span><a href=\"https:\/\/otterbergetscamping.se\/wp-content\/uploads\/2020\/05\/Stuga9-scaled.jpg\"><img loading=\"lazy\" decoding=\"async\" class=\"alignright wp-image-1292\" src=\"https:\/\/otterbergetscamping.se\/wp-content\/uploads\/2020\/05\/Stuga9-1024x768.jpg\" alt=\"\" width=\"320\" height=\"240\" srcset=\"https:\/\/otterbergetscamping.se\/wp-content\/uploads\/2020\/05\/Stuga9-1024x768.jpg 1024w, https:\/\/otterbergetscamping.se\/wp-content\/uploads\/2020\/05\/Stuga9-300x225.jpg 300w, https:\/\/otterbergetscamping.se\/wp-content\/uploads\/2020\/05\/Stuga9-768x576.jpg 768w, https:\/\/otterbergetscamping.se\/wp-content\/uploads\/2020\/05\/Stuga9-1536x1152.jpg 1536w, https:\/\/otterbergetscamping.se\/wp-content\/uploads\/2020\/05\/Stuga9-2048x1536.jpg 2048w, https:\/\/otterbergetscamping.se\/wp-content\/uploads\/2020\/05\/Stuga9-400x300.jpg 400w\" sizes=\"auto, (max-width: 320px) 100vw, 320px\" \/><\/a><\/p>\n<p>&nbsp;<\/p>\n<p>&nbsp;<\/p>\n<p>&nbsp;<\/p>\n<p>&nbsp;<\/p>\n<p>&nbsp;<\/p>\n<p>&nbsp;<\/p>\n<p>&nbsp;<\/p>\n<p><strong>Stuga 4-Personen<\/strong><\/p>\n<p><strong><span class=\"normal_text\"> <span class=\"normal_text\"><br \/>\n<\/span><\/span><\/strong><span class=\"normal_text\">Wir haben vier Stuga\u2019s dieser Gr\u00f6\u00dfe (10m<sup>2<\/sup>). Sie verf\u00fcgen je \u00fcber einen K\u00fchlschrank, eine Essnische und zwei Hochbetten.<\/span><\/p>\n<p>K\u00fcche, Dusche und Toilette befinden sich in der N\u00e4he im Servicegeb\u00e4ude.<\/p>\n<p class=\"normal_text\"><span class=\"normal_text\"><strong><br \/>\n<\/strong><\/span>\u00a0 <a href=\"https:\/\/otterbergetscamping.se\/wp-content\/uploads\/2025\/05\/2025-05-04-stuga-2-scaled.jpg\"><img loading=\"lazy\" decoding=\"async\" class=\"alignright wp-image-1626 \" src=\"https:\/\/otterbergetscamping.se\/wp-content\/uploads\/2025\/05\/2025-05-04-stuga-2-1024x739.jpg\" alt=\"\" width=\"325\" height=\"238\" \/><\/a><a href=\"https:\/\/otterbergetscamping.se\/wp-content\/uploads\/2014\/04\/DSC08915-250.jpg\"><img loading=\"lazy\" decoding=\"async\" class=\"alignleft wp-image-804 \" src=\"https:\/\/otterbergetscamping.se\/wp-content\/uploads\/2014\/04\/DSC08915-250.jpg\" alt=\"\" width=\"316\" height=\"241\" \/><\/a><\/p>\n<p>&nbsp;<\/p>\n<p>&nbsp;<\/p>\n<p>&nbsp;<\/p>\n<p>&nbsp;<\/p>\n<p>&nbsp;<\/p>\n<p>&nbsp;<\/p>\n<p>&nbsp;<\/p>\n<p><strong>Gro\u00dfe Stuga<\/strong><br \/>\n<span class=\"normal_text\"><br \/>\n<\/span>Dies ist eine ger\u00e4umige f\u00fcnf\u00a0bis sechs\u00a0Personen Stuga (18m<sup>2<\/sup> ), ausgestattet mit Wohnk\u00fcche, K\u00fchlschrank, Mikrowelle, Kochplatten, und Schlafsofa. In einem Schlafzimmer stehen ein Hochbett und ein Dreierbett(2+1).<\/p>\n<p>Dusche und Toilette befinden sich in der N\u00e4he im Servicegeb\u00e4ude.<\/p>\n<p><a href=\"https:\/\/otterbergetscamping.se\/wp-content\/uploads\/2014\/04\/grstuga2.jpg\"><img loading=\"lazy\" decoding=\"async\" class=\"alignnone wp-image-881\" src=\"https:\/\/otterbergetscamping.se\/wp-content\/uploads\/2014\/04\/grstuga2.jpg\" alt=\"\" width=\"320\" height=\"240\" \/><\/a><a href=\"https:\/\/otterbergetscamping.se\/wp-content\/uploads\/2014\/04\/grstuga1.jpg\"><img loading=\"lazy\" decoding=\"async\" class=\"alignright wp-image-880\" src=\"https:\/\/otterbergetscamping.se\/wp-content\/uploads\/2014\/04\/grstuga1.jpg\" alt=\"\" width=\"320\" height=\"240\" \/><\/a><\/p>\n<p class=\"normal_text\"><strong>Tarife und buchen<\/strong><\/p>\n<p class=\"normal_text\">Klick <a href=\"https:\/\/otterbergetscamping.se\/info-och-kontakt\/priser\/\">hier<\/a> f\u00fcr eine komplette <a class=\"normal_text\" href=\"https:\/\/otterbergetscamping.se\/de\/info-och-kontakt\/priser\/\">Tarif\u00fcbersicht<\/a>.<\/p>\n<p>Reservieren ist m\u00f6glich durch ausf\u00fcllen des <a class=\"normal_text\" href=\"https:\/\/otterbergetscamping.se\/de\/info-och-kontakt\/boka\/\">Reservierungsformular<\/a>.<\/p>\n<p>&nbsp;<\/p>","protected":false},"excerpt":{"rendered":"<p>Otterbergets Bad &amp; Camping hat zehn Stuga\u2019s (kleine Holzh\u00e4uschen, H\u00fctten) in verschiedene Gr\u00f6\u00dfen. Sie sind einfach aber gepflegt und h\u00fcbsch und mit einer Grundausstattung versehen. Jede Stuga verf\u00fcgt \u00fcber ein Kaffeemaschine, Wasserkocher, Topfset, Geschirr und Besteck, Heizung, Bettdecken und Kissen. &hellip; <a class=\"more-link\" href=\"https:\/\/otterbergetscamping.se\/de\/boende\/stugor\/\">Weiterlesen <span class=\"meta-nav\">&rarr;<\/span><\/a><\/p>\n","protected":false},"author":1,"featured_media":226,"parent":20,"menu_order":1,"comment_status":"closed","ping_status":"closed","template":"","meta":{"_monsterinsights_skip_tracking":false,"_monsterinsights_sitenote_active":false,"_monsterinsights_sitenote_note":"","_monsterinsights_sitenote_category":0,"footnotes":""},"class_list":["post-11","page","type-page","status-publish","has-post-thumbnail","hentry"],"yoast_head":"<!-- This site is optimized with the Yoast SEO plugin v27.3 - https:\/\/yoast.com\/product\/yoast-seo-wordpress\/ -->\n<title>Stuga&#039;s - Otterbergets Bad och Camping<\/title>\n<meta name=\"robots\" content=\"index, follow, max-snippet:-1, max-image-preview:large, max-video-preview:-1\" \/>\n<link rel=\"canonical\" href=\"https:\/\/otterbergetscamping.se\/de\/boende\/stugor\/\" \/>\n<meta property=\"og:locale\" content=\"de_DE\" \/>\n<meta property=\"og:type\" content=\"article\" \/>\n<meta property=\"og:title\" content=\"Stuga&#039;s - Otterbergets Bad och Camping\" \/>\n<meta property=\"og:description\" content=\"Otterbergets Bad &amp; Camping hat zehn Stuga\u2019s (kleine Holzh\u00e4uschen, H\u00fctten) in verschiedene Gr\u00f6\u00dfen. Sie sind einfach aber gepflegt und h\u00fcbsch und mit einer Grundausstattung versehen. Jede Stuga verf\u00fcgt \u00fcber ein Kaffeemaschine, Wasserkocher, Topfset, Geschirr und Besteck, Heizung, Bettdecken und Kissen. &hellip; Weiterlesen &rarr;\" \/>\n<meta property=\"og:url\" content=\"https:\/\/otterbergetscamping.se\/de\/boende\/stugor\/\" \/>\n<meta property=\"og:site_name\" content=\"Otterbergets Bad och Camping\" \/>\n<meta property=\"article:modified_time\" content=\"2025-05-11T17:53:56+00:00\" \/>\n<meta property=\"og:image\" content=\"https:\/\/otterbergetscamping.se\/wp-content\/uploads\/2014\/04\/right_content_image_top_stugas-e1430340143364.jpg\" \/>\n\t<meta property=\"og:image:width\" content=\"311\" \/>\n\t<meta property=\"og:image:height\" content=\"232\" \/>\n\t<meta property=\"og:image:type\" content=\"image\/jpeg\" \/>\n<meta name=\"twitter:card\" content=\"summary_large_image\" \/>\n<meta name=\"twitter:label1\" content=\"Gesch\u00e4tzte Lesezeit\" \/>\n\t<meta name=\"twitter:data1\" content=\"3\u00a0Minuten\" \/>\n<script type=\"application\/ld+json\" class=\"yoast-schema-graph\">{\"@context\":\"https:\\\/\\\/schema.org\",\"@graph\":[{\"@type\":\"WebPage\",\"@id\":\"https:\\\/\\\/otterbergetscamping.se\\\/de\\\/boende\\\/stugor\\\/\",\"url\":\"https:\\\/\\\/otterbergetscamping.se\\\/de\\\/boende\\\/stugor\\\/\",\"name\":\"Stuga's - Otterbergets Bad och Camping\",\"isPartOf\":{\"@id\":\"https:\\\/\\\/otterbergetscamping.se\\\/de\\\/#website\"},\"primaryImageOfPage\":{\"@id\":\"https:\\\/\\\/otterbergetscamping.se\\\/de\\\/boende\\\/stugor\\\/#primaryimage\"},\"image\":{\"@id\":\"https:\\\/\\\/otterbergetscamping.se\\\/boende\\\/stugor\\\/#primaryimage\"},\"thumbnailUrl\":\"https:\\\/\\\/otterbergetscamping.se\\\/wp-content\\\/uploads\\\/2014\\\/04\\\/right_content_image_top_stugas-e1430340143364.jpg\",\"datePublished\":\"2014-04-27T13:03:19+00:00\",\"dateModified\":\"2025-05-11T17:53:56+00:00\",\"breadcrumb\":{\"@id\":\"https:\\\/\\\/otterbergetscamping.se\\\/de\\\/boende\\\/stugor\\\/#breadcrumb\"},\"inLanguage\":\"de\",\"potentialAction\":[{\"@type\":\"ReadAction\",\"target\":[[\"https:\\\/\\\/otterbergetscamping.se\\\/de\\\/boende\\\/stugor\\\/\"]]}]},{\"@type\":\"ImageObject\",\"inLanguage\":\"de\",\"@id\":\"https:\\\/\\\/otterbergetscamping.se\\\/de\\\/boende\\\/stugor\\\/#primaryimage\",\"url\":\"https:\\\/\\\/otterbergetscamping.se\\\/wp-content\\\/uploads\\\/2014\\\/04\\\/right_content_image_top_stugas-e1430340143364.jpg\",\"contentUrl\":\"https:\\\/\\\/otterbergetscamping.se\\\/wp-content\\\/uploads\\\/2014\\\/04\\\/right_content_image_top_stugas-e1430340143364.jpg\",\"width\":311,\"height\":232},{\"@type\":\"BreadcrumbList\",\"@id\":\"https:\\\/\\\/otterbergetscamping.se\\\/de\\\/boende\\\/stugor\\\/#breadcrumb\",\"itemListElement\":[{\"@type\":\"ListItem\",\"position\":1,\"name\":\"Home\",\"item\":\"https:\\\/\\\/otterbergetscamping.se\\\/de\\\/\"},{\"@type\":\"ListItem\",\"position\":2,\"name\":\"Accommodaties\",\"item\":\"https:\\\/\\\/otterbergetscamping.se\\\/de\\\/boende\\\/\"},{\"@type\":\"ListItem\",\"position\":3,\"name\":\"Stugor\"}]},{\"@type\":\"WebSite\",\"@id\":\"https:\\\/\\\/otterbergetscamping.se\\\/de\\\/#website\",\"url\":\"https:\\\/\\\/otterbergetscamping.se\\\/de\\\/\",\"name\":\"Otterbergets Bad och Camping\",\"description\":\"\",\"potentialAction\":[{\"@type\":\"SearchAction\",\"target\":{\"@type\":\"EntryPoint\",\"urlTemplate\":\"https:\\\/\\\/otterbergetscamping.se\\\/de\\\/?s={search_term_string}\"},\"query-input\":{\"@type\":\"PropertyValueSpecification\",\"valueRequired\":true,\"valueName\":\"search_term_string\"}}],\"inLanguage\":\"de\"}]}<\/script>\n<!-- \/ Yoast SEO plugin. -->","yoast_head_json":{"title":"Stuga's - Otterbergets Bad och Camping","robots":{"index":"index","follow":"follow","max-snippet":"max-snippet:-1","max-image-preview":"max-image-preview:large","max-video-preview":"max-video-preview:-1"},"canonical":"https:\/\/otterbergetscamping.se\/de\/boende\/stugor\/","og_locale":"de_DE","og_type":"article","og_title":"Stuga's - Otterbergets Bad och Camping","og_description":"Otterbergets Bad &amp; Camping hat zehn Stuga\u2019s (kleine Holzh\u00e4uschen, H\u00fctten) in verschiedene Gr\u00f6\u00dfen. Sie sind einfach aber gepflegt und h\u00fcbsch und mit einer Grundausstattung versehen. Jede Stuga verf\u00fcgt \u00fcber ein Kaffeemaschine, Wasserkocher, Topfset, Geschirr und Besteck, Heizung, Bettdecken und Kissen. &hellip; Weiterlesen &rarr;","og_url":"https:\/\/otterbergetscamping.se\/de\/boende\/stugor\/","og_site_name":"Otterbergets Bad och Camping","article_modified_time":"2025-05-11T17:53:56+00:00","og_image":[{"width":311,"height":232,"url":"https:\/\/otterbergetscamping.se\/wp-content\/uploads\/2014\/04\/right_content_image_top_stugas-e1430340143364.jpg","type":"image\/jpeg"}],"twitter_card":"summary_large_image","twitter_misc":{"Gesch\u00e4tzte Lesezeit":"3\u00a0Minuten"},"schema":{"@context":"https:\/\/schema.org","@graph":[{"@type":"WebPage","@id":"https:\/\/otterbergetscamping.se\/de\/boende\/stugor\/","url":"https:\/\/otterbergetscamping.se\/de\/boende\/stugor\/","name":"Stuga's - Otterbergets Bad och Camping","isPartOf":{"@id":"https:\/\/otterbergetscamping.se\/de\/#website"},"primaryImageOfPage":{"@id":"https:\/\/otterbergetscamping.se\/de\/boende\/stugor\/#primaryimage"},"image":{"@id":"https:\/\/otterbergetscamping.se\/boende\/stugor\/#primaryimage"},"thumbnailUrl":"https:\/\/otterbergetscamping.se\/wp-content\/uploads\/2014\/04\/right_content_image_top_stugas-e1430340143364.jpg","datePublished":"2014-04-27T13:03:19+00:00","dateModified":"2025-05-11T17:53:56+00:00","breadcrumb":{"@id":"https:\/\/otterbergetscamping.se\/de\/boende\/stugor\/#breadcrumb"},"inLanguage":"de","potentialAction":[{"@type":"ReadAction","target":[["https:\/\/otterbergetscamping.se\/de\/boende\/stugor\/"]]}]},{"@type":"ImageObject","inLanguage":"de","@id":"https:\/\/otterbergetscamping.se\/de\/boende\/stugor\/#primaryimage","url":"https:\/\/otterbergetscamping.se\/wp-content\/uploads\/2014\/04\/right_content_image_top_stugas-e1430340143364.jpg","contentUrl":"https:\/\/otterbergetscamping.se\/wp-content\/uploads\/2014\/04\/right_content_image_top_stugas-e1430340143364.jpg","width":311,"height":232},{"@type":"BreadcrumbList","@id":"https:\/\/otterbergetscamping.se\/de\/boende\/stugor\/#breadcrumb","itemListElement":[{"@type":"ListItem","position":1,"name":"Home","item":"https:\/\/otterbergetscamping.se\/de\/"},{"@type":"ListItem","position":2,"name":"Accommodaties","item":"https:\/\/otterbergetscamping.se\/de\/boende\/"},{"@type":"ListItem","position":3,"name":"Stugor"}]},{"@type":"WebSite","@id":"https:\/\/otterbergetscamping.se\/de\/#website","url":"https:\/\/otterbergetscamping.se\/de\/","name":"Otterbergets Bad och Camping","description":"","potentialAction":[{"@type":"SearchAction","target":{"@type":"EntryPoint","urlTemplate":"https:\/\/otterbergetscamping.se\/de\/?s={search_term_string}"},"query-input":{"@type":"PropertyValueSpecification","valueRequired":true,"valueName":"search_term_string"}}],"inLanguage":"de"}]}},"_links":{"self":[{"href":"https:\/\/otterbergetscamping.se\/de\/wp-json\/wp\/v2\/pages\/11","targetHints":{"allow":["GET"]}}],"collection":[{"href":"https:\/\/otterbergetscamping.se\/de\/wp-json\/wp\/v2\/pages"}],"about":[{"href":"https:\/\/otterbergetscamping.se\/de\/wp-json\/wp\/v2\/types\/page"}],"author":[{"embeddable":true,"href":"https:\/\/otterbergetscamping.se\/de\/wp-json\/wp\/v2\/users\/1"}],"replies":[{"embeddable":true,"href":"https:\/\/otterbergetscamping.se\/de\/wp-json\/wp\/v2\/comments?post=11"}],"version-history":[{"count":19,"href":"https:\/\/otterbergetscamping.se\/de\/wp-json\/wp\/v2\/pages\/11\/revisions"}],"predecessor-version":[{"id":1643,"href":"https:\/\/otterbergetscamping.se\/de\/wp-json\/wp\/v2\/pages\/11\/revisions\/1643"}],"up":[{"embeddable":true,"href":"https:\/\/otterbergetscamping.se\/de\/wp-json\/wp\/v2\/pages\/20"}],"wp:featuredmedia":[{"embeddable":true,"href":"https:\/\/otterbergetscamping.se\/de\/wp-json\/wp\/v2\/media\/226"}],"wp:attachment":[{"href":"https:\/\/otterbergetscamping.se\/de\/wp-json\/wp\/v2\/media?parent=11"}],"curies":[{"name":"wp","href":"https:\/\/api.w.org\/{rel}","templated":true}]}}