{"id":109,"date":"2015-04-24T17:13:00","date_gmt":"2015-04-24T17:13:00","guid":{"rendered":"http:\/\/otterbergetscamping.se\/?page_id=109"},"modified":"2018-04-01T15:29:06","modified_gmt":"2018-04-01T15:29:06","slug":"resvag","status":"publish","type":"page","link":"https:\/\/otterbergetscamping.se\/de\/info-och-kontakt\/resvag\/","title":{"rendered":"Route"},"content":{"rendered":"<p>Unsere Adresse lautet:<br \/>\nOtterbergets Bad &amp; Camping<br \/>\n548 91 Hova, Schweden<\/p>\n<p><strong>GPS-Ko\u00f6rdinate:<\/strong><br \/>\n58<sup>o<\/sup> 54.599 N \/ 14<sup>o<\/sup> 17.397 E<\/p>\n<p><center><iframe loading=\"lazy\" style=\"border: 0;\" src=\"https:\/\/www.google.com\/maps\/embed?pb=!1m18!1m12!1m3!1d2060.263052722204!2d14.289923999998988!3d58.910247998875356!2m3!1f0!2f0!3f0!3m2!1i1024!2i768!4f13.1!3m3!1m2!1s0x465b7861b1fbbb43%3A0x759aef27ff936a4a!2sOtterbergets+Bad+%26+Camping!5e0!3m2!1snl!2snl!4v1435084012563\" width=\"500\" height=\"300\" frameborder=\"0\" allowfullscreen=\"allowfullscreen\"><\/iframe><\/center><strong>Mit ihrem PKW<\/strong><br \/>\nBen\u00fctzen Sie den <a class=\"normal_text\" href=\"https:\/\/www.google.com\/maps\/place\/Otterbergets+Bad+%26+Camping,+Otterbergets+Camping+1,+548+91+Hova\/@58.910248,14.289924,17z\/data=!4m2!3m1!1s0x465b7861b1fbbb43:0x759aef27ff936a4a\" target=\"_blank\">Routeplanner<\/a> um ihren Fahrplan von zu Hause selbst zu gestalten.<\/p>\n<p><strong>Information \u00fcber F\u00e4hren und Br\u00fccken<\/strong><br \/>\nAbh\u00e4ngig davon woher Sie kommen, k\u00f6nnen Sie die F\u00e4hre von Puttgarden nach R\u00f8dby (D\u00e4nemark) (Fahrzeit 45 Min.) und\/oder von Helsing\u00f8r (D\u00e4nemark) nach Helsingborg (Schweden) (Fahrzeit 15 Min.) ben\u00fctzen. Ein Fahrplan und Preisen finden Sie auf<a class=\"normal_text\" title=\"website scandlines\" href=\"http:\/\/www.scandlines.se\/\" target=\"_blank\">www.scandlines.se<\/a>.<\/p>\n<p>Die Br\u00fccke- und Tunnelverbindung zwischen Kopenhagen (DK) und Malm\u00f6 (SE) bietet f\u00fcr Autofahrer eine gute Alternative zu den F\u00e4hrdiensten. Die Geb\u00fchren sind vergleichbar mit den von der F\u00e4hre auf dem Trajekt Helsing\u00f8r (DK) \u2013 Helsingborg (SE).<\/p>\n<p>Die Website <a class=\"normal_text\" title=\"website stenaline\" href=\"http:\/\/www.stenaline.se\/\" target=\"_blank\">www.stenaline.se<\/a> bietet Ausk\u00fcnfte \u00fcber l\u00e4ngere Fahrten mit \u00dcbernachtungen. Diese Fahrten k\u00f6nnen abh\u00e4ngig ihren Fahrplans der Zahl der PKW-Kilometer wesentlich reduzieren. F\u00e4hren nach G\u00f6teborg (SE) finden Sie in Kiel, Gren\u00e5 (DK) und Frederikshavn (DK). Es ist anzuraten, w\u00e4hrend der Hauptsaison zu reservieren.<\/p>\n<p>Die gesellschaft TT-Line bietet ebenfalls direkte Verbindungen zwischen Deutschland und Schweden (<a class=\"normal_text\" title=\"website ttline\" href=\"http:\/\/www.ttline.com\/\" target=\"_blank\">www.ttline.com<\/a>). Sie k\u00f6nnen sowohl in Travem\u00fcnde alsauch in Rostock eine\u00a0 F\u00e4hre nach Trelleborg in S\u00fcdschweden nehmen.<\/p>\n<p><strong>Mit dem Flugzeug<\/strong><br \/>\nEs gibt von Deutschland aus mehreren direkten Verbindungen nach zum Beispiel Stockholm und G\u00f6teborg. Bei Ank\u00fcnft in Schweden, k\u00f6nnen Sie sich daf\u00fcr entscheiden, ein Auto zu mieten oder mit der Bahn zum Zielort zu reisen. Der Bahn f\u00fchrt Sie nach T\u00f6reboda, auf etwa 28 km Entfernung von Otterbergets Bad &amp; Camping. Im Fall Sie sich f\u00fcr einen Zugfahrt entscheiden, k\u00f6nnen wie Sie nach Vereinbarung vom Bahnhof abholen lassen.<\/p>\n<p>Sie m\u00fcssen damit rechnen, dass Sie bei manchen Fahrten in Sk\u00f6dve umsteigen m\u00fcssen. Einen Fahrplan finden Sie auf:<a class=\"normal_text\" title=\"actuele wisselkoers\" href=\"http:\/\/tidtabell.resplus.se\/tidtabell\/60_tag60h.pdf\" target=\"_blank\">http:\/\/tidtabell.resplus.se\/tidtabell\/60_tag60h.pdf<\/a>.<\/p>\n<p><a href=\"https:\/\/otterbergetscamping.se\/wp-content\/uploads\/2015\/04\/route11.jpg\"><img loading=\"lazy\" decoding=\"async\" class=\"alignnone wp-image-480 size-full\" src=\"https:\/\/otterbergetscamping.se\/wp-content\/uploads\/2015\/04\/route11.jpg\" alt=\"\" width=\"200\" height=\"150\" \/><\/a> <a href=\"https:\/\/otterbergetscamping.se\/wp-content\/uploads\/2015\/04\/route31.jpg\"><img loading=\"lazy\" decoding=\"async\" class=\"alignnone wp-image-482 size-full\" src=\"https:\/\/otterbergetscamping.se\/wp-content\/uploads\/2015\/04\/route31.jpg\" alt=\"\" width=\"200\" height=\"150\" \/><\/a> <a href=\"https:\/\/otterbergetscamping.se\/wp-content\/uploads\/2015\/04\/route21.jpg\"><img loading=\"lazy\" decoding=\"async\" class=\"alignnone wp-image-481 size-full\" src=\"https:\/\/otterbergetscamping.se\/wp-content\/uploads\/2015\/04\/route21.jpg\" alt=\"\" width=\"200\" height=\"150\" \/><\/a><\/p>","protected":false},"excerpt":{"rendered":"<p>Unsere Adresse lautet: Otterbergets Bad &amp; Camping 548 91 Hova, Schweden GPS-Ko\u00f6rdinate: 58o 54.599 N \/ 14o 17.397 E Mit ihrem PKW Ben\u00fctzen Sie den Routeplanner um ihren Fahrplan von zu Hause selbst zu gestalten. Information \u00fcber F\u00e4hren und Br\u00fccken &hellip; <a class=\"more-link\" href=\"https:\/\/otterbergetscamping.se\/de\/info-och-kontakt\/resvag\/\">Weiterlesen <span class=\"meta-nav\">&rarr;<\/span><\/a><\/p>\n","protected":false},"author":1,"featured_media":245,"parent":98,"menu_order":2,"comment_status":"closed","ping_status":"open","template":"","meta":{"_monsterinsights_skip_tracking":false,"_monsterinsights_sitenote_active":false,"_monsterinsights_sitenote_note":"","_monsterinsights_sitenote_category":0,"footnotes":""},"class_list":["post-109","page","type-page","status-publish","has-post-thumbnail","hentry"],"yoast_head":"<!-- This site is optimized with the Yoast SEO plugin v27.3 - https:\/\/yoast.com\/product\/yoast-seo-wordpress\/ -->\n<title>Route - Otterbergets Bad och Camping<\/title>\n<meta name=\"robots\" content=\"index, follow, max-snippet:-1, max-image-preview:large, max-video-preview:-1\" \/>\n<link rel=\"canonical\" href=\"https:\/\/otterbergetscamping.se\/de\/info-och-kontakt\/resvag\/\" \/>\n<meta property=\"og:locale\" content=\"de_DE\" \/>\n<meta property=\"og:type\" content=\"article\" \/>\n<meta property=\"og:title\" content=\"Route - Otterbergets Bad och Camping\" \/>\n<meta property=\"og:description\" content=\"Unsere Adresse lautet: Otterbergets Bad &amp; Camping 548 91 Hova, Schweden GPS-Ko\u00f6rdinate: 58o 54.599 N \/ 14o 17.397 E Mit ihrem PKW Ben\u00fctzen Sie den Routeplanner um ihren Fahrplan von zu Hause selbst zu gestalten. Information \u00fcber F\u00e4hren und Br\u00fccken &hellip; Weiterlesen &rarr;\" \/>\n<meta property=\"og:url\" content=\"https:\/\/otterbergetscamping.se\/de\/info-och-kontakt\/resvag\/\" \/>\n<meta property=\"og:site_name\" content=\"Otterbergets Bad och Camping\" \/>\n<meta property=\"article:modified_time\" content=\"2018-04-01T15:29:06+00:00\" \/>\n<meta property=\"og:image\" content=\"https:\/\/otterbergetscamping.se\/wp-content\/uploads\/2015\/04\/right_content_image_top_route-e1430340863864.jpg\" \/>\n\t<meta property=\"og:image:width\" content=\"310\" \/>\n\t<meta property=\"og:image:height\" content=\"232\" \/>\n\t<meta property=\"og:image:type\" content=\"image\/jpeg\" \/>\n<meta name=\"twitter:card\" content=\"summary_large_image\" \/>\n<meta name=\"twitter:label1\" content=\"Gesch\u00e4tzte Lesezeit\" \/>\n\t<meta name=\"twitter:data1\" content=\"5\u00a0Minuten\" \/>\n<script type=\"application\/ld+json\" class=\"yoast-schema-graph\">{\"@context\":\"https:\\\/\\\/schema.org\",\"@graph\":[{\"@type\":\"WebPage\",\"@id\":\"https:\\\/\\\/otterbergetscamping.se\\\/de\\\/info-och-kontakt\\\/resvag\\\/\",\"url\":\"https:\\\/\\\/otterbergetscamping.se\\\/de\\\/info-och-kontakt\\\/resvag\\\/\",\"name\":\"Route - Otterbergets Bad och Camping\",\"isPartOf\":{\"@id\":\"https:\\\/\\\/otterbergetscamping.se\\\/de\\\/#website\"},\"primaryImageOfPage\":{\"@id\":\"https:\\\/\\\/otterbergetscamping.se\\\/de\\\/info-och-kontakt\\\/resvag\\\/#primaryimage\"},\"image\":{\"@id\":\"https:\\\/\\\/otterbergetscamping.se\\\/info-och-kontakt\\\/resvag\\\/#primaryimage\"},\"thumbnailUrl\":\"https:\\\/\\\/otterbergetscamping.se\\\/wp-content\\\/uploads\\\/2015\\\/04\\\/right_content_image_top_route-e1430340863864.jpg\",\"datePublished\":\"2015-04-24T17:13:00+00:00\",\"dateModified\":\"2018-04-01T15:29:06+00:00\",\"breadcrumb\":{\"@id\":\"https:\\\/\\\/otterbergetscamping.se\\\/de\\\/info-och-kontakt\\\/resvag\\\/#breadcrumb\"},\"inLanguage\":\"de\",\"potentialAction\":[{\"@type\":\"ReadAction\",\"target\":[[\"https:\\\/\\\/otterbergetscamping.se\\\/de\\\/info-och-kontakt\\\/resvag\\\/\"]]}]},{\"@type\":\"ImageObject\",\"inLanguage\":\"de\",\"@id\":\"https:\\\/\\\/otterbergetscamping.se\\\/de\\\/info-och-kontakt\\\/resvag\\\/#primaryimage\",\"url\":\"https:\\\/\\\/otterbergetscamping.se\\\/wp-content\\\/uploads\\\/2015\\\/04\\\/right_content_image_top_route-e1430340863864.jpg\",\"contentUrl\":\"https:\\\/\\\/otterbergetscamping.se\\\/wp-content\\\/uploads\\\/2015\\\/04\\\/right_content_image_top_route-e1430340863864.jpg\",\"width\":310,\"height\":232},{\"@type\":\"BreadcrumbList\",\"@id\":\"https:\\\/\\\/otterbergetscamping.se\\\/de\\\/info-och-kontakt\\\/resvag\\\/#breadcrumb\",\"itemListElement\":[{\"@type\":\"ListItem\",\"position\":1,\"name\":\"Home\",\"item\":\"https:\\\/\\\/otterbergetscamping.se\\\/de\\\/\"},{\"@type\":\"ListItem\",\"position\":2,\"name\":\"Info och kontakt\",\"item\":\"https:\\\/\\\/otterbergetscamping.se\\\/de\\\/info-och-kontakt\\\/\"},{\"@type\":\"ListItem\",\"position\":3,\"name\":\"Resv\u00e4g\"}]},{\"@type\":\"WebSite\",\"@id\":\"https:\\\/\\\/otterbergetscamping.se\\\/de\\\/#website\",\"url\":\"https:\\\/\\\/otterbergetscamping.se\\\/de\\\/\",\"name\":\"Otterbergets Bad och Camping\",\"description\":\"\",\"potentialAction\":[{\"@type\":\"SearchAction\",\"target\":{\"@type\":\"EntryPoint\",\"urlTemplate\":\"https:\\\/\\\/otterbergetscamping.se\\\/de\\\/?s={search_term_string}\"},\"query-input\":{\"@type\":\"PropertyValueSpecification\",\"valueRequired\":true,\"valueName\":\"search_term_string\"}}],\"inLanguage\":\"de\"}]}<\/script>\n<!-- \/ Yoast SEO plugin. -->","yoast_head_json":{"title":"Route - Otterbergets Bad och Camping","robots":{"index":"index","follow":"follow","max-snippet":"max-snippet:-1","max-image-preview":"max-image-preview:large","max-video-preview":"max-video-preview:-1"},"canonical":"https:\/\/otterbergetscamping.se\/de\/info-och-kontakt\/resvag\/","og_locale":"de_DE","og_type":"article","og_title":"Route - Otterbergets Bad och Camping","og_description":"Unsere Adresse lautet: Otterbergets Bad &amp; Camping 548 91 Hova, Schweden GPS-Ko\u00f6rdinate: 58o 54.599 N \/ 14o 17.397 E Mit ihrem PKW Ben\u00fctzen Sie den Routeplanner um ihren Fahrplan von zu Hause selbst zu gestalten. Information \u00fcber F\u00e4hren und Br\u00fccken &hellip; Weiterlesen &rarr;","og_url":"https:\/\/otterbergetscamping.se\/de\/info-och-kontakt\/resvag\/","og_site_name":"Otterbergets Bad och Camping","article_modified_time":"2018-04-01T15:29:06+00:00","og_image":[{"width":310,"height":232,"url":"https:\/\/otterbergetscamping.se\/wp-content\/uploads\/2015\/04\/right_content_image_top_route-e1430340863864.jpg","type":"image\/jpeg"}],"twitter_card":"summary_large_image","twitter_misc":{"Gesch\u00e4tzte Lesezeit":"5\u00a0Minuten"},"schema":{"@context":"https:\/\/schema.org","@graph":[{"@type":"WebPage","@id":"https:\/\/otterbergetscamping.se\/de\/info-och-kontakt\/resvag\/","url":"https:\/\/otterbergetscamping.se\/de\/info-och-kontakt\/resvag\/","name":"Route - Otterbergets Bad och Camping","isPartOf":{"@id":"https:\/\/otterbergetscamping.se\/de\/#website"},"primaryImageOfPage":{"@id":"https:\/\/otterbergetscamping.se\/de\/info-och-kontakt\/resvag\/#primaryimage"},"image":{"@id":"https:\/\/otterbergetscamping.se\/info-och-kontakt\/resvag\/#primaryimage"},"thumbnailUrl":"https:\/\/otterbergetscamping.se\/wp-content\/uploads\/2015\/04\/right_content_image_top_route-e1430340863864.jpg","datePublished":"2015-04-24T17:13:00+00:00","dateModified":"2018-04-01T15:29:06+00:00","breadcrumb":{"@id":"https:\/\/otterbergetscamping.se\/de\/info-och-kontakt\/resvag\/#breadcrumb"},"inLanguage":"de","potentialAction":[{"@type":"ReadAction","target":[["https:\/\/otterbergetscamping.se\/de\/info-och-kontakt\/resvag\/"]]}]},{"@type":"ImageObject","inLanguage":"de","@id":"https:\/\/otterbergetscamping.se\/de\/info-och-kontakt\/resvag\/#primaryimage","url":"https:\/\/otterbergetscamping.se\/wp-content\/uploads\/2015\/04\/right_content_image_top_route-e1430340863864.jpg","contentUrl":"https:\/\/otterbergetscamping.se\/wp-content\/uploads\/2015\/04\/right_content_image_top_route-e1430340863864.jpg","width":310,"height":232},{"@type":"BreadcrumbList","@id":"https:\/\/otterbergetscamping.se\/de\/info-och-kontakt\/resvag\/#breadcrumb","itemListElement":[{"@type":"ListItem","position":1,"name":"Home","item":"https:\/\/otterbergetscamping.se\/de\/"},{"@type":"ListItem","position":2,"name":"Info och kontakt","item":"https:\/\/otterbergetscamping.se\/de\/info-och-kontakt\/"},{"@type":"ListItem","position":3,"name":"Resv\u00e4g"}]},{"@type":"WebSite","@id":"https:\/\/otterbergetscamping.se\/de\/#website","url":"https:\/\/otterbergetscamping.se\/de\/","name":"Otterbergets Bad och Camping","description":"","potentialAction":[{"@type":"SearchAction","target":{"@type":"EntryPoint","urlTemplate":"https:\/\/otterbergetscamping.se\/de\/?s={search_term_string}"},"query-input":{"@type":"PropertyValueSpecification","valueRequired":true,"valueName":"search_term_string"}}],"inLanguage":"de"}]}},"_links":{"self":[{"href":"https:\/\/otterbergetscamping.se\/de\/wp-json\/wp\/v2\/pages\/109","targetHints":{"allow":["GET"]}}],"collection":[{"href":"https:\/\/otterbergetscamping.se\/de\/wp-json\/wp\/v2\/pages"}],"about":[{"href":"https:\/\/otterbergetscamping.se\/de\/wp-json\/wp\/v2\/types\/page"}],"author":[{"embeddable":true,"href":"https:\/\/otterbergetscamping.se\/de\/wp-json\/wp\/v2\/users\/1"}],"replies":[{"embeddable":true,"href":"https:\/\/otterbergetscamping.se\/de\/wp-json\/wp\/v2\/comments?post=109"}],"version-history":[{"count":0,"href":"https:\/\/otterbergetscamping.se\/de\/wp-json\/wp\/v2\/pages\/109\/revisions"}],"up":[{"embeddable":true,"href":"https:\/\/otterbergetscamping.se\/de\/wp-json\/wp\/v2\/pages\/98"}],"wp:featuredmedia":[{"embeddable":true,"href":"https:\/\/otterbergetscamping.se\/de\/wp-json\/wp\/v2\/media\/245"}],"wp:attachment":[{"href":"https:\/\/otterbergetscamping.se\/de\/wp-json\/wp\/v2\/media?parent=109"}],"curies":[{"name":"wp","href":"https:\/\/api.w.org\/{rel}","templated":true}]}}