{"id":102,"date":"2015-04-24T17:44:05","date_gmt":"2015-04-24T17:44:05","guid":{"rendered":"http:\/\/otterbergetscamping.se\/?page_id=102"},"modified":"2025-12-03T13:11:58","modified_gmt":"2025-12-03T13:11:58","slug":"priser","status":"publish","type":"page","link":"https:\/\/otterbergetscamping.se\/de\/info-och-kontakt\/priser\/","title":{"rendered":"Tarife"},"content":{"rendered":"<p><\/p>\n<p class=\"normal_text\">Der Campingplatz ist 2026 vom 17. April bis zum 3. November ge\u00f6ffnet.<br \/>\nDer Hauptsaison des Jahres 2026 beginnt am 8. Juni und endet am 23. August.<\/p>\n<p><strong>Tarif\u00fcbersicht<\/strong><br \/>\n<\/p>\n<p>&nbsp;<\/p>\n<table style=\"width: 68.6082%; height: 444px;\" border=\"0\" rules=\"rows\">\n<tbody>\n<tr class=\"ruled\" style=\"height: 18px;\">\n<td class=\"normal_text\" style=\"height: 10px; width: 48.155%;\"><\/td>\n<td style=\"height: 10px; width: 25.8302%;\" colspan=\"2\" align=\"center\"><em>Nebensaison<\/em><\/td>\n<td style=\"height: 10px; width: 25.8302%;\" colspan=\"2\" align=\"center\"><em>Hauptsaison<\/em><\/td>\n<\/tr>\n<tr class=\"ruled\" style=\"height: 18px;\">\n<td style=\"height: 10px; width: 48.155%;\"><\/td>\n<td style=\"width: 13.0996%; height: 10px;\">pro Nacht<\/td>\n<td class=\"normal_text\" style=\"height: 10px; width: 12.7306%;\">pro Woche<\/td>\n<td class=\"normal_text\" style=\"height: 10px; width: 13.0996%;\">pro Nacht<\/td>\n<td style=\"width: 12.7306%; height: 10px;\">pro Woche<\/td>\n<\/tr>\n<tr class=\"ruled\" style=\"height: 18px;\">\n<td class=\"normal_text\" style=\"height: 18px; width: 48.155%;\">Zeltplatz 1 Person<\/td>\n<td class=\"normal_text\" style=\"height: 18px; width: 13.0996%;\">100<\/td>\n<td class=\"normal_text\" style=\"height: 18px; width: 12.7306%;\"><\/td>\n<td class=\"normal_text\" style=\"height: 18px; width: 13.0996%;\">110<\/td>\n<td class=\"normal_text\" style=\"height: 18px; width: 12.7306%;\"><\/td>\n<\/tr>\n<tr class=\"ruled\" style=\"height: 18px;\">\n<td class=\"normal_text\" style=\"height: 18px; width: 48.155%;\">Zeltplatz 2 Personen<\/td>\n<td class=\"normal_text\" style=\"height: 18px; width: 13.0996%;\">200<\/td>\n<td class=\"normal_text\" style=\"height: 18px; width: 12.7306%;\"><\/td>\n<td class=\"normal_text\" style=\"height: 18px; width: 13.0996%;\">220<\/td>\n<td class=\"normal_text\" style=\"height: 18px; width: 12.7306%;\"><\/td>\n<\/tr>\n<tr class=\"ruled\" style=\"height: 18px;\">\n<td class=\"normal_text\" style=\"height: 18px; width: 48.155%;\">Zeltplatz 3 Personen oder mehr<\/td>\n<td class=\"normal_text\" style=\"height: 18px; width: 13.0996%;\">290<\/td>\n<td class=\"normal_text\" style=\"height: 18px; width: 12.7306%;\"><\/td>\n<td class=\"normal_text\" style=\"height: 18px; width: 13.0996%;\">340<\/td>\n<td class=\"normal_text\" style=\"height: 18px; width: 12.7306%;\"><\/td>\n<\/tr>\n<tr class=\"ruled\" style=\"height: 18px;\">\n<td class=\"normal_text\" style=\"height: 18px; width: 48.155%;\">Wohnwagen-\/Wohnmobilplatz ohne Strom 2 Personen<\/td>\n<td class=\"normal_text\" style=\"height: 18px; width: 13.0996%;\">240<\/td>\n<td style=\"height: 18px; width: 12.7306%;\"><\/td>\n<td class=\"normal_text\" style=\"height: 18px; width: 13.0996%;\">290<\/td>\n<td style=\"height: 18px; width: 12.7306%;\"><\/td>\n<\/tr>\n<tr class=\"ruled\" style=\"height: 18px;\">\n<td class=\"normal_text\" style=\"height: 18px; width: 48.155%;\">Wohnwagen-\/Wohnmobilplatz ohne Strom 3-6 Personen(*)<\/td>\n<td class=\"normal_text\" style=\"height: 18px; width: 13.0996%;\">290<\/td>\n<td style=\"height: 18px; width: 12.7306%;\"><\/td>\n<td class=\"normal_text\" style=\"height: 18px; width: 13.0996%;\">340<\/td>\n<td style=\"height: 18px; width: 12.7306%;\"><\/td>\n<\/tr>\n<tr class=\"ruled\" style=\"height: 18px;\">\n<td class=\"normal_text\" style=\"height: 18px; width: 48.155%;\">Zelt-\/ Wohnwagen-\/Wohnmobilplatz Mit Strom 2 personen<\/td>\n<td class=\"normal_text\" style=\"height: 18px; width: 13.0996%;\">290<\/td>\n<td class=\"normal_text\" style=\"height: 18px; width: 12.7306%;\"><\/td>\n<td class=\"normal_text\" style=\"height: 18px; width: 13.0996%;\">340<\/td>\n<td class=\"normal_text\" style=\"height: 18px; width: 12.7306%;\"><\/td>\n<\/tr>\n<tr class=\"ruled\" style=\"height: 18px;\">\n<td class=\"normal_text\" style=\"height: 18px; width: 48.155%;\">Zelt-\/ Wohnwagen-\/Wohnmobilplatz Mit Strom 3-6 personen(*)<\/td>\n<td class=\"normal_text\" style=\"height: 18px; width: 13.0996%;\">340<\/td>\n<td class=\"normal_text\" style=\"height: 18px; width: 12.7306%;\"><\/td>\n<td class=\"normal_text\" style=\"height: 18px; width: 13.0996%;\">390<\/td>\n<td class=\"normal_text\" style=\"height: 18px; width: 12.7306%;\"><\/td>\n<\/tr>\n<tr class=\"ruled\" style=\"height: 18px;\">\n<td class=\"normal_text\" style=\"height: 18px; width: 48.155%;\">Stuga 2-Personen<\/td>\n<td class=\"normal_text\" style=\"height: 18px; width: 13.0996%;\">290<\/td>\n<td class=\"normal_text\" style=\"height: 18px; width: 12.7306%;\"><\/td>\n<td class=\"normal_text\" style=\"height: 18px; width: 13.0996%;\">350<\/td>\n<td class=\"normal_text\" style=\"height: 18px; width: 12.7306%;\"><\/td>\n<\/tr>\n<tr class=\"ruled\" style=\"height: 18px;\">\n<td class=\"normal_text\" style=\"height: 18px; width: 48.155%;\">Stuga 3-Personen<\/td>\n<td class=\"normal_text\" style=\"height: 18px; width: 13.0996%;\">370<\/td>\n<td class=\"normal_text\" style=\"height: 18px; width: 12.7306%;\"><\/td>\n<td class=\"normal_text\" style=\"height: 18px; width: 13.0996%;\">450<\/td>\n<td class=\"normal_text\" style=\"height: 18px; width: 12.7306%;\"><\/td>\n<\/tr>\n<tr class=\"ruled\" style=\"height: 18px;\">\n<td class=\"normal_text\" style=\"height: 18px; width: 48.155%;\">Stuga 4-Personen<\/td>\n<td class=\"normal_text\" style=\"height: 18px; width: 13.0996%;\">450<\/td>\n<td class=\"normal_text\" style=\"height: 18px; width: 12.7306%;\"><\/td>\n<td class=\"normal_text\" style=\"height: 18px; width: 13.0996%;\">550<\/td>\n<td class=\"normal_text\" style=\"height: 18px; width: 12.7306%;\"><\/td>\n<\/tr>\n<tr class=\"ruled\" style=\"height: 18px;\">\n<td class=\"normal_text\" style=\"height: 18px; width: 48.155%;\">Gro\u00dfe stuga (4-5 Personen)<\/td>\n<td class=\"normal_text\" style=\"height: 18px; width: 13.0996%;\">550<\/td>\n<td class=\"normal_text\" style=\"height: 18px; width: 12.7306%;\">3500<\/td>\n<td class=\"normal_text\" style=\"height: 18px; width: 13.0996%;\">700<\/td>\n<td class=\"normal_text\" style=\"height: 18px; width: 12.7306%;\">4500<\/td>\n<\/tr>\n<tr style=\"height: 10px;\">\n<td style=\"height: 10px; width: 48.155%;\">Fester Wohnwagen 1 bis 3<\/td>\n<td style=\"height: 10px; width: 13.0996%;\">750<\/td>\n<td style=\"height: 10px; width: 12.7306%;\">4600<\/td>\n<td style=\"height: 10px; width: 13.0996%;\">900<\/td>\n<td style=\"height: 10px; width: 12.7306%;\">5900<\/td>\n<\/tr>\n<tr style=\"height: 36px;\">\n<td style=\"width: 48.155%; height: 36px;\">(*)Zuschlag 5. und 6. Person pro Person<\/td>\n<td style=\"width: 13.0996%; height: 36px;\">50<\/td>\n<td style=\"width: 12.7306%; height: 36px;\"><\/td>\n<td style=\"width: 13.0996%; height: 36px;\">50<\/td>\n<td style=\"width: 12.7306%; height: 36px;\"><\/td>\n<\/tr>\n<tr style=\"height: 72px;\">\n<td style=\"width: 48.155%; height: 72px;\">Zus\u00e4tzliches Zelt auf dem Zeltplatz nur f\u00fcr Familienmitglieder aus demselben Haushalt<\/td>\n<td style=\"width: 13.0996%; height: 72px;\">50<\/td>\n<td style=\"width: 12.7306%; height: 72px;\"><\/td>\n<td style=\"width: 13.0996%; height: 72px;\">50<\/td>\n<td style=\"width: 12.7306%; height: 72px;\"><\/td>\n<\/tr>\n<tr style=\"background-color: #e8e8e8;\">\n<td class=\"normal_text\" style=\"height: 18px; width: 48.155%;\"><a href=\"https:\/\/otterbergetscamping.se\/info-och-kontakt\/campingkort\/\">SCR Campingkarte<\/a><\/td>\n<td class=\"normal_text\" style=\"height: 18px; width: 13.0996%;\">SEK 229<\/td>\n<td class=\"normal_text\" style=\"height: 18px; width: 12.7306%;\">pro Jahr<\/td>\n<td style=\"height: 18px; width: 13.0996%;\"><\/td>\n<td style=\"height: 18px; width: 12.7306%;\"><\/td>\n<\/tr>\n<tr style=\"height: 18px;\">\n<td class=\"normal_text\" style=\"height: 18px; width: 48.155%;\">Boot<\/td>\n<td class=\"normal_text\" style=\"height: 18px; width: 13.0996%;\">SEK 500<\/td>\n<td class=\"normal_text\" style=\"height: 18px; width: 12.7306%;\">pro 4 Stunden<\/td>\n<td style=\"height: 18px; width: 13.0996%;\"><\/td>\n<td style=\"height: 18px; width: 12.7306%;\"><\/td>\n<\/tr>\n<tr style=\"height: 18px;\">\n<td class=\"normal_text\" style=\"height: 18px; width: 48.155%;\"><\/td>\n<td class=\"normal_text\" style=\"height: 18px; width: 13.0996%;\">SEK 900<\/td>\n<td class=\"normal_text\" style=\"height: 18px; width: 12.7306%;\">pro Tag<\/td>\n<td style=\"height: 18px; width: 13.0996%;\"><\/td>\n<td style=\"height: 18px; width: 12.7306%;\"><\/td>\n<\/tr>\n<tr style=\"background-color: #e8e8e8;\">\n<td class=\"normal_text\" style=\"height: 18px; width: 48.155%;\">Kanu oder kajak<\/td>\n<td class=\"normal_text\" style=\"height: 18px; width: 13.0996%;\">SEK 70<\/td>\n<td class=\"normal_text\" style=\"height: 18px; width: 12.7306%;\">Pro Stunde<\/td>\n<td style=\"height: 18px; width: 13.0996%;\"><\/td>\n<td style=\"height: 18px; width: 12.7306%;\"><\/td>\n<\/tr>\n<tr style=\"background-color: #e8e8e8;\">\n<td class=\"normal_text\" style=\"height: 18px; width: 48.155%;\"><\/td>\n<td class=\"normal_text\" style=\"height: 18px; width: 13.0996%;\">SEK 200<\/td>\n<td class=\"normal_text\" style=\"height: 18px; width: 12.7306%;\">Ptro 4 Stunden<\/td>\n<td style=\"height: 18px; width: 13.0996%;\"><\/td>\n<td style=\"height: 18px; width: 12.7306%;\"><\/td>\n<\/tr>\n<tr style=\"background-color: #e8e8e8;\">\n<td class=\"normal_text\" style=\"height: 18px; width: 48.155%;\"><\/td>\n<td class=\"normal_text\" style=\"height: 18px; width: 13.0996%;\">SEK 350<\/td>\n<td class=\"normal_text\" style=\"height: 18px; width: 12.7306%;\">Pro Tag<\/td>\n<td style=\"height: 18px; width: 13.0996%;\"><\/td>\n<td style=\"height: 18px; width: 12.7306%;\"><\/td>\n<\/tr>\n<tr>\n<td class=\"normal_text\" style=\"height: 18px; width: 48.155%;\">Paddleboard<\/td>\n<td class=\"normal_text\" style=\"height: 18px; width: 13.0996%;\">SEK 150<\/td>\n<td class=\"normal_text\" style=\"height: 18px; width: 12.7306%;\">Pro 2 Stunden<\/td>\n<td style=\"height: 18px; width: 13.0996%;\"><\/td>\n<td style=\"height: 18px; width: 12.7306%;\"><\/td>\n<\/tr>\n<\/tbody>\n<\/table>\n<p>&nbsp;<\/p>\n<p class=\"normal_text\"><span class=\"normal_text\">Alle Preise sind inklusive Kurtaxe.<\/span><\/p>\n<p class=\"normal_text\">Achtung: f\u00fcr manche Veranstaltungen gibt es andere Preise. Im hochsommer gibt es eine Mindestbuchnung von Donnerstag bis Sonntag und einen Aufpreis von 300 Sek. fur die angebotenen Aktivit\u00e4ten.<\/p>\n<p><strong>Putzservice<\/strong><span class=\"normal_text\"><br \/>\n<\/span><span class=\"normal_text\">Sie k\u00f6nnen sich daf\u00fcr entscheiden di<span class=\"normal_text\">e <\/span><\/span><span class=\"normal_text\">Ends\u00e4uberung<\/span><span class=\"normal_text\"> selbst vorzunehmen oder den Putzservice vorher zu buchen<\/span><span class=\"normal_text\"><span class=\"normal_text\">.<\/span><\/span><\/p>\n<table class=\"ruled\" border=\"0\" rules=\"rows\">\n<tbody>\n<tr class=\"ruled\">\n<td class=\"normal_text\">Stuga 2-Personen<\/td>\n<td class=\"normal_text\">SEK 100<\/td>\n<\/tr>\n<tr class=\"ruled\">\n<td class=\"normal_text\">Stuga 3-Personen<\/td>\n<td class=\"normal_text\">SEK 200<\/td>\n<\/tr>\n<tr class=\"ruled\">\n<td class=\"normal_text\">Stuga 4-Personen<\/td>\n<td class=\"normal_text\">SEK 300<\/td>\n<\/tr>\n<tr class=\"ruled\">\n<td class=\"normal_text\">Gro\u00dfe stuga (4-5 Personen)<\/td>\n<td class=\"normal_text\">SEK 400<\/td>\n<\/tr>\n<tr class=\"ruled\">\n<td class=\"normal_text\">Standwohnwagen<\/td>\n<td class=\"normal_text\">SEK 500<\/td>\n<\/tr>\n<\/tbody>\n<\/table>\n<p>&nbsp;<\/p>\n<p><strong class=\"normal_text\">Mietpreise f\u00fcr Bett<\/strong><strong><strong class=\"normal_text\">w\u00e4sche<\/strong><\/strong><strong class=\"normal_text\"> und Handt\u00fccher<\/strong><span class=\"normal_text\"><br \/>\n<\/span><span class=\"normal_text\">Bettw\u00e4sche (Laken, Bettlaken und Kissenbez\u00fcge) k\u00f6nnen Sie selbst mitbringen aber auch bei uns mieten.<\/span><span class=\"normal_text\"><span class=\"normal_text\"><br \/>\n<\/span><\/span><\/p>\n<table border=\"0\" rules=\"rows\">\n<tbody>\n<tr class=\"ruled\">\n<td class=\"normal_text\">Bettw\u00e4sche (pro Paket)<\/td>\n<td class=\"normal_text\">SEK 75 p.p.<\/td>\n<\/tr>\n<tr class=\"ruled\">\n<td class=\"normal_text\">Handt\u00fccher und Bettw\u00e4sche (pro Paket)<\/td>\n<td class=\"normal_text\">SEK 100 p.p.<\/td>\n<\/tr>\n<\/tbody>\n<\/table>\n<p><span class=\"normal_text\"><span class=\"normal_text\">\u00a0<\/span><\/span><\/p>\n<p>Alle Preise sind in Schwedische Kronen (SEK) aufgelistet.<br \/>\nSEK 100,00 sind etwa \u20ac 9.25.<br \/>\nKlicken Sie <a class=\"normal_text\" title=\"actuele wisselkoers\" href=\"http:\/\/www.xe.com\/ucc\/convert.cgi?Amount=100&amp;From=SEK&amp;To=EUR\" target=\"_blank\" rel=\"noopener noreferrer\">hier<\/a> um Ihrem Preise zu erfahren.<\/p>\n<p><a href=\"https:\/\/otterbergetscamping.se\/wp-content\/uploads\/2015\/04\/tarieven-1.jpg\"><img loading=\"lazy\" decoding=\"async\" class=\"alignnone wp-image-472 size-full\" src=\"https:\/\/otterbergetscamping.se\/wp-content\/uploads\/2015\/04\/tarieven-1.jpg\" alt=\"\" width=\"200\" height=\"150\" \/><\/a><a href=\"https:\/\/otterbergetscamping.se\/wp-content\/uploads\/2015\/04\/tarieven-2.jpg\"><img loading=\"lazy\" decoding=\"async\" class=\"alignnone wp-image-473 size-full\" src=\"https:\/\/otterbergetscamping.se\/wp-content\/uploads\/2015\/04\/tarieven-2.jpg\" alt=\"\" width=\"200\" height=\"150\" \/><\/a><a href=\"https:\/\/otterbergetscamping.se\/wp-content\/uploads\/2015\/04\/tarieven-3.jpg\"><img loading=\"lazy\" decoding=\"async\" class=\"alignnone wp-image-474 size-full\" src=\"https:\/\/otterbergetscamping.se\/wp-content\/uploads\/2015\/04\/tarieven-3.jpg\" alt=\"\" width=\"200\" height=\"150\" \/><\/a><\/p>","protected":false},"excerpt":{"rendered":"<p>Der Campingplatz ist 2026 vom 17. April bis zum 3. November ge\u00f6ffnet. Der Hauptsaison des Jahres 2026 beginnt am 8. Juni und endet am 23. August. Tarif\u00fcbersicht &nbsp; Nebensaison Hauptsaison pro Nacht pro Woche pro Nacht pro Woche Zeltplatz 1 &hellip; <a class=\"more-link\" href=\"https:\/\/otterbergetscamping.se\/de\/info-och-kontakt\/priser\/\">Weiterlesen <span class=\"meta-nav\">&rarr;<\/span><\/a><\/p>\n","protected":false},"author":1,"featured_media":242,"parent":98,"menu_order":4,"comment_status":"closed","ping_status":"open","template":"","meta":{"_monsterinsights_skip_tracking":false,"_monsterinsights_sitenote_active":false,"_monsterinsights_sitenote_note":"","_monsterinsights_sitenote_category":0,"footnotes":""},"class_list":["post-102","page","type-page","status-publish","has-post-thumbnail","hentry"],"yoast_head":"<!-- This site is optimized with the Yoast SEO plugin v27.3 - https:\/\/yoast.com\/product\/yoast-seo-wordpress\/ -->\n<title>Tarife - Otterbergets Bad och Camping<\/title>\n<meta name=\"robots\" content=\"index, follow, max-snippet:-1, max-image-preview:large, max-video-preview:-1\" \/>\n<link rel=\"canonical\" href=\"https:\/\/otterbergetscamping.se\/de\/info-och-kontakt\/priser\/\" \/>\n<meta property=\"og:locale\" content=\"de_DE\" \/>\n<meta property=\"og:type\" content=\"article\" \/>\n<meta property=\"og:title\" content=\"Tarife - Otterbergets Bad och Camping\" \/>\n<meta property=\"og:description\" content=\"Der Campingplatz ist 2026 vom 17. April bis zum 3. November ge\u00f6ffnet. Der Hauptsaison des Jahres 2026 beginnt am 8. Juni und endet am 23. August. Tarif\u00fcbersicht &nbsp; Nebensaison Hauptsaison pro Nacht pro Woche pro Nacht pro Woche Zeltplatz 1 &hellip; Weiterlesen &rarr;\" \/>\n<meta property=\"og:url\" content=\"https:\/\/otterbergetscamping.se\/de\/info-och-kontakt\/priser\/\" \/>\n<meta property=\"og:site_name\" content=\"Otterbergets Bad och Camping\" \/>\n<meta property=\"article:modified_time\" content=\"2025-12-03T13:11:58+00:00\" \/>\n<meta property=\"og:image\" content=\"https:\/\/otterbergetscamping.se\/wp-content\/uploads\/2015\/04\/right_content_image_top_tarieven-e1430340776652.jpg\" \/>\n\t<meta property=\"og:image:width\" content=\"310\" \/>\n\t<meta property=\"og:image:height\" content=\"231\" \/>\n\t<meta property=\"og:image:type\" content=\"image\/jpeg\" \/>\n<meta name=\"twitter:card\" content=\"summary_large_image\" \/>\n<meta name=\"twitter:label1\" content=\"Gesch\u00e4tzte Lesezeit\" \/>\n\t<meta name=\"twitter:data1\" content=\"3\u00a0Minuten\" \/>\n<script type=\"application\/ld+json\" class=\"yoast-schema-graph\">{\"@context\":\"https:\\\/\\\/schema.org\",\"@graph\":[{\"@type\":\"WebPage\",\"@id\":\"https:\\\/\\\/otterbergetscamping.se\\\/de\\\/info-och-kontakt\\\/priser\\\/\",\"url\":\"https:\\\/\\\/otterbergetscamping.se\\\/de\\\/info-och-kontakt\\\/priser\\\/\",\"name\":\"Tarife - Otterbergets Bad och Camping\",\"isPartOf\":{\"@id\":\"https:\\\/\\\/otterbergetscamping.se\\\/de\\\/#website\"},\"primaryImageOfPage\":{\"@id\":\"https:\\\/\\\/otterbergetscamping.se\\\/de\\\/info-och-kontakt\\\/priser\\\/#primaryimage\"},\"image\":{\"@id\":\"https:\\\/\\\/otterbergetscamping.se\\\/info-och-kontakt\\\/priser\\\/#primaryimage\"},\"thumbnailUrl\":\"https:\\\/\\\/otterbergetscamping.se\\\/wp-content\\\/uploads\\\/2015\\\/04\\\/right_content_image_top_tarieven-e1430340776652.jpg\",\"datePublished\":\"2015-04-24T17:44:05+00:00\",\"dateModified\":\"2025-12-03T13:11:58+00:00\",\"breadcrumb\":{\"@id\":\"https:\\\/\\\/otterbergetscamping.se\\\/de\\\/info-och-kontakt\\\/priser\\\/#breadcrumb\"},\"inLanguage\":\"de\",\"potentialAction\":[{\"@type\":\"ReadAction\",\"target\":[[\"https:\\\/\\\/otterbergetscamping.se\\\/de\\\/info-och-kontakt\\\/priser\\\/\"]]}]},{\"@type\":\"ImageObject\",\"inLanguage\":\"de\",\"@id\":\"https:\\\/\\\/otterbergetscamping.se\\\/de\\\/info-och-kontakt\\\/priser\\\/#primaryimage\",\"url\":\"https:\\\/\\\/otterbergetscamping.se\\\/wp-content\\\/uploads\\\/2015\\\/04\\\/right_content_image_top_tarieven-e1430340776652.jpg\",\"contentUrl\":\"https:\\\/\\\/otterbergetscamping.se\\\/wp-content\\\/uploads\\\/2015\\\/04\\\/right_content_image_top_tarieven-e1430340776652.jpg\",\"width\":310,\"height\":231},{\"@type\":\"BreadcrumbList\",\"@id\":\"https:\\\/\\\/otterbergetscamping.se\\\/de\\\/info-och-kontakt\\\/priser\\\/#breadcrumb\",\"itemListElement\":[{\"@type\":\"ListItem\",\"position\":1,\"name\":\"Home\",\"item\":\"https:\\\/\\\/otterbergetscamping.se\\\/de\\\/\"},{\"@type\":\"ListItem\",\"position\":2,\"name\":\"Info och kontakt\",\"item\":\"https:\\\/\\\/otterbergetscamping.se\\\/de\\\/info-och-kontakt\\\/\"},{\"@type\":\"ListItem\",\"position\":3,\"name\":\"Priser\"}]},{\"@type\":\"WebSite\",\"@id\":\"https:\\\/\\\/otterbergetscamping.se\\\/de\\\/#website\",\"url\":\"https:\\\/\\\/otterbergetscamping.se\\\/de\\\/\",\"name\":\"Otterbergets Bad och Camping\",\"description\":\"\",\"potentialAction\":[{\"@type\":\"SearchAction\",\"target\":{\"@type\":\"EntryPoint\",\"urlTemplate\":\"https:\\\/\\\/otterbergetscamping.se\\\/de\\\/?s={search_term_string}\"},\"query-input\":{\"@type\":\"PropertyValueSpecification\",\"valueRequired\":true,\"valueName\":\"search_term_string\"}}],\"inLanguage\":\"de\"}]}<\/script>\n<!-- \/ Yoast SEO plugin. -->","yoast_head_json":{"title":"Tarife - Otterbergets Bad och Camping","robots":{"index":"index","follow":"follow","max-snippet":"max-snippet:-1","max-image-preview":"max-image-preview:large","max-video-preview":"max-video-preview:-1"},"canonical":"https:\/\/otterbergetscamping.se\/de\/info-och-kontakt\/priser\/","og_locale":"de_DE","og_type":"article","og_title":"Tarife - Otterbergets Bad och Camping","og_description":"Der Campingplatz ist 2026 vom 17. April bis zum 3. November ge\u00f6ffnet. Der Hauptsaison des Jahres 2026 beginnt am 8. Juni und endet am 23. August. Tarif\u00fcbersicht &nbsp; Nebensaison Hauptsaison pro Nacht pro Woche pro Nacht pro Woche Zeltplatz 1 &hellip; Weiterlesen &rarr;","og_url":"https:\/\/otterbergetscamping.se\/de\/info-och-kontakt\/priser\/","og_site_name":"Otterbergets Bad och Camping","article_modified_time":"2025-12-03T13:11:58+00:00","og_image":[{"width":310,"height":231,"url":"https:\/\/otterbergetscamping.se\/wp-content\/uploads\/2015\/04\/right_content_image_top_tarieven-e1430340776652.jpg","type":"image\/jpeg"}],"twitter_card":"summary_large_image","twitter_misc":{"Gesch\u00e4tzte Lesezeit":"3\u00a0Minuten"},"schema":{"@context":"https:\/\/schema.org","@graph":[{"@type":"WebPage","@id":"https:\/\/otterbergetscamping.se\/de\/info-och-kontakt\/priser\/","url":"https:\/\/otterbergetscamping.se\/de\/info-och-kontakt\/priser\/","name":"Tarife - Otterbergets Bad och Camping","isPartOf":{"@id":"https:\/\/otterbergetscamping.se\/de\/#website"},"primaryImageOfPage":{"@id":"https:\/\/otterbergetscamping.se\/de\/info-och-kontakt\/priser\/#primaryimage"},"image":{"@id":"https:\/\/otterbergetscamping.se\/info-och-kontakt\/priser\/#primaryimage"},"thumbnailUrl":"https:\/\/otterbergetscamping.se\/wp-content\/uploads\/2015\/04\/right_content_image_top_tarieven-e1430340776652.jpg","datePublished":"2015-04-24T17:44:05+00:00","dateModified":"2025-12-03T13:11:58+00:00","breadcrumb":{"@id":"https:\/\/otterbergetscamping.se\/de\/info-och-kontakt\/priser\/#breadcrumb"},"inLanguage":"de","potentialAction":[{"@type":"ReadAction","target":[["https:\/\/otterbergetscamping.se\/de\/info-och-kontakt\/priser\/"]]}]},{"@type":"ImageObject","inLanguage":"de","@id":"https:\/\/otterbergetscamping.se\/de\/info-och-kontakt\/priser\/#primaryimage","url":"https:\/\/otterbergetscamping.se\/wp-content\/uploads\/2015\/04\/right_content_image_top_tarieven-e1430340776652.jpg","contentUrl":"https:\/\/otterbergetscamping.se\/wp-content\/uploads\/2015\/04\/right_content_image_top_tarieven-e1430340776652.jpg","width":310,"height":231},{"@type":"BreadcrumbList","@id":"https:\/\/otterbergetscamping.se\/de\/info-och-kontakt\/priser\/#breadcrumb","itemListElement":[{"@type":"ListItem","position":1,"name":"Home","item":"https:\/\/otterbergetscamping.se\/de\/"},{"@type":"ListItem","position":2,"name":"Info och kontakt","item":"https:\/\/otterbergetscamping.se\/de\/info-och-kontakt\/"},{"@type":"ListItem","position":3,"name":"Priser"}]},{"@type":"WebSite","@id":"https:\/\/otterbergetscamping.se\/de\/#website","url":"https:\/\/otterbergetscamping.se\/de\/","name":"Otterbergets Bad och Camping","description":"","potentialAction":[{"@type":"SearchAction","target":{"@type":"EntryPoint","urlTemplate":"https:\/\/otterbergetscamping.se\/de\/?s={search_term_string}"},"query-input":{"@type":"PropertyValueSpecification","valueRequired":true,"valueName":"search_term_string"}}],"inLanguage":"de"}]}},"_links":{"self":[{"href":"https:\/\/otterbergetscamping.se\/de\/wp-json\/wp\/v2\/pages\/102","targetHints":{"allow":["GET"]}}],"collection":[{"href":"https:\/\/otterbergetscamping.se\/de\/wp-json\/wp\/v2\/pages"}],"about":[{"href":"https:\/\/otterbergetscamping.se\/de\/wp-json\/wp\/v2\/types\/page"}],"author":[{"embeddable":true,"href":"https:\/\/otterbergetscamping.se\/de\/wp-json\/wp\/v2\/users\/1"}],"replies":[{"embeddable":true,"href":"https:\/\/otterbergetscamping.se\/de\/wp-json\/wp\/v2\/comments?post=102"}],"version-history":[{"count":41,"href":"https:\/\/otterbergetscamping.se\/de\/wp-json\/wp\/v2\/pages\/102\/revisions"}],"predecessor-version":[{"id":1690,"href":"https:\/\/otterbergetscamping.se\/de\/wp-json\/wp\/v2\/pages\/102\/revisions\/1690"}],"up":[{"embeddable":true,"href":"https:\/\/otterbergetscamping.se\/de\/wp-json\/wp\/v2\/pages\/98"}],"wp:featuredmedia":[{"embeddable":true,"href":"https:\/\/otterbergetscamping.se\/de\/wp-json\/wp\/v2\/media\/242"}],"wp:attachment":[{"href":"https:\/\/otterbergetscamping.se\/de\/wp-json\/wp\/v2\/media?parent=102"}],"curies":[{"name":"wp","href":"https:\/\/api.w.org\/{rel}","templated":true}]}}